{"id":5805,"date":"2025-12-10T08:39:38","date_gmt":"2025-12-10T08:39:38","guid":{"rendered":"https:\/\/mountlaser.com\/?post_type=product&#038;p=5805"},"modified":"2025-12-10T09:26:29","modified_gmt":"2025-12-10T09:26:29","slug":"sc-mr01-soft-case","status":"publish","type":"product","link":"https:\/\/mountlaser.com\/fr_fr\/produit\/sc-mr01-soft-case\/","title":{"rendered":"\u00c9tui souple SC-MR01"},"content":{"rendered":"<p>Le <a href=\"https:\/\/mountlaser.com\/fr_fr\/\"><strong>\u00c9tui souple SC-MR01<\/strong><\/a> L&#039;\u00e9tui souple SC-MR01 est une solution de protection haut de gamme con\u00e7ue sp\u00e9cifiquement pour les travaux de terrain GNSS modernes. Il offre une durabilit\u00e9 et une praticit\u00e9 exceptionnelles, m\u00eame dans les environnements de lev\u00e9s les plus exigeants. Dot\u00e9 d&#039;une structure interne rigide, il assure une protection optimale des r\u00e9cepteurs TRI Modular, garantissant un transport s\u00fbr et des performances fiables sur le terrain. <a href=\"https:\/\/mountlaser.com\/fr_fr\/categorie-produit\/surveying-accessory\/\"><strong>Sac \u00e0 dos GNSS pour r\u00e9cepteur Trimble<\/strong><\/a>, Il combine des mat\u00e9riaux robustes avec une conception pratique de type sac \u00e0 dos pour une mobilit\u00e9 mains libres et un acc\u00e8s facile \u00e0 l&#039;\u00e9quipement.<\/p>\n<p>Dot\u00e9 d&#039;un ext\u00e9rieur majoritairement jaune, de bretelles noires et d&#039;un fond noir renforc\u00e9, le sac \u00e0 dos GNSS pour r\u00e9cepteur Trimble offre une excellente visibilit\u00e9 et une grande r\u00e9sistance \u00e0 l&#039;usure quotidienne. Son design ergonomique r\u00e9partit le poids uniform\u00e9ment, assurant un confort de transport optimal m\u00eame lors d&#039;op\u00e9rations prolong\u00e9es sur le terrain. L&#039;\u00e9tui souple SC-MR01 propose \u00e9galement un rangement interne bien organis\u00e9, garantissant la s\u00e9curit\u00e9 et le bon positionnement de votre r\u00e9cepteur modulaire TRI pendant le transport.<\/p>\n<p><img fetchpriority=\"high\" decoding=\"async\" class=\"aligncenter wp-image-5811\" src=\"https:\/\/mountlaser.com\/wp-content\/uploads\/2025\/12\/SC-MR016.webp\" alt=\"SC-MR01 Soft case\" width=\"500\" height=\"500\" srcset=\"https:\/\/mountlaser.com\/wp-content\/uploads\/2025\/12\/SC-MR016.webp 1000w, https:\/\/mountlaser.com\/wp-content\/uploads\/2025\/12\/SC-MR016-300x300.webp 300w, https:\/\/mountlaser.com\/wp-content\/uploads\/2025\/12\/SC-MR016-150x150.webp 150w, https:\/\/mountlaser.com\/wp-content\/uploads\/2025\/12\/SC-MR016-768x768.webp 768w, https:\/\/mountlaser.com\/wp-content\/uploads\/2025\/12\/SC-MR016-12x12.webp 12w, https:\/\/mountlaser.com\/wp-content\/uploads\/2025\/12\/SC-MR016-600x600.webp 600w, https:\/\/mountlaser.com\/wp-content\/uploads\/2025\/12\/SC-MR016-800x800.webp 800w, https:\/\/mountlaser.com\/wp-content\/uploads\/2025\/12\/SC-MR016-400x400.webp 400w\" sizes=\"(max-width: 500px) 100vw, 500px\" \/><\/p>\n<p>Con\u00e7u comme un sac \u00e0 dos GNSS fiable pour r\u00e9cepteur Trimble, cet \u00e9tui est id\u00e9al pour les g\u00e9om\u00e8tres qui exigent une protection fiable, combin\u00e9e \u00e0 la mobilit\u00e9, la structure et des performances de niveau professionnel. <a href=\"https:\/\/mountlaser.com\/fr_fr\/contact-us\/\">\u00c9tui souple SC-MR01<\/a> garantit que votre \u00e9quipement reste en s\u00e9curit\u00e9, organis\u00e9 et pr\u00eat \u00e0 l&#039;emploi en cas de besoin.<\/p>","protected":false},"excerpt":{"rendered":"<ul>\n<li>Protection renforc\u00e9e\u00a0: le cadre interne rigide offre une protection maximale aux r\u00e9cepteurs modulaires TRI.<\/li>\n<li>Conception haute visibilit\u00e9 : le corps jaune avec des sangles noires am\u00e9liore la s\u00e9curit\u00e9 sur le terrain et facilite l&#039;identification.<\/li>\n<li>Portabilit\u00e9 confortable : Syst\u00e8me de transport de type sac \u00e0 dos pour un transport mains libres confortable.<\/li>\n<li>Stockage s\u00e9curis\u00e9 : une disposition interne optimis\u00e9e assure la stabilit\u00e9 et la protection du r\u00e9cepteur.<\/li>\n<li>Durabilit\u00e9 \u00e0 toute \u00e9preuve : Fond renforc\u00e9 et mat\u00e9riaux robustes pour r\u00e9sister aux conditions ext\u00e9rieures difficiles.<\/li>\n<\/ul>","protected":false},"featured_media":5806,"comment_status":"open","ping_status":"closed","template":"","meta":[],"product_brand":[],"product_cat":[164,79],"product_tag":[],"class_list":{"0":"post-5805","1":"product","2":"type-product","3":"status-publish","4":"has-post-thumbnail","6":"product_cat-soft-case","7":"product_cat-surveying-accessory","9":"first","10":"instock","11":"shipping-taxable","12":"product-type-simple"},"_links":{"self":[{"href":"https:\/\/mountlaser.com\/fr_fr\/wp-json\/wp\/v2\/product\/5805","targetHints":{"allow":["GET"]}}],"collection":[{"href":"https:\/\/mountlaser.com\/fr_fr\/wp-json\/wp\/v2\/product"}],"about":[{"href":"https:\/\/mountlaser.com\/fr_fr\/wp-json\/wp\/v2\/types\/product"}],"replies":[{"embeddable":true,"href":"https:\/\/mountlaser.com\/fr_fr\/wp-json\/wp\/v2\/comments?post=5805"}],"wp:featuredmedia":[{"embeddable":true,"href":"https:\/\/mountlaser.com\/fr_fr\/wp-json\/wp\/v2\/media\/5806"}],"wp:attachment":[{"href":"https:\/\/mountlaser.com\/fr_fr\/wp-json\/wp\/v2\/media?parent=5805"}],"wp:term":[{"taxonomy":"product_brand","embeddable":true,"href":"https:\/\/mountlaser.com\/fr_fr\/wp-json\/wp\/v2\/product_brand?post=5805"},{"taxonomy":"product_cat","embeddable":true,"href":"https:\/\/mountlaser.com\/fr_fr\/wp-json\/wp\/v2\/product_cat?post=5805"},{"taxonomy":"product_tag","embeddable":true,"href":"https:\/\/mountlaser.com\/fr_fr\/wp-json\/wp\/v2\/product_tag?post=5805"}],"curies":[{"name":"wp","href":"https:\/\/api.w.org\/{rel}","templated":true}]}}