{"id":5768,"date":"2025-12-10T06:40:23","date_gmt":"2025-12-10T06:40:23","guid":{"rendered":"https:\/\/mountlaser.com\/?post_type=product&#038;p=5768"},"modified":"2025-12-10T09:27:21","modified_gmt":"2025-12-10T09:27:21","slug":"sc-pa-ps-series-soft-case","status":"publish","type":"product","link":"https:\/\/mountlaser.com\/fr_fr\/produit\/sc-pa-ps-series-soft-case\/","title":{"rendered":"\u00c9tui souple s\u00e9rie SC-PA\/PS"},"content":{"rendered":"<p>Le <a href=\"https:\/\/mountlaser.com\/fr_fr\/\"><strong>\u00c9tui souple s\u00e9rie SC-PA\/PS<\/strong><\/a> Con\u00e7ue sp\u00e9cialement pour prot\u00e9ger et ranger efficacement les diff\u00e9rents ensembles de prismes utilis\u00e9s en topographie, la housse souple SC-PA\/PS est fabriqu\u00e9e avec des mat\u00e9riaux r\u00e9sistants et un rembourrage int\u00e9rieur en mousse. Chaque mod\u00e8le assure un amortissement optimal lors du transport et de l&#039;utilisation sur le terrain. Qu&#039;il s&#039;agisse de prot\u00e9ger un ensemble de prismes complet ou une plaque prismatique, cette housse souple garantit une performance fiable et une grande durabilit\u00e9.<\/p>\n<p>Cette gamme comprend plusieurs options de couleurs diff\u00e9rentes pour simplifier l&#039;identification sur le terrain. L&#039;\u00e9tui souple SC-PA05 pour prisme est rouge, tandis que le SC-PA06 <a href=\"https:\/\/mountlaser.com\/fr_fr\/categorie-produit\/surveying-accessory\/\"><strong>\u00c9tui souple pour prisme<\/strong><\/a> Disponible en jaune, ce mod\u00e8le est con\u00e7u pour les grandes plaques prismatiques. Pour la protection des jeux de prismes, les mod\u00e8les jaunes SC-PS01 (qualit\u00e9 standard) et SC-PS02 (qualit\u00e9 sup\u00e9rieure) sont dot\u00e9s d&#039;un rabat \u00e0 ouverture sup\u00e9rieure pour un acc\u00e8s rapide et facile. <a href=\"https:\/\/mountlaser.com\/fr_fr\/contact-us\/\">\u00c9tui souple s\u00e9rie SC-PA\/PS<\/a> Ces mod\u00e8les int\u00e8grent un int\u00e9rieur en \u00e9ponge \u00e9paisse qui absorbe les chocs et pr\u00e9vient l&#039;abrasion, ce qui les rend id\u00e9aux pour les g\u00e9om\u00e8tres qui ont besoin de solutions de rangement fiables, l\u00e9g\u00e8res et pratiques.<\/p>\n<div>\n<table style=\"border-collapse: collapse; width: 537.02pt;\" border=\"0\" width=\"716\" cellspacing=\"0\" cellpadding=\"0\">\n<tbody>\n<tr style=\"height: 14.25pt;\">\n<td class=\"et2\" style=\"height: 14.25pt; width: 127.50pt;\" width=\"170\" height=\"19\">Num\u00e9ro de mod\u00e8le.<\/td>\n<td class=\"et2\" style=\"width: 196.50pt;\" width=\"262\">NOTE<\/td>\n<td class=\"et2\" style=\"width: 213.00pt;\" width=\"284\">IMAGE<\/td>\n<\/tr>\n<tr style=\"height: 14.25pt;\">\n<td class=\"et3\" style=\"height: 14.25pt;\" height=\"19\">SC-PA05<\/td>\n<td class=\"et4\">\u00c9tui souple pour l&#039;assemblage du prisme avec \u00e9ponge<\/td>\n<td class=\"et5\"><img fetchpriority=\"high\" decoding=\"async\" class=\"alignnone wp-image-5774 size-medium\" src=\"https:\/\/mountlaser.com\/wp-content\/uploads\/2025\/12\/SC-PA056-300x300.webp\" alt=\"SC-PA\/PS Series soft case\" width=\"300\" height=\"300\" srcset=\"https:\/\/mountlaser.com\/wp-content\/uploads\/2025\/12\/SC-PA056-300x300.webp 300w, https:\/\/mountlaser.com\/wp-content\/uploads\/2025\/12\/SC-PA056-150x150.webp 150w, https:\/\/mountlaser.com\/wp-content\/uploads\/2025\/12\/SC-PA056-768x768.webp 768w, https:\/\/mountlaser.com\/wp-content\/uploads\/2025\/12\/SC-PA056-12x12.webp 12w, https:\/\/mountlaser.com\/wp-content\/uploads\/2025\/12\/SC-PA056-600x600.webp 600w, https:\/\/mountlaser.com\/wp-content\/uploads\/2025\/12\/SC-PA056-800x800.webp 800w, https:\/\/mountlaser.com\/wp-content\/uploads\/2025\/12\/SC-PA056-400x400.webp 400w, https:\/\/mountlaser.com\/wp-content\/uploads\/2025\/12\/SC-PA056.webp 1000w\" sizes=\"(max-width: 300px) 100vw, 300px\" \/><\/td>\n<\/tr>\n<tr style=\"height: 14.25pt;\">\n<td class=\"et3\" style=\"height: 14.25pt;\" height=\"19\">SC-PA06<\/td>\n<td class=\"et4\">\u00c9tui souple pour Prism Big Plate avec \u00e9ponge<\/td>\n<td class=\"et5\"><img decoding=\"async\" class=\"alignnone wp-image-5780 size-medium\" src=\"https:\/\/mountlaser.com\/wp-content\/uploads\/2025\/12\/SC-PA066-300x300.webp\" alt=\"SC-PA\/PS Series soft case\" width=\"300\" height=\"300\" srcset=\"https:\/\/mountlaser.com\/wp-content\/uploads\/2025\/12\/SC-PA066-300x300.webp 300w, https:\/\/mountlaser.com\/wp-content\/uploads\/2025\/12\/SC-PA066-150x150.webp 150w, https:\/\/mountlaser.com\/wp-content\/uploads\/2025\/12\/SC-PA066-768x768.webp 768w, https:\/\/mountlaser.com\/wp-content\/uploads\/2025\/12\/SC-PA066-12x12.webp 12w, https:\/\/mountlaser.com\/wp-content\/uploads\/2025\/12\/SC-PA066-600x600.webp 600w, https:\/\/mountlaser.com\/wp-content\/uploads\/2025\/12\/SC-PA066-800x800.webp 800w, https:\/\/mountlaser.com\/wp-content\/uploads\/2025\/12\/SC-PA066-400x400.webp 400w, https:\/\/mountlaser.com\/wp-content\/uploads\/2025\/12\/SC-PA066.webp 1000w\" sizes=\"(max-width: 300px) 100vw, 300px\" \/><\/td>\n<\/tr>\n<tr style=\"height: 14.25pt;\">\n<td class=\"et3\" style=\"height: 14.25pt;\" height=\"19\">SC-PS01<\/td>\n<td class=\"et4\">\u00c9tui souple pour jeu de prismes, qualit\u00e9 g\u00e9n\u00e9rale<\/td>\n<td class=\"et5\"><img decoding=\"async\" class=\"alignnone wp-image-5785 size-medium\" src=\"https:\/\/mountlaser.com\/wp-content\/uploads\/2025\/12\/SC-PS015-300x300.webp\" alt=\"SC-PA\/PS Series soft case\" width=\"300\" height=\"300\" srcset=\"https:\/\/mountlaser.com\/wp-content\/uploads\/2025\/12\/SC-PS015-300x300.webp 300w, https:\/\/mountlaser.com\/wp-content\/uploads\/2025\/12\/SC-PS015-150x150.webp 150w, https:\/\/mountlaser.com\/wp-content\/uploads\/2025\/12\/SC-PS015-768x768.webp 768w, https:\/\/mountlaser.com\/wp-content\/uploads\/2025\/12\/SC-PS015-12x12.webp 12w, https:\/\/mountlaser.com\/wp-content\/uploads\/2025\/12\/SC-PS015-600x600.webp 600w, https:\/\/mountlaser.com\/wp-content\/uploads\/2025\/12\/SC-PS015-800x800.webp 800w, https:\/\/mountlaser.com\/wp-content\/uploads\/2025\/12\/SC-PS015-400x400.webp 400w, https:\/\/mountlaser.com\/wp-content\/uploads\/2025\/12\/SC-PS015.webp 1000w\" sizes=\"(max-width: 300px) 100vw, 300px\" \/><\/td>\n<\/tr>\n<tr style=\"height: 14.25pt;\">\n<td class=\"et3\" style=\"height: 14.25pt;\" height=\"19\">SC-PS02<\/td>\n<td class=\"et4\">\u00c9tui souple de meilleure qualit\u00e9 pour jeu de prismes<\/td>\n<td class=\"et5\"><img loading=\"lazy\" decoding=\"async\" class=\"alignnone wp-image-5791 size-medium\" src=\"https:\/\/mountlaser.com\/wp-content\/uploads\/2025\/12\/SC-PS026-300x300.webp\" alt=\"SC-PA\/PS Series soft case\" width=\"300\" height=\"300\" srcset=\"https:\/\/mountlaser.com\/wp-content\/uploads\/2025\/12\/SC-PS026-300x300.webp 300w, https:\/\/mountlaser.com\/wp-content\/uploads\/2025\/12\/SC-PS026-150x150.webp 150w, https:\/\/mountlaser.com\/wp-content\/uploads\/2025\/12\/SC-PS026-768x768.webp 768w, https:\/\/mountlaser.com\/wp-content\/uploads\/2025\/12\/SC-PS026-12x12.webp 12w, https:\/\/mountlaser.com\/wp-content\/uploads\/2025\/12\/SC-PS026-600x600.webp 600w, https:\/\/mountlaser.com\/wp-content\/uploads\/2025\/12\/SC-PS026-800x800.webp 800w, https:\/\/mountlaser.com\/wp-content\/uploads\/2025\/12\/SC-PS026-400x400.webp 400w, https:\/\/mountlaser.com\/wp-content\/uploads\/2025\/12\/SC-PS026.webp 1000w\" sizes=\"(max-width: 300px) 100vw, 300px\" \/><\/td>\n<\/tr>\n<\/tbody>\n<\/table>\n<\/div>","protected":false},"excerpt":{"rendered":"<ul>\n<li>Int\u00e9rieur en \u00e9ponge absorbant les chocs pour une protection optimale des ensembles prismatiques.<\/li>\n<li>Ext\u00e9rieur durable \u00e0 code couleur : rouge pour SC-PA05, jaune pour SC-PA06 \/ SC-PS01 \/ SC-PS02.<\/li>\n<li>Conception \u00e0 ouverture par le haut pour un acc\u00e8s pratique et une utilisation rapide.<\/li>\n<li>Plusieurs options de conception convenant aux assemblages de prismes simples, aux grandes plaques de prismes ou aux ensembles de prismes.<\/li>\n<li>L\u00e9ger et pr\u00eat \u00e0 l&#039;emploi sur le terrain, il offre une facilit\u00e9 de transport et une protection professionnelle.<\/li>\n<\/ul>","protected":false},"featured_media":5774,"comment_status":"open","ping_status":"closed","template":"","meta":[],"product_brand":[],"product_cat":[164,79],"product_tag":[],"class_list":{"0":"post-5768","1":"product","2":"type-product","3":"status-publish","4":"has-post-thumbnail","6":"product_cat-soft-case","7":"product_cat-surveying-accessory","9":"first","10":"instock","11":"shipping-taxable","12":"product-type-simple"},"_links":{"self":[{"href":"https:\/\/mountlaser.com\/fr_fr\/wp-json\/wp\/v2\/product\/5768","targetHints":{"allow":["GET"]}}],"collection":[{"href":"https:\/\/mountlaser.com\/fr_fr\/wp-json\/wp\/v2\/product"}],"about":[{"href":"https:\/\/mountlaser.com\/fr_fr\/wp-json\/wp\/v2\/types\/product"}],"replies":[{"embeddable":true,"href":"https:\/\/mountlaser.com\/fr_fr\/wp-json\/wp\/v2\/comments?post=5768"}],"wp:featuredmedia":[{"embeddable":true,"href":"https:\/\/mountlaser.com\/fr_fr\/wp-json\/wp\/v2\/media\/5774"}],"wp:attachment":[{"href":"https:\/\/mountlaser.com\/fr_fr\/wp-json\/wp\/v2\/media?parent=5768"}],"wp:term":[{"taxonomy":"product_brand","embeddable":true,"href":"https:\/\/mountlaser.com\/fr_fr\/wp-json\/wp\/v2\/product_brand?post=5768"},{"taxonomy":"product_cat","embeddable":true,"href":"https:\/\/mountlaser.com\/fr_fr\/wp-json\/wp\/v2\/product_cat?post=5768"},{"taxonomy":"product_tag","embeddable":true,"href":"https:\/\/mountlaser.com\/fr_fr\/wp-json\/wp\/v2\/product_tag?post=5768"}],"curies":[{"name":"wp","href":"https:\/\/api.w.org\/{rel}","templated":true}]}}