{"id":5754,"date":"2025-12-10T05:33:23","date_gmt":"2025-12-10T05:33:23","guid":{"rendered":"https:\/\/mountlaser.com\/?post_type=product&#038;p=5754"},"modified":"2025-12-15T07:46:10","modified_gmt":"2025-12-15T07:46:10","slug":"sc-ta01-soft-case","status":"publish","type":"product","link":"https:\/\/mountlaser.com\/fr_fr\/produit\/sc-ta01-soft-case\/","title":{"rendered":"\u00c9tui souple SC-TA01"},"content":{"rendered":"<p>Le <a href=\"https:\/\/mountlaser.com\/fr_fr\/\"><strong data-start=\"163\" data-end=\"187\">\u00c9tui souple SC-TA01<\/strong><\/a> est sp\u00e9cialement con\u00e7u pour offrir une protection fiable et un transport ais\u00e9 des accessoires de topographie de pr\u00e9cision. Con\u00e7us pour les professionnels, ces <a href=\"https:\/\/mountlaser.com\/fr_fr\/products\/\"><strong data-start=\"331\" data-end=\"369\">\u00c9tui souple pour tribrach et adaptateur<\/strong><\/a> Ces solutions offrent un excellent amorti et une construction robuste pour prot\u00e9ger votre \u00e9quipement sur le terrain. Les deux mod\u00e8les de l&#039;\u00e9tui souple SC-TA01 sont fabriqu\u00e9s avec un ext\u00e9rieur jaune vif pour une visibilit\u00e9 optimale et disposent d&#039;une ouverture pratique sur le dessus pour un acc\u00e8s rapide.<\/p>\n<p><img fetchpriority=\"high\" decoding=\"async\" class=\"aligncenter wp-image-5761\" src=\"https:\/\/mountlaser.com\/wp-content\/uploads\/2025\/12\/SC-TA017.webp\" alt=\"SC-TA01 soft case\" width=\"500\" height=\"500\" srcset=\"https:\/\/mountlaser.com\/wp-content\/uploads\/2025\/12\/SC-TA017.webp 1000w, https:\/\/mountlaser.com\/wp-content\/uploads\/2025\/12\/SC-TA017-300x300.webp 300w, https:\/\/mountlaser.com\/wp-content\/uploads\/2025\/12\/SC-TA017-150x150.webp 150w, https:\/\/mountlaser.com\/wp-content\/uploads\/2025\/12\/SC-TA017-768x768.webp 768w, https:\/\/mountlaser.com\/wp-content\/uploads\/2025\/12\/SC-TA017-12x12.webp 12w, https:\/\/mountlaser.com\/wp-content\/uploads\/2025\/12\/SC-TA017-600x600.webp 600w, https:\/\/mountlaser.com\/wp-content\/uploads\/2025\/12\/SC-TA017-800x800.webp 800w, https:\/\/mountlaser.com\/wp-content\/uploads\/2025\/12\/SC-TA017-400x400.webp 400w\" sizes=\"(max-width: 500px) 100vw, 500px\" \/><\/p>\n<p>Qu\u2019ils soient utilis\u00e9s quotidiennement dans des environnements difficiles ou rang\u00e9s en toute s\u00e9curit\u00e9 au bureau, ces <a href=\"https:\/\/mountlaser.com\/fr_fr\/contact-us\/\">\u00c9tui souple pour tribrach et adaptateur<\/a> Ces options permettent de garantir que vos outils restent en s\u00e9curit\u00e9, organis\u00e9s et pr\u00eats \u00e0 l&#039;emploi.<\/p>","protected":false},"excerpt":{"rendered":"<ul>\n<li>Protection d\u00e9di\u00e9e : \u00c9tui souple sp\u00e9cialement con\u00e7u pour le tribrach et l&#039;adaptateur, assurant un ajustement parfait et une protection optimale.<\/li>\n<li>SC-TA01 : Forme ronde<\/li>\n<li>Ext\u00e9rieur jaune r\u00e9sistant : Mat\u00e9riau ext\u00e9rieur haute visibilit\u00e9 pour un rep\u00e9rage facile sur les chantiers tr\u00e8s fr\u00e9quent\u00e9s.<\/li>\n<li>Ouverture \u00e0 rabat sup\u00e9rieur\u00a0: couvercle \u00e0 acc\u00e8s rapide pour une r\u00e9cup\u00e9ration rapide des outils sur le terrain.<\/li>\n<li>Portable et l\u00e9ger : facile \u00e0 transporter, id\u00e9al pour les op\u00e9rations de lev\u00e9s topographiques quotidiennes.<\/li>\n<li>Absorption des chocs : Un rembourrage int\u00e9rieur souple prot\u00e8ge les \u00e9quipements sensibles des chocs et des rayures.<\/li>\n<\/ul>","protected":false},"featured_media":5758,"comment_status":"open","ping_status":"closed","template":"","meta":[],"product_brand":[],"product_cat":[164,79],"product_tag":[],"class_list":{"0":"post-5754","1":"product","2":"type-product","3":"status-publish","4":"has-post-thumbnail","6":"product_cat-soft-case","7":"product_cat-surveying-accessory","9":"first","10":"instock","11":"shipping-taxable","12":"product-type-simple"},"_links":{"self":[{"href":"https:\/\/mountlaser.com\/fr_fr\/wp-json\/wp\/v2\/product\/5754","targetHints":{"allow":["GET"]}}],"collection":[{"href":"https:\/\/mountlaser.com\/fr_fr\/wp-json\/wp\/v2\/product"}],"about":[{"href":"https:\/\/mountlaser.com\/fr_fr\/wp-json\/wp\/v2\/types\/product"}],"replies":[{"embeddable":true,"href":"https:\/\/mountlaser.com\/fr_fr\/wp-json\/wp\/v2\/comments?post=5754"}],"wp:featuredmedia":[{"embeddable":true,"href":"https:\/\/mountlaser.com\/fr_fr\/wp-json\/wp\/v2\/media\/5758"}],"wp:attachment":[{"href":"https:\/\/mountlaser.com\/fr_fr\/wp-json\/wp\/v2\/media?parent=5754"}],"wp:term":[{"taxonomy":"product_brand","embeddable":true,"href":"https:\/\/mountlaser.com\/fr_fr\/wp-json\/wp\/v2\/product_brand?post=5754"},{"taxonomy":"product_cat","embeddable":true,"href":"https:\/\/mountlaser.com\/fr_fr\/wp-json\/wp\/v2\/product_cat?post=5754"},{"taxonomy":"product_tag","embeddable":true,"href":"https:\/\/mountlaser.com\/fr_fr\/wp-json\/wp\/v2\/product_tag?post=5754"}],"curies":[{"name":"wp","href":"https:\/\/api.w.org\/{rel}","templated":true}]}}