{"id":5710,"date":"2025-12-10T05:10:33","date_gmt":"2025-12-10T05:10:33","guid":{"rendered":"https:\/\/mountlaser.com\/?post_type=product&#038;p=5710"},"modified":"2025-12-10T05:10:33","modified_gmt":"2025-12-10T05:10:33","slug":"hc-ts-series-hard-case","status":"publish","type":"product","link":"https:\/\/mountlaser.com\/fr_fr\/produit\/hc-ts-series-hard-case\/","title":{"rendered":"\u00c9tui rigide s\u00e9rie HC-TS"},"content":{"rendered":"<p>Le <a href=\"https:\/\/mountlaser.com\/fr_fr\/\"><strong>\u00c9tui rigide s\u00e9rie HC-TS<\/strong><\/a> Il est con\u00e7u pour offrir une protection maximale \u00e0 une large gamme de stations totales, ce qui en fait l&#039;un des plus fiables. <a href=\"https:\/\/mountlaser.com\/fr_fr\/categorie-produit\/surveying-accessory\/\"><strong>mallette rigide pour station totale<\/strong><\/a> Solutions disponibles sur le march\u00e9. Con\u00e7ue avec une construction robuste et des compartiments internes adapt\u00e9s, la valise rigide de la s\u00e9rie HC-TS garantit la protection des instruments topographiques sensibles lors du transport et du stockage. Compatible avec les appareils de marques japonaises, suisses ou sud-cor\u00e9ennes, cette valise rigide polyvalente pour stations totales offre des performances fiables m\u00eame dans des conditions de terrain exigeantes.<\/p>\n<table width=\"716\">\n<tbody>\n<tr>\n<td width=\"170\">Num\u00e9ro de mod\u00e8le.<\/td>\n<td width=\"262\">NOTE<\/td>\n<td width=\"284\">IMAGE<\/td>\n<\/tr>\n<tr>\n<td>HC-TS01RD<\/td>\n<td>Pour la station totale, couleur rouge<\/td>\n<td><img fetchpriority=\"high\" decoding=\"async\" class=\"alignnone wp-image-5714\" src=\"https:\/\/mountlaser.com\/wp-content\/uploads\/2025\/12\/HC-TS014.webp\" alt=\"HC-TS series hard case\" width=\"500\" height=\"500\" srcset=\"https:\/\/mountlaser.com\/wp-content\/uploads\/2025\/12\/HC-TS014.webp 1000w, https:\/\/mountlaser.com\/wp-content\/uploads\/2025\/12\/HC-TS014-300x300.webp 300w, https:\/\/mountlaser.com\/wp-content\/uploads\/2025\/12\/HC-TS014-150x150.webp 150w, https:\/\/mountlaser.com\/wp-content\/uploads\/2025\/12\/HC-TS014-768x768.webp 768w, https:\/\/mountlaser.com\/wp-content\/uploads\/2025\/12\/HC-TS014-12x12.webp 12w, https:\/\/mountlaser.com\/wp-content\/uploads\/2025\/12\/HC-TS014-600x600.webp 600w, https:\/\/mountlaser.com\/wp-content\/uploads\/2025\/12\/HC-TS014-800x800.webp 800w, https:\/\/mountlaser.com\/wp-content\/uploads\/2025\/12\/HC-TS014-400x400.webp 400w\" sizes=\"(max-width: 500px) 100vw, 500px\" \/><\/td>\n<\/tr>\n<tr>\n<td>HC-TS02<\/td>\n<td>Pour station totale de marque japonaise NIK<\/td>\n<td><img decoding=\"async\" class=\"alignnone wp-image-5679 size-medium\" src=\"https:\/\/mountlaser.com\/wp-content\/uploads\/2025\/12\/HC-PS01RD6-300x300.webp\" alt=\"HC-TS series hard case\" width=\"300\" height=\"300\" srcset=\"https:\/\/mountlaser.com\/wp-content\/uploads\/2025\/12\/HC-PS01RD6-300x300.webp 300w, https:\/\/mountlaser.com\/wp-content\/uploads\/2025\/12\/HC-PS01RD6-150x150.webp 150w, https:\/\/mountlaser.com\/wp-content\/uploads\/2025\/12\/HC-PS01RD6-768x768.webp 768w, https:\/\/mountlaser.com\/wp-content\/uploads\/2025\/12\/HC-PS01RD6-12x12.webp 12w, https:\/\/mountlaser.com\/wp-content\/uploads\/2025\/12\/HC-PS01RD6-600x600.webp 600w, https:\/\/mountlaser.com\/wp-content\/uploads\/2025\/12\/HC-PS01RD6-800x800.webp 800w, https:\/\/mountlaser.com\/wp-content\/uploads\/2025\/12\/HC-PS01RD6-400x400.webp 400w, https:\/\/mountlaser.com\/wp-content\/uploads\/2025\/12\/HC-PS01RD6.webp 1000w\" sizes=\"(max-width: 300px) 100vw, 300px\" \/><\/td>\n<\/tr>\n<tr>\n<td>HC-TS05<\/td>\n<td>Pour la station totale Sud<\/td>\n<td><img decoding=\"async\" class=\"alignnone wp-image-5733 size-medium\" src=\"https:\/\/mountlaser.com\/wp-content\/uploads\/2025\/12\/HC-TS055-300x300.webp\" alt=\"HC-TS series hard case\" width=\"300\" height=\"300\" srcset=\"https:\/\/mountlaser.com\/wp-content\/uploads\/2025\/12\/HC-TS055-300x300.webp 300w, https:\/\/mountlaser.com\/wp-content\/uploads\/2025\/12\/HC-TS055-150x150.webp 150w, https:\/\/mountlaser.com\/wp-content\/uploads\/2025\/12\/HC-TS055-768x768.webp 768w, https:\/\/mountlaser.com\/wp-content\/uploads\/2025\/12\/HC-TS055-12x12.webp 12w, https:\/\/mountlaser.com\/wp-content\/uploads\/2025\/12\/HC-TS055-600x600.webp 600w, https:\/\/mountlaser.com\/wp-content\/uploads\/2025\/12\/HC-TS055-800x800.webp 800w, https:\/\/mountlaser.com\/wp-content\/uploads\/2025\/12\/HC-TS055-400x400.webp 400w, https:\/\/mountlaser.com\/wp-content\/uploads\/2025\/12\/HC-TS055.webp 1000w\" sizes=\"(max-width: 300px) 100vw, 300px\" \/><\/td>\n<\/tr>\n<tr>\n<td>HC-TS03<\/td>\n<td>Pour la marque japonaise TOP GTS102\/332<\/td>\n<td><img loading=\"lazy\" decoding=\"async\" class=\"alignnone wp-image-5721 size-medium\" src=\"https:\/\/mountlaser.com\/wp-content\/uploads\/2025\/12\/HC-TS035-300x300.webp\" alt=\"HC-TS series hard case\" width=\"300\" height=\"300\" srcset=\"https:\/\/mountlaser.com\/wp-content\/uploads\/2025\/12\/HC-TS035-300x300.webp 300w, https:\/\/mountlaser.com\/wp-content\/uploads\/2025\/12\/HC-TS035-150x150.webp 150w, https:\/\/mountlaser.com\/wp-content\/uploads\/2025\/12\/HC-TS035-768x768.webp 768w, https:\/\/mountlaser.com\/wp-content\/uploads\/2025\/12\/HC-TS035-12x12.webp 12w, https:\/\/mountlaser.com\/wp-content\/uploads\/2025\/12\/HC-TS035-600x600.webp 600w, https:\/\/mountlaser.com\/wp-content\/uploads\/2025\/12\/HC-TS035-800x800.webp 800w, https:\/\/mountlaser.com\/wp-content\/uploads\/2025\/12\/HC-TS035-400x400.webp 400w, https:\/\/mountlaser.com\/wp-content\/uploads\/2025\/12\/HC-TS035.webp 1000w\" sizes=\"(max-width: 300px) 100vw, 300px\" \/><\/td>\n<\/tr>\n<tr>\n<td>HC-TS04<\/td>\n<td>Pour les marques japonaises haut de gamme GM\/ES\/GTS200<\/td>\n<td><img loading=\"lazy\" decoding=\"async\" class=\"alignnone wp-image-5726 size-medium\" src=\"https:\/\/mountlaser.com\/wp-content\/uploads\/2025\/12\/HC-TS044-300x300.webp\" alt=\"HC-TS series hard case\" width=\"300\" height=\"300\" srcset=\"https:\/\/mountlaser.com\/wp-content\/uploads\/2025\/12\/HC-TS044-300x300.webp 300w, https:\/\/mountlaser.com\/wp-content\/uploads\/2025\/12\/HC-TS044-150x150.webp 150w, https:\/\/mountlaser.com\/wp-content\/uploads\/2025\/12\/HC-TS044-768x768.webp 768w, https:\/\/mountlaser.com\/wp-content\/uploads\/2025\/12\/HC-TS044-12x12.webp 12w, https:\/\/mountlaser.com\/wp-content\/uploads\/2025\/12\/HC-TS044-600x600.webp 600w, https:\/\/mountlaser.com\/wp-content\/uploads\/2025\/12\/HC-TS044-800x800.webp 800w, https:\/\/mountlaser.com\/wp-content\/uploads\/2025\/12\/HC-TS044-400x400.webp 400w, https:\/\/mountlaser.com\/wp-content\/uploads\/2025\/12\/HC-TS044.webp 1000w\" sizes=\"(max-width: 300px) 100vw, 300px\" \/><\/td>\n<\/tr>\n<tr>\n<td>HC-TS07<\/td>\n<td>Pour station totale suisse TS03\/07 TZ05\/07\/08\/12<\/td>\n<td><img loading=\"lazy\" decoding=\"async\" class=\"alignnone wp-image-5747 size-medium\" src=\"https:\/\/mountlaser.com\/wp-content\/uploads\/2025\/12\/HC-TS076-300x300.webp\" alt=\"HC-TS series hard case\" width=\"300\" height=\"300\" srcset=\"https:\/\/mountlaser.com\/wp-content\/uploads\/2025\/12\/HC-TS076-300x300.webp 300w, https:\/\/mountlaser.com\/wp-content\/uploads\/2025\/12\/HC-TS076-150x150.webp 150w, https:\/\/mountlaser.com\/wp-content\/uploads\/2025\/12\/HC-TS076-768x768.webp 768w, https:\/\/mountlaser.com\/wp-content\/uploads\/2025\/12\/HC-TS076-12x12.webp 12w, https:\/\/mountlaser.com\/wp-content\/uploads\/2025\/12\/HC-TS076-600x600.webp 600w, https:\/\/mountlaser.com\/wp-content\/uploads\/2025\/12\/HC-TS076-800x800.webp 800w, https:\/\/mountlaser.com\/wp-content\/uploads\/2025\/12\/HC-TS076-400x400.webp 400w, https:\/\/mountlaser.com\/wp-content\/uploads\/2025\/12\/HC-TS076.webp 1000w\" sizes=\"(max-width: 300px) 100vw, 300px\" \/><\/td>\n<\/tr>\n<tr>\n<td>HC-TS15<\/td>\n<td width=\"262\">Pour station totale suisse TS15\/16<\/td>\n<td><img loading=\"lazy\" decoding=\"async\" class=\"alignnone wp-image-5752 size-medium\" src=\"https:\/\/mountlaser.com\/wp-content\/uploads\/2025\/12\/HC-TS155-300x300.webp\" alt=\"HC-TS series hard case\" width=\"300\" height=\"300\" srcset=\"https:\/\/mountlaser.com\/wp-content\/uploads\/2025\/12\/HC-TS155-300x300.webp 300w, https:\/\/mountlaser.com\/wp-content\/uploads\/2025\/12\/HC-TS155-150x150.webp 150w, https:\/\/mountlaser.com\/wp-content\/uploads\/2025\/12\/HC-TS155-768x768.webp 768w, https:\/\/mountlaser.com\/wp-content\/uploads\/2025\/12\/HC-TS155-12x12.webp 12w, https:\/\/mountlaser.com\/wp-content\/uploads\/2025\/12\/HC-TS155-600x600.webp 600w, https:\/\/mountlaser.com\/wp-content\/uploads\/2025\/12\/HC-TS155-800x800.webp 800w, https:\/\/mountlaser.com\/wp-content\/uploads\/2025\/12\/HC-TS155-400x400.webp 400w, https:\/\/mountlaser.com\/wp-content\/uploads\/2025\/12\/HC-TS155.webp 1000w\" sizes=\"(max-width: 300px) 100vw, 300px\" \/><\/td>\n<\/tr>\n<tr>\n<td>HC-TS06<\/td>\n<td>Pour la station totale suisse TS02\/06\/09<\/td>\n<td><img loading=\"lazy\" decoding=\"async\" class=\"alignnone wp-image-5739 size-medium\" src=\"https:\/\/mountlaser.com\/wp-content\/uploads\/2025\/12\/HC-TS065-300x300.webp\" alt=\"HC-TS series hard case\" width=\"300\" height=\"300\" srcset=\"https:\/\/mountlaser.com\/wp-content\/uploads\/2025\/12\/HC-TS065-300x300.webp 300w, https:\/\/mountlaser.com\/wp-content\/uploads\/2025\/12\/HC-TS065-150x150.webp 150w, https:\/\/mountlaser.com\/wp-content\/uploads\/2025\/12\/HC-TS065-768x768.webp 768w, https:\/\/mountlaser.com\/wp-content\/uploads\/2025\/12\/HC-TS065-12x12.webp 12w, https:\/\/mountlaser.com\/wp-content\/uploads\/2025\/12\/HC-TS065-600x600.webp 600w, https:\/\/mountlaser.com\/wp-content\/uploads\/2025\/12\/HC-TS065-800x800.webp 800w, https:\/\/mountlaser.com\/wp-content\/uploads\/2025\/12\/HC-TS065-400x400.webp 400w, https:\/\/mountlaser.com\/wp-content\/uploads\/2025\/12\/HC-TS065.webp 1000w\" sizes=\"(max-width: 300px) 100vw, 300px\" \/><\/td>\n<\/tr>\n<\/tbody>\n<\/table>","protected":false},"excerpt":{"rendered":"<ul>\n<li>Protection durable : La coque ext\u00e9rieure rigide offre une r\u00e9sistance sup\u00e9rieure aux chocs et aux impacts.<\/li>\n<li>Int\u00e9rieur adapt\u00e9 aux instruments\u00a0: des moules sur mesure assurent un ajustement parfait pour chaque mod\u00e8le de station totale.<\/li>\n<li>Transport fiable : des poign\u00e9es robustes et des m\u00e9canismes de verrouillage s\u00e9curis\u00e9s garantissent une mobilit\u00e9 s\u00fbre sur le terrain.<\/li>\n<li>Options sp\u00e9cifiques au mod\u00e8le\u00a0: Plusieurs mod\u00e8les d\u2019\u00e9tuis adapt\u00e9s aux marques mondiales d\u2019instruments de topographie.<\/li>\n<\/ul>","protected":false},"featured_media":5733,"comment_status":"open","ping_status":"closed","template":"","meta":[],"product_brand":[],"product_cat":[163,79],"product_tag":[],"class_list":{"0":"post-5710","1":"product","2":"type-product","3":"status-publish","4":"has-post-thumbnail","6":"product_cat-hard-case","7":"product_cat-surveying-accessory","9":"first","10":"instock","11":"shipping-taxable","12":"product-type-simple"},"_links":{"self":[{"href":"https:\/\/mountlaser.com\/fr_fr\/wp-json\/wp\/v2\/product\/5710","targetHints":{"allow":["GET"]}}],"collection":[{"href":"https:\/\/mountlaser.com\/fr_fr\/wp-json\/wp\/v2\/product"}],"about":[{"href":"https:\/\/mountlaser.com\/fr_fr\/wp-json\/wp\/v2\/types\/product"}],"replies":[{"embeddable":true,"href":"https:\/\/mountlaser.com\/fr_fr\/wp-json\/wp\/v2\/comments?post=5710"}],"wp:featuredmedia":[{"embeddable":true,"href":"https:\/\/mountlaser.com\/fr_fr\/wp-json\/wp\/v2\/media\/5733"}],"wp:attachment":[{"href":"https:\/\/mountlaser.com\/fr_fr\/wp-json\/wp\/v2\/media?parent=5710"}],"wp:term":[{"taxonomy":"product_brand","embeddable":true,"href":"https:\/\/mountlaser.com\/fr_fr\/wp-json\/wp\/v2\/product_brand?post=5710"},{"taxonomy":"product_cat","embeddable":true,"href":"https:\/\/mountlaser.com\/fr_fr\/wp-json\/wp\/v2\/product_cat?post=5710"},{"taxonomy":"product_tag","embeddable":true,"href":"https:\/\/mountlaser.com\/fr_fr\/wp-json\/wp\/v2\/product_tag?post=5710"}],"curies":[{"name":"wp","href":"https:\/\/api.w.org\/{rel}","templated":true}]}}