{"id":5702,"date":"2025-12-10T02:49:02","date_gmt":"2025-12-10T02:49:02","guid":{"rendered":"https:\/\/mountlaser.com\/?post_type=product&#038;p=5702"},"modified":"2025-12-10T02:49:02","modified_gmt":"2025-12-10T02:49:02","slug":"hc-th01-hard-case","status":"publish","type":"product","link":"https:\/\/mountlaser.com\/fr_fr\/produit\/hc-th01-hard-case\/","title":{"rendered":"\u00c9tui rigide HC-TH01"},"content":{"rendered":"<p>Le <a href=\"https:\/\/mountlaser.com\/fr_fr\/\"><strong>\u00c9tui rigide HC-TH01<\/strong><\/a> Cette mallette rigide pour th\u00e9odolite est une solution de rangement durable et protectrice, sp\u00e9cialement con\u00e7ue pour pr\u00e9server les instruments de topographie de pr\u00e9cision. Con\u00e7ue pour une utilisation fiable sur le terrain, elle offre une excellente r\u00e9sistance aux chocs et un rembourrage interne s\u00e9curis\u00e9, assurant ainsi la protection de votre th\u00e9odolite lors du transport et de son utilisation quotidienne.<\/p>\n<p><img fetchpriority=\"high\" decoding=\"async\" class=\"aligncenter wp-image-5708\" src=\"https:\/\/mountlaser.com\/wp-content\/uploads\/2025\/12\/HC-TH016.webp\" alt=\"HC-TH01 Hard case\" width=\"500\" height=\"500\" srcset=\"https:\/\/mountlaser.com\/wp-content\/uploads\/2025\/12\/HC-TH016.webp 1000w, https:\/\/mountlaser.com\/wp-content\/uploads\/2025\/12\/HC-TH016-300x300.webp 300w, https:\/\/mountlaser.com\/wp-content\/uploads\/2025\/12\/HC-TH016-150x150.webp 150w, https:\/\/mountlaser.com\/wp-content\/uploads\/2025\/12\/HC-TH016-768x768.webp 768w, https:\/\/mountlaser.com\/wp-content\/uploads\/2025\/12\/HC-TH016-12x12.webp 12w, https:\/\/mountlaser.com\/wp-content\/uploads\/2025\/12\/HC-TH016-600x600.webp 600w, https:\/\/mountlaser.com\/wp-content\/uploads\/2025\/12\/HC-TH016-800x800.webp 800w, https:\/\/mountlaser.com\/wp-content\/uploads\/2025\/12\/HC-TH016-400x400.webp 400w\" sizes=\"(max-width: 500px) 100vw, 500px\" \/><\/p>\n<p>Fabriqu\u00e9e en rouge vif, la valise rigide HC-TH01 est facile \u00e0 rep\u00e9rer sur les chantiers et offre une durabilit\u00e9 \u00e0 long terme pour les environnements exigeants. Qu&#039;elle soit utilis\u00e9e dans la construction, la topographie ou l&#039;ing\u00e9nierie, cette valise est id\u00e9ale pour les applications n\u00e9cessitant une grande polyvalence. <a href=\"https:\/\/mountlaser.com\/fr_fr\/products\/\"><strong>\u00c9tui rigide pour th\u00e9odolite<\/strong><\/a> garantit que les \u00e9quipements optiques sensibles restent enti\u00e8rement prot\u00e9g\u00e9s de la poussi\u00e8re, de l&#039;humidit\u00e9 et des chocs.<\/p>","protected":false},"excerpt":{"rendered":"<ul>\n<li>\u00c9tui rigide HC-TH01 con\u00e7u sp\u00e9cifiquement pour les th\u00e9odolites, assurant un maintien parfait et s\u00e9curis\u00e9.<\/li>\n<li>Coque ext\u00e9rieure haute r\u00e9sistance pour une protection maximale contre les conditions de terrain<\/li>\n<li>Le rembourrage int\u00e9rieur r\u00e9sistant aux chocs contribue \u00e0 pr\u00e9venir les dommages caus\u00e9s par les vibrations.<\/li>\n<li>Couleur rouge vif pour une visibilit\u00e9 accrue et une identification facile sur site<\/li>\n<li>M\u00e9canisme de verrouillage robuste pour un transport s\u00fbr et fiable<\/li>\n<\/ul>","protected":false},"featured_media":5706,"comment_status":"open","ping_status":"closed","template":"","meta":[],"product_brand":[],"product_cat":[163,79],"product_tag":[],"class_list":{"0":"post-5702","1":"product","2":"type-product","3":"status-publish","4":"has-post-thumbnail","6":"product_cat-hard-case","7":"product_cat-surveying-accessory","9":"first","10":"instock","11":"shipping-taxable","12":"product-type-simple"},"_links":{"self":[{"href":"https:\/\/mountlaser.com\/fr_fr\/wp-json\/wp\/v2\/product\/5702","targetHints":{"allow":["GET"]}}],"collection":[{"href":"https:\/\/mountlaser.com\/fr_fr\/wp-json\/wp\/v2\/product"}],"about":[{"href":"https:\/\/mountlaser.com\/fr_fr\/wp-json\/wp\/v2\/types\/product"}],"replies":[{"embeddable":true,"href":"https:\/\/mountlaser.com\/fr_fr\/wp-json\/wp\/v2\/comments?post=5702"}],"wp:featuredmedia":[{"embeddable":true,"href":"https:\/\/mountlaser.com\/fr_fr\/wp-json\/wp\/v2\/media\/5706"}],"wp:attachment":[{"href":"https:\/\/mountlaser.com\/fr_fr\/wp-json\/wp\/v2\/media?parent=5702"}],"wp:term":[{"taxonomy":"product_brand","embeddable":true,"href":"https:\/\/mountlaser.com\/fr_fr\/wp-json\/wp\/v2\/product_brand?post=5702"},{"taxonomy":"product_cat","embeddable":true,"href":"https:\/\/mountlaser.com\/fr_fr\/wp-json\/wp\/v2\/product_cat?post=5702"},{"taxonomy":"product_tag","embeddable":true,"href":"https:\/\/mountlaser.com\/fr_fr\/wp-json\/wp\/v2\/product_tag?post=5702"}],"curies":[{"name":"wp","href":"https:\/\/api.w.org\/{rel}","templated":true}]}}