{"id":5673,"date":"2025-12-10T02:12:59","date_gmt":"2025-12-10T02:12:59","guid":{"rendered":"https:\/\/mountlaser.com\/?post_type=product&#038;p=5673"},"modified":"2025-12-10T09:25:22","modified_gmt":"2025-12-10T09:25:22","slug":"hc-ps-series-hard-case","status":"publish","type":"product","link":"https:\/\/mountlaser.com\/fr_fr\/produit\/hc-ps-series-hard-case\/","title":{"rendered":"\u00c9tui rigide s\u00e9rie HC-PS"},"content":{"rendered":"<p>Le <a href=\"https:\/\/mountlaser.com\/fr_fr\/\"><strong>\u00c9tui rigide s\u00e9rie HC-PS<\/strong><\/a> est une solution de rangement durable et fiable, sp\u00e9cialement con\u00e7ue pour prot\u00e9ger les jeux de prismes professionnels utilis\u00e9s en topographie. Con\u00e7us pour une s\u00e9curit\u00e9 et une organisation optimales, ces <a href=\"https:\/\/mountlaser.com\/fr_fr\/categorie-produit\/surveying-accessory\/\"><strong>\u00c9tuis rigides pour jeu de prismes<\/strong><\/a> offrir une protection ext\u00e9rieure robuste, un agencement interne s\u00e9curis\u00e9 et une performance durable sur le terrain.<\/p>\n<p>L&#039;\u00e9tui rigide de la s\u00e9rie HC-PS est disponible en plusieurs configurations pour s&#039;adapter aux diff\u00e9rentes configurations de prismes.<br \/>\nLe mod\u00e8le HC-PS01 est dot\u00e9 d&#039;un prisme unique et est disponible en rouge ou en jaune, tandis que les mod\u00e8les HC-PS02 et HC-PS03, \u00e9galement en rouge, offrent un double prisme pour les utilisateurs ayant besoin d&#039;une capacit\u00e9 de stockage accrue. Quel que soit le mod\u00e8le, chaque \u00e9tui garantit une protection optimale pour vos pr\u00e9cieux composants optiques.<\/p>\n<p>Construits avec des mat\u00e9riaux robustes et une int\u00e9grit\u00e9 structurelle renforc\u00e9e, ces <a href=\"https:\/\/mountlaser.com\/fr_fr\/about-us\/\">\u00c9tuis rigides pour jeu de prismes<\/a> Prot\u00e9gez votre \u00e9quipement des chocs, de la poussi\u00e8re et de l&#039;humidit\u00e9 lors du transport ou de son utilisation sur le terrain. L&#039;int\u00e9rieur moul\u00e9 maintient tous les composants en place, r\u00e9duisant ainsi les risques de dommages et faisant de la valise rigide de la s\u00e9rie HC-PS un accessoire indispensable pour les g\u00e9om\u00e8tres recherchant une solution de transport fiable pour leur mat\u00e9riel.<\/p>\n<div>\n<table style=\"border-collapse: collapse; width: 371.27pt;\" border=\"0\" width=\"495\" cellspacing=\"0\" cellpadding=\"0\">\n<tbody>\n<tr style=\"height: 14.25pt;\">\n<td class=\"et2\" style=\"height: 14.25pt; width: 127.50pt;\" width=\"170\" height=\"19\">NOMBRE<\/td>\n<td class=\"et3\" style=\"width: 92.25pt;\" width=\"123\">COULEUR<\/td>\n<td class=\"et3\" style=\"width: 151.50pt;\" width=\"202\">IMAGE<\/td>\n<\/tr>\n<tr style=\"height: 14.25pt;\">\n<td class=\"et4\" style=\"height: 14.25pt;\" height=\"19\">HC-PS01RD<\/td>\n<td class=\"et5\">Rouge<\/td>\n<td class=\"et6\"><img fetchpriority=\"high\" decoding=\"async\" class=\"alignnone wp-image-5678\" src=\"https:\/\/mountlaser.com\/wp-content\/uploads\/2025\/12\/HC-PS01RD5.webp\" alt=\"HC-PS Series hard case\" width=\"500\" height=\"500\" srcset=\"https:\/\/mountlaser.com\/wp-content\/uploads\/2025\/12\/HC-PS01RD5.webp 1000w, https:\/\/mountlaser.com\/wp-content\/uploads\/2025\/12\/HC-PS01RD5-300x300.webp 300w, https:\/\/mountlaser.com\/wp-content\/uploads\/2025\/12\/HC-PS01RD5-150x150.webp 150w, https:\/\/mountlaser.com\/wp-content\/uploads\/2025\/12\/HC-PS01RD5-768x768.webp 768w, https:\/\/mountlaser.com\/wp-content\/uploads\/2025\/12\/HC-PS01RD5-12x12.webp 12w, https:\/\/mountlaser.com\/wp-content\/uploads\/2025\/12\/HC-PS01RD5-600x600.webp 600w, https:\/\/mountlaser.com\/wp-content\/uploads\/2025\/12\/HC-PS01RD5-800x800.webp 800w, https:\/\/mountlaser.com\/wp-content\/uploads\/2025\/12\/HC-PS01RD5-400x400.webp 400w\" sizes=\"(max-width: 500px) 100vw, 500px\" \/><\/td>\n<\/tr>\n<tr style=\"height: 14.25pt;\">\n<td class=\"et4\" style=\"height: 14.25pt;\" height=\"19\">HC-PS01YL<\/td>\n<td class=\"et7\">Jaune<\/td>\n<td class=\"et6\"><img decoding=\"async\" class=\"alignnone wp-image-5686\" src=\"https:\/\/mountlaser.com\/wp-content\/uploads\/2025\/12\/HC-PS01YL6.webp\" alt=\"HC-PS Series hard case\" width=\"500\" height=\"500\" srcset=\"https:\/\/mountlaser.com\/wp-content\/uploads\/2025\/12\/HC-PS01YL6.webp 1000w, https:\/\/mountlaser.com\/wp-content\/uploads\/2025\/12\/HC-PS01YL6-300x300.webp 300w, https:\/\/mountlaser.com\/wp-content\/uploads\/2025\/12\/HC-PS01YL6-150x150.webp 150w, https:\/\/mountlaser.com\/wp-content\/uploads\/2025\/12\/HC-PS01YL6-768x768.webp 768w, https:\/\/mountlaser.com\/wp-content\/uploads\/2025\/12\/HC-PS01YL6-12x12.webp 12w, https:\/\/mountlaser.com\/wp-content\/uploads\/2025\/12\/HC-PS01YL6-600x600.webp 600w, https:\/\/mountlaser.com\/wp-content\/uploads\/2025\/12\/HC-PS01YL6-800x800.webp 800w, https:\/\/mountlaser.com\/wp-content\/uploads\/2025\/12\/HC-PS01YL6-400x400.webp 400w\" sizes=\"(max-width: 500px) 100vw, 500px\" \/><\/td>\n<\/tr>\n<tr style=\"height: 14.25pt;\">\n<td class=\"et4\" style=\"height: 14.25pt;\" height=\"19\">HC-PS02RD<\/td>\n<td class=\"et5\">Rouge<\/td>\n<td class=\"et6\"><img decoding=\"async\" class=\"alignnone wp-image-5693\" src=\"https:\/\/mountlaser.com\/wp-content\/uploads\/2025\/12\/HC-PS026.webp\" alt=\"HC-PS Series hard case\" width=\"500\" height=\"500\" srcset=\"https:\/\/mountlaser.com\/wp-content\/uploads\/2025\/12\/HC-PS026.webp 1000w, https:\/\/mountlaser.com\/wp-content\/uploads\/2025\/12\/HC-PS026-300x300.webp 300w, https:\/\/mountlaser.com\/wp-content\/uploads\/2025\/12\/HC-PS026-150x150.webp 150w, https:\/\/mountlaser.com\/wp-content\/uploads\/2025\/12\/HC-PS026-768x768.webp 768w, https:\/\/mountlaser.com\/wp-content\/uploads\/2025\/12\/HC-PS026-12x12.webp 12w, https:\/\/mountlaser.com\/wp-content\/uploads\/2025\/12\/HC-PS026-600x600.webp 600w, https:\/\/mountlaser.com\/wp-content\/uploads\/2025\/12\/HC-PS026-800x800.webp 800w, https:\/\/mountlaser.com\/wp-content\/uploads\/2025\/12\/HC-PS026-400x400.webp 400w\" sizes=\"(max-width: 500px) 100vw, 500px\" \/><\/td>\n<\/tr>\n<tr style=\"height: 14.25pt;\">\n<td class=\"et4\" style=\"height: 14.25pt;\" height=\"19\">HC-PS03RD<\/td>\n<td class=\"et5\">Rouge<\/td>\n<td class=\"et6\"><img loading=\"lazy\" decoding=\"async\" class=\"alignnone wp-image-5700\" src=\"https:\/\/mountlaser.com\/wp-content\/uploads\/2025\/12\/HC-PS036.webp\" alt=\"HC-PS Series hard case\" width=\"500\" height=\"500\" srcset=\"https:\/\/mountlaser.com\/wp-content\/uploads\/2025\/12\/HC-PS036.webp 1000w, https:\/\/mountlaser.com\/wp-content\/uploads\/2025\/12\/HC-PS036-300x300.webp 300w, https:\/\/mountlaser.com\/wp-content\/uploads\/2025\/12\/HC-PS036-150x150.webp 150w, https:\/\/mountlaser.com\/wp-content\/uploads\/2025\/12\/HC-PS036-768x768.webp 768w, https:\/\/mountlaser.com\/wp-content\/uploads\/2025\/12\/HC-PS036-12x12.webp 12w, https:\/\/mountlaser.com\/wp-content\/uploads\/2025\/12\/HC-PS036-600x600.webp 600w, https:\/\/mountlaser.com\/wp-content\/uploads\/2025\/12\/HC-PS036-800x800.webp 800w, https:\/\/mountlaser.com\/wp-content\/uploads\/2025\/12\/HC-PS036-400x400.webp 400w\" sizes=\"(max-width: 500px) 100vw, 500px\" \/><\/td>\n<\/tr>\n<\/tbody>\n<\/table>\n<\/div>","protected":false},"excerpt":{"rendered":"<ul>\n<li>Prot\u00e8ge les jeux de prismes contre les chocs, la poussi\u00e8re et l&#039;humidit\u00e9<\/li>\n<li>Compartiments internes moul\u00e9s pour un placement s\u00e9curis\u00e9 des composants<\/li>\n<li>Disponible en versions simple et double pour r\u00e9pondre \u00e0 diff\u00e9rents besoins de stockage<\/li>\n<li>Options de couleur pour une identification plus facile sur le terrain<\/li>\n<\/ul>","protected":false},"featured_media":5674,"comment_status":"open","ping_status":"closed","template":"","meta":[],"product_brand":[],"product_cat":[163,79],"product_tag":[],"class_list":{"0":"post-5673","1":"product","2":"type-product","3":"status-publish","4":"has-post-thumbnail","6":"product_cat-hard-case","7":"product_cat-surveying-accessory","9":"first","10":"instock","11":"shipping-taxable","12":"product-type-simple"},"_links":{"self":[{"href":"https:\/\/mountlaser.com\/fr_fr\/wp-json\/wp\/v2\/product\/5673","targetHints":{"allow":["GET"]}}],"collection":[{"href":"https:\/\/mountlaser.com\/fr_fr\/wp-json\/wp\/v2\/product"}],"about":[{"href":"https:\/\/mountlaser.com\/fr_fr\/wp-json\/wp\/v2\/types\/product"}],"replies":[{"embeddable":true,"href":"https:\/\/mountlaser.com\/fr_fr\/wp-json\/wp\/v2\/comments?post=5673"}],"wp:featuredmedia":[{"embeddable":true,"href":"https:\/\/mountlaser.com\/fr_fr\/wp-json\/wp\/v2\/media\/5674"}],"wp:attachment":[{"href":"https:\/\/mountlaser.com\/fr_fr\/wp-json\/wp\/v2\/media?parent=5673"}],"wp:term":[{"taxonomy":"product_brand","embeddable":true,"href":"https:\/\/mountlaser.com\/fr_fr\/wp-json\/wp\/v2\/product_brand?post=5673"},{"taxonomy":"product_cat","embeddable":true,"href":"https:\/\/mountlaser.com\/fr_fr\/wp-json\/wp\/v2\/product_cat?post=5673"},{"taxonomy":"product_tag","embeddable":true,"href":"https:\/\/mountlaser.com\/fr_fr\/wp-json\/wp\/v2\/product_tag?post=5673"}],"curies":[{"name":"wp","href":"https:\/\/api.w.org\/{rel}","templated":true}]}}