{"id":5631,"date":"2025-12-09T09:14:29","date_gmt":"2025-12-09T09:14:29","guid":{"rendered":"https:\/\/mountlaser.com\/?post_type=product&#038;p=5631"},"modified":"2025-12-09T09:14:29","modified_gmt":"2025-12-09T09:14:29","slug":"dt-series-theodolite","status":"publish","type":"product","link":"https:\/\/mountlaser.com\/fr_fr\/produit\/dt-series-theodolite\/","title":{"rendered":"Th\u00e9odolite s\u00e9rie DT"},"content":{"rendered":"<p>Am\u00e9liorez vos projets de lev\u00e9s topographiques et de mesures gr\u00e2ce au th\u00e9odolite de la s\u00e9rie DT de Mount Laser, con\u00e7u pour la pr\u00e9cision, la durabilit\u00e9 et la facilit\u00e9 d&#039;utilisation.<\/p>\n<p>Ce <a href=\"https:\/\/mountlaser.com\/fr_fr\/\">Th\u00e9odolite s\u00e9rie DT<\/a> comprend les fonctionnalit\u00e9s avanc\u00e9es <a href=\"https:\/\/mountlaser.com\/fr_fr\/\"><strong>Th\u00e9odolite \u00e9lectronique DT-01<\/strong><\/a> Le th\u00e9odolite \u00e9lectronique DT-02 et le th\u00e9odolite \u00e9lectronique DT-02 sont con\u00e7us pour r\u00e9pondre aux exigences des professionnels de la construction, du g\u00e9nie civil et de la topographie. Que vous mesuriez des angles, aligniez des structures ou r\u00e9alisiez des lev\u00e9s topographiques, ces th\u00e9odolites \u00e9lectroniques offrent des performances fiables dans diverses conditions de terrain.<\/p>\n<p>Le th\u00e9odolite \u00e9lectronique de la s\u00e9rie DT se divise en deux types\u00a0: le th\u00e9odolite \u00e9lectronique DT-01 et le th\u00e9odolite \u00e9lectronique DT-02.<\/p>\n<p>La s\u00e9rie de th\u00e9odolites num\u00e9riques DT-01 comprend les quatre types suivants\u00a0:<\/p>\n<p>Th\u00e9odolite \u00e9lectronique DT-01LO<br \/>\nTh\u00e9odolite Tribrach non d\u00e9tachable, en bas\u00a0: laser (faisceau rouge), en haut\u00a0: optique<\/p>\n<p>Th\u00e9odolite \u00e9lectronique DT-01LL<br \/>\nTh\u00e9odolite, Tribrach non d\u00e9tachable, Bas : Laser (faisceau rouge), Haut : Laser (faisceau rouge)<\/p>\n<p>Th\u00e9odolite \u00e9lectronique DT-01OO<br \/>\nTh\u00e9odolite Tribrach non d\u00e9tachable, partie inf\u00e9rieure : optique, partie sup\u00e9rieure : optique<\/p>\n<p>Th\u00e9odolite \u00e9lectronique DT-01OL<br \/>\nTh\u00e9odolite, Tribrach non d\u00e9tachable, Bas : optique, Haut : laser (faisceau rouge)<\/p>\n<p>La s\u00e9rie de th\u00e9odolites num\u00e9riques DT-02 comprend les quatre types suivants\u00a0:<\/p>\n<p>Th\u00e9odolite num\u00e9rique DT-02LL<br \/>\nTribrach d\u00e9tachable, Bas : Laser (faisceau rouge), Haut : Laser (rouge)<\/p>\n<p>Th\u00e9odolite num\u00e9rique DT-02LO<br \/>\nTh\u00e9odolite \u00e0 trois branches d\u00e9tachable, partie inf\u00e9rieure\u00a0: laser (faisceau rouge), partie sup\u00e9rieure\u00a0: optique<\/p>\n<p>Th\u00e9odolite num\u00e9rique DT-02OL<br \/>\nTh\u00e9odolite, Tribrach d\u00e9tachable, Bas : optique, Haut : laser (faisceau rouge)<\/p>\n<p>Th\u00e9odolite num\u00e9rique DT-02OO<br \/>\nTh\u00e9odolite, Tribrach d\u00e9tachable, partie inf\u00e9rieure : optique, partie sup\u00e9rieure : optique<\/p>\n<p><img fetchpriority=\"high\" decoding=\"async\" class=\"aligncenter wp-image-5632\" src=\"https:\/\/mountlaser.com\/wp-content\/uploads\/2025\/12\/dt-01.webp\" alt=\"DT-01 Electronic Theodolite\" width=\"500\" height=\"500\" srcset=\"https:\/\/mountlaser.com\/wp-content\/uploads\/2025\/12\/dt-01.webp 800w, https:\/\/mountlaser.com\/wp-content\/uploads\/2025\/12\/dt-01-300x300.webp 300w, https:\/\/mountlaser.com\/wp-content\/uploads\/2025\/12\/dt-01-150x150.webp 150w, https:\/\/mountlaser.com\/wp-content\/uploads\/2025\/12\/dt-01-768x768.webp 768w, https:\/\/mountlaser.com\/wp-content\/uploads\/2025\/12\/dt-01-12x12.webp 12w, https:\/\/mountlaser.com\/wp-content\/uploads\/2025\/12\/dt-01-600x600.webp 600w, https:\/\/mountlaser.com\/wp-content\/uploads\/2025\/12\/dt-01-400x400.webp 400w\" sizes=\"(max-width: 500px) 100vw, 500px\" \/><\/p>\n<p>&nbsp;<\/p>\n<p><strong>Sp\u00e9cifications des th\u00e9odolites de la s\u00e9rie DT<\/strong><\/p>\n<table style=\"border-collapse: collapse; width: 884px; height: 926px;\" border=\"0\" width=\"619\" cellspacing=\"0\" cellpadding=\"0\">\n<tbody>\n<tr style=\"height: 13.50pt;\">\n<td class=\"et2\" style=\"height: 13.50pt; width: 230.25pt;\" colspan=\"2\" width=\"307\" height=\"18\">Num\u00e9ro de mod\u00e8le.<\/td>\n<td class=\"et3\" style=\"width: 117.00pt;\" width=\"156\">DT-01<\/td>\n<td class=\"et3\" style=\"width: 117.00pt;\" width=\"156\">DT-02<\/td>\n<\/tr>\n<tr style=\"height: 13.50pt;\">\n<td class=\"et3\" style=\"height: 13.50pt;\" height=\"18\">Tribrach<\/td>\n<td class=\"et3\">Mod\u00e8le<\/td>\n<td class=\"et4\">Non d\u00e9tachable<\/td>\n<td class=\"et3\">D\u00e9tachable<\/td>\n<\/tr>\n<tr style=\"height: 13.50pt;\">\n<td class=\"et2\" style=\"height: 108.00pt;\" rowspan=\"8\" height=\"144\">T\u00e9lescope<\/td>\n<td class=\"et3\">Imagerie<\/td>\n<td class=\"et3\">\u00c9riger<\/td>\n<td class=\"et3\">\u00c9riger<\/td>\n<\/tr>\n<tr style=\"height: 13.50pt;\">\n<td class=\"et3\">Grossissement<\/td>\n<td class=\"et3\">30X<\/td>\n<td class=\"et3\">30X<\/td>\n<\/tr>\n<tr style=\"height: 13.50pt;\">\n<td class=\"et3\">Ouverture de l&#039;objectif<\/td>\n<td class=\"et3\">45 mm<\/td>\n<td class=\"et3\">45 mm<\/td>\n<\/tr>\n<tr style=\"height: 13.50pt;\">\n<td class=\"et3\">R\u00e9solution<\/td>\n<td class=\"et3\">3\u2033<\/td>\n<td class=\"et3\">3\u2033<\/td>\n<\/tr>\n<tr style=\"height: 13.50pt;\">\n<td class=\"et3\">Champ de vision<\/td>\n<td class=\"et3\">1\u00b030\u2032<\/td>\n<td class=\"et3\">1\u00b030\u2032<\/td>\n<\/tr>\n<tr style=\"height: 13.50pt;\">\n<td class=\"et3\">Concentration minimale<\/td>\n<td class=\"et3\">1 m<\/td>\n<td class=\"et3\">1 m<\/td>\n<\/tr>\n<tr style=\"height: 13.50pt;\">\n<td class=\"et3\">Constante de multiplication\/addition<\/td>\n<td class=\"et3\">100\/ 0<\/td>\n<td class=\"et3\">100\/ 0<\/td>\n<\/tr>\n<tr style=\"height: 13.50pt;\">\n<td class=\"et3\">Longueur<\/td>\n<td class=\"et3\">170 mm<\/td>\n<td class=\"et3\">170 mm<\/td>\n<\/tr>\n<tr style=\"height: 13.50pt;\">\n<td class=\"et2\" style=\"height: 67.50pt;\" rowspan=\"5\" height=\"90\">Mesure d&#039;angle<\/td>\n<td class=\"et3\">Mode de mesure<\/td>\n<td class=\"et3\">Encodeur absolu<\/td>\n<td class=\"et3\">Encodeur absolu<\/td>\n<\/tr>\n<tr style=\"height: 13.50pt;\">\n<td class=\"et3\">Lecture minimale<\/td>\n<td class=\"et3\">1\u2033\/ 5\u2033<\/td>\n<td class=\"et3\">1\u2033\/ 5\u2033<\/td>\n<\/tr>\n<tr style=\"height: 13.50pt;\">\n<td class=\"et3\">Pr\u00e9cision de lecture<\/td>\n<td class=\"et3\">2\u2033<\/td>\n<td class=\"et3\">2\u2033<\/td>\n<\/tr>\n<tr style=\"height: 13.50pt;\">\n<td class=\"et3\">Diam\u00e8tre du cercle<\/td>\n<td class=\"et3\">78 mm<\/td>\n<td class=\"et3\">78 mm<\/td>\n<\/tr>\n<tr style=\"height: 13.50pt;\">\n<td class=\"et3\">Unit\u00e9s d&#039;angle<\/td>\n<td class=\"et3\">360\u00b0\/ 400 gon\/ 6400 mil<\/td>\n<td class=\"et3\">360\u00b0\/ 400 gon\/ 6400 mil<\/td>\n<\/tr>\n<tr style=\"height: 13.50pt;\">\n<td class=\"et2\" style=\"height: 27.00pt;\" rowspan=\"2\" height=\"36\">Compensateur<\/td>\n<td class=\"et3\">Capteur d&#039;inclinaison<\/td>\n<td class=\"et3\">Oui<\/td>\n<td class=\"et3\">Oui<\/td>\n<\/tr>\n<tr style=\"height: 13.50pt;\">\n<td class=\"et3\">Gamme<\/td>\n<td class=\"et3\">\u00b13\u2032<\/td>\n<td class=\"et3\">\u00b13\u2032<\/td>\n<\/tr>\n<tr style=\"height: 13.50pt;\">\n<td class=\"et2\" style=\"height: 54.00pt;\" rowspan=\"4\" height=\"72\">Plongeon laser<\/td>\n<td class=\"et3\">Longueur d&#039;onde<\/td>\n<td class=\"et3\">Faisceau rouge de 635 nm<\/td>\n<td class=\"et3\">Faisceau rouge de 635 nm<\/td>\n<\/tr>\n<tr style=\"height: 13.50pt;\">\n<td class=\"et3\">Pouvoir<\/td>\n<td class=\"et3\">1 mW<\/td>\n<td class=\"et3\">1 mW<\/td>\n<\/tr>\n<tr style=\"height: 13.50pt;\">\n<td class=\"et3\">Pr\u00e9cision (1,5 m)<\/td>\n<td class=\"et3\">1 mm<\/td>\n<td class=\"et3\">1 mm<\/td>\n<\/tr>\n<tr style=\"height: 13.50pt;\">\n<td class=\"et3\">Qualit\u00e9 laser<\/td>\n<td class=\"et3\"><span class=\"font1\">Classe<\/span><span class=\"font6\">\u2161<\/span><\/td>\n<td class=\"et3\"><span class=\"font1\">Classe<\/span><span class=\"font6\">\u2161<\/span><\/td>\n<\/tr>\n<tr style=\"height: 13.50pt;\">\n<td class=\"et2\" style=\"height: 40.50pt;\" rowspan=\"3\" height=\"54\">Plomb optique (en option)<\/td>\n<td class=\"et3\">Grossissement<\/td>\n<td class=\"et3\">3x<\/td>\n<td class=\"et3\">3x<\/td>\n<\/tr>\n<tr style=\"height: 13.50pt;\">\n<td class=\"et3\">Champ de vision<\/td>\n<td class=\"et3\">5\u00b0<\/td>\n<td class=\"et3\">5\u00b0<\/td>\n<\/tr>\n<tr style=\"height: 13.50pt;\">\n<td class=\"et3\">Plage de mise au point<\/td>\n<td class=\"et3\"><span class=\"font1\">0,5 m \u2014<\/span><span class=\"font6\">\u221e<\/span><\/td>\n<td class=\"et3\"><span class=\"font1\">0,5 m \u2014<\/span><span class=\"font6\">\u221e<\/span><\/td>\n<\/tr>\n<tr style=\"height: 13.50pt;\">\n<td class=\"et2\" style=\"height: 67.50pt;\" rowspan=\"5\" height=\"90\">Pointeur laser<\/td>\n<td class=\"et3\">Longueur d&#039;onde<\/td>\n<td class=\"et3\">Rouge 635 nm<\/td>\n<td class=\"et3\">Rouge 635 nm<\/td>\n<\/tr>\n<tr style=\"height: 13.50pt;\">\n<td class=\"et3\">Pouvoir<\/td>\n<td class=\"et3\">5 mW<\/td>\n<td class=\"et3\">5 mW<\/td>\n<\/tr>\n<tr style=\"height: 13.50pt;\">\n<td class=\"et3\">Port\u00e9e laser (de jour)<\/td>\n<td class=\"et3\">200 m<\/td>\n<td class=\"et3\">200 m<\/td>\n<\/tr>\n<tr style=\"height: 13.50pt;\">\n<td class=\"et3\">Pr\u00e9cision coaxiale laser<\/td>\n<td class=\"et5\"><span class=\"font3\">\u2264<\/span><span class=\"font7\">5\u2033<\/span><\/td>\n<td class=\"et5\"><span class=\"font3\">\u2264<\/span><span class=\"font7\">5\u2033<\/span><\/td>\n<\/tr>\n<tr style=\"height: 13.50pt;\">\n<td class=\"et3\">Diam\u00e8tre du point laser<\/td>\n<td class=\"et6\"><span class=\"font4\">\u2264<\/span><span class=\"font8\">2 mm\/100 m<\/span><\/td>\n<td class=\"et6\"><span class=\"font4\">\u2264<\/span><span class=\"font8\">2 mm\/100 m<\/span><\/td>\n<\/tr>\n<tr style=\"height: 13.50pt;\">\n<td class=\"et2\" style=\"height: 27.00pt;\" rowspan=\"2\" height=\"36\">Ampoule<\/td>\n<td class=\"et3\">Flacon \u00e0 plaque<\/td>\n<td class=\"et3\">30\u2033\/ 2 mm<\/td>\n<td class=\"et3\">30\u2033\/ 2 mm<\/td>\n<\/tr>\n<tr style=\"height: 13.50pt;\">\n<td class=\"et3\">Flacon circulaire<\/td>\n<td class=\"et3\">8&#039;\/ 2 mm<\/td>\n<td class=\"et3\">8&#039;\/ 2 mm<\/td>\n<\/tr>\n<tr style=\"height: 13.50pt;\">\n<td class=\"et3\" style=\"height: 13.50pt;\" height=\"18\">Afficher<\/td>\n<td class=\"et3\">Double face<\/td>\n<td class=\"et3\">R\u00e9tro\u00e9clairage LED<\/td>\n<td class=\"et3\">R\u00e9tro\u00e9clairage LED<\/td>\n<\/tr>\n<tr style=\"height: 13.50pt;\">\n<td class=\"et2\" style=\"height: 27.00pt;\" rowspan=\"2\" height=\"36\">Pouvoir<\/td>\n<td class=\"et3\">Ressources \u00e9nerg\u00e9tiques<\/td>\n<td class=\"et7\">Batterie Li-ion 3,7 V 1800 mAh<\/td>\n<td class=\"et7\">Batterie Li-ion 3,7 V 1800 mAh<\/td>\n<\/tr>\n<tr style=\"height: 13.50pt;\">\n<td class=\"et3\">Temp\u00e9rature de fonctionnement<\/td>\n<td class=\"et3\"><span class=\"font1\">-20<\/span><span class=\"font9\">\u2103\uff5e<\/span><span class=\"font1\">+50<\/span><span class=\"font9\">\u2103<\/span><\/td>\n<td class=\"et3\"><span class=\"font1\">-20<\/span><span class=\"font9\">\u2103\uff5e<\/span><span class=\"font1\">+50<\/span><span class=\"font9\">\u2103<\/span><\/td>\n<\/tr>\n<\/tbody>\n<\/table>","protected":false},"excerpt":{"rendered":"<ul>\n<li>Fabriqu\u00e9s avec des mat\u00e9riaux durables, ils r\u00e9sistent \u00e0 la poussi\u00e8re, \u00e0 l&#039;humidit\u00e9 et aux chocs, assurant ainsi leur long\u00e9vit\u00e9 m\u00eame dans des environnements difficiles.<\/li>\n<li>Le th\u00e9odolite \u00e9lectronique DT-02 comprend une autonomie de batterie am\u00e9lior\u00e9e pour une utilisation prolong\u00e9e<\/li>\n<li>tandis que le th\u00e9odolite \u00e9lectronique DT-01 privil\u00e9gie la portabilit\u00e9 et l&#039;accessibilit\u00e9.<\/li>\n<\/ul>","protected":false},"featured_media":5633,"comment_status":"open","ping_status":"closed","template":"","meta":[],"product_brand":[],"product_cat":[144,95],"product_tag":[],"class_list":{"0":"post-5631","1":"product","2":"type-product","3":"status-publish","4":"has-post-thumbnail","6":"product_cat-theodoliteagent-sales","7":"product_cat-agent-sales","9":"first","10":"instock","11":"shipping-taxable","12":"product-type-simple"},"_links":{"self":[{"href":"https:\/\/mountlaser.com\/fr_fr\/wp-json\/wp\/v2\/product\/5631","targetHints":{"allow":["GET"]}}],"collection":[{"href":"https:\/\/mountlaser.com\/fr_fr\/wp-json\/wp\/v2\/product"}],"about":[{"href":"https:\/\/mountlaser.com\/fr_fr\/wp-json\/wp\/v2\/types\/product"}],"replies":[{"embeddable":true,"href":"https:\/\/mountlaser.com\/fr_fr\/wp-json\/wp\/v2\/comments?post=5631"}],"wp:featuredmedia":[{"embeddable":true,"href":"https:\/\/mountlaser.com\/fr_fr\/wp-json\/wp\/v2\/media\/5633"}],"wp:attachment":[{"href":"https:\/\/mountlaser.com\/fr_fr\/wp-json\/wp\/v2\/media?parent=5631"}],"wp:term":[{"taxonomy":"product_brand","embeddable":true,"href":"https:\/\/mountlaser.com\/fr_fr\/wp-json\/wp\/v2\/product_brand?post=5631"},{"taxonomy":"product_cat","embeddable":true,"href":"https:\/\/mountlaser.com\/fr_fr\/wp-json\/wp\/v2\/product_cat?post=5631"},{"taxonomy":"product_tag","embeddable":true,"href":"https:\/\/mountlaser.com\/fr_fr\/wp-json\/wp\/v2\/product_tag?post=5631"}],"curies":[{"name":"wp","href":"https:\/\/api.w.org\/{rel}","templated":true}]}}