{"id":5623,"date":"2025-12-09T05:35:53","date_gmt":"2025-12-09T05:35:53","guid":{"rendered":"https:\/\/mountlaser.com\/?post_type=product&#038;p=5623"},"modified":"2025-12-09T05:35:53","modified_gmt":"2025-12-09T05:35:53","slug":"iwb01-survey-monitoring-wall-bracket","status":"publish","type":"product","link":"https:\/\/mountlaser.com\/fr_fr\/produit\/iwb01-survey-monitoring-wall-bracket\/","title":{"rendered":"Support mural de surveillance IWB01"},"content":{"rendered":"<p>Le <a href=\"https:\/\/mountlaser.com\/fr_fr\/\"><strong>Plaque murale de surveillance de tunnel IWB01<\/strong><\/a> est une solution de haute pr\u00e9cision con\u00e7ue pour le suivi des d\u00e9formations \u00e0 long terme et la surveillance des structures. Dans le cadre de son utilisation professionnelle <a href=\"https:\/\/mountlaser.com\/fr_fr\/categorie-produit\/surveying-accessory\/\"><strong>Support mural de surveillance topographique<\/strong><\/a> Ce syst\u00e8me offre une stabilit\u00e9 et une pr\u00e9cision exceptionnelles pour la surveillance des tunnels, des ponts et des b\u00e2timents. Dot\u00e9 d&#039;une plaque arri\u00e8re robuste en acier et d&#039;une table modulaire en aluminium, le support mural de surveillance de tunnels IWB01 garantit un centrage constant avec une pr\u00e9cision sup\u00e9rieure \u00e0 0,25 mm, un atout essentiel pour les environnements de surveillance exigeants.<\/p>\n<p><img fetchpriority=\"high\" decoding=\"async\" class=\"aligncenter wp-image-5622\" src=\"https:\/\/mountlaser.com\/wp-content\/uploads\/2025\/12\/IWB016.webp\" alt=\"IWB01 Tunnel Monitoring Wall Plate\" width=\"500\" height=\"500\" srcset=\"https:\/\/mountlaser.com\/wp-content\/uploads\/2025\/12\/IWB016.webp 1000w, https:\/\/mountlaser.com\/wp-content\/uploads\/2025\/12\/IWB016-300x300.webp 300w, https:\/\/mountlaser.com\/wp-content\/uploads\/2025\/12\/IWB016-150x150.webp 150w, https:\/\/mountlaser.com\/wp-content\/uploads\/2025\/12\/IWB016-768x768.webp 768w, https:\/\/mountlaser.com\/wp-content\/uploads\/2025\/12\/IWB016-12x12.webp 12w, https:\/\/mountlaser.com\/wp-content\/uploads\/2025\/12\/IWB016-600x600.webp 600w, https:\/\/mountlaser.com\/wp-content\/uploads\/2025\/12\/IWB016-800x800.webp 800w, https:\/\/mountlaser.com\/wp-content\/uploads\/2025\/12\/IWB016-400x400.webp 400w\" sizes=\"(max-width: 500px) 100vw, 500px\" \/><\/p>\n<p>Con\u00e7u pour les conditions de terrain difficiles, le support mural de surveillance topographique est dot\u00e9 d&#039;une finition jaune poudr\u00e9e qui am\u00e9liore la r\u00e9sistance \u00e0 la corrosion et la visibilit\u00e9, le rendant id\u00e9al pour les environnements souterrains et peu \u00e9clair\u00e9s. La table en aluminium d\u00e9montable permet une installation, un r\u00e9glage et un entretien courants rapides, garantissant ainsi aux techniciens un acc\u00e8s et un repositionnement ais\u00e9s des instruments de surveillance. Dans les grands projets d&#039;infrastructure, <a href=\"https:\/\/mountlaser.com\/fr_fr\/about-us\/\">Plaque murale de surveillance de tunnel IWB01<\/a> se distingue comme une solution de montage fiable et durable.<\/p>","protected":false},"excerpt":{"rendered":"<ul>\n<li>Centrage de haute pr\u00e9cision : meilleur que 0,25 mm pour des relev\u00e9s et des mesures de surveillance fiables.<\/li>\n<li>Construction durable : La plaque arri\u00e8re en acier et la table en aluminium r\u00e9sistent aux environnements exigeants des tunnels et des structures.<\/li>\n<li>Syst\u00e8me modulaire\u00a0: Table d\u00e9tachable pour une installation, un remplacement des instruments et une maintenance plus rapides.<\/li>\n<li>Haute visibilit\u00e9 : La finition jaune poudr\u00e9e am\u00e9liore la visibilit\u00e9 et la r\u00e9sistance \u00e0 la corrosion.<\/li>\n<li>Compatible avec les instruments de topographie\u00a0: Compatible avec de multiples configurations de surveillance des tunnels et des d\u00e9formations.<\/li>\n<\/ul>","protected":false},"featured_media":5620,"comment_status":"open","ping_status":"closed","template":"","meta":[],"product_brand":[],"product_cat":[79,162],"product_tag":[],"class_list":{"0":"post-5623","1":"product","2":"type-product","3":"status-publish","4":"has-post-thumbnail","6":"product_cat-surveying-accessory","7":"product_cat-wall-mount-bracket","9":"first","10":"instock","11":"shipping-taxable","12":"product-type-simple"},"_links":{"self":[{"href":"https:\/\/mountlaser.com\/fr_fr\/wp-json\/wp\/v2\/product\/5623","targetHints":{"allow":["GET"]}}],"collection":[{"href":"https:\/\/mountlaser.com\/fr_fr\/wp-json\/wp\/v2\/product"}],"about":[{"href":"https:\/\/mountlaser.com\/fr_fr\/wp-json\/wp\/v2\/types\/product"}],"replies":[{"embeddable":true,"href":"https:\/\/mountlaser.com\/fr_fr\/wp-json\/wp\/v2\/comments?post=5623"}],"wp:featuredmedia":[{"embeddable":true,"href":"https:\/\/mountlaser.com\/fr_fr\/wp-json\/wp\/v2\/media\/5620"}],"wp:attachment":[{"href":"https:\/\/mountlaser.com\/fr_fr\/wp-json\/wp\/v2\/media?parent=5623"}],"wp:term":[{"taxonomy":"product_brand","embeddable":true,"href":"https:\/\/mountlaser.com\/fr_fr\/wp-json\/wp\/v2\/product_brand?post=5623"},{"taxonomy":"product_cat","embeddable":true,"href":"https:\/\/mountlaser.com\/fr_fr\/wp-json\/wp\/v2\/product_cat?post=5623"},{"taxonomy":"product_tag","embeddable":true,"href":"https:\/\/mountlaser.com\/fr_fr\/wp-json\/wp\/v2\/product_tag?post=5623"}],"curies":[{"name":"wp","href":"https:\/\/api.w.org\/{rel}","templated":true}]}}