{"id":5589,"date":"2025-12-10T01:31:40","date_gmt":"2025-12-10T01:31:40","guid":{"rendered":"https:\/\/mountlaser.com\/?post_type=product&#038;p=5589"},"modified":"2025-12-10T02:13:26","modified_gmt":"2025-12-10T02:13:26","slug":"hc-al01-series-hard-case","status":"publish","type":"product","link":"https:\/\/mountlaser.com\/fr_fr\/produit\/hc-al01-series-hard-case\/","title":{"rendered":"\u00c9tui rigide s\u00e9rie HC-AL01"},"content":{"rendered":"<p>Le <a href=\"https:\/\/mountlaser.com\/fr_fr\/\"><strong>\u00c9tui rigide HC-AL01<\/strong><\/a> est une solution de protection durable et universelle con\u00e7ue sp\u00e9cifiquement pour les niveaux automatiques et autres instruments de topographie de pr\u00e9cision. Con\u00e7us pour une performance fiable sur le terrain, ces <a href=\"https:\/\/mountlaser.com\/fr_fr\/categorie-produit\/surveying-accessory\/\"><strong>\u00c9tuis rigides pour niveau automatique<\/strong><\/a> offrir une protection ext\u00e9rieure robuste tout en assurant la s\u00e9curit\u00e9 de votre \u00e9quipement pendant le transport et le stockage. <!--StartFragment --><span class=\"cf0\">\u00c9tui rigide HC-AL01<\/span><!--EndFragment --> Il est disponible en rouge ou en jaune pour une visibilit\u00e9 optimale, et les utilisateurs peuvent choisir entre une configuration \u00e0 simple ou double verrouillage pour r\u00e9pondre \u00e0 leurs besoins de s\u00e9curit\u00e9.<\/p>\n<p>Fabriqu\u00e9s avec des mat\u00e9riaux r\u00e9sistants aux chocs, les \u00e9tuis rigides pour niveaux automatiques prot\u00e8gent les instruments des chocs, de la poussi\u00e8re et des conditions difficiles des chantiers. La s\u00e9rie HC-AL01 comprend deux options principales (HC-AL01RD et HC-AL01YL), toutes deux dot\u00e9es d&#039;un syst\u00e8me de verrouillage simple, tandis que la s\u00e9rie HC-AL02 (HC-AL02RD et HC-AL02YL) offre une protection renforc\u00e9e gr\u00e2ce \u00e0 un double syst\u00e8me de verrouillage. Quel que soit le mod\u00e8le, chaque <!--StartFragment --><a href=\"https:\/\/mountlaser.com\/fr_fr\/contact-us\/\"><span class=\"cf0\">\u00c9tui rigide HC-AL01<\/span><\/a><!--EndFragment -->\u00a0offre des performances fiables et une compatibilit\u00e9 universelle pour les g\u00e9om\u00e8tres professionnels.<\/p>\n<div>\n<table style=\"border-collapse: collapse; width: 491.27pt;\" border=\"0\" width=\"655\" cellspacing=\"0\" cellpadding=\"0\">\n<tbody>\n<tr style=\"height: 14.25pt;\">\n<td class=\"et2\" style=\"height: 14.25pt; width: 127.50pt;\" width=\"170\" height=\"19\">NOMBRE<\/td>\n<td class=\"et3\" style=\"width: 135.00pt;\" width=\"180\">VERROUILLAGE<\/td>\n<td class=\"et3\" style=\"width: 84.00pt;\" width=\"112\">COULEUR<\/td>\n<td class=\"et4\" style=\"width: 144.75pt;\" width=\"193\">IMAGE<\/td>\n<\/tr>\n<tr style=\"height: 14.25pt;\">\n<td class=\"et5\" style=\"height: 14.25pt;\" height=\"19\">HC-AL01RD<\/td>\n<td class=\"et5\">\u00c9cluse simple<\/td>\n<td class=\"et5\">Rouge<\/td>\n<td class=\"et6\"><img fetchpriority=\"high\" decoding=\"async\" class=\"alignnone wp-image-5649\" src=\"https:\/\/mountlaser.com\/wp-content\/uploads\/2025\/12\/HC-AL01RD4.webp\" alt=\"HC-AL01 Hard case\" width=\"500\" height=\"500\" srcset=\"https:\/\/mountlaser.com\/wp-content\/uploads\/2025\/12\/HC-AL01RD4.webp 1000w, https:\/\/mountlaser.com\/wp-content\/uploads\/2025\/12\/HC-AL01RD4-300x300.webp 300w, https:\/\/mountlaser.com\/wp-content\/uploads\/2025\/12\/HC-AL01RD4-150x150.webp 150w, https:\/\/mountlaser.com\/wp-content\/uploads\/2025\/12\/HC-AL01RD4-768x768.webp 768w, https:\/\/mountlaser.com\/wp-content\/uploads\/2025\/12\/HC-AL01RD4-12x12.webp 12w, https:\/\/mountlaser.com\/wp-content\/uploads\/2025\/12\/HC-AL01RD4-600x600.webp 600w, https:\/\/mountlaser.com\/wp-content\/uploads\/2025\/12\/HC-AL01RD4-800x800.webp 800w, https:\/\/mountlaser.com\/wp-content\/uploads\/2025\/12\/HC-AL01RD4-400x400.webp 400w\" sizes=\"(max-width: 500px) 100vw, 500px\" \/><\/td>\n<\/tr>\n<tr style=\"height: 14.25pt;\">\n<td class=\"et5\" style=\"height: 14.25pt;\" height=\"19\">HC-AL01YL<\/td>\n<td class=\"et5\">\u00c9cluse simple<\/td>\n<td class=\"et5\">Jaune<\/td>\n<td class=\"et6\"><img decoding=\"async\" class=\"alignnone wp-image-5657\" src=\"https:\/\/mountlaser.com\/wp-content\/uploads\/2025\/12\/HC-AL01YL5.webp\" alt=\"HC-AL01 Hard case\" width=\"500\" height=\"500\" srcset=\"https:\/\/mountlaser.com\/wp-content\/uploads\/2025\/12\/HC-AL01YL5.webp 1000w, https:\/\/mountlaser.com\/wp-content\/uploads\/2025\/12\/HC-AL01YL5-300x300.webp 300w, https:\/\/mountlaser.com\/wp-content\/uploads\/2025\/12\/HC-AL01YL5-150x150.webp 150w, https:\/\/mountlaser.com\/wp-content\/uploads\/2025\/12\/HC-AL01YL5-768x768.webp 768w, https:\/\/mountlaser.com\/wp-content\/uploads\/2025\/12\/HC-AL01YL5-12x12.webp 12w, https:\/\/mountlaser.com\/wp-content\/uploads\/2025\/12\/HC-AL01YL5-600x600.webp 600w, https:\/\/mountlaser.com\/wp-content\/uploads\/2025\/12\/HC-AL01YL5-800x800.webp 800w, https:\/\/mountlaser.com\/wp-content\/uploads\/2025\/12\/HC-AL01YL5-400x400.webp 400w\" sizes=\"(max-width: 500px) 100vw, 500px\" \/><\/td>\n<\/tr>\n<tr style=\"height: 14.25pt;\">\n<td class=\"et5\" style=\"height: 14.25pt;\" height=\"19\">HC-AL02RD<\/td>\n<td class=\"et5\">Double verrouillage<\/td>\n<td class=\"et5\">Rouge<\/td>\n<td class=\"et6\"><img decoding=\"async\" class=\"alignnone wp-image-5663\" src=\"https:\/\/mountlaser.com\/wp-content\/uploads\/2025\/12\/HC-AL02RD5.webp\" alt=\"HC-AL01 Hard case\" width=\"500\" height=\"500\" srcset=\"https:\/\/mountlaser.com\/wp-content\/uploads\/2025\/12\/HC-AL02RD5.webp 1000w, https:\/\/mountlaser.com\/wp-content\/uploads\/2025\/12\/HC-AL02RD5-300x300.webp 300w, https:\/\/mountlaser.com\/wp-content\/uploads\/2025\/12\/HC-AL02RD5-150x150.webp 150w, https:\/\/mountlaser.com\/wp-content\/uploads\/2025\/12\/HC-AL02RD5-768x768.webp 768w, https:\/\/mountlaser.com\/wp-content\/uploads\/2025\/12\/HC-AL02RD5-12x12.webp 12w, https:\/\/mountlaser.com\/wp-content\/uploads\/2025\/12\/HC-AL02RD5-600x600.webp 600w, https:\/\/mountlaser.com\/wp-content\/uploads\/2025\/12\/HC-AL02RD5-800x800.webp 800w, https:\/\/mountlaser.com\/wp-content\/uploads\/2025\/12\/HC-AL02RD5-400x400.webp 400w\" sizes=\"(max-width: 500px) 100vw, 500px\" \/><\/td>\n<\/tr>\n<tr style=\"height: 14.25pt;\">\n<td class=\"et5\" style=\"height: 14.25pt;\" height=\"19\">HC-AL02YL<\/td>\n<td class=\"et5\">Double verrouillage<\/td>\n<td class=\"et5\">Jaune<\/td>\n<td class=\"et6\"><img loading=\"lazy\" decoding=\"async\" class=\"alignnone wp-image-5669\" src=\"https:\/\/mountlaser.com\/wp-content\/uploads\/2025\/12\/HC-AL02YL4.webp\" alt=\"HC-AL01 Hard case\" width=\"500\" height=\"500\" srcset=\"https:\/\/mountlaser.com\/wp-content\/uploads\/2025\/12\/HC-AL02YL4.webp 1000w, https:\/\/mountlaser.com\/wp-content\/uploads\/2025\/12\/HC-AL02YL4-300x300.webp 300w, https:\/\/mountlaser.com\/wp-content\/uploads\/2025\/12\/HC-AL02YL4-150x150.webp 150w, https:\/\/mountlaser.com\/wp-content\/uploads\/2025\/12\/HC-AL02YL4-768x768.webp 768w, https:\/\/mountlaser.com\/wp-content\/uploads\/2025\/12\/HC-AL02YL4-12x12.webp 12w, https:\/\/mountlaser.com\/wp-content\/uploads\/2025\/12\/HC-AL02YL4-600x600.webp 600w, https:\/\/mountlaser.com\/wp-content\/uploads\/2025\/12\/HC-AL02YL4-800x800.webp 800w, https:\/\/mountlaser.com\/wp-content\/uploads\/2025\/12\/HC-AL02YL4-400x400.webp 400w\" sizes=\"(max-width: 500px) 100vw, 500px\" \/><\/td>\n<\/tr>\n<\/tbody>\n<\/table>\n<\/div>","protected":false},"excerpt":{"rendered":"<ul>\n<li>Prot\u00e8ge les niveaux automatiques contre les chocs, la poussi\u00e8re, l&#039;humidit\u00e9 et les conditions du terrain.<\/li>\n<li>L&#039;agencement interne universel permet d&#039;accueillir une grande vari\u00e9t\u00e9 de mod\u00e8les de mise \u00e0 niveau automatique.<\/li>\n<li>Le syst\u00e8me de verrouillage (simple ou double) assure une fermeture s\u00e9curis\u00e9e pendant le transport<\/li>\n<li>Les couleurs haute visibilit\u00e9 am\u00e9liorent la visibilit\u00e9 du mat\u00e9riel et r\u00e9duisent les pertes.<\/li>\n<\/ul>","protected":false},"featured_media":5646,"comment_status":"open","ping_status":"closed","template":"","meta":[],"product_brand":[],"product_cat":[163,79],"product_tag":[],"class_list":{"0":"post-5589","1":"product","2":"type-product","3":"status-publish","4":"has-post-thumbnail","6":"product_cat-hard-case","7":"product_cat-surveying-accessory","9":"first","10":"instock","11":"shipping-taxable","12":"product-type-simple"},"_links":{"self":[{"href":"https:\/\/mountlaser.com\/fr_fr\/wp-json\/wp\/v2\/product\/5589","targetHints":{"allow":["GET"]}}],"collection":[{"href":"https:\/\/mountlaser.com\/fr_fr\/wp-json\/wp\/v2\/product"}],"about":[{"href":"https:\/\/mountlaser.com\/fr_fr\/wp-json\/wp\/v2\/types\/product"}],"replies":[{"embeddable":true,"href":"https:\/\/mountlaser.com\/fr_fr\/wp-json\/wp\/v2\/comments?post=5589"}],"wp:featuredmedia":[{"embeddable":true,"href":"https:\/\/mountlaser.com\/fr_fr\/wp-json\/wp\/v2\/media\/5646"}],"wp:attachment":[{"href":"https:\/\/mountlaser.com\/fr_fr\/wp-json\/wp\/v2\/media?parent=5589"}],"wp:term":[{"taxonomy":"product_brand","embeddable":true,"href":"https:\/\/mountlaser.com\/fr_fr\/wp-json\/wp\/v2\/product_brand?post=5589"},{"taxonomy":"product_cat","embeddable":true,"href":"https:\/\/mountlaser.com\/fr_fr\/wp-json\/wp\/v2\/product_cat?post=5589"},{"taxonomy":"product_tag","embeddable":true,"href":"https:\/\/mountlaser.com\/fr_fr\/wp-json\/wp\/v2\/product_tag?post=5589"}],"curies":[{"name":"wp","href":"https:\/\/api.w.org\/{rel}","templated":true}]}}