{"id":5576,"date":"2025-12-09T01:08:15","date_gmt":"2025-12-09T01:08:15","guid":{"rendered":"https:\/\/mountlaser.com\/?post_type=product&#038;p=5576"},"modified":"2025-12-09T01:08:15","modified_gmt":"2025-12-09T01:08:15","slug":"su01-surveying-umbrella","status":"publish","type":"product","link":"https:\/\/mountlaser.com\/fr_fr\/produit\/su01-surveying-umbrella\/","title":{"rendered":"Parapluie d&#039;arpentage SU01"},"content":{"rendered":"<p>Le <a href=\"https:\/\/mountlaser.com\/fr_fr\/\"><strong>Parapluie d&#039;arpentage SU01<\/strong><\/a> Il s&#039;agit d&#039;un abri de qualit\u00e9 professionnelle con\u00e7u pour prot\u00e9ger le mat\u00e9riel topographique sensible et les op\u00e9rateurs de terrain des rayons directs du soleil et des averses inattendues. Con\u00e7u pour r\u00e9sister aux conditions ext\u00e9rieures difficiles, ce <a href=\"https:\/\/mountlaser.com\/fr_fr\/categorie-produit\/surveying-accessory\/\"><strong>parapluie d&#039;arpentage<\/strong><\/a> Ce parapluie de topographie garantit des performances stables de l&#039;instrument quelles que soient les conditions m\u00e9t\u00e9orologiques. Dot\u00e9 d&#039;une t\u00eate pivotante pour un r\u00e9glage directionnel flexible et d&#039;une large toile de 200 cm, il offre une protection solaire fiable lors des longues op\u00e9rations sur le terrain.<\/p>\n<p><img fetchpriority=\"high\" decoding=\"async\" class=\"aligncenter wp-image-5570\" src=\"https:\/\/mountlaser.com\/wp-content\/uploads\/2025\/12\/SU011.webp\" alt=\"SU01 surveying umbrella\" width=\"500\" height=\"500\" srcset=\"https:\/\/mountlaser.com\/wp-content\/uploads\/2025\/12\/SU011.webp 1000w, https:\/\/mountlaser.com\/wp-content\/uploads\/2025\/12\/SU011-300x300.webp 300w, https:\/\/mountlaser.com\/wp-content\/uploads\/2025\/12\/SU011-150x150.webp 150w, https:\/\/mountlaser.com\/wp-content\/uploads\/2025\/12\/SU011-768x768.webp 768w, https:\/\/mountlaser.com\/wp-content\/uploads\/2025\/12\/SU011-12x12.webp 12w, https:\/\/mountlaser.com\/wp-content\/uploads\/2025\/12\/SU011-600x600.webp 600w, https:\/\/mountlaser.com\/wp-content\/uploads\/2025\/12\/SU011-800x800.webp 800w, https:\/\/mountlaser.com\/wp-content\/uploads\/2025\/12\/SU011-400x400.webp 400w\" sizes=\"(max-width: 500px) 100vw, 500px\" \/><\/p>\n<p>Fabriqu\u00e9 avec une toile bleue et blanche r\u00e9sistante \u00e0 10 panneaux et soutenu par un m\u00e2t en deux sections (\u00d8 28\u201332 mm), ce parapluie de topographie est con\u00e7u pour offrir praticit\u00e9 et fiabilit\u00e9 \u00e0 long terme. Son piquet de sol robuste p\u00e9n\u00e8tre jusqu&#039;\u00e0 20 cm dans les sols meubles, assurant un ancrage solide m\u00eame sur terrain accident\u00e9. Qu&#039;il soit utilis\u00e9 pour les stations totales, les r\u00e9cepteurs GNSS ou les travaux de documentation de terrain, ce parapluie est id\u00e9al pour les travaux topographiques. <a href=\"https:\/\/mountlaser.com\/fr_fr\/about-us\/\">Parapluie d&#039;arpentage SU01<\/a> Ce parapluie permet de maintenir une bonne visibilit\u00e9, de prolonger la dur\u00e9e de vie des instruments et d&#039;am\u00e9liorer le confort de travail. Pour les g\u00e9om\u00e8tres exigeant performance, portabilit\u00e9 et protection, il constitue un accessoire indispensable \u00e0 tout \u00e9quipement de terrain.<\/p>","protected":false},"excerpt":{"rendered":"<ul>\n<li>Protection contre les intemp\u00e9ries : Prot\u00e8ge les instruments et les op\u00e9rateurs des rayons du soleil intense et de la pluie.<\/li>\n<li>T\u00eate pivotante : Permet un r\u00e9glage directionnel pour une efficacit\u00e9 d&#039;ombrage maximale.<\/li>\n<li>Grande toile de 200 cm : le tissu bleu et blanc \u00e0 10 panneaux offre une large couverture.<\/li>\n<li>Hauteur r\u00e9glable : Le poteau en deux sections s&#039;\u00e9tend jusqu&#039;\u00e0 200 cm pour une installation polyvalente.<\/li>\n<li>Stabilit\u00e9 accrue : la pointe m\u00e9tallique robuste p\u00e9n\u00e8tre de 20 cm dans les sols meubles.<\/li>\n<li>Construction robuste : Con\u00e7ue pour une utilisation professionnelle r\u00e9p\u00e9t\u00e9e sur le terrain.<\/li>\n<li>Portable et facile \u00e0 installer : Assemblage simple pour un d\u00e9ploiement rapide sur les sites d&#039;enqu\u00eate.<\/li>\n<\/ul>","protected":false},"featured_media":5572,"comment_status":"open","ping_status":"closed","template":"","meta":[],"product_brand":[],"product_cat":[79,159],"product_tag":[],"class_list":{"0":"post-5576","1":"product","2":"type-product","3":"status-publish","4":"has-post-thumbnail","6":"product_cat-surveying-accessory","7":"product_cat-surveying-umbrella","9":"first","10":"instock","11":"shipping-taxable","12":"product-type-simple"},"_links":{"self":[{"href":"https:\/\/mountlaser.com\/fr_fr\/wp-json\/wp\/v2\/product\/5576","targetHints":{"allow":["GET"]}}],"collection":[{"href":"https:\/\/mountlaser.com\/fr_fr\/wp-json\/wp\/v2\/product"}],"about":[{"href":"https:\/\/mountlaser.com\/fr_fr\/wp-json\/wp\/v2\/types\/product"}],"replies":[{"embeddable":true,"href":"https:\/\/mountlaser.com\/fr_fr\/wp-json\/wp\/v2\/comments?post=5576"}],"wp:featuredmedia":[{"embeddable":true,"href":"https:\/\/mountlaser.com\/fr_fr\/wp-json\/wp\/v2\/media\/5572"}],"wp:attachment":[{"href":"https:\/\/mountlaser.com\/fr_fr\/wp-json\/wp\/v2\/media?parent=5576"}],"wp:term":[{"taxonomy":"product_brand","embeddable":true,"href":"https:\/\/mountlaser.com\/fr_fr\/wp-json\/wp\/v2\/product_brand?post=5576"},{"taxonomy":"product_cat","embeddable":true,"href":"https:\/\/mountlaser.com\/fr_fr\/wp-json\/wp\/v2\/product_cat?post=5576"},{"taxonomy":"product_tag","embeddable":true,"href":"https:\/\/mountlaser.com\/fr_fr\/wp-json\/wp\/v2\/product_tag?post=5576"}],"curies":[{"name":"wp","href":"https:\/\/api.w.org\/{rel}","templated":true}]}}