{"id":5569,"date":"2025-12-08T09:09:35","date_gmt":"2025-12-08T09:09:35","guid":{"rendered":"https:\/\/mountlaser.com\/?post_type=product&#038;p=5569"},"modified":"2025-12-12T02:46:23","modified_gmt":"2025-12-12T02:46:23","slug":"ps2a-pocket-stereo-viewer","status":"publish","type":"product","link":"https:\/\/mountlaser.com\/fr_fr\/produit\/ps2a-pocket-stereo-viewer\/","title":{"rendered":"Visionneuse st\u00e9r\u00e9o de poche PS2A"},"content":{"rendered":"<p data-start=\"358\" data-end=\"742\">Le <a href=\"https:\/\/mountlaser.com\/fr_fr\/\"><strong data-start=\"362\" data-end=\"394\">Visionneuse st\u00e9r\u00e9o de poche PS2A<\/strong><\/a> est un st\u00e9r\u00e9oscope professionnel et compact, con\u00e7u pour une interpr\u00e9tation claire et pr\u00e9cise des images st\u00e9r\u00e9oscopiques, aussi bien sur le terrain qu&#039;au bureau. Fabriqu\u00e9 avec des supports robustes en alliage m\u00e9tallique moul\u00e9, <a href=\"https:\/\/mountlaser.com\/fr_fr\/categorie-produit\/surveying-accessory\/\"><strong data-start=\"583\" data-end=\"613\">Visionneuse st\u00e9r\u00e9o de poche en m\u00e9tal<\/strong><\/a> Elle offre une stabilit\u00e9 durable et une constance optique, ce qui la rend id\u00e9ale pour les g\u00e9om\u00e8tres, les photogramm\u00e8tres et les analystes de terrain.<\/p>\n<p data-start=\"744\" data-end=\"1196\">Con\u00e7u avec un \u00e9cart interpupillaire r\u00e9glable de 56 mm \u00e0 75 mm, le visionneur st\u00e9r\u00e9oscopique de poche PS2A assure un confort visuel optimal \u00e0 tous les utilisateurs, tout en offrant un large champ de vision de 125 mm \u00d7 125 mm pour un examen efficace des paires st\u00e9r\u00e9oscopiques. En grossissement 2X, le visionneur st\u00e9r\u00e9oscopique de poche en m\u00e9tal PS2A s&#039;adapte aux diff\u00e9rents niveaux de d\u00e9tail requis lors des travaux de topographie et de cartographie professionnels.<\/p>\n<p data-start=\"744\" data-end=\"1196\"><img fetchpriority=\"high\" decoding=\"async\" class=\"aligncenter wp-image-5563\" src=\"https:\/\/mountlaser.com\/wp-content\/uploads\/2025\/12\/\u4e3b\u56fe3-4.webp\" alt=\"PS2A\/4A pocket stereo viewer\" width=\"500\" height=\"500\" srcset=\"https:\/\/mountlaser.com\/wp-content\/uploads\/2025\/12\/\u4e3b\u56fe3-4.webp 1000w, https:\/\/mountlaser.com\/wp-content\/uploads\/2025\/12\/\u4e3b\u56fe3-4-300x300.webp 300w, https:\/\/mountlaser.com\/wp-content\/uploads\/2025\/12\/\u4e3b\u56fe3-4-150x150.webp 150w, https:\/\/mountlaser.com\/wp-content\/uploads\/2025\/12\/\u4e3b\u56fe3-4-768x768.webp 768w, https:\/\/mountlaser.com\/wp-content\/uploads\/2025\/12\/\u4e3b\u56fe3-4-12x12.webp 12w, https:\/\/mountlaser.com\/wp-content\/uploads\/2025\/12\/\u4e3b\u56fe3-4-600x600.webp 600w, https:\/\/mountlaser.com\/wp-content\/uploads\/2025\/12\/\u4e3b\u56fe3-4-800x800.webp 800w, https:\/\/mountlaser.com\/wp-content\/uploads\/2025\/12\/\u4e3b\u56fe3-4-400x400.webp 400w\" sizes=\"(max-width: 500px) 100vw, 500px\" \/><\/p>\n<p data-start=\"1198\" data-end=\"1423\">En combinant portabilit\u00e9, construction durable et clart\u00e9 optique, le <a href=\"https:\/\/mountlaser.com\/fr_fr\/contact-us\/\">Visionneuse st\u00e9r\u00e9o de poche PS2A\/4A<\/a> offre des performances fiables \u00e0 tous ceux qui ont besoin d&#039;une interpr\u00e9tation st\u00e9r\u00e9oscopique pr\u00e9cise dans des environnements de travail exigeants.<\/p>","protected":false},"excerpt":{"rendered":"<ul>\n<li>PS2A (grossissement 2X).<\/li>\n<li>Distance interpupillaire r\u00e9glable\u00a0: 56\u201375 mm pour s\u2019adapter confortablement \u00e0 diff\u00e9rents utilisateurs.<\/li>\n<li>Champ de vision large\u00a0: 125 mm \u00d7 125 mm pour une analyse d\u2019image st\u00e9r\u00e9o efficace.<\/li>\n<li>Construction m\u00e9tallique : Le corps robuste en alliage m\u00e9tallique moul\u00e9 assure stabilit\u00e9 et durabilit\u00e9 \u00e0 long terme.<\/li>\n<li>Conception portable : suffisamment l\u00e9ger pour un transport facile sur le terrain.<\/li>\n<li>Usage professionnel\u00a0: Id\u00e9al pour l\u2019interpr\u00e9tation st\u00e9r\u00e9oscopique, l\u2019\u00e9valuation du terrain et les applications photogramm\u00e9triques.<\/li>\n<\/ul>","protected":false},"featured_media":5562,"comment_status":"open","ping_status":"closed","template":"","meta":[],"product_brand":[],"product_cat":[79,158],"product_tag":[],"class_list":{"0":"post-5569","1":"product","2":"type-product","3":"status-publish","4":"has-post-thumbnail","6":"product_cat-surveying-accessory","7":"product_cat-pocket-stereo-viewer","9":"first","10":"instock","11":"shipping-taxable","12":"product-type-simple"},"_links":{"self":[{"href":"https:\/\/mountlaser.com\/fr_fr\/wp-json\/wp\/v2\/product\/5569","targetHints":{"allow":["GET"]}}],"collection":[{"href":"https:\/\/mountlaser.com\/fr_fr\/wp-json\/wp\/v2\/product"}],"about":[{"href":"https:\/\/mountlaser.com\/fr_fr\/wp-json\/wp\/v2\/types\/product"}],"replies":[{"embeddable":true,"href":"https:\/\/mountlaser.com\/fr_fr\/wp-json\/wp\/v2\/comments?post=5569"}],"wp:featuredmedia":[{"embeddable":true,"href":"https:\/\/mountlaser.com\/fr_fr\/wp-json\/wp\/v2\/media\/5562"}],"wp:attachment":[{"href":"https:\/\/mountlaser.com\/fr_fr\/wp-json\/wp\/v2\/media?parent=5569"}],"wp:term":[{"taxonomy":"product_brand","embeddable":true,"href":"https:\/\/mountlaser.com\/fr_fr\/wp-json\/wp\/v2\/product_brand?post=5569"},{"taxonomy":"product_cat","embeddable":true,"href":"https:\/\/mountlaser.com\/fr_fr\/wp-json\/wp\/v2\/product_cat?post=5569"},{"taxonomy":"product_tag","embeddable":true,"href":"https:\/\/mountlaser.com\/fr_fr\/wp-json\/wp\/v2\/product_tag?post=5569"}],"curies":[{"name":"wp","href":"https:\/\/api.w.org\/{rel}","templated":true}]}}