{"id":5552,"date":"2025-12-08T08:02:23","date_gmt":"2025-12-08T08:02:23","guid":{"rendered":"https:\/\/mountlaser.com\/?post_type=product&#038;p=5552"},"modified":"2025-12-11T02:32:20","modified_gmt":"2025-12-11T02:32:20","slug":"hl01-hand-level","status":"publish","type":"product","link":"https:\/\/mountlaser.com\/fr_fr\/produit\/hl01-hand-level\/","title":{"rendered":"Niveau \u00e0 main HL01"},"content":{"rendered":"<p>Le <a href=\"https:\/\/mountlaser.com\/fr_fr\/\"><strong>Niveau \u00e0 main HL01<\/strong><\/a> Le niveau \u00e0 main HL01 est un outil de terrain compact et performant, con\u00e7u pour les professionnels exigeant un alignement horizontal rapide et pr\u00e9cis. Arborant un ext\u00e9rieur jaune \u00e9clatant, il allie portabilit\u00e9 et fiabilit\u00e9 optique, ce qui en fait un outil indispensable pour les travaux de construction, de terrassement et de topographie en g\u00e9n\u00e9ral.<\/p>\n<p>Dot\u00e9 d&#039;un <a href=\"https:\/\/mountlaser.com\/fr_fr\/categorie-produit\/surveying-accessory\/\"><strong>Niveau \u00e0 main 2,5X<\/strong><\/a> Dot\u00e9 d&#039;un syst\u00e8me optique performant, cet instrument offre une vision claire pour un alignement pr\u00e9cis et une estimation rapide des distances. Les lignes stadim\u00e9triques internes et le r\u00e9ticule vertical am\u00e9liorent encore son utilisation, permettant aux utilisateurs d&#039;\u00e9tablir rapidement des points de rep\u00e8re dans divers environnements ext\u00e9rieurs.<\/p>\n<p>Con\u00e7u pour une utilisation mobile, le niveau \u00e0 main HL01 est fourni avec un \u00e9tui de transport en cuir r\u00e9sistant qui le prot\u00e8ge lors des d\u00e9placements et des interventions quotidiennes sur le terrain. Que ce soit pour des v\u00e9rifications rapides ou des t\u00e2ches de routine, ce niveau \u00e0 main 2,5X offre des performances fiables et constantes, dignes des professionnels.<\/p>\n<p><img fetchpriority=\"high\" decoding=\"async\" class=\"aligncenter wp-image-5558\" src=\"https:\/\/mountlaser.com\/wp-content\/uploads\/2025\/12\/HL016.webp\" alt=\"HL01 Hand Level\" width=\"500\" height=\"500\" srcset=\"https:\/\/mountlaser.com\/wp-content\/uploads\/2025\/12\/HL016.webp 1000w, https:\/\/mountlaser.com\/wp-content\/uploads\/2025\/12\/HL016-300x300.webp 300w, https:\/\/mountlaser.com\/wp-content\/uploads\/2025\/12\/HL016-150x150.webp 150w, https:\/\/mountlaser.com\/wp-content\/uploads\/2025\/12\/HL016-768x768.webp 768w, https:\/\/mountlaser.com\/wp-content\/uploads\/2025\/12\/HL016-12x12.webp 12w, https:\/\/mountlaser.com\/wp-content\/uploads\/2025\/12\/HL016-600x600.webp 600w, https:\/\/mountlaser.com\/wp-content\/uploads\/2025\/12\/HL016-800x800.webp 800w, https:\/\/mountlaser.com\/wp-content\/uploads\/2025\/12\/HL016-400x400.webp 400w\" sizes=\"(max-width: 500px) 100vw, 500px\" \/><\/p>\n<p>En r\u00e9sum\u00e9, le <a href=\"https:\/\/mountlaser.com\/fr_fr\/contact-us\/\">Niveau \u00e0 main 2,5X<\/a> Elles offrent une conception l\u00e9g\u00e8re, des fonctionnalit\u00e9s optiques essentielles et une protection robuste, ce qui les rend id\u00e9ales pour tous ceux qui ont besoin d&#039;un nivellement rapide et pr\u00e9cis sur le terrain.<\/p>","protected":false},"excerpt":{"rendered":"<ul>\n<li>Bo\u00eetier jaune vif pour une visibilit\u00e9 optimale et une identification facile sur les chantiers ext\u00e9rieurs.<\/li>\n<li>Le grossissement 2,5X offre une vision claire et pr\u00e9cise pour des t\u00e2ches de nivellement et de vis\u00e9e rapides.<\/li>\n<li>Les lignes de stadim\u00e9trie int\u00e9gr\u00e9es et le r\u00e9ticule vertical permettent une estimation et un alignement de base des distances.<\/li>\n<li>Sa conception l\u00e9g\u00e8re et de poche rend l&#039;instrument facile \u00e0 transporter et id\u00e9al pour le travail de terrain mobile.<\/li>\n<li>L&#039;\u00e9tui de transport en cuir r\u00e9sistant prot\u00e8ge l&#039;appareil pendant le transport et le rangement.<\/li>\n<li>Performances fiables adapt\u00e9es aux applications de nivellement, de terrassement, d&#039;excavation et de lev\u00e9s topographiques g\u00e9n\u00e9raux.<\/li>\n<li>Utilisation simple d&#039;une seule main pour un maximum de commodit\u00e9 lors des inspections rapides.<\/li>\n<\/ul>","protected":false},"featured_media":5553,"comment_status":"open","ping_status":"closed","template":"","meta":[],"product_brand":[],"product_cat":[79,157],"product_tag":[],"class_list":{"0":"post-5552","1":"product","2":"type-product","3":"status-publish","4":"has-post-thumbnail","6":"product_cat-surveying-accessory","7":"product_cat-handle-level","9":"first","10":"instock","11":"shipping-taxable","12":"product-type-simple"},"_links":{"self":[{"href":"https:\/\/mountlaser.com\/fr_fr\/wp-json\/wp\/v2\/product\/5552","targetHints":{"allow":["GET"]}}],"collection":[{"href":"https:\/\/mountlaser.com\/fr_fr\/wp-json\/wp\/v2\/product"}],"about":[{"href":"https:\/\/mountlaser.com\/fr_fr\/wp-json\/wp\/v2\/types\/product"}],"replies":[{"embeddable":true,"href":"https:\/\/mountlaser.com\/fr_fr\/wp-json\/wp\/v2\/comments?post=5552"}],"wp:featuredmedia":[{"embeddable":true,"href":"https:\/\/mountlaser.com\/fr_fr\/wp-json\/wp\/v2\/media\/5553"}],"wp:attachment":[{"href":"https:\/\/mountlaser.com\/fr_fr\/wp-json\/wp\/v2\/media?parent=5552"}],"wp:term":[{"taxonomy":"product_brand","embeddable":true,"href":"https:\/\/mountlaser.com\/fr_fr\/wp-json\/wp\/v2\/product_brand?post=5552"},{"taxonomy":"product_cat","embeddable":true,"href":"https:\/\/mountlaser.com\/fr_fr\/wp-json\/wp\/v2\/product_cat?post=5552"},{"taxonomy":"product_tag","embeddable":true,"href":"https:\/\/mountlaser.com\/fr_fr\/wp-json\/wp\/v2\/product_tag?post=5552"}],"curies":[{"name":"wp","href":"https:\/\/api.w.org\/{rel}","templated":true}]}}