{"id":5539,"date":"2025-12-08T07:47:18","date_gmt":"2025-12-08T07:47:18","guid":{"rendered":"https:\/\/mountlaser.com\/?post_type=product&#038;p=5539"},"modified":"2025-12-12T05:08:10","modified_gmt":"2025-12-12T05:08:10","slug":"al01-abney-level","status":"publish","type":"product","link":"https:\/\/mountlaser.com\/fr_fr\/produit\/al01-abney-level\/","title":{"rendered":"Niveau AL01 Abney"},"content":{"rendered":"<p data-start=\"286\" data-end=\"718\">Le <a href=\"https:\/\/mountlaser.com\/fr_fr\/\"><strong data-start=\"290\" data-end=\"313\">Niveau AL01 Abney<\/strong><\/a> Il s&#039;agit d&#039;un instrument optique de haute pr\u00e9cision con\u00e7u pour les professionnels qui ont besoin d&#039;\u00e9valuations rapides et pr\u00e9cises de la pente, de l&#039;angle et de l&#039;altitude, tant en topographie qu&#039;en lev\u00e9s de construction. <a href=\"https:\/\/mountlaser.com\/fr_fr\/categorie-produit\/surveying-accessory\/\"><strong data-start=\"515\" data-end=\"547\">Niveau \u00e0 main topographique Abney<\/strong><\/a>, il est dot\u00e9 d&#039;un tube de vis\u00e9e carr\u00e9 \u00e9quip\u00e9 d&#039;un t\u00e9lescope de mise au point interne offrant une pr\u00e9cision de 20&#039;\/2 mm, garantissant des performances fiables dans des environnements de terrain exigeants.<\/p>\n<figure id=\"attachment_5540\" aria-describedby=\"caption-attachment-5540\" style=\"width: 500px\" class=\"wp-caption aligncenter\"><img fetchpriority=\"high\" decoding=\"async\" class=\"wp-image-5540\" src=\"https:\/\/mountlaser.com\/wp-content\/uploads\/2025\/12\/AL011.webp\" alt=\"AL01\/03 Abney Level\" width=\"500\" height=\"500\" srcset=\"https:\/\/mountlaser.com\/wp-content\/uploads\/2025\/12\/AL011.webp 1000w, https:\/\/mountlaser.com\/wp-content\/uploads\/2025\/12\/AL011-300x300.webp 300w, https:\/\/mountlaser.com\/wp-content\/uploads\/2025\/12\/AL011-150x150.webp 150w, https:\/\/mountlaser.com\/wp-content\/uploads\/2025\/12\/AL011-768x768.webp 768w, https:\/\/mountlaser.com\/wp-content\/uploads\/2025\/12\/AL011-12x12.webp 12w, https:\/\/mountlaser.com\/wp-content\/uploads\/2025\/12\/AL011-600x600.webp 600w, https:\/\/mountlaser.com\/wp-content\/uploads\/2025\/12\/AL011-800x800.webp 800w, https:\/\/mountlaser.com\/wp-content\/uploads\/2025\/12\/AL011-400x400.webp 400w\" sizes=\"(max-width: 500px) 100vw, 500px\" \/><figcaption id=\"caption-attachment-5540\" class=\"wp-caption-text\">Niveau AL01 Abney<\/figcaption><\/figure>\n<p data-start=\"720\" data-end=\"1206\">Con\u00e7u pour s&#039;adapter, le <a href=\"https:\/\/mountlaser.com\/fr_fr\/about-us\/\">Niveau AL01 Abney<\/a> Ce niveau \u00e0 main topographique Abney est fourni avec des arcs interchangeables, permettant aux g\u00e9om\u00e8tres de passer facilement d&#039;une application \u00e0 l&#039;autre. Son \u00e9chelle principale int\u00e9gr\u00e9e au 1\u00b0 avec vernier de 10 pieds, ainsi que ses \u00e9chelles de pente 1:1 et 1:10, en font l&#039;outil id\u00e9al pour des mesures de nivellement pr\u00e9cises. Pour une utilisation optimale, le mod\u00e8le AL01 est disponible en vert.<\/p>\n<p data-start=\"1208\" data-end=\"1443\">Le niveau Abney AL01 est compact, l\u00e9ger et fourni avec un \u00e9tui de transport pratique \u00e0 passant de ceinture, ce qui en fait ce <a href=\"https:\/\/mountlaser.com\/fr_fr\/contact-us\/\">Niveau \u00e0 main topographique Abney<\/a> Un compagnon fiable pour les professionnels du lev\u00e9 topographique qui ont besoin d&#039;efficacit\u00e9 et de mobilit\u00e9.<\/p>","protected":false},"excerpt":{"rendered":"<ul>\n<li>Mesure pr\u00e9cise des pentes et des angles : Mesure les variations de pente, d&#039;altitude et d&#039;angle avec une pr\u00e9cision de 20&#039;\/2 mm.<\/li>\n<li>Arcs de mesure interchangeables\u00a0: Deux arcs permettent une utilisation flexible pour diverses t\u00e2ches topographiques ou de construction.<\/li>\n<li>\u00c9chelle de pr\u00e9cision\u00a0: Comprend une \u00e9chelle principale de 1\u00b0, des lectures vernier de 10\u2032 et des \u00e9chelles de rapport de pente int\u00e9gr\u00e9es de 1:1 et 1:10 pour une mesure de niveau professionnel.<\/li>\n<li>Mod\u00e8les \u00e0 code couleur pour une meilleure visibilit\u00e9 sur le terrain\u00a0: AL01 vert pour une identification facile dans diff\u00e9rents environnements d\u2019enqu\u00eate.<\/li>\n<li>Portable et durable : Livr\u00e9 avec un \u00e9tui \u00e0 passant de ceinture pour un transport pratique sur le terrain.<\/li>\n<\/ul>","protected":false},"featured_media":5541,"comment_status":"open","ping_status":"closed","template":"","meta":[],"product_brand":[],"product_cat":[79,156],"product_tag":[],"class_list":{"0":"post-5539","1":"product","2":"type-product","3":"status-publish","4":"has-post-thumbnail","6":"product_cat-surveying-accessory","7":"product_cat-abney-level","9":"first","10":"instock","11":"shipping-taxable","12":"product-type-simple"},"_links":{"self":[{"href":"https:\/\/mountlaser.com\/fr_fr\/wp-json\/wp\/v2\/product\/5539","targetHints":{"allow":["GET"]}}],"collection":[{"href":"https:\/\/mountlaser.com\/fr_fr\/wp-json\/wp\/v2\/product"}],"about":[{"href":"https:\/\/mountlaser.com\/fr_fr\/wp-json\/wp\/v2\/types\/product"}],"replies":[{"embeddable":true,"href":"https:\/\/mountlaser.com\/fr_fr\/wp-json\/wp\/v2\/comments?post=5539"}],"wp:featuredmedia":[{"embeddable":true,"href":"https:\/\/mountlaser.com\/fr_fr\/wp-json\/wp\/v2\/media\/5541"}],"wp:attachment":[{"href":"https:\/\/mountlaser.com\/fr_fr\/wp-json\/wp\/v2\/media?parent=5539"}],"wp:term":[{"taxonomy":"product_brand","embeddable":true,"href":"https:\/\/mountlaser.com\/fr_fr\/wp-json\/wp\/v2\/product_brand?post=5539"},{"taxonomy":"product_cat","embeddable":true,"href":"https:\/\/mountlaser.com\/fr_fr\/wp-json\/wp\/v2\/product_cat?post=5539"},{"taxonomy":"product_tag","embeddable":true,"href":"https:\/\/mountlaser.com\/fr_fr\/wp-json\/wp\/v2\/product_tag?post=5539"}],"curies":[{"name":"wp","href":"https:\/\/api.w.org\/{rel}","templated":true}]}}