{"id":5531,"date":"2025-12-08T07:08:04","date_gmt":"2025-12-08T07:08:04","guid":{"rendered":"https:\/\/mountlaser.com\/?post_type=product&#038;p=5531"},"modified":"2025-12-08T07:08:04","modified_gmt":"2025-12-08T07:08:04","slug":"ft40-series-flagging-tape","status":"publish","type":"product","link":"https:\/\/mountlaser.com\/fr_fr\/produit\/ft40-series-flagging-tape\/","title":{"rendered":"Ruban de signalisation s\u00e9rie FT40"},"content":{"rendered":"<p>Le MountLaser <a href=\"https:\/\/mountlaser.com\/fr_fr\/\"><strong>Ruban de signalisation<\/strong><\/a> Ce ruban de signalisation est une solution de marquage durable et tr\u00e8s visible, con\u00e7ue pour les environnements ext\u00e9rieurs exigeants. Destin\u00e9 aux g\u00e9om\u00e8tres et aux professionnels de la construction, il offre une performance fiable quelles que soient les temp\u00e9ratures et les conditions de terrain. Qu&#039;il s&#039;agisse de marquer des limites, des points d&#039;implantation ou des emplacements de r\u00e9f\u00e9rence critiques, ce ruban garantit une visibilit\u00e9 claire et durable sur le terrain.<\/p>\n<p><img fetchpriority=\"high\" decoding=\"async\" class=\"aligncenter wp-image-5536\" src=\"https:\/\/mountlaser.com\/wp-content\/uploads\/2025\/12\/05.webp\" alt=\"Flagging Tape\" width=\"500\" height=\"500\" srcset=\"https:\/\/mountlaser.com\/wp-content\/uploads\/2025\/12\/05.webp 1200w, https:\/\/mountlaser.com\/wp-content\/uploads\/2025\/12\/05-300x300.webp 300w, https:\/\/mountlaser.com\/wp-content\/uploads\/2025\/12\/05-1024x1024.webp 1024w, https:\/\/mountlaser.com\/wp-content\/uploads\/2025\/12\/05-150x150.webp 150w, https:\/\/mountlaser.com\/wp-content\/uploads\/2025\/12\/05-768x768.webp 768w, https:\/\/mountlaser.com\/wp-content\/uploads\/2025\/12\/05-12x12.webp 12w, https:\/\/mountlaser.com\/wp-content\/uploads\/2025\/12\/05-600x600.webp 600w, https:\/\/mountlaser.com\/wp-content\/uploads\/2025\/12\/05-800x800.webp 800w, https:\/\/mountlaser.com\/wp-content\/uploads\/2025\/12\/05-400x400.webp 400w\" sizes=\"(max-width: 500px) 100vw, 500px\" \/><\/p>\n<p>Fabriqu\u00e9s \u00e0 partir de mat\u00e9riaux robustes et r\u00e9sistants aux intemp\u00e9ries, nos <a href=\"https:\/\/mountlaser.com\/fr_fr\/categorie-produit\/surveying-accessory\/\"><strong>Ruban de signalisation<\/strong><\/a> Offrant une r\u00e9sistance exceptionnelle \u00e0 la d\u00e9chirure et une excellente tenue des couleurs, la gamme de rubans de marquage pour la signalisation comprend plusieurs longueurs, \u00e9paisseurs et couleurs vives, id\u00e9ale pour une identification rapide sur les chantiers et les sites topographiques. Gr\u00e2ce \u00e0 sa grande flexibilit\u00e9 et sa durabilit\u00e9 sup\u00e9rieure, le ruban de marquage pour la signalisation s&#039;impose comme un outil indispensable pour un marquage au sol pr\u00e9cis et une gestion efficace des flux de travail.<\/p>\n<div>\n<table style=\"border-collapse: collapse; width: 741.02pt;\" border=\"0\" width=\"988\" cellspacing=\"0\" cellpadding=\"0\">\n<tbody>\n<tr style=\"height: 14.25pt;\">\n<td class=\"et2\" style=\"height: 14.25pt; width: 99.75pt;\" width=\"133\" height=\"19\">NOMBRE<\/td>\n<td class=\"et3\" style=\"width: 101.25pt;\" width=\"135\">TEMP\u00c9RATURE DE FONCTIONNEMENT.<\/td>\n<td class=\"et4\" style=\"width: 74.25pt;\" width=\"99\">LONGUEUR<\/td>\n<td class=\"et5\" style=\"width: 83.25pt;\" width=\"111\">\u00c9PAISSEUR<\/td>\n<td class=\"et5\" style=\"width: 69.00pt;\" width=\"92\">LARGEUR<\/td>\n<td class=\"et5\" style=\"width: 201.00pt;\" width=\"268\">COULEUR<\/td>\n<td class=\"et5\" style=\"width: 112.50pt;\" width=\"150\">MOQ (rouleaux)<\/td>\n<\/tr>\n<tr style=\"height: 14.25pt;\">\n<td class=\"et6\" style=\"height: 14.25pt;\" height=\"19\">FT40-45-127<\/td>\n<td class=\"et6\">-40\u00b0C<\/td>\n<td class=\"et6\">45 m<\/td>\n<td class=\"et6\">0,127 mm<\/td>\n<td class=\"et6\">25 mm<\/td>\n<td class=\"et7\">Orange, rose, jaune, rouge<\/td>\n<td class=\"et6\">Multiples de 100<\/td>\n<\/tr>\n<tr style=\"height: 14.25pt;\">\n<td class=\"et6\" style=\"height: 14.25pt;\" height=\"19\">FT15-45-050<\/td>\n<td class=\"et6\">-15\u00b0C<\/td>\n<td class=\"et6\">45 m<\/td>\n<td class=\"et6\">0,0508 mm<\/td>\n<td class=\"et6\">25 mm<\/td>\n<td class=\"et7\">Orange, rose, jaune, rouge<\/td>\n<td class=\"et6\">Multiples de 100<\/td>\n<\/tr>\n<tr style=\"height: 14.25pt;\">\n<td class=\"et6\" style=\"height: 14.25pt;\" height=\"19\">FT15-30-070<\/td>\n<td class=\"et6\">-15\u00b0C<\/td>\n<td class=\"et6\">30 m<\/td>\n<td class=\"et6\">0,070 mm<\/td>\n<td class=\"et6\">25 mm<\/td>\n<td class=\"et7\">Orange, rose, jaune, rouge, vert, bleu<\/td>\n<td class=\"et6\">Multiples de 240<\/td>\n<\/tr>\n<tr style=\"height: 14.25pt;\">\n<td class=\"et6\" style=\"height: 14.25pt;\" height=\"19\">FT40-100-127<\/td>\n<td class=\"et6\">-40\u00b0C<\/td>\n<td class=\"et6\">100 m<\/td>\n<td class=\"et6\">0,127 mm<\/td>\n<td class=\"et6\">25 mm<\/td>\n<td class=\"et7\">Orange, rose, jaune, rouge<\/td>\n<td class=\"et6\">Multiples de 96<\/td>\n<\/tr>\n<tr style=\"height: 14.25pt;\">\n<td class=\"et6\" style=\"height: 14.25pt;\" height=\"19\">FT15-100-050<\/td>\n<td class=\"et6\">-15\u00b0C<\/td>\n<td class=\"et6\">100 m<\/td>\n<td class=\"et6\">0,0508 mm<\/td>\n<td class=\"et6\">25 mm<\/td>\n<td class=\"et7\">Orange, rose, jaune, rouge<\/td>\n<td class=\"et6\">Multiples de 96<\/td>\n<\/tr>\n<tr style=\"height: 14.25pt;\">\n<td class=\"et6\" style=\"height: 14.25pt;\" height=\"19\">FT15-100-070<\/td>\n<td class=\"et6\">-15\u00b0C<\/td>\n<td class=\"et6\">100 m<\/td>\n<td class=\"et6\">0,070 mm<\/td>\n<td class=\"et6\">25 mm<\/td>\n<td class=\"et7\">Orange, rose, jaune, rouge, vert, bleu<\/td>\n<td class=\"et6\">Multiples de 96<\/td>\n<\/tr>\n<\/tbody>\n<\/table>\n<p>&nbsp;<\/p>\n<\/div>","protected":false},"excerpt":{"rendered":"<ul>\n<li>Marquage haute visibilit\u00e9 : des couleurs vives et r\u00e9sistantes aux UV permettent une identification claire des points de contr\u00f4le, des limites, des dangers et des lignes d&#039;implantation, quelles que soient les conditions.<\/li>\n<li>R\u00e9sistance aux temp\u00e9ratures et aux intemp\u00e9ries : Con\u00e7u pour fonctionner dans des environnements difficiles, avec des temp\u00e9ratures de fonctionnement pouvant descendre jusqu&#039;\u00e0 -40 \u00b0C selon le mod\u00e8le.<\/li>\n<li>Mat\u00e9riau flexible et r\u00e9sistant aux d\u00e9chirures\u00a0: assure une longue dur\u00e9e de vie et des performances fiables m\u00eame en cas de manipulations r\u00e9p\u00e9t\u00e9es sur le terrain.<\/li>\n<li>Applications polyvalentes\u00a0: Convient aux lev\u00e9s topographiques, \u00e0 l\u2019implantation de chantiers de construction, \u00e0 la foresterie, aux services publics et \u00e0 la surveillance environnementale.<\/li>\n<\/ul>","protected":false},"featured_media":5536,"comment_status":"open","ping_status":"closed","template":"","meta":[],"product_brand":[],"product_cat":[79,152],"product_tag":[],"class_list":{"0":"post-5531","1":"product","2":"type-product","3":"status-publish","4":"has-post-thumbnail","6":"product_cat-surveying-accessory","7":"product_cat-surveying-marker","9":"first","10":"instock","11":"shipping-taxable","12":"product-type-simple"},"_links":{"self":[{"href":"https:\/\/mountlaser.com\/fr_fr\/wp-json\/wp\/v2\/product\/5531","targetHints":{"allow":["GET"]}}],"collection":[{"href":"https:\/\/mountlaser.com\/fr_fr\/wp-json\/wp\/v2\/product"}],"about":[{"href":"https:\/\/mountlaser.com\/fr_fr\/wp-json\/wp\/v2\/types\/product"}],"replies":[{"embeddable":true,"href":"https:\/\/mountlaser.com\/fr_fr\/wp-json\/wp\/v2\/comments?post=5531"}],"wp:featuredmedia":[{"embeddable":true,"href":"https:\/\/mountlaser.com\/fr_fr\/wp-json\/wp\/v2\/media\/5536"}],"wp:attachment":[{"href":"https:\/\/mountlaser.com\/fr_fr\/wp-json\/wp\/v2\/media?parent=5531"}],"wp:term":[{"taxonomy":"product_brand","embeddable":true,"href":"https:\/\/mountlaser.com\/fr_fr\/wp-json\/wp\/v2\/product_brand?post=5531"},{"taxonomy":"product_cat","embeddable":true,"href":"https:\/\/mountlaser.com\/fr_fr\/wp-json\/wp\/v2\/product_cat?post=5531"},{"taxonomy":"product_tag","embeddable":true,"href":"https:\/\/mountlaser.com\/fr_fr\/wp-json\/wp\/v2\/product_tag?post=5531"}],"curies":[{"name":"wp","href":"https:\/\/api.w.org\/{rel}","templated":true}]}}