{"id":5524,"date":"2025-12-08T06:20:52","date_gmt":"2025-12-08T06:20:52","guid":{"rendered":"https:\/\/mountlaser.com\/?post_type=product&#038;p=5524"},"modified":"2025-12-08T06:20:52","modified_gmt":"2025-12-08T06:20:52","slug":"mf01-series-marking-flags","status":"publish","type":"product","link":"https:\/\/mountlaser.com\/fr_fr\/produit\/mf01-series-marking-flags\/","title":{"rendered":"Drapeaux de balisage s\u00e9rie MF01"},"content":{"rendered":"<p>Notre <a href=\"https:\/\/mountlaser.com\/fr_fr\/\"><strong>Drapeaux de balisage<\/strong> <\/a>Ces balises de terrain durables et tr\u00e8s visibles sont con\u00e7ues pour r\u00e9pondre aux exigences des g\u00e9om\u00e8tres et des \u00e9quipes de construction professionnels. Fabriqu\u00e9es en PVC de haute qualit\u00e9 r\u00e9sistant aux intemp\u00e9ries, elles garantissent une performance durable m\u00eame dans des conditions ext\u00e9rieures difficiles. <a href=\"https:\/\/mountlaser.com\/fr_fr\/categorie-produit\/surveying-accessory\/\"><strong>Drapeaux de piquet<\/strong><\/a>, Ils permettent une identification visuelle claire des points de contr\u00f4le, des limites, des r\u00e9seaux et des lignes d&#039;implantation sur tout chantier.<\/p>\n<p><img fetchpriority=\"high\" decoding=\"async\" class=\"aligncenter wp-image-5525\" src=\"https:\/\/mountlaser.com\/wp-content\/uploads\/2025\/12\/MF011.webp\" alt=\"Marking Flags\" width=\"500\" height=\"500\" srcset=\"https:\/\/mountlaser.com\/wp-content\/uploads\/2025\/12\/MF011.webp 1000w, https:\/\/mountlaser.com\/wp-content\/uploads\/2025\/12\/MF011-300x300.webp 300w, https:\/\/mountlaser.com\/wp-content\/uploads\/2025\/12\/MF011-150x150.webp 150w, https:\/\/mountlaser.com\/wp-content\/uploads\/2025\/12\/MF011-768x768.webp 768w, https:\/\/mountlaser.com\/wp-content\/uploads\/2025\/12\/MF011-12x12.webp 12w, https:\/\/mountlaser.com\/wp-content\/uploads\/2025\/12\/MF011-600x600.webp 600w, https:\/\/mountlaser.com\/wp-content\/uploads\/2025\/12\/MF011-800x800.webp 800w, https:\/\/mountlaser.com\/wp-content\/uploads\/2025\/12\/MF011-400x400.webp 400w\" sizes=\"(max-width: 500px) 100vw, 500px\" \/><\/p>\n<p>Con\u00e7us pour allier flexibilit\u00e9 et robustesse, ces fanions de marquage r\u00e9sistent \u00e0 la d\u00e9chirure et restent stables sur tous types de terrains, ce qui en fait des fanions id\u00e9aux pour les travaux de topographie, d&#039;am\u00e9nagement paysager, de terrassement et de marquage de chantier. Disponibles dans une large gamme de couleurs vives, ils am\u00e9liorent la visibilit\u00e9 et permettent une reconnaissance rapide, m\u00eame \u00e0 distance. Pour les \u00e9quipes exigeant un marquage de chantier fiable et efficace, ces fanions sont la solution id\u00e9ale. <a href=\"https:\/\/mountlaser.com\/fr_fr\/about-us\/\">Drapeaux de balisage<\/a> fournir des performances constantes et de qualit\u00e9 professionnelle.<\/p>\n<div>\n<table style=\"border-collapse: collapse; width: 567.77pt;\" border=\"0\" width=\"757\" cellspacing=\"0\" cellpadding=\"0\">\n<tbody>\n<tr style=\"height: 14.25pt;\">\n<td class=\"et2\" style=\"height: 14.25pt; width: 99.75pt;\" width=\"133\" height=\"19\">NOMBRE<\/td>\n<td class=\"et3\" style=\"width: 101.25pt;\" width=\"135\">COULEUR<\/td>\n<td class=\"et3\" style=\"width: 108.75pt;\" width=\"145\">TAILLE DU DRAPEAU<\/td>\n<td class=\"et3\" style=\"width: 144.00pt;\" width=\"192\">LONGUEUR<\/td>\n<td class=\"et4\" style=\"width: 114.00pt;\" width=\"152\">MOQ (pi\u00e8ces)<\/td>\n<\/tr>\n<tr style=\"height: 14.25pt;\">\n<td class=\"et5\" style=\"height: 14.25pt;\" height=\"19\">MF01-RD<\/td>\n<td class=\"et5\">Rouge<\/td>\n<td class=\"et5\">140 x 100 mm<\/td>\n<td class=\"et5\">380 mm<\/td>\n<td class=\"et5\" align=\"right\">1000<\/td>\n<\/tr>\n<tr style=\"height: 14.25pt;\">\n<td class=\"et5\" style=\"height: 14.25pt;\" height=\"19\">MF01-YL<\/td>\n<td class=\"et5\">Jaune<\/td>\n<td class=\"et5\">140 x 100 mm<\/td>\n<td class=\"et5\">380 mm<\/td>\n<td class=\"et5\" align=\"right\">1000<\/td>\n<\/tr>\n<tr style=\"height: 14.25pt;\">\n<td class=\"et5\" style=\"height: 14.25pt;\" height=\"19\">MF01-BL<\/td>\n<td class=\"et5\">Bleu<\/td>\n<td class=\"et5\">140 x 100 mm<\/td>\n<td class=\"et5\">380 mm<\/td>\n<td class=\"et5\" align=\"right\">1000<\/td>\n<\/tr>\n<tr style=\"height: 14.25pt;\">\n<td class=\"et5\" style=\"height: 14.25pt;\" height=\"19\">MF01-PU<\/td>\n<td class=\"et5\">Violet<\/td>\n<td class=\"et5\">140 x 100 mm<\/td>\n<td class=\"et5\">380 mm<\/td>\n<td class=\"et5\" align=\"right\">1000<\/td>\n<\/tr>\n<tr style=\"height: 14.25pt;\">\n<td class=\"et5\" style=\"height: 14.25pt;\" height=\"19\">MF01-GY<\/td>\n<td class=\"et5\">Gris<\/td>\n<td class=\"et5\">140 x 100 mm<\/td>\n<td class=\"et5\">380 mm<\/td>\n<td class=\"et5\" align=\"right\">1000<\/td>\n<\/tr>\n<tr style=\"height: 14.25pt;\">\n<td class=\"et5\" style=\"height: 14.25pt;\" height=\"19\">MF01-GN<\/td>\n<td class=\"et5\">Vert<\/td>\n<td class=\"et5\">140 x 100 mm<\/td>\n<td class=\"et5\">380 mm<\/td>\n<td class=\"et5\" align=\"right\">1000<\/td>\n<\/tr>\n<\/tbody>\n<\/table>\n<p>&nbsp;<\/p>\n<\/div>","protected":false},"excerpt":{"rendered":"<ul>\n<li>Construction en PVC de haute qualit\u00e9 pour une durabilit\u00e9, une flexibilit\u00e9 et une utilisation ext\u00e9rieure prolong\u00e9e.<\/li>\n<li>Des couleurs vives et tr\u00e8s visibles garantissent une identification claire des points de lev\u00e9.<\/li>\n<li>Id\u00e9al pour les lev\u00e9s topographiques, la construction, l&#039;am\u00e9nagement paysager et le marquage des r\u00e9seaux, fonctionnant efficacement \u00e0 la fois comme drapeaux de marquage et comme drapeaux de piquetage.<\/li>\n<li>R\u00e9sistant aux intemp\u00e9ries, \u00e0 la flexion et \u00e0 la d\u00e9chirure, assurant un marquage stable dans tous les environnements de terrain.<\/li>\n<li>Taille standard du drapeau\u00a0: 140 \u00d7 100 mm avec une longueur de 380 mm pour une visibilit\u00e9 et une installation optimales.<\/li>\n<\/ul>","protected":false},"featured_media":5525,"comment_status":"open","ping_status":"closed","template":"","meta":[],"product_brand":[],"product_cat":[79,152],"product_tag":[],"class_list":{"0":"post-5524","1":"product","2":"type-product","3":"status-publish","4":"has-post-thumbnail","6":"product_cat-surveying-accessory","7":"product_cat-surveying-marker","9":"first","10":"instock","11":"shipping-taxable","12":"product-type-simple"},"_links":{"self":[{"href":"https:\/\/mountlaser.com\/fr_fr\/wp-json\/wp\/v2\/product\/5524","targetHints":{"allow":["GET"]}}],"collection":[{"href":"https:\/\/mountlaser.com\/fr_fr\/wp-json\/wp\/v2\/product"}],"about":[{"href":"https:\/\/mountlaser.com\/fr_fr\/wp-json\/wp\/v2\/types\/product"}],"replies":[{"embeddable":true,"href":"https:\/\/mountlaser.com\/fr_fr\/wp-json\/wp\/v2\/comments?post=5524"}],"wp:featuredmedia":[{"embeddable":true,"href":"https:\/\/mountlaser.com\/fr_fr\/wp-json\/wp\/v2\/media\/5525"}],"wp:attachment":[{"href":"https:\/\/mountlaser.com\/fr_fr\/wp-json\/wp\/v2\/media?parent=5524"}],"wp:term":[{"taxonomy":"product_brand","embeddable":true,"href":"https:\/\/mountlaser.com\/fr_fr\/wp-json\/wp\/v2\/product_brand?post=5524"},{"taxonomy":"product_cat","embeddable":true,"href":"https:\/\/mountlaser.com\/fr_fr\/wp-json\/wp\/v2\/product_cat?post=5524"},{"taxonomy":"product_tag","embeddable":true,"href":"https:\/\/mountlaser.com\/fr_fr\/wp-json\/wp\/v2\/product_tag?post=5524"}],"curies":[{"name":"wp","href":"https:\/\/api.w.org\/{rel}","templated":true}]}}