{"id":5518,"date":"2025-12-08T05:35:52","date_gmt":"2025-12-08T05:35:52","guid":{"rendered":"https:\/\/mountlaser.com\/?post_type=product&#038;p=5518"},"modified":"2025-12-08T05:35:52","modified_gmt":"2025-12-08T05:35:52","slug":"bl04-bubble-level","status":"publish","type":"product","link":"https:\/\/mountlaser.com\/fr_fr\/produit\/bl04-bubble-level\/","title":{"rendered":"Niveau \u00e0 bulle BL04"},"content":{"rendered":"<p>Le <a href=\"https:\/\/mountlaser.com\/fr_fr\/\"><strong data-start=\"192\" data-end=\"213\">Niveau \u00e0 bulle BL04<\/strong><\/a> Le BL04 est un composant de nivellement de haute pr\u00e9cision con\u00e7u pour les tribrachs, les porteurs et les syst\u00e8mes de stations totales. Con\u00e7u dans le style classique des stations totales suisses, il pr\u00e9sente un bo\u00eetier argent\u00e9 robuste, une bulle centrale blanche et un syst\u00e8me de nivellement distinctif. <a href=\"https:\/\/mountlaser.com\/fr_fr\/categorie-produit\/surveying-accessory\/\"><strong data-start=\"468\" data-end=\"495\">bulle de niveau semi-circulaire<\/strong><\/a> Profil\u00e9 pour une meilleure clart\u00e9 visuelle. Sa construction robuste garantit une pr\u00e9cision constante m\u00eame dans des environnements de terrain exigeants, ce qui en fait un accessoire indispensable pour les g\u00e9om\u00e8tres qui ont besoin d&#039;un alignement fiable.<\/p>\n<p><img fetchpriority=\"high\" decoding=\"async\" class=\"aligncenter wp-image-5520\" src=\"https:\/\/mountlaser.com\/wp-content\/uploads\/2025\/12\/BL042.webp\" alt=\"BL04 Bubble Level\" width=\"500\" height=\"500\" srcset=\"https:\/\/mountlaser.com\/wp-content\/uploads\/2025\/12\/BL042.webp 1000w, https:\/\/mountlaser.com\/wp-content\/uploads\/2025\/12\/BL042-300x300.webp 300w, https:\/\/mountlaser.com\/wp-content\/uploads\/2025\/12\/BL042-150x150.webp 150w, https:\/\/mountlaser.com\/wp-content\/uploads\/2025\/12\/BL042-768x768.webp 768w, https:\/\/mountlaser.com\/wp-content\/uploads\/2025\/12\/BL042-12x12.webp 12w, https:\/\/mountlaser.com\/wp-content\/uploads\/2025\/12\/BL042-600x600.webp 600w, https:\/\/mountlaser.com\/wp-content\/uploads\/2025\/12\/BL042-800x800.webp 800w, https:\/\/mountlaser.com\/wp-content\/uploads\/2025\/12\/BL042-400x400.webp 400w\" sizes=\"(max-width: 500px) 100vw, 500px\" \/><\/p>\n<p>Qu\u2019il soit utilis\u00e9 pour l\u2019\u00e9talonnage d\u2019\u00e9quipements ou pour la v\u00e9rification sur site, le <a href=\"https:\/\/mountlaser.com\/fr_fr\/contact-us\/\">Niveau \u00e0 bulle BL04<\/a>\u00a0garantir des performances fiables pour toutes les applications topographiques.<\/p>","protected":false},"excerpt":{"rendered":"<ul>\n<li>Conception \u00e0 bulle semi-circulaire de haute pr\u00e9cision\u00a0: La structure \u00e0 bulle semi-circulaire offre une lisibilit\u00e9 am\u00e9lior\u00e9e, permettant aux g\u00e9om\u00e8tres d\u2019obtenir un nivellement pr\u00e9cis avec un minimum d\u2019effort.<\/li>\n<li>Construction robuste de style suisse\u00a0: le niveau \u00e0 bulle semi-circulaire est fabriqu\u00e9 avec un bo\u00eetier enti\u00e8rement en argent pour une rigidit\u00e9 accrue, une meilleure r\u00e9sistance \u00e0 la corrosion et une longue dur\u00e9e de vie.<\/li>\n<li>Optimis\u00e9 pour une utilisation avec une station totale et un tribrach\u00a0: enti\u00e8rement compatible avec les instruments de type TS, ce niveau \u00e0 bulle BL04 offre une stabilit\u00e9 constante et une int\u00e9gration fluide avec la plupart des configurations topographiques modernes.<\/li>\n<\/ul>","protected":false},"featured_media":5519,"comment_status":"open","ping_status":"closed","template":"","meta":[],"product_brand":[],"product_cat":[79,153],"product_tag":[],"class_list":{"0":"post-5518","1":"product","2":"type-product","3":"status-publish","4":"has-post-thumbnail","6":"product_cat-surveying-accessory","7":"product_cat-bubble-for-tribrach-carrier-prism","9":"first","10":"instock","11":"shipping-taxable","12":"product-type-simple"},"_links":{"self":[{"href":"https:\/\/mountlaser.com\/fr_fr\/wp-json\/wp\/v2\/product\/5518","targetHints":{"allow":["GET"]}}],"collection":[{"href":"https:\/\/mountlaser.com\/fr_fr\/wp-json\/wp\/v2\/product"}],"about":[{"href":"https:\/\/mountlaser.com\/fr_fr\/wp-json\/wp\/v2\/types\/product"}],"replies":[{"embeddable":true,"href":"https:\/\/mountlaser.com\/fr_fr\/wp-json\/wp\/v2\/comments?post=5518"}],"wp:featuredmedia":[{"embeddable":true,"href":"https:\/\/mountlaser.com\/fr_fr\/wp-json\/wp\/v2\/media\/5519"}],"wp:attachment":[{"href":"https:\/\/mountlaser.com\/fr_fr\/wp-json\/wp\/v2\/media?parent=5518"}],"wp:term":[{"taxonomy":"product_brand","embeddable":true,"href":"https:\/\/mountlaser.com\/fr_fr\/wp-json\/wp\/v2\/product_brand?post=5518"},{"taxonomy":"product_cat","embeddable":true,"href":"https:\/\/mountlaser.com\/fr_fr\/wp-json\/wp\/v2\/product_cat?post=5518"},{"taxonomy":"product_tag","embeddable":true,"href":"https:\/\/mountlaser.com\/fr_fr\/wp-json\/wp\/v2\/product_tag?post=5518"}],"curies":[{"name":"wp","href":"https:\/\/api.w.org\/{rel}","templated":true}]}}