{"id":5509,"date":"2025-12-08T03:30:09","date_gmt":"2025-12-08T03:30:09","guid":{"rendered":"https:\/\/mountlaser.com\/?post_type=product&#038;p=5509"},"modified":"2025-12-08T05:10:26","modified_gmt":"2025-12-08T05:10:26","slug":"bl02-triangle-bubble-level","status":"publish","type":"product","link":"https:\/\/mountlaser.com\/fr_fr\/produit\/bl02-triangle-bubble-level\/","title":{"rendered":"Niveau \u00e0 bulle triangulaire BL02"},"content":{"rendered":"<p>Le <a href=\"https:\/\/mountlaser.com\/fr_fr\/\"><strong>Niveau \u00e0 bulle triangulaire BL02<\/strong><\/a> Le niveau \u00e0 bulle triangulaire BL02 est un composant de nivellement de pr\u00e9cision con\u00e7u pour un positionnement de haute exactitude dans les stations totales, les tribrachs et les syst\u00e8mes \u00e0 prisme. De forme triangulaire distinctive, avec un bo\u00eetier argent\u00e9 et une bulle centrale blanche, il offre une excellente visibilit\u00e9 et une grande fiabilit\u00e9 dans les environnements topographiques exigeants.<\/p>\n<p>Le BL02 offre un nivellement multiaxes stable, ce qui le rend id\u00e9al pour les g\u00e9om\u00e8tres professionnels exigeant une pr\u00e9cision maximale. Qu&#039;il soit utilis\u00e9 comme \u00e9l\u00e9ment d&#039;\u00e9talonnage autonome ou int\u00e9gr\u00e9 \u00e0 des instruments optiques, le <a href=\"https:\/\/mountlaser.com\/fr_fr\/about-us\/\">Niveau \u00e0 bulle triangulaire BL02<\/a> assure un nivellement rapide et pr\u00e9cis \u00e0 chaque installation.<\/p>\n<p><img fetchpriority=\"high\" decoding=\"async\" class=\"aligncenter wp-image-5510\" src=\"https:\/\/mountlaser.com\/wp-content\/uploads\/2025\/12\/BL021.webp\" alt=\"BL02 triangle bubble level\" width=\"500\" height=\"500\" srcset=\"https:\/\/mountlaser.com\/wp-content\/uploads\/2025\/12\/BL021.webp 1000w, https:\/\/mountlaser.com\/wp-content\/uploads\/2025\/12\/BL021-300x300.webp 300w, https:\/\/mountlaser.com\/wp-content\/uploads\/2025\/12\/BL021-150x150.webp 150w, https:\/\/mountlaser.com\/wp-content\/uploads\/2025\/12\/BL021-768x768.webp 768w, https:\/\/mountlaser.com\/wp-content\/uploads\/2025\/12\/BL021-12x12.webp 12w, https:\/\/mountlaser.com\/wp-content\/uploads\/2025\/12\/BL021-600x600.webp 600w, https:\/\/mountlaser.com\/wp-content\/uploads\/2025\/12\/BL021-800x800.webp 800w, https:\/\/mountlaser.com\/wp-content\/uploads\/2025\/12\/BL021-400x400.webp 400w\" sizes=\"(max-width: 500px) 100vw, 500px\" \/><\/p>\n<p>Compatible avec les syst\u00e8mes de stations totales PEN de type japonais, ce <a href=\"https:\/\/mountlaser.com\/fr_fr\/contact-us\/\"><strong>Niveau \u00e0 bulle Bullseye<\/strong><\/a> Id\u00e9al pour maintenir la stabilit\u00e9 des instruments, le niveau \u00e0 bulle triangulaire BL02, l\u00e9ger et robuste, est une solution fiable pour un alignement pr\u00e9cis sur le terrain. Sa conception assure une fiabilit\u00e9 \u00e0 long terme. Les g\u00e9om\u00e8tres professionnels font confiance \u00e0 ce niveau \u00e0 bulle Bullseye pour obtenir des mesures coh\u00e9rentes et r\u00e9p\u00e9tables dans toutes les conditions de travail.<\/p>","protected":false},"excerpt":{"rendered":"<ul>\n<li>Conception triangulaire de pr\u00e9cision pour un nivellement rapide et pr\u00e9cis.<\/li>\n<li>Bo\u00eetier argent\u00e9 r\u00e9sistant avec une bulle centrale blanche transparente pour une visibilit\u00e9 optimale.<\/li>\n<li>Compatible avec les tribrachs, les porte-satellites et les ensembles prismatiques pour une utilisation polyvalente.<\/li>\n<li>Performances stables du niveau \u00e0 bulle Bullseye, assurant une r\u00e9f\u00e9rence horizontale fiable.<\/li>\n<li>Compact et l\u00e9ger, id\u00e9al pour les applications sur le terrain et en laboratoire.<\/li>\n<\/ul>","protected":false},"featured_media":5510,"comment_status":"open","ping_status":"closed","template":"","meta":[],"product_brand":[],"product_cat":[79,153],"product_tag":[],"class_list":{"0":"post-5509","1":"product","2":"type-product","3":"status-publish","4":"has-post-thumbnail","6":"product_cat-surveying-accessory","7":"product_cat-bubble-for-tribrach-carrier-prism","9":"first","10":"instock","11":"shipping-taxable","12":"product-type-simple"},"_links":{"self":[{"href":"https:\/\/mountlaser.com\/fr_fr\/wp-json\/wp\/v2\/product\/5509","targetHints":{"allow":["GET"]}}],"collection":[{"href":"https:\/\/mountlaser.com\/fr_fr\/wp-json\/wp\/v2\/product"}],"about":[{"href":"https:\/\/mountlaser.com\/fr_fr\/wp-json\/wp\/v2\/types\/product"}],"replies":[{"embeddable":true,"href":"https:\/\/mountlaser.com\/fr_fr\/wp-json\/wp\/v2\/comments?post=5509"}],"wp:featuredmedia":[{"embeddable":true,"href":"https:\/\/mountlaser.com\/fr_fr\/wp-json\/wp\/v2\/media\/5510"}],"wp:attachment":[{"href":"https:\/\/mountlaser.com\/fr_fr\/wp-json\/wp\/v2\/media?parent=5509"}],"wp:term":[{"taxonomy":"product_brand","embeddable":true,"href":"https:\/\/mountlaser.com\/fr_fr\/wp-json\/wp\/v2\/product_brand?post=5509"},{"taxonomy":"product_cat","embeddable":true,"href":"https:\/\/mountlaser.com\/fr_fr\/wp-json\/wp\/v2\/product_cat?post=5509"},{"taxonomy":"product_tag","embeddable":true,"href":"https:\/\/mountlaser.com\/fr_fr\/wp-json\/wp\/v2\/product_tag?post=5509"}],"curies":[{"name":"wp","href":"https:\/\/api.w.org\/{rel}","templated":true}]}}