{"id":5502,"date":"2025-12-08T02:55:59","date_gmt":"2025-12-08T02:55:59","guid":{"rendered":"https:\/\/mountlaser.com\/?post_type=product&#038;p=5502"},"modified":"2025-12-08T02:55:59","modified_gmt":"2025-12-08T02:55:59","slug":"bl08-bubble-level","status":"publish","type":"product","link":"https:\/\/mountlaser.com\/fr_fr\/produit\/bl08-bubble-level\/","title":{"rendered":"Niveau \u00e0 bulle BL08"},"content":{"rendered":"<p>Le <a href=\"https:\/\/mountlaser.com\/fr_fr\/\"><strong>Niveau \u00e0 bulle BL08<\/strong><\/a> Ce niveau \u00e0 bulle de haute pr\u00e9cision est con\u00e7u sp\u00e9cifiquement pour les instruments de topographie professionnels. De conception am\u00e9ricaine TRI Dini03, il est dot\u00e9 d&#039;un bo\u00eetier noir robuste et d&#039;une fiole centrale vert vif pour une visibilit\u00e9 optimale sur le terrain. Polyvalent, ce niveau \u00e0 bulle BL08 offre une performance stable et une pr\u00e9cision fiable, qu&#039;il soit mont\u00e9 sur des prismes, des tribrachs ou des supports.<\/p>\n<p><img fetchpriority=\"high\" decoding=\"async\" class=\"aligncenter wp-image-5503\" src=\"https:\/\/mountlaser.com\/wp-content\/uploads\/2025\/12\/BL081-1.webp\" alt=\"BL08 Bubble Level\" width=\"500\" height=\"500\" srcset=\"https:\/\/mountlaser.com\/wp-content\/uploads\/2025\/12\/BL081-1.webp 1000w, https:\/\/mountlaser.com\/wp-content\/uploads\/2025\/12\/BL081-1-300x300.webp 300w, https:\/\/mountlaser.com\/wp-content\/uploads\/2025\/12\/BL081-1-150x150.webp 150w, https:\/\/mountlaser.com\/wp-content\/uploads\/2025\/12\/BL081-1-768x768.webp 768w, https:\/\/mountlaser.com\/wp-content\/uploads\/2025\/12\/BL081-1-12x12.webp 12w, https:\/\/mountlaser.com\/wp-content\/uploads\/2025\/12\/BL081-1-600x600.webp 600w, https:\/\/mountlaser.com\/wp-content\/uploads\/2025\/12\/BL081-1-800x800.webp 800w, https:\/\/mountlaser.com\/wp-content\/uploads\/2025\/12\/BL081-1-400x400.webp 400w\" sizes=\"(max-width: 500px) 100vw, 500px\" \/><\/p>\n<p>Con\u00e7u pour r\u00e9pondre aux normes industrielles les plus strictes, ce niveau \u00e0 bulle BL08 est \u00e9galement largement reconnu comme un <a href=\"https:\/\/mountlaser.com\/fr_fr\/categorie-produit\/surveying-accessory\/\"><strong>niveau \u00e0 bulle num\u00e9rique TRI<\/strong><\/a>, Ce niveau \u00e0 bulle num\u00e9rique TRI offre un support de nivellement constant pour les stations totales et autres instruments optiques. Sa structure robuste garantit une longue dur\u00e9e de vie, tandis que sa conception compacte et non circulaire am\u00e9liore son adaptabilit\u00e9 \u00e0 divers environnements de montage. Les professionnels font confiance \u00e0 ce niveau \u00e0 bulle num\u00e9rique TRI pour un alignement pr\u00e9cis, des installations stables et des mesures fiables. Gr\u00e2ce \u00e0 sa conception conviviale,<a href=\"https:\/\/mountlaser.com\/fr_fr\/contact-us\/\"> niveau \u00e0 bulle num\u00e9rique TRI<\/a> Am\u00e9liore l&#039;efficacit\u00e9 des flux de travail, que ce soit pour l&#039;am\u00e9nagement de chantiers, les lev\u00e9s topographiques ou les applications d&#039;ing\u00e9nierie.<\/p>","protected":false},"excerpt":{"rendered":"<ul>\n<li>Haute visibilit\u00e9 : la bulle centrale verte offre une excellente lisibilit\u00e9 m\u00eame en plein soleil ou dans des conditions de faible luminosit\u00e9.<\/li>\n<li>Construction durable : Le bo\u00eetier noir renforc\u00e9 offre une protection robuste pour une utilisation prolong\u00e9e sur le terrain.<\/li>\n<li>Nivellement de pr\u00e9cision\u00a0: assure un alignement pr\u00e9cis des prismes et des instruments topographiques, garantissant des mesures stables et fiables.<\/li>\n<li>Conception compacte non circulaire\u00a0: am\u00e9liore la compatibilit\u00e9 avec les instruments et prend en charge une large gamme de configurations de montage.<\/li>\n<\/ul>","protected":false},"featured_media":5504,"comment_status":"open","ping_status":"closed","template":"","meta":[],"product_brand":[],"product_cat":[79,153],"product_tag":[],"class_list":{"0":"post-5502","1":"product","2":"type-product","3":"status-publish","4":"has-post-thumbnail","6":"product_cat-surveying-accessory","7":"product_cat-bubble-for-tribrach-carrier-prism","9":"first","10":"instock","11":"shipping-taxable","12":"product-type-simple"},"_links":{"self":[{"href":"https:\/\/mountlaser.com\/fr_fr\/wp-json\/wp\/v2\/product\/5502","targetHints":{"allow":["GET"]}}],"collection":[{"href":"https:\/\/mountlaser.com\/fr_fr\/wp-json\/wp\/v2\/product"}],"about":[{"href":"https:\/\/mountlaser.com\/fr_fr\/wp-json\/wp\/v2\/types\/product"}],"replies":[{"embeddable":true,"href":"https:\/\/mountlaser.com\/fr_fr\/wp-json\/wp\/v2\/comments?post=5502"}],"wp:featuredmedia":[{"embeddable":true,"href":"https:\/\/mountlaser.com\/fr_fr\/wp-json\/wp\/v2\/media\/5504"}],"wp:attachment":[{"href":"https:\/\/mountlaser.com\/fr_fr\/wp-json\/wp\/v2\/media?parent=5502"}],"wp:term":[{"taxonomy":"product_brand","embeddable":true,"href":"https:\/\/mountlaser.com\/fr_fr\/wp-json\/wp\/v2\/product_brand?post=5502"},{"taxonomy":"product_cat","embeddable":true,"href":"https:\/\/mountlaser.com\/fr_fr\/wp-json\/wp\/v2\/product_cat?post=5502"},{"taxonomy":"product_tag","embeddable":true,"href":"https:\/\/mountlaser.com\/fr_fr\/wp-json\/wp\/v2\/product_tag?post=5502"}],"curies":[{"name":"wp","href":"https:\/\/api.w.org\/{rel}","templated":true}]}}