{"id":5499,"date":"2025-12-08T02:00:11","date_gmt":"2025-12-08T02:00:11","guid":{"rendered":"https:\/\/mountlaser.com\/?post_type=product&#038;p=5499"},"modified":"2025-12-08T02:00:11","modified_gmt":"2025-12-08T02:00:11","slug":"bl06-digital-bubble-level","status":"publish","type":"product","link":"https:\/\/mountlaser.com\/fr_fr\/produit\/bl06-digital-bubble-level\/","title":{"rendered":"Niveau \u00e0 bulle num\u00e9rique BL06"},"content":{"rendered":"<p>Le <a href=\"https:\/\/mountlaser.com\/fr_fr\/categorie-produit\/surveying-accessory\/\"><strong>Niveau \u00e0 bulle num\u00e9rique BL06<\/strong><\/a> Ce niveau \u00e0 bulle circulaire de haute pr\u00e9cision est con\u00e7u pour les applications topographiques professionnelles. Son bo\u00eetier de style suisse lui conf\u00e8re une pr\u00e9cision et une fluidit\u00e9 exceptionnelles, permettant une mise \u00e0 niveau optimale d&#039;instruments tels que les tribrachs, les chariots et les prismes. Enti\u00e8rement en argent, il garantit une durabilit\u00e9 remarquable, tandis que sa forme parfaitement ronde assure une sensibilit\u00e9 constante dans toutes les directions.<\/p>\n<p><img fetchpriority=\"high\" decoding=\"async\" class=\"aligncenter wp-image-5500\" src=\"https:\/\/mountlaser.com\/wp-content\/uploads\/2025\/12\/01.webp\" alt=\"BL06 Digital bubble level\" width=\"500\" height=\"500\" srcset=\"https:\/\/mountlaser.com\/wp-content\/uploads\/2025\/12\/01.webp 1000w, https:\/\/mountlaser.com\/wp-content\/uploads\/2025\/12\/01-300x300.webp 300w, https:\/\/mountlaser.com\/wp-content\/uploads\/2025\/12\/01-150x150.webp 150w, https:\/\/mountlaser.com\/wp-content\/uploads\/2025\/12\/01-768x768.webp 768w, https:\/\/mountlaser.com\/wp-content\/uploads\/2025\/12\/01-12x12.webp 12w, https:\/\/mountlaser.com\/wp-content\/uploads\/2025\/12\/01-600x600.webp 600w, https:\/\/mountlaser.com\/wp-content\/uploads\/2025\/12\/01-800x800.webp 800w, https:\/\/mountlaser.com\/wp-content\/uploads\/2025\/12\/01-400x400.webp 400w\" sizes=\"(max-width: 500px) 100vw, 500px\" \/><\/p>\n<p>Niveau \u00e0 bulle num\u00e9rique BL06, il offre une pr\u00e9cision stable et r\u00e9p\u00e9table sur laquelle les g\u00e9om\u00e8tres peuvent compter lors de la configuration de leurs instruments. Sa construction robuste et son \u00e9talonnage pr\u00e9cis par fiole le rendent id\u00e9al pour les stations totales, les syst\u00e8mes GNSS, les niveaux automatiques et autres instruments de pr\u00e9cision n\u00e9cessitant un alignement horizontal fiable. Qu&#039;il soit utilis\u00e9 comme pi\u00e8ce de rechange ou int\u00e9gr\u00e9 \u00e0 un nouvel \u00e9quipement, ce niveau \u00e0 bulle num\u00e9rique BL06 est un outil fiable et performant. <!--StartFragment --><a href=\"https:\/\/mountlaser.com\/fr_fr\/about-us\/\"><strong><span class=\"cf0\">Niveau \u00e0 bulle de pr\u00e9cision<\/span><\/strong><\/a><!--EndFragment -->\u00a0garantit la fiabilit\u00e9 des mesures m\u00eame dans des environnements de terrain exigeants.<\/p>","protected":false},"excerpt":{"rendered":"<ul>\n<li>La fiole circulaire de haute pr\u00e9cision assure un nivellement pr\u00e9cis et constant des instruments topographiques.<\/li>\n<li>Le bo\u00eetier enti\u00e8rement argent\u00e9 offre une excellente durabilit\u00e9 et une grande r\u00e9sistance aux conditions difficiles.<\/li>\n<li>La conception \u00e0 bulle parfaitement ronde am\u00e9liore la sensibilit\u00e9 et la capacit\u00e9 de nivellement multidirectionnel.<\/li>\n<li>Compatible avec les tribrachs, les porte-satellites, les prismes et les syst\u00e8mes de nivellement optique\/automatique.<\/li>\n<li>Sa fabrication de pr\u00e9cision de style suisse garantit une stabilit\u00e9 \u00e0 long terme et un alignement fiable des instruments.<\/li>\n<\/ul>","protected":false},"featured_media":5500,"comment_status":"open","ping_status":"closed","template":"","meta":[],"product_brand":[],"product_cat":[79,153],"product_tag":[],"class_list":{"0":"post-5499","1":"product","2":"type-product","3":"status-publish","4":"has-post-thumbnail","6":"product_cat-surveying-accessory","7":"product_cat-bubble-for-tribrach-carrier-prism","9":"first","10":"instock","11":"shipping-taxable","12":"product-type-simple"},"_links":{"self":[{"href":"https:\/\/mountlaser.com\/fr_fr\/wp-json\/wp\/v2\/product\/5499","targetHints":{"allow":["GET"]}}],"collection":[{"href":"https:\/\/mountlaser.com\/fr_fr\/wp-json\/wp\/v2\/product"}],"about":[{"href":"https:\/\/mountlaser.com\/fr_fr\/wp-json\/wp\/v2\/types\/product"}],"replies":[{"embeddable":true,"href":"https:\/\/mountlaser.com\/fr_fr\/wp-json\/wp\/v2\/comments?post=5499"}],"wp:featuredmedia":[{"embeddable":true,"href":"https:\/\/mountlaser.com\/fr_fr\/wp-json\/wp\/v2\/media\/5500"}],"wp:attachment":[{"href":"https:\/\/mountlaser.com\/fr_fr\/wp-json\/wp\/v2\/media?parent=5499"}],"wp:term":[{"taxonomy":"product_brand","embeddable":true,"href":"https:\/\/mountlaser.com\/fr_fr\/wp-json\/wp\/v2\/product_brand?post=5499"},{"taxonomy":"product_cat","embeddable":true,"href":"https:\/\/mountlaser.com\/fr_fr\/wp-json\/wp\/v2\/product_cat?post=5499"},{"taxonomy":"product_tag","embeddable":true,"href":"https:\/\/mountlaser.com\/fr_fr\/wp-json\/wp\/v2\/product_tag?post=5499"}],"curies":[{"name":"wp","href":"https:\/\/api.w.org\/{rel}","templated":true}]}}