{"id":5492,"date":"2025-12-08T01:21:19","date_gmt":"2025-12-08T01:21:19","guid":{"rendered":"https:\/\/mountlaser.com\/?post_type=product&#038;p=5492"},"modified":"2025-12-08T01:21:19","modified_gmt":"2025-12-08T01:21:19","slug":"bl03-bubble-for-auto-level","status":"publish","type":"product","link":"https:\/\/mountlaser.com\/fr_fr\/produit\/bl03-bubble-for-auto-level\/","title":{"rendered":"Bulle BL03 pour niveau automatique"},"content":{"rendered":"<p>Le <a href=\"https:\/\/mountlaser.com\/fr_fr\/categorie-produit\/surveying-accessory\/\"><strong>Bulle BL03 pour niveau automatique<\/strong><\/a> Le BL03 est un composant de nivellement de pr\u00e9cision con\u00e7u sp\u00e9cifiquement pour les instruments optiques de haute pr\u00e9cision. Fabriqu\u00e9 selon une conception suisse, le niveau \u00e0 bulle BL03 pour autonivellement offre une stabilit\u00e9 et une fiabilit\u00e9 exceptionnelles pour les applications de terrain exigeantes. Sa construction robuste enti\u00e8rement en argent lui conf\u00e8re une grande long\u00e9vit\u00e9 tout en maintenant une excellente visibilit\u00e9 dans diverses conditions d&#039;\u00e9clairage. Compatible avec les instruments de type NA2, ce <a href=\"https:\/\/mountlaser.com\/fr_fr\/products\/\"><strong>bulle de niveau automatique NA2<\/strong><\/a> offre des performances de nivellement fluides et pr\u00e9cises pour les g\u00e9om\u00e8tres qui exigent une pr\u00e9cision constante.<\/p>\n<p><img fetchpriority=\"high\" decoding=\"async\" class=\"aligncenter wp-image-5494\" src=\"https:\/\/mountlaser.com\/wp-content\/uploads\/2025\/12\/BL032.webp\" alt=\"BL03 bubble for auto level\" width=\"500\" height=\"500\" srcset=\"https:\/\/mountlaser.com\/wp-content\/uploads\/2025\/12\/BL032.webp 1000w, https:\/\/mountlaser.com\/wp-content\/uploads\/2025\/12\/BL032-300x300.webp 300w, https:\/\/mountlaser.com\/wp-content\/uploads\/2025\/12\/BL032-150x150.webp 150w, https:\/\/mountlaser.com\/wp-content\/uploads\/2025\/12\/BL032-768x768.webp 768w, https:\/\/mountlaser.com\/wp-content\/uploads\/2025\/12\/BL032-12x12.webp 12w, https:\/\/mountlaser.com\/wp-content\/uploads\/2025\/12\/BL032-600x600.webp 600w, https:\/\/mountlaser.com\/wp-content\/uploads\/2025\/12\/BL032-800x800.webp 800w, https:\/\/mountlaser.com\/wp-content\/uploads\/2025\/12\/BL032-400x400.webp 400w\" sizes=\"(max-width: 500px) 100vw, 500px\" \/><\/p>\n<p>Con\u00e7u pour une int\u00e9gration parfaite, le niveau \u00e0 bulle automatique NA2 garantit un alignement optimal et une pr\u00e9cision de mesure constante. Il am\u00e9liore les performances de votre instrument de nivellement en optimisant la vitesse d&#039;installation et en r\u00e9duisant les erreurs de nivellement. Gr\u00e2ce \u00e0 sa structure perfectionn\u00e9e, <a href=\"https:\/\/mountlaser.com\/fr_fr\/\">Bulle BL03 pour niveau automatique<\/a> est un composant fiable pour le remplacement et la maintenance des instruments.<\/p>","protected":false},"excerpt":{"rendered":"<ul>\n<li>La conception de style suisse garantit une pr\u00e9cision exceptionnelle et des performances de nivellement stables.<\/li>\n<li>Le bo\u00eetier enti\u00e8rement argent\u00e9 et durable offre une r\u00e9sistance accrue aux chocs, \u00e0 la corrosion et \u00e0 l&#039;usure.<\/li>\n<li>La chambre \u00e0 bulles haute sensibilit\u00e9 permet un nivellement plus rapide et une fiabilit\u00e9 de mesure am\u00e9lior\u00e9e.<\/li>\n<li>Compatible avec les niveaux automatiques NA2 pour un remplacement facile et une dur\u00e9e de vie prolong\u00e9e de l&#039;instrument.<\/li>\n<li>Optimis\u00e9 pour les lev\u00e9s topographiques professionnels, offrant des r\u00e9sultats constants dans les applications de construction, de cartographie et d&#039;ing\u00e9nierie.<\/li>\n<\/ul>","protected":false},"featured_media":5493,"comment_status":"open","ping_status":"closed","template":"","meta":[],"product_brand":[],"product_cat":[79,153],"product_tag":[],"class_list":{"0":"post-5492","1":"product","2":"type-product","3":"status-publish","4":"has-post-thumbnail","6":"product_cat-surveying-accessory","7":"product_cat-bubble-for-tribrach-carrier-prism","9":"first","10":"instock","11":"shipping-taxable","12":"product-type-simple"},"_links":{"self":[{"href":"https:\/\/mountlaser.com\/fr_fr\/wp-json\/wp\/v2\/product\/5492","targetHints":{"allow":["GET"]}}],"collection":[{"href":"https:\/\/mountlaser.com\/fr_fr\/wp-json\/wp\/v2\/product"}],"about":[{"href":"https:\/\/mountlaser.com\/fr_fr\/wp-json\/wp\/v2\/types\/product"}],"replies":[{"embeddable":true,"href":"https:\/\/mountlaser.com\/fr_fr\/wp-json\/wp\/v2\/comments?post=5492"}],"wp:featuredmedia":[{"embeddable":true,"href":"https:\/\/mountlaser.com\/fr_fr\/wp-json\/wp\/v2\/media\/5493"}],"wp:attachment":[{"href":"https:\/\/mountlaser.com\/fr_fr\/wp-json\/wp\/v2\/media?parent=5492"}],"wp:term":[{"taxonomy":"product_brand","embeddable":true,"href":"https:\/\/mountlaser.com\/fr_fr\/wp-json\/wp\/v2\/product_brand?post=5492"},{"taxonomy":"product_cat","embeddable":true,"href":"https:\/\/mountlaser.com\/fr_fr\/wp-json\/wp\/v2\/product_cat?post=5492"},{"taxonomy":"product_tag","embeddable":true,"href":"https:\/\/mountlaser.com\/fr_fr\/wp-json\/wp\/v2\/product_tag?post=5492"}],"curies":[{"name":"wp","href":"https:\/\/api.w.org\/{rel}","templated":true}]}}