{"id":5478,"date":"2025-12-05T09:17:47","date_gmt":"2025-12-05T09:17:47","guid":{"rendered":"https:\/\/mountlaser.com\/?post_type=product&#038;p=5478"},"modified":"2025-12-11T09:26:00","modified_gmt":"2025-12-11T09:26:00","slug":"de-2b-series-theodolite","status":"publish","type":"product","link":"https:\/\/mountlaser.com\/fr_fr\/produit\/de-2b-series-theodolite\/","title":{"rendered":"Th\u00e9odolite s\u00e9rie DE-2B"},"content":{"rendered":"<p>La s\u00e9rie DE-2B offre une solution sur mesure pour l&#039;alignement pr\u00e9cis et la mesure d&#039;angles. Que vous ayez besoin de la fiabilit\u00e9 \u00e9prouv\u00e9e d&#039;un mod\u00e8le optique ou du pointage pr\u00e9cis et ultra-visible d&#039;un laser vert, la s\u00e9rie DE-2B r\u00e9pond \u00e0 vos besoins. <a href=\"https:\/\/mountlaser.com\/fr_fr\/\"><strong>Th\u00e9odolite \u00e9lectronique DE-2B<\/strong><\/a><\/p>\n<p>Choisissez parmi une gamme de mod\u00e8les qui se distinguent par leur bo\u00eetier color\u00e9 robuste et leurs configurations de pointeur laser avanc\u00e9es, tous construits sur une base de performances optiques et \u00e9lectroniques solides.<\/p>\n<p><img fetchpriority=\"high\" decoding=\"async\" class=\"aligncenter wp-image-5479\" src=\"https:\/\/mountlaser.com\/wp-content\/uploads\/2025\/12\/DE-2ALG1_\u526f\u672c.webp\" alt=\"Electronic Theodolite DE-2B\" width=\"500\" height=\"500\" srcset=\"https:\/\/mountlaser.com\/wp-content\/uploads\/2025\/12\/DE-2ALG1_\u526f\u672c.webp 1000w, https:\/\/mountlaser.com\/wp-content\/uploads\/2025\/12\/DE-2ALG1_\u526f\u672c-300x300.webp 300w, https:\/\/mountlaser.com\/wp-content\/uploads\/2025\/12\/DE-2ALG1_\u526f\u672c-150x150.webp 150w, https:\/\/mountlaser.com\/wp-content\/uploads\/2025\/12\/DE-2ALG1_\u526f\u672c-768x768.webp 768w, https:\/\/mountlaser.com\/wp-content\/uploads\/2025\/12\/DE-2ALG1_\u526f\u672c-12x12.webp 12w, https:\/\/mountlaser.com\/wp-content\/uploads\/2025\/12\/DE-2ALG1_\u526f\u672c-600x600.webp 600w, https:\/\/mountlaser.com\/wp-content\/uploads\/2025\/12\/DE-2ALG1_\u526f\u672c-800x800.webp 800w, https:\/\/mountlaser.com\/wp-content\/uploads\/2025\/12\/DE-2ALG1_\u526f\u672c-400x400.webp 400w\" sizes=\"(max-width: 500px) 100vw, 500px\" \/><\/p>\n<p><strong>Th\u00e9odolites de la s\u00e9rie DE-2B OU th\u00e9odolite \u00e9lectronique DE-2B<\/strong><br \/>\nTh\u00e9odolite DE-2BR, bo\u00eetier rouge, laser rouge inf\u00e9rieur, optique sup\u00e9rieure<br \/>\nTh\u00e9odolite DE-2BY, bo\u00eetier jaune, laser rouge inf\u00e9rieur, optique sup\u00e9rieure<br \/>\nTh\u00e9odolite DE-2BG, bo\u00eetier vert, laser rouge inf\u00e9rieur, optique sup\u00e9rieure<br \/>\nTh\u00e9odolite DEL-2BG, bo\u00eetier vert, laser rouge inf\u00e9rieur, laser rouge sup\u00e9rieur<br \/>\nTh\u00e9odolite DEL-2BR, bo\u00eetier rouge, laser rouge inf\u00e9rieur, laser rouge sup\u00e9rieur<br \/>\nTh\u00e9odolite DEL-2BY, bo\u00eetier jaune, laser rouge inf\u00e9rieur, laser rouge sup\u00e9rieur<br \/>\nTh\u00e9odolite DEL-2BGG, bo\u00eetier vert, laser rouge inf\u00e9rieur, laser vert sup\u00e9rieur<br \/>\nTh\u00e9odolite DEL-2BRG, bo\u00eetier rouge, laser rouge inf\u00e9rieur, laser vert sup\u00e9rieur<br \/>\nTh\u00e9odolite DEL-2BYG, bo\u00eetier jaune, laser rouge inf\u00e9rieur, laser vert sup\u00e9rieur<\/p>\n<p><strong><a href=\"https:\/\/mountlaser.com\/fr_fr\/\">Th\u00e9odolites de la s\u00e9rie DE-2B<\/a> Caract\u00e9ristiques<\/strong><\/p>\n<table style=\"border-collapse: collapse; width: 847px; height: 948px;\" border=\"0\" width=\"792\" cellspacing=\"0\" cellpadding=\"0\">\n<tbody>\n<tr style=\"height: 13.50pt;\">\n<td class=\"et2\" style=\"height: 13.50pt; width: 230.25pt;\" colspan=\"2\" width=\"307\" height=\"18\">Num\u00e9ro de mod\u00e8le.<\/td>\n<td class=\"et3\" style=\"width: 117.00pt;\" width=\"156\">DE-2BR\/2BY\/2BG<\/td>\n<td class=\"et3\" style=\"width: 117.00pt;\" width=\"156\">DEL-2BR\/2BY\/2BG<\/td>\n<td class=\"et3\" style=\"width: 129.75pt;\" width=\"173\">DEL-2BRG\/2BYG\/2BGG<\/td>\n<\/tr>\n<tr style=\"height: 13.50pt;\">\n<td class=\"et3\" style=\"height: 13.50pt;\" height=\"18\">Tribrach<\/td>\n<td class=\"et3\">Mod\u00e8le<\/td>\n<td class=\"et3\">D\u00e9tachable<\/td>\n<td class=\"et3\">D\u00e9tachable<\/td>\n<td class=\"et3\">D\u00e9tachable<\/td>\n<\/tr>\n<tr style=\"height: 13.50pt;\">\n<td class=\"et2\" style=\"height: 108.00pt;\" rowspan=\"8\" height=\"144\">T\u00e9lescope<\/td>\n<td class=\"et3\">Imagerie<\/td>\n<td class=\"et3\">\u00c9riger<\/td>\n<td class=\"et3\">\u00c9riger<\/td>\n<td class=\"et3\">\u00c9riger<\/td>\n<\/tr>\n<tr style=\"height: 13.50pt;\">\n<td class=\"et3\">Grossissement<\/td>\n<td class=\"et3\">30X<\/td>\n<td class=\"et3\">30X<\/td>\n<td class=\"et3\">30X<\/td>\n<\/tr>\n<tr style=\"height: 13.50pt;\">\n<td class=\"et3\">Ouverture de l&#039;objectif<\/td>\n<td class=\"et3\">45 mm<\/td>\n<td class=\"et3\">45 mm<\/td>\n<td class=\"et3\">45 mm<\/td>\n<\/tr>\n<tr style=\"height: 13.50pt;\">\n<td class=\"et3\">R\u00e9solution<\/td>\n<td class=\"et3\">3\u2033<\/td>\n<td class=\"et3\">3\u2033<\/td>\n<td class=\"et3\">3\u2033<\/td>\n<\/tr>\n<tr style=\"height: 13.50pt;\">\n<td class=\"et3\">Champ de vision<\/td>\n<td class=\"et3\">1\u00b030\u2032<\/td>\n<td class=\"et3\">1\u00b030\u2032<\/td>\n<td class=\"et3\">1\u00b030\u2032<\/td>\n<\/tr>\n<tr style=\"height: 13.50pt;\">\n<td class=\"et3\">Concentration minimale<\/td>\n<td class=\"et3\">1,35 m<\/td>\n<td class=\"et3\">1,35 m<\/td>\n<td class=\"et3\">1,35 m<\/td>\n<\/tr>\n<tr style=\"height: 13.50pt;\">\n<td class=\"et3\">Constante de multiplication\/addition<\/td>\n<td class=\"et3\">100\/ 0<\/td>\n<td class=\"et3\">100\/ 0<\/td>\n<td class=\"et3\">100\/ 0<\/td>\n<\/tr>\n<tr style=\"height: 13.50pt;\">\n<td class=\"et3\">Longueur<\/td>\n<td class=\"et3\">155 mm<\/td>\n<td class=\"et3\">155 mm<\/td>\n<td class=\"et3\">155 mm<\/td>\n<\/tr>\n<tr style=\"height: 13.50pt;\">\n<td class=\"et2\" style=\"height: 67.50pt;\" rowspan=\"5\" height=\"90\">Mesure d&#039;angle<\/td>\n<td class=\"et3\">Mode de mesure<\/td>\n<td class=\"et3\">Encodeur absolu<\/td>\n<td class=\"et3\">Encodeur absolu<\/td>\n<td class=\"et3\">Encodeur absolu<\/td>\n<\/tr>\n<tr style=\"height: 13.50pt;\">\n<td class=\"et3\">Lecture minimale<\/td>\n<td class=\"et3\">1\u2033\/ 5\u2033<\/td>\n<td class=\"et3\">1\u2033\/ 5\u2033<\/td>\n<td class=\"et3\">1\u2033\/ 5\u2033<\/td>\n<\/tr>\n<tr style=\"height: 13.50pt;\">\n<td class=\"et3\">Pr\u00e9cision de lecture<\/td>\n<td class=\"et3\">2\u2033\/ 5\u2033\/ 10\u2033<\/td>\n<td class=\"et3\">2\u2033\/ 5\u2033\/ 10\u2033<\/td>\n<td class=\"et3\">2\u2033\/ 5\u2033\/ 10\u2033<\/td>\n<\/tr>\n<tr style=\"height: 13.50pt;\">\n<td class=\"et3\">Diam\u00e8tre du cercle<\/td>\n<td class=\"et3\">79 mm<\/td>\n<td class=\"et3\">79 mm<\/td>\n<td class=\"et3\">79 mm<\/td>\n<\/tr>\n<tr style=\"height: 13.50pt;\">\n<td class=\"et3\">Unit\u00e9s d&#039;angle<\/td>\n<td class=\"et3\">360\u00b0\/ 400 gon\/ 6400 mil<\/td>\n<td class=\"et3\">360\u00b0\/ 400 gon\/ 6400 mil<\/td>\n<td class=\"et3\">360\u00b0\/ 400 gon\/ 6400 mil<\/td>\n<\/tr>\n<tr style=\"height: 13.50pt;\">\n<td class=\"et2\" style=\"height: 27.00pt;\" rowspan=\"2\" height=\"36\">Compensateur<\/td>\n<td class=\"et3\">Capteur d&#039;inclinaison<\/td>\n<td class=\"et3\">Oui<\/td>\n<td class=\"et3\">Oui<\/td>\n<td class=\"et3\">Oui<\/td>\n<\/tr>\n<tr style=\"height: 13.50pt;\">\n<td class=\"et3\">Gamme<\/td>\n<td class=\"et3\">\u00b13\u2032<\/td>\n<td class=\"et3\">\u00b13\u2032<\/td>\n<td class=\"et3\">\u00b13\u2032<\/td>\n<\/tr>\n<tr style=\"height: 13.50pt;\">\n<td class=\"et2\" style=\"height: 54.00pt;\" rowspan=\"4\" height=\"72\">Plongeon laser<\/td>\n<td class=\"et3\">Longueur d&#039;onde<\/td>\n<td class=\"et3\">Faisceau rouge de 635 nm<\/td>\n<td class=\"et3\">Faisceau rouge de 635 nm<\/td>\n<td class=\"et3\">Faisceau rouge de 635 nm<\/td>\n<\/tr>\n<tr style=\"height: 13.50pt;\">\n<td class=\"et3\">Pouvoir<\/td>\n<td class=\"et3\">1 mW<\/td>\n<td class=\"et3\">1 mW<\/td>\n<td class=\"et3\">1 mW<\/td>\n<\/tr>\n<tr style=\"height: 13.50pt;\">\n<td class=\"et3\">Pr\u00e9cision (1,5 m)<\/td>\n<td class=\"et3\">\u00b10,5 mm<\/td>\n<td class=\"et3\">\u00b10,5 mm<\/td>\n<td class=\"et3\">\u00b10,5 mm<\/td>\n<\/tr>\n<tr style=\"height: 13.50pt;\">\n<td class=\"et3\">Qualit\u00e9 laser<\/td>\n<td class=\"et3\">Classe<span class=\"font6\">\u2161<\/span><\/td>\n<td class=\"et3\">Classe<span class=\"font6\">\u2161<\/span><\/td>\n<td class=\"et3\">Classe<span class=\"font6\">\u2161<\/span><\/td>\n<\/tr>\n<tr style=\"height: 13.50pt;\">\n<td class=\"et2\" style=\"height: 40.50pt;\" rowspan=\"3\" height=\"54\">Plomb optique (en option)<\/td>\n<td class=\"et3\">Grossissement<\/td>\n<td class=\"et3\">3x<\/td>\n<td class=\"et3\">3x<\/td>\n<td class=\"et3\">3x<\/td>\n<\/tr>\n<tr style=\"height: 13.50pt;\">\n<td class=\"et3\">Champ de vision<\/td>\n<td class=\"et3\">5\u00b0<\/td>\n<td class=\"et3\">5\u00b0<\/td>\n<td class=\"et3\">5\u00b0<\/td>\n<\/tr>\n<tr style=\"height: 13.50pt;\">\n<td class=\"et3\">Plage de mise au point<\/td>\n<td class=\"et3\">0,5 m \u2014<span class=\"font6\">\u221e<\/span><\/td>\n<td class=\"et3\">0,5 m \u2014<span class=\"font6\">\u221e<\/span><\/td>\n<td class=\"et3\">0,5 m \u2014<span class=\"font6\">\u221e<\/span><\/td>\n<\/tr>\n<tr style=\"height: 13.50pt;\">\n<td class=\"et2\" style=\"height: 67.50pt;\" rowspan=\"5\" height=\"90\">Pointeur laser<\/td>\n<td class=\"et3\">Longueur d&#039;onde<\/td>\n<td class=\"et3\">\/<\/td>\n<td class=\"et3\">Rouge 635 nm<\/td>\n<td class=\"et3\">Vert 520 nm<\/td>\n<\/tr>\n<tr style=\"height: 13.50pt;\">\n<td class=\"et3\">Pouvoir<\/td>\n<td class=\"et3\">\/<\/td>\n<td class=\"et3\">5 mW<\/td>\n<td class=\"et3\">5 mW<\/td>\n<\/tr>\n<tr style=\"height: 13.50pt;\">\n<td class=\"et3\">Port\u00e9e laser (de jour)<\/td>\n<td class=\"et3\">\/<\/td>\n<td class=\"et3\">180 m<\/td>\n<td class=\"et3\">250 m<\/td>\n<\/tr>\n<tr style=\"height: 13.50pt;\">\n<td class=\"et3\">Pr\u00e9cision coaxiale laser<\/td>\n<td class=\"et3\">\/<\/td>\n<td class=\"et4\">\u2264<span class=\"font7\">5\u2033<\/span><\/td>\n<td class=\"et5\">\u2264<span class=\"font1\">5\u2033<\/span><\/td>\n<\/tr>\n<tr style=\"height: 13.50pt;\">\n<td class=\"et3\">Diam\u00e8tre du point laser<\/td>\n<td class=\"et3\">\/<\/td>\n<td class=\"et6\">\u2264<span class=\"font8\">2 mm\/100 m<\/span><\/td>\n<td class=\"et6\">\u2264<span class=\"font8\">2 mm \/ 100 m<\/span><\/td>\n<\/tr>\n<tr style=\"height: 13.50pt;\">\n<td class=\"et2\" style=\"height: 27.00pt;\" rowspan=\"2\" height=\"36\">Ampoule<\/td>\n<td class=\"et3\">Flacon \u00e0 plaque<\/td>\n<td class=\"et3\">30\u2033\/ 2 mm<\/td>\n<td class=\"et3\">30\u2033\/ 2 mm<\/td>\n<td class=\"et3\">30\u2033\/ 2 mm<\/td>\n<\/tr>\n<tr style=\"height: 13.50pt;\">\n<td class=\"et3\">Flacon circulaire<\/td>\n<td class=\"et3\">8&#039;\/ 2 mm<\/td>\n<td class=\"et3\">8&#039;\/ 2 mm<\/td>\n<td class=\"et3\">8&#039;\/ 2 mm<\/td>\n<\/tr>\n<tr style=\"height: 13.50pt;\">\n<td class=\"et3\" style=\"height: 13.50pt;\" height=\"18\">Afficher<\/td>\n<td class=\"et3\">Double face<\/td>\n<td class=\"et3\">R\u00e9tro\u00e9clairage LED<\/td>\n<td class=\"et3\">R\u00e9tro\u00e9clairage LED<\/td>\n<td class=\"et3\">R\u00e9tro\u00e9clairage LED<\/td>\n<\/tr>\n<tr style=\"height: 13.50pt;\">\n<td class=\"et2\" style=\"height: 27.00pt;\" rowspan=\"2\" height=\"36\">Pouvoir<\/td>\n<td class=\"et3\">Ressources \u00e9nerg\u00e9tiques<\/td>\n<td class=\"et7\">Batterie Li-ion 7,4 V 1650 mAh<\/td>\n<td class=\"et7\">Batterie Li-ion 7,4 V 1650 mAh<\/td>\n<td class=\"et7\">Batterie Li-ion 7,4 V 1650 mAh<\/td>\n<\/tr>\n<tr style=\"height: 13.50pt;\">\n<td class=\"et3\">Temp\u00e9rature de fonctionnement<\/td>\n<td class=\"et3\">-20<span class=\"font3\">\u2103\uff5e<\/span><span class=\"font1\">+50<\/span><span class=\"font3\">\u2103<\/span><\/td>\n<td class=\"et3\">-20<span class=\"font3\">\u2103\uff5e<\/span><span class=\"font1\">+50<\/span><span class=\"font3\">\u2103<\/span><\/td>\n<td class=\"et3\">-20<span class=\"font3\">\u2103\uff5e<\/span><span class=\"font1\">+50<\/span><span class=\"font3\">\u2103<\/span><\/td>\n<\/tr>\n<\/tbody>\n<\/table>","protected":false},"excerpt":{"rendered":"<ul>\n<li>Con\u00e7us pour la pr\u00e9cision et la durabilit\u00e9, tous les th\u00e9odolites optiques laser DE-2B et les mod\u00e8les \u00e9lectroniques partagent ces sp\u00e9cifications professionnelles\u00a0:<\/li>\n<li>Mesure de haute pr\u00e9cision\u00a0: Comprend un encodeur absolu<\/li>\n<li>Syst\u00e8me optique robuste\u00a0: Un t\u00e9lescope \u00e0 image redress\u00e9e \u00e0 grossissement 30x avec un objectif de 45\u00a0mm offre une image nette.<\/li>\n<\/ul>","protected":false},"featured_media":5480,"comment_status":"open","ping_status":"closed","template":"","meta":[],"product_brand":[],"product_cat":[144,95],"product_tag":[],"class_list":{"0":"post-5478","1":"product","2":"type-product","3":"status-publish","4":"has-post-thumbnail","6":"product_cat-theodoliteagent-sales","7":"product_cat-agent-sales","9":"first","10":"instock","11":"shipping-taxable","12":"product-type-simple"},"_links":{"self":[{"href":"https:\/\/mountlaser.com\/fr_fr\/wp-json\/wp\/v2\/product\/5478","targetHints":{"allow":["GET"]}}],"collection":[{"href":"https:\/\/mountlaser.com\/fr_fr\/wp-json\/wp\/v2\/product"}],"about":[{"href":"https:\/\/mountlaser.com\/fr_fr\/wp-json\/wp\/v2\/types\/product"}],"replies":[{"embeddable":true,"href":"https:\/\/mountlaser.com\/fr_fr\/wp-json\/wp\/v2\/comments?post=5478"}],"wp:featuredmedia":[{"embeddable":true,"href":"https:\/\/mountlaser.com\/fr_fr\/wp-json\/wp\/v2\/media\/5480"}],"wp:attachment":[{"href":"https:\/\/mountlaser.com\/fr_fr\/wp-json\/wp\/v2\/media?parent=5478"}],"wp:term":[{"taxonomy":"product_brand","embeddable":true,"href":"https:\/\/mountlaser.com\/fr_fr\/wp-json\/wp\/v2\/product_brand?post=5478"},{"taxonomy":"product_cat","embeddable":true,"href":"https:\/\/mountlaser.com\/fr_fr\/wp-json\/wp\/v2\/product_cat?post=5478"},{"taxonomy":"product_tag","embeddable":true,"href":"https:\/\/mountlaser.com\/fr_fr\/wp-json\/wp\/v2\/product_tag?post=5478"}],"curies":[{"name":"wp","href":"https:\/\/api.w.org\/{rel}","templated":true}]}}