{"id":5470,"date":"2025-12-05T08:22:48","date_gmt":"2025-12-05T08:22:48","guid":{"rendered":"https:\/\/mountlaser.com\/?post_type=product&#038;p=5470"},"modified":"2025-12-05T08:22:48","modified_gmt":"2025-12-05T08:22:48","slug":"bl12-bubble-level-for-tribrach","status":"publish","type":"product","link":"https:\/\/mountlaser.com\/fr_fr\/produit\/bl12-bubble-level-for-tribrach\/","title":{"rendered":"Niveau \u00e0 bulle BL12 pour tribrach"},"content":{"rendered":"<p>Le <a href=\"https:\/\/mountlaser.com\/fr_fr\/\"><strong>Niveau \u00e0 bulle BL12 pour tribrach<\/strong><\/a> Le niveau \u00e0 bulle BL12 est un long flacon \u00e0 bulle de pr\u00e9cision con\u00e7u pour assurer un nivellement pr\u00e9cis des instruments topographiques dans des environnements de terrain exigeants. Con\u00e7u pour une fiabilit\u00e9 optimale, le niveau \u00e0 bulle BL12 pour tribrach offre aux g\u00e9om\u00e8tres une performance stable et un alignement visuel rapide, ce qui en fait un composant essentiel pour les adaptateurs tribrach et les configurations optiques professionnelles. <a href=\"https:\/\/mountlaser.com\/fr_fr\/about-us\/\"><strong>Niveau \u00e0 bulle jaune long pour tribrach<\/strong><\/a>, Elle offre une surface de visualisation \u00e9tendue qui am\u00e9liore la sensibilit\u00e9 et la pr\u00e9cision de nivellement lors de la configuration de l&#039;instrument.<\/p>\n<p><img fetchpriority=\"high\" decoding=\"async\" class=\"aligncenter wp-image-5473\" src=\"https:\/\/mountlaser.com\/wp-content\/uploads\/2025\/12\/BL12YL3.webp\" alt=\"BL12 Bubble Level for tribrach\" width=\"500\" height=\"500\" srcset=\"https:\/\/mountlaser.com\/wp-content\/uploads\/2025\/12\/BL12YL3.webp 1000w, https:\/\/mountlaser.com\/wp-content\/uploads\/2025\/12\/BL12YL3-300x300.webp 300w, https:\/\/mountlaser.com\/wp-content\/uploads\/2025\/12\/BL12YL3-150x150.webp 150w, https:\/\/mountlaser.com\/wp-content\/uploads\/2025\/12\/BL12YL3-768x768.webp 768w, https:\/\/mountlaser.com\/wp-content\/uploads\/2025\/12\/BL12YL3-12x12.webp 12w, https:\/\/mountlaser.com\/wp-content\/uploads\/2025\/12\/BL12YL3-600x600.webp 600w, https:\/\/mountlaser.com\/wp-content\/uploads\/2025\/12\/BL12YL3-800x800.webp 800w, https:\/\/mountlaser.com\/wp-content\/uploads\/2025\/12\/BL12YL3-400x400.webp 400w\" sizes=\"(max-width: 500px) 100vw, 500px\" \/><\/p>\n<p>Fabriqu\u00e9 avec des mat\u00e9riaux de haute qualit\u00e9 et dot\u00e9 d&#039;une courbure optimis\u00e9e, le niveau \u00e0 bulle long pour tribrach offre une durabilit\u00e9 exceptionnelle et une pr\u00e9cision de mesure constante. Utilis\u00e9 avec des stations totales, des prismes ou des accessoires GNSS, le niveau \u00e0 bulle BL12 pour tribrach garantit un alignement parfait de l&#039;instrument pour une collecte de donn\u00e9es pr\u00e9cise.<\/p>","protected":false},"excerpt":{"rendered":"<ul>\n<li>Le niveau \u00e0 bulle long pour tribrach assure un nivellement de haute pr\u00e9cision et un alignement stable des instruments topographiques.<\/li>\n<li>Le bo\u00eetier jaune r\u00e9sistant am\u00e9liore la visibilit\u00e9 et offre une protection suppl\u00e9mentaire lors de l&#039;utilisation sur le terrain.<\/li>\n<li>Compatible avec les adaptateurs tribrach, le niveau \u00e0 bulle BL12 pour tribrach constitue un composant de remplacement ou de mise \u00e0 niveau polyvalent.<\/li>\n<\/ul>","protected":false},"featured_media":5471,"comment_status":"open","ping_status":"closed","template":"","meta":[],"product_brand":[],"product_cat":[79,153],"product_tag":[],"class_list":{"0":"post-5470","1":"product","2":"type-product","3":"status-publish","4":"has-post-thumbnail","6":"product_cat-surveying-accessory","7":"product_cat-bubble-for-tribrach-carrier-prism","9":"first","10":"instock","11":"shipping-taxable","12":"product-type-simple"},"_links":{"self":[{"href":"https:\/\/mountlaser.com\/fr_fr\/wp-json\/wp\/v2\/product\/5470","targetHints":{"allow":["GET"]}}],"collection":[{"href":"https:\/\/mountlaser.com\/fr_fr\/wp-json\/wp\/v2\/product"}],"about":[{"href":"https:\/\/mountlaser.com\/fr_fr\/wp-json\/wp\/v2\/types\/product"}],"replies":[{"embeddable":true,"href":"https:\/\/mountlaser.com\/fr_fr\/wp-json\/wp\/v2\/comments?post=5470"}],"wp:featuredmedia":[{"embeddable":true,"href":"https:\/\/mountlaser.com\/fr_fr\/wp-json\/wp\/v2\/media\/5471"}],"wp:attachment":[{"href":"https:\/\/mountlaser.com\/fr_fr\/wp-json\/wp\/v2\/media?parent=5470"}],"wp:term":[{"taxonomy":"product_brand","embeddable":true,"href":"https:\/\/mountlaser.com\/fr_fr\/wp-json\/wp\/v2\/product_brand?post=5470"},{"taxonomy":"product_cat","embeddable":true,"href":"https:\/\/mountlaser.com\/fr_fr\/wp-json\/wp\/v2\/product_cat?post=5470"},{"taxonomy":"product_tag","embeddable":true,"href":"https:\/\/mountlaser.com\/fr_fr\/wp-json\/wp\/v2\/product_tag?post=5470"}],"curies":[{"name":"wp","href":"https:\/\/api.w.org\/{rel}","templated":true}]}}