{"id":547,"date":"2024-03-28T08:16:41","date_gmt":"2024-03-28T08:16:41","guid":{"rendered":"https:\/\/startersites.io\/blocksy\/pottery\/?post_type=product&#038;p=547"},"modified":"2025-12-01T02:06:00","modified_gmt":"2025-12-01T02:06:00","slug":"ma-h32-auto-level","status":"publish","type":"product","link":"https:\/\/mountlaser.com\/fr_fr\/produit\/ma-h32-auto-level\/","title":{"rendered":"MA-H32 Niveau automatique"},"content":{"rendered":"<p>Le <a href=\"https:\/\/mountlaser.com\/fr_fr\/\"><strong>Niveaux automatiques MA-H32\/H36<\/strong><\/a> Mountlaser a \u00e9tabli une nouvelle r\u00e9f\u00e9rence pour <a href=\"https:\/\/mountlaser.com\/fr_fr\/categorie-produit\/surveying-instrument\/automatic-level\/\"><strong>lev\u00e9s topographiques automatiques de haute qualit\u00e9<\/strong><\/a>, Offrant une pr\u00e9cision et une fiabilit\u00e9 sup\u00e9rieures aux g\u00e9om\u00e8tres et ing\u00e9nieurs en construction, ces instruments, dot\u00e9s d&#039;un compensateur d&#039;amortissement pneumatique de pointe, garantissent une exactitude exceptionnelle avec un \u00e9cart type de seulement 1,0 mm par kilom\u00e8tre (double mesure).<\/p>\n<p>Le MA-H32 offre un grossissement de 32x, tandis que le MA-H36 propose un grossissement am\u00e9lior\u00e9 de 36x\u00a0; les deux mod\u00e8les sont \u00e9quip\u00e9s de t\u00e9lescopes \u00e0 imagerie redress\u00e9e pour des images nettes et \u00e0 l\u2019endroit. Leur bo\u00eetier robuste, certifi\u00e9 IP54, les rend r\u00e9sistants \u00e0 l\u2019eau et \u00e0 la poussi\u00e8re, ce qui les rend id\u00e9aux pour les environnements ext\u00e9rieurs difficiles.<\/p>\n<p>Malgr\u00e9 leurs fonctionnalit\u00e9s avanc\u00e9es, le prix des niveaux automatiques reste tr\u00e8s comp\u00e9titif, offrant un excellent rapport qualit\u00e9-prix sans compromis sur les performances. Qu&#039;ils soient utilis\u00e9s pour des lev\u00e9s topographiques, l&#039;implantation de b\u00e2timents ou des travaux de nivellement, les niveaux automatiques MA-H32\/H36 incarnent parfaitement les standards d&#039;un nivellement automatique de haute qualit\u00e9\u00a0: robustesse, pr\u00e9cision et simplicit\u00e9 d&#039;utilisation. Alliant pr\u00e9cision et prix, ces mod\u00e8les constituent des solutions \u00e9conomiques id\u00e9ales pour les professionnels exigeant des r\u00e9sultats fiables sur tous leurs chantiers.<\/p>\n<p>&nbsp;<\/p>\n<p><img fetchpriority=\"high\" decoding=\"async\" class=\"aligncenter wp-image-1890\" src=\"https:\/\/mountlaser.com\/wp-content\/uploads\/2024\/03\/MA-H325.webp\" alt=\"high quality auto level surveying\" width=\"500\" height=\"500\" srcset=\"https:\/\/mountlaser.com\/wp-content\/uploads\/2024\/03\/MA-H325.webp 1000w, https:\/\/mountlaser.com\/wp-content\/uploads\/2024\/03\/MA-H325-300x300.webp 300w, https:\/\/mountlaser.com\/wp-content\/uploads\/2024\/03\/MA-H325-400x400.webp 400w, https:\/\/mountlaser.com\/wp-content\/uploads\/2024\/03\/MA-H325-800x800.webp 800w, https:\/\/mountlaser.com\/wp-content\/uploads\/2024\/03\/MA-H325-600x600.webp 600w, https:\/\/mountlaser.com\/wp-content\/uploads\/2024\/03\/MA-H325-150x150.webp 150w, https:\/\/mountlaser.com\/wp-content\/uploads\/2024\/03\/MA-H325-768x768.webp 768w, https:\/\/mountlaser.com\/wp-content\/uploads\/2024\/03\/MA-H325-12x12.webp 12w\" sizes=\"(max-width: 500px) 100vw, 500px\" \/><\/p>\n<p><strong><a href=\"https:\/\/mountlaser.com\/fr_fr\/about-us\/\">Niveau automatique<\/a> Caract\u00e9ristiques<\/strong><\/p>\n<table style=\"border-collapse: collapse; width: 555.02pt;\" border=\"0\" width=\"740\" cellspacing=\"0\" cellpadding=\"0\">\n<tbody>\n<tr style=\"height: 14.25pt;\">\n<td class=\"et2\" style=\"height: 14.25pt; width: 242.25pt;\" width=\"323\" height=\"19\">Num\u00e9ro de mod\u00e8le.<\/td>\n<td class=\"et2\" style=\"width: 146.25pt;\" width=\"195\">MA-H32<\/td>\n<td class=\"et3\" style=\"width: 166.50pt;\" width=\"222\">MA-H36<\/td>\n<\/tr>\n<tr style=\"height: 14.25pt;\">\n<td class=\"et4\" style=\"height: 14.25pt;\" height=\"19\">Distance de travail<\/td>\n<td class=\"et5\" colspan=\"2\">50 m<\/td>\n<\/tr>\n<tr style=\"height: 14.25pt;\">\n<td class=\"et4\" style=\"height: 14.25pt;\" height=\"19\">\u00c9cart type pour un aller-retour de 1 km<\/td>\n<td class=\"et5\" colspan=\"2\">1,0 mm<\/td>\n<\/tr>\n<tr style=\"height: 14.25pt;\">\n<td class=\"et4\" style=\"height: 14.25pt;\" height=\"19\">Grossissement du t\u00e9lescope<\/td>\n<td class=\"et4\">32X<\/td>\n<td class=\"et7\">36X<\/td>\n<\/tr>\n<tr style=\"height: 14.25pt;\">\n<td class=\"et4\" style=\"height: 14.25pt;\" height=\"19\">Image du t\u00e9lescope<\/td>\n<td class=\"et5\" colspan=\"2\">\u00c9riger<\/td>\n<\/tr>\n<tr style=\"height: 14.25pt;\">\n<td class=\"et4\" style=\"height: 14.25pt;\" height=\"19\">Distance de vis\u00e9e la plus courte<\/td>\n<td class=\"et5\" colspan=\"2\">0,5 m<\/td>\n<\/tr>\n<tr style=\"height: 14.25pt;\">\n<td class=\"et4\" style=\"height: 14.25pt;\" height=\"19\">Erreur de distance d&#039;affichage<\/td>\n<td class=\"et5\" colspan=\"2\">\u2264\u00b10,5%<\/td>\n<\/tr>\n<tr style=\"height: 14.25pt;\">\n<td class=\"et4\" style=\"height: 14.25pt;\" height=\"19\">Taille d&#039;ouverture effective de la lentille d&#039;objectif<\/td>\n<td class=\"et5\" colspan=\"2\">40 mm<\/td>\n<\/tr>\n<tr style=\"height: 14.25pt;\">\n<td class=\"et4\" style=\"height: 14.25pt;\" height=\"19\">Erreur de mise au point<\/td>\n<td class=\"et5\" colspan=\"2\">\u22641,0 mm<\/td>\n<\/tr>\n<tr style=\"height: 14.25pt;\">\n<td class=\"et4\" style=\"height: 14.25pt;\" height=\"19\">Type de compensation<\/td>\n<td class=\"et5\" colspan=\"2\">Amortisseurs d&#039;air<\/td>\n<\/tr>\n<tr style=\"height: 14.25pt;\">\n<td class=\"et4\" style=\"height: 14.25pt;\" height=\"19\">Erreur compensatoire<\/td>\n<td class=\"et5\" colspan=\"2\">&lt;0,5\u2032<\/td>\n<\/tr>\n<tr style=\"height: 14.25pt;\">\n<td class=\"et4\" style=\"height: 14.25pt;\" height=\"19\">R\u00e9ticule<\/td>\n<td class=\"et5\" colspan=\"2\">Forme de coin<\/td>\n<\/tr>\n<tr style=\"height: 14.25pt;\">\n<td class=\"et4\" style=\"height: 14.25pt;\" height=\"19\">R\u00e9glage de la pr\u00e9cision<\/td>\n<td class=\"et5\" colspan=\"2\">\u00b10,4%<\/td>\n<\/tr>\n<tr style=\"height: 14.25pt;\">\n<td class=\"et4\" style=\"height: 14.25pt;\" height=\"19\">\u00e9tanche \u00e0 l&#039;eau et \u00e0 la poussi\u00e8re<\/td>\n<td class=\"et5\" colspan=\"2\">IP54<\/td>\n<\/tr>\n<tr style=\"height: 14.25pt;\">\n<td class=\"et4\" style=\"height: 14.25pt;\" height=\"19\">Envoyer un accessoire<\/td>\n<td class=\"et5\" colspan=\"2\">Fil \u00e0 plomb, manuel, goupille de r\u00e9glage, \u00e9tui en plastique<\/td>\n<\/tr>\n<tr style=\"height: 14.25pt;\">\n<td class=\"et8\" style=\"height: 14.25pt;\" height=\"19\">Poids net<\/td>\n<td class=\"et9\" colspan=\"2\">1,55 kg<\/td>\n<\/tr>\n<\/tbody>\n<\/table>","protected":false},"excerpt":{"rendered":"<ul>\n<li>Grossissement flexible : Choisissez un t\u00e9lescope droit 32x (MA-H32) ou 36x (MA-H36) pour des images nettes et \u00e0 l&#039;endroit.<\/li>\n<li>Compensation automatique : compensateur d&#039;amortissement pneumatique avec une erreur &lt; 0,5\u2032 pour une configuration rapide et stable.<\/li>\n<li>Facile d&#039;utilisation : comprend un fil \u00e0 plomb, un manuel d&#039;utilisation, une goupille de r\u00e9glage et un \u00e9tui en plastique pour une utilisation pratique sur le terrain.<\/li>\n<\/ul>","protected":false},"featured_media":1887,"comment_status":"open","ping_status":"closed","template":"","meta":[],"product_brand":[],"product_cat":[15,140],"product_tag":[],"class_list":{"0":"post-547","1":"product","2":"type-product","3":"status-publish","4":"has-post-thumbnail","6":"product_cat-surveying-instrument","7":"product_cat-automatic-level","9":"first","10":"instock","11":"shipping-taxable","12":"product-type-simple"},"_links":{"self":[{"href":"https:\/\/mountlaser.com\/fr_fr\/wp-json\/wp\/v2\/product\/547","targetHints":{"allow":["GET"]}}],"collection":[{"href":"https:\/\/mountlaser.com\/fr_fr\/wp-json\/wp\/v2\/product"}],"about":[{"href":"https:\/\/mountlaser.com\/fr_fr\/wp-json\/wp\/v2\/types\/product"}],"replies":[{"embeddable":true,"href":"https:\/\/mountlaser.com\/fr_fr\/wp-json\/wp\/v2\/comments?post=547"}],"wp:featuredmedia":[{"embeddable":true,"href":"https:\/\/mountlaser.com\/fr_fr\/wp-json\/wp\/v2\/media\/1887"}],"wp:attachment":[{"href":"https:\/\/mountlaser.com\/fr_fr\/wp-json\/wp\/v2\/media?parent=547"}],"wp:term":[{"taxonomy":"product_brand","embeddable":true,"href":"https:\/\/mountlaser.com\/fr_fr\/wp-json\/wp\/v2\/product_brand?post=547"},{"taxonomy":"product_cat","embeddable":true,"href":"https:\/\/mountlaser.com\/fr_fr\/wp-json\/wp\/v2\/product_cat?post=547"},{"taxonomy":"product_tag","embeddable":true,"href":"https:\/\/mountlaser.com\/fr_fr\/wp-json\/wp\/v2\/product_tag?post=547"}],"curies":[{"name":"wp","href":"https:\/\/api.w.org\/{rel}","templated":true}]}}