{"id":5462,"date":"2025-12-05T08:00:49","date_gmt":"2025-12-05T08:00:49","guid":{"rendered":"https:\/\/mountlaser.com\/?post_type=product&#038;p=5462"},"modified":"2025-12-05T08:00:49","modified_gmt":"2025-12-05T08:00:49","slug":"bl11-bubble-for-tribrach","status":"publish","type":"product","link":"https:\/\/mountlaser.com\/fr_fr\/produit\/bl11-bubble-for-tribrach\/","title":{"rendered":"Bulle BL11 pour tribrach"},"content":{"rendered":"<p>Le <a href=\"https:\/\/mountlaser.com\/fr_fr\/\"><strong data-start=\"175\" data-end=\"203\">Bulle BL11 pour tribrach<\/strong><\/a> Le niveau \u00e0 bulle BL11 est un niveau rond de pr\u00e9cision con\u00e7u pour garantir un alignement pr\u00e9cis des instruments lors d&#039;applications topographiques professionnelles. Cette fiole de haute qualit\u00e9 offre une performance de nivellement claire et fiable, ce qui en fait un composant de remplacement id\u00e9al pour les tribrachs et les syst\u00e8mes \u00e0 prisme. Le niveau \u00e0 bulle BL11 pour tribrach est dot\u00e9 d&#039;une capsule \u00e0 liquide durable et tr\u00e8s visible qui permet aux g\u00e9om\u00e8tres d&#039;effectuer une installation rapide et pr\u00e9cise sur le terrain. Con\u00e7u pour \u00eatre compatible avec une large gamme d&#039;accessoires optiques et GNSS, il fonctionne \u00e9galement parfaitement comme un <a href=\"https:\/\/mountlaser.com\/fr_fr\/products\/\"><strong data-start=\"745\" data-end=\"771\">Bulle ronde pour Prism<\/strong><\/a>, assurant un nivellement stable des prismes et autres dispositifs mont\u00e9s.<\/p>\n<p><img fetchpriority=\"high\" decoding=\"async\" class=\"aligncenter wp-image-5466\" src=\"https:\/\/mountlaser.com\/wp-content\/uploads\/2025\/12\/BL104.webp\" alt=\"BL11 Bubble for tribrach\" width=\"500\" height=\"500\" srcset=\"https:\/\/mountlaser.com\/wp-content\/uploads\/2025\/12\/BL104.webp 1000w, https:\/\/mountlaser.com\/wp-content\/uploads\/2025\/12\/BL104-300x300.webp 300w, https:\/\/mountlaser.com\/wp-content\/uploads\/2025\/12\/BL104-150x150.webp 150w, https:\/\/mountlaser.com\/wp-content\/uploads\/2025\/12\/BL104-768x768.webp 768w, https:\/\/mountlaser.com\/wp-content\/uploads\/2025\/12\/BL104-12x12.webp 12w, https:\/\/mountlaser.com\/wp-content\/uploads\/2025\/12\/BL104-600x600.webp 600w, https:\/\/mountlaser.com\/wp-content\/uploads\/2025\/12\/BL104-800x800.webp 800w, https:\/\/mountlaser.com\/wp-content\/uploads\/2025\/12\/BL104-400x400.webp 400w\" sizes=\"(max-width: 500px) 100vw, 500px\" \/><\/p>\n<p>Qu&#039;il soit utilis\u00e9 comme bulle tribrach ou comme <a href=\"https:\/\/mountlaser.com\/fr_fr\/contact-us\/\">Bulle ronde pour Prism<\/a>, Le BL11 offre une stabilit\u00e9 \u00e0 long terme et une pr\u00e9cision fiable. Le BL11 Bubble pour tribrach est un composant essentiel pour maintenir la pr\u00e9cision des syst\u00e8mes de stations totales, de prismes et de GNSS.<\/p>","protected":false},"excerpt":{"rendered":"<ul>\n<li>Nivellement de pr\u00e9cision \u2013 Assure un r\u00e9glage pr\u00e9cis des tribrachs, des prismes et des instruments topographiques.<\/li>\n<li>Haute compatibilit\u00e9 \u2013 Fonctionne \u00e0 la fois comme bulle tribrach et comme bulle ronde pour prisme, prenant en charge de nombreux accessoires de topographie.<\/li>\n<li>Construction durable \u2013 Fabriqu\u00e9e avec des mat\u00e9riaux stables et r\u00e9sistants pour une fiabilit\u00e9 optimale dans les environnements de terrain exigeants.<\/li>\n<\/ul>","protected":false},"featured_media":5463,"comment_status":"open","ping_status":"closed","template":"","meta":[],"product_brand":[],"product_cat":[79,153],"product_tag":[],"class_list":{"0":"post-5462","1":"product","2":"type-product","3":"status-publish","4":"has-post-thumbnail","6":"product_cat-surveying-accessory","7":"product_cat-bubble-for-tribrach-carrier-prism","9":"first","10":"instock","11":"shipping-taxable","12":"product-type-simple"},"_links":{"self":[{"href":"https:\/\/mountlaser.com\/fr_fr\/wp-json\/wp\/v2\/product\/5462","targetHints":{"allow":["GET"]}}],"collection":[{"href":"https:\/\/mountlaser.com\/fr_fr\/wp-json\/wp\/v2\/product"}],"about":[{"href":"https:\/\/mountlaser.com\/fr_fr\/wp-json\/wp\/v2\/types\/product"}],"replies":[{"embeddable":true,"href":"https:\/\/mountlaser.com\/fr_fr\/wp-json\/wp\/v2\/comments?post=5462"}],"wp:featuredmedia":[{"embeddable":true,"href":"https:\/\/mountlaser.com\/fr_fr\/wp-json\/wp\/v2\/media\/5463"}],"wp:attachment":[{"href":"https:\/\/mountlaser.com\/fr_fr\/wp-json\/wp\/v2\/media?parent=5462"}],"wp:term":[{"taxonomy":"product_brand","embeddable":true,"href":"https:\/\/mountlaser.com\/fr_fr\/wp-json\/wp\/v2\/product_brand?post=5462"},{"taxonomy":"product_cat","embeddable":true,"href":"https:\/\/mountlaser.com\/fr_fr\/wp-json\/wp\/v2\/product_cat?post=5462"},{"taxonomy":"product_tag","embeddable":true,"href":"https:\/\/mountlaser.com\/fr_fr\/wp-json\/wp\/v2\/product_tag?post=5462"}],"curies":[{"name":"wp","href":"https:\/\/api.w.org\/{rel}","templated":true}]}}