{"id":5450,"date":"2025-12-05T05:56:21","date_gmt":"2025-12-05T05:56:21","guid":{"rendered":"https:\/\/mountlaser.com\/?post_type=product&#038;p=5450"},"modified":"2025-12-05T06:12:58","modified_gmt":"2025-12-05T06:12:58","slug":"hdcc01-heavy-duty-column-mount-bracket","status":"publish","type":"product","link":"https:\/\/mountlaser.com\/fr_fr\/produit\/hdcc01-heavy-duty-column-mount-bracket\/","title":{"rendered":"Support de montage de colonne robuste HDCC01"},"content":{"rendered":"<p data-start=\"141\" data-end=\"685\">Le <a href=\"https:\/\/mountlaser.com\/fr_fr\/\"><strong data-start=\"145\" data-end=\"180\">support de montage de colonne robuste<\/strong><\/a> Le syst\u00e8me MountLaser est con\u00e7u pour offrir une stabilit\u00e9, une robustesse et une pr\u00e9cision exceptionnelles pour les applications professionnelles de topographie et de construction. Con\u00e7u comme un <a href=\"https:\/\/mountlaser.com\/fr_fr\/about-us\/\"><strong data-start=\"342\" data-end=\"377\">Support de montage de colonne r\u00e9glable<\/strong><\/a>, Ce syst\u00e8me offre des r\u00e9glages de rotation et de verticalit\u00e9, permettant aux utilisateurs de positionner leurs instruments avec une pr\u00e9cision optimale en hauteur et en alignement. Fabriqu\u00e9 en aluminium structurel haute r\u00e9sistance et \u00e9quip\u00e9 de visserie en acier inoxydable, il garantit une durabilit\u00e9 \u00e0 toute \u00e9preuve, m\u00eame dans les environnements industriels les plus exigeants.<\/p>\n<p data-start=\"141\" data-end=\"685\"><img fetchpriority=\"high\" decoding=\"async\" class=\"aligncenter wp-image-5453\" src=\"https:\/\/mountlaser.com\/wp-content\/uploads\/2025\/12\/HDCC013.webp\" alt=\"heavy-duty Column Mount Bracket\" width=\"500\" height=\"500\" srcset=\"https:\/\/mountlaser.com\/wp-content\/uploads\/2025\/12\/HDCC013.webp 1000w, https:\/\/mountlaser.com\/wp-content\/uploads\/2025\/12\/HDCC013-300x300.webp 300w, https:\/\/mountlaser.com\/wp-content\/uploads\/2025\/12\/HDCC013-150x150.webp 150w, https:\/\/mountlaser.com\/wp-content\/uploads\/2025\/12\/HDCC013-768x768.webp 768w, https:\/\/mountlaser.com\/wp-content\/uploads\/2025\/12\/HDCC013-12x12.webp 12w, https:\/\/mountlaser.com\/wp-content\/uploads\/2025\/12\/HDCC013-600x600.webp 600w, https:\/\/mountlaser.com\/wp-content\/uploads\/2025\/12\/HDCC013-800x800.webp 800w, https:\/\/mountlaser.com\/wp-content\/uploads\/2025\/12\/HDCC013-400x400.webp 400w\" sizes=\"(max-width: 500px) 100vw, 500px\" \/><\/p>\n<p data-start=\"687\" data-end=\"1336\">Une sangle industrielle de 5,08 cm (2 pouces) de large et de 3,05 m (10 pieds) de long, capable de supporter des charges jusqu&#039;\u00e0 1\u00a0000 kg (2\u00a0200 lb), permet de fixer solidement le support sur des colonnes carr\u00e9es et rondes. Ce support de colonne robuste offre un d\u00e9battement vertical de 30,48 cm (12 pouces), tandis que sa plateforme de montage de 15,2 cm (6 pouces) est \u00e9quip\u00e9e d&#039;un goujon filet\u00e9 standard 5\/8-11 compatible avec une large gamme d&#039;instruments topographiques. Gr\u00e2ce \u00e0 un entraxe optimis\u00e9 de 38,1 cm (15 pouces) offrant un d\u00e9gagement suppl\u00e9mentaire, <a href=\"https:\/\/mountlaser.com\/fr_fr\/categorie-produit\/surveying-accessory\/\">support de montage de colonne robuste<\/a> Am\u00e9liore la maniabilit\u00e9 dans les espaces de travail restreints ou encombr\u00e9s. Un pare-chocs en caoutchouc int\u00e9gr\u00e9 assure une manipulation s\u00fbre et confortable lors de l&#039;installation.<\/p>","protected":false},"excerpt":{"rendered":"<ul>\n<li>Construction \u00e0 haute r\u00e9sistance<\/li>\n<li>Positionnement enti\u00e8rement r\u00e9glable<\/li>\n<li>Compatibilit\u00e9 \u00e9tendue et montage s\u00e9curis\u00e9 : Livr\u00e9 avec une sangle robuste de 2 pouces x 10 pieds capable de se fixer sur des colonnes rondes ou carr\u00e9es, supportant jusqu&#039;\u00e0 2 200 lb (1 000 kg).<\/li>\n<li>Plateforme pr\u00eate pour les instruments : \u00c9quip\u00e9e d&#039;une base plate de 6 pouces et d&#039;un goujon filet\u00e9 standard 5\/8-11 pour le montage de stations totales, de lasers et d&#039;autres appareils d&#039;arpentage.<\/li>\n<li>D\u00e9gagement et s\u00e9curit\u00e9 optimis\u00e9s\u00a0: l\u2019\u00e9cart de 15 pouces entre les axes am\u00e9liore la visibilit\u00e9, tandis que le pare-chocs en caoutchouc int\u00e9gr\u00e9 am\u00e9liore la protection de l\u2019utilisateur lors de l\u2019installation.<\/li>\n<\/ul>","protected":false},"featured_media":5452,"comment_status":"open","ping_status":"closed","template":"","meta":[],"product_brand":[],"product_cat":[79,155],"product_tag":[],"class_list":{"0":"post-5450","1":"product","2":"type-product","3":"status-publish","4":"has-post-thumbnail","6":"product_cat-surveying-accessory","7":"product_cat-column-mount-bracket","9":"first","10":"instock","11":"shipping-taxable","12":"product-type-simple"},"_links":{"self":[{"href":"https:\/\/mountlaser.com\/fr_fr\/wp-json\/wp\/v2\/product\/5450","targetHints":{"allow":["GET"]}}],"collection":[{"href":"https:\/\/mountlaser.com\/fr_fr\/wp-json\/wp\/v2\/product"}],"about":[{"href":"https:\/\/mountlaser.com\/fr_fr\/wp-json\/wp\/v2\/types\/product"}],"replies":[{"embeddable":true,"href":"https:\/\/mountlaser.com\/fr_fr\/wp-json\/wp\/v2\/comments?post=5450"}],"wp:featuredmedia":[{"embeddable":true,"href":"https:\/\/mountlaser.com\/fr_fr\/wp-json\/wp\/v2\/media\/5452"}],"wp:attachment":[{"href":"https:\/\/mountlaser.com\/fr_fr\/wp-json\/wp\/v2\/media?parent=5450"}],"wp:term":[{"taxonomy":"product_brand","embeddable":true,"href":"https:\/\/mountlaser.com\/fr_fr\/wp-json\/wp\/v2\/product_brand?post=5450"},{"taxonomy":"product_cat","embeddable":true,"href":"https:\/\/mountlaser.com\/fr_fr\/wp-json\/wp\/v2\/product_cat?post=5450"},{"taxonomy":"product_tag","embeddable":true,"href":"https:\/\/mountlaser.com\/fr_fr\/wp-json\/wp\/v2\/product_tag?post=5450"}],"curies":[{"name":"wp","href":"https:\/\/api.w.org\/{rel}","templated":true}]}}