{"id":5448,"date":"2025-12-05T05:17:35","date_gmt":"2025-12-05T05:17:35","guid":{"rendered":"https:\/\/mountlaser.com\/?post_type=product&#038;p=5448"},"modified":"2025-12-11T05:09:18","modified_gmt":"2025-12-11T05:09:18","slug":"pb01-08-brass-plumb-bob","status":"publish","type":"product","link":"https:\/\/mountlaser.com\/fr_fr\/produit\/pb01-08-brass-plumb-bob\/","title":{"rendered":"Fil \u00e0 plomb en laiton PB01-08"},"content":{"rendered":"<p>Le <a href=\"https:\/\/mountlaser.com\/fr_fr\/\"><strong>PB01-08 FIL \u00c0 PLOMB EN LAITON<\/strong><\/a> Le fil \u00e0 plomb PB01-08 est un outil haut de gamme, usin\u00e9 avec pr\u00e9cision, con\u00e7u pour les professionnels exigeant exactitude et fiabilit\u00e9 \u00e0 long terme dans les travaux de construction et de topographie. Fabriqu\u00e9 en laiton massif, il offre un excellent \u00e9quilibre et une grande stabilit\u00e9, garantissant une verticalit\u00e9 parfaite \u00e0 chaque utilisation. <a href=\"https:\/\/mountlaser.com\/fr_fr\/categorie-produit\/surveying-accessory\/\"><strong>fil \u00e0 plomb en laiton massif<\/strong><\/a> Elle est prot\u00e9g\u00e9e par une finition laqu\u00e9e durable, prolongeant ainsi sa dur\u00e9e de vie m\u00eame dans des conditions de terrain difficiles.<\/p>\n<p><img fetchpriority=\"high\" decoding=\"async\" class=\"aligncenter wp-image-5449\" src=\"https:\/\/mountlaser.com\/wp-content\/uploads\/2025\/12\/PB01.webp\" alt=\"PB01-08 BRASS PLUMB BOB\" width=\"500\" height=\"500\" srcset=\"https:\/\/mountlaser.com\/wp-content\/uploads\/2025\/12\/PB01.webp 1000w, https:\/\/mountlaser.com\/wp-content\/uploads\/2025\/12\/PB01-300x300.webp 300w, https:\/\/mountlaser.com\/wp-content\/uploads\/2025\/12\/PB01-150x150.webp 150w, https:\/\/mountlaser.com\/wp-content\/uploads\/2025\/12\/PB01-768x768.webp 768w, https:\/\/mountlaser.com\/wp-content\/uploads\/2025\/12\/PB01-12x12.webp 12w, https:\/\/mountlaser.com\/wp-content\/uploads\/2025\/12\/PB01-600x600.webp 600w, https:\/\/mountlaser.com\/wp-content\/uploads\/2025\/12\/PB01-800x800.webp 800w, https:\/\/mountlaser.com\/wp-content\/uploads\/2025\/12\/PB01-400x400.webp 400w\" sizes=\"(max-width: 500px) 100vw, 500px\" \/><\/p>\n<p>Dot\u00e9 d&#039;une pointe en acier tremp\u00e9 et d&#039;un capuchon filet\u00e9 ASA standard, le <a href=\"https:\/\/mountlaser.com\/fr_fr\/contact-us\/\">PB01-08 FIL \u00c0 PLOMB EN LAITON<\/a> Permet un remplacement rapide de la pointe et une fixation s\u00e9curis\u00e9e. Le capuchon en acier comprend \u00e9galement un compartiment de rangement interne pour une pointe suppl\u00e9mentaire, ce qui facilite son utilisation continue sur le terrain. Le fil \u00e0 plomb en laiton massif assure une pr\u00e9cision optimale pour le tra\u00e7age, l&#039;alignement et le marquage des points de contr\u00f4le.<\/p>","protected":false},"excerpt":{"rendered":"<ul>\n<li>Haute pr\u00e9cision et \u00e9quilibre parfait \u2013 Garantit un alignement vertical pr\u00e9cis pour les travaux de lev\u00e9s topographiques, de construction et d&#039;implantation.<\/li>\n<li>Construction robuste en laiton massif \u2013 R\u00e9sistant \u00e0 la corrosion, aux chocs et con\u00e7u pour une utilisation prolong\u00e9e sur le terrain.<\/li>\n<li>Pointe en acier tremp\u00e9 et capuchon filet\u00e9 ASA \u2013 Offre des performances fiables avec un rangement pratique des pointes de rechange.<\/li>\n<li>Plusieurs options de poids \u2013 Adapt\u00e9 \u00e0 diverses t\u00e2ches professionnelles et conditions environnementales.<\/li>\n<\/ul>","protected":false},"featured_media":5449,"comment_status":"open","ping_status":"closed","template":"","meta":[],"product_brand":[],"product_cat":[79,154],"product_tag":[],"class_list":{"0":"post-5448","1":"product","2":"type-product","3":"status-publish","4":"has-post-thumbnail","6":"product_cat-surveying-accessory","7":"product_cat-brass-plumb-bob","9":"first","10":"instock","11":"shipping-taxable","12":"product-type-simple"},"_links":{"self":[{"href":"https:\/\/mountlaser.com\/fr_fr\/wp-json\/wp\/v2\/product\/5448","targetHints":{"allow":["GET"]}}],"collection":[{"href":"https:\/\/mountlaser.com\/fr_fr\/wp-json\/wp\/v2\/product"}],"about":[{"href":"https:\/\/mountlaser.com\/fr_fr\/wp-json\/wp\/v2\/types\/product"}],"replies":[{"embeddable":true,"href":"https:\/\/mountlaser.com\/fr_fr\/wp-json\/wp\/v2\/comments?post=5448"}],"wp:featuredmedia":[{"embeddable":true,"href":"https:\/\/mountlaser.com\/fr_fr\/wp-json\/wp\/v2\/media\/5449"}],"wp:attachment":[{"href":"https:\/\/mountlaser.com\/fr_fr\/wp-json\/wp\/v2\/media?parent=5448"}],"wp:term":[{"taxonomy":"product_brand","embeddable":true,"href":"https:\/\/mountlaser.com\/fr_fr\/wp-json\/wp\/v2\/product_brand?post=5448"},{"taxonomy":"product_cat","embeddable":true,"href":"https:\/\/mountlaser.com\/fr_fr\/wp-json\/wp\/v2\/product_cat?post=5448"},{"taxonomy":"product_tag","embeddable":true,"href":"https:\/\/mountlaser.com\/fr_fr\/wp-json\/wp\/v2\/product_tag?post=5448"}],"curies":[{"name":"wp","href":"https:\/\/api.w.org\/{rel}","templated":true}]}}