{"id":5441,"date":"2025-12-05T03:21:14","date_gmt":"2025-12-05T03:21:14","guid":{"rendered":"https:\/\/mountlaser.com\/?post_type=product&#038;p=5441"},"modified":"2025-12-05T03:21:14","modified_gmt":"2025-12-05T03:21:14","slug":"bl20-surveying-instrument-bubble-level","status":"publish","type":"product","link":"https:\/\/mountlaser.com\/fr_fr\/produit\/bl20-surveying-instrument-bubble-level\/","title":{"rendered":"Niveau \u00e0 bulle BL20, instrument de topographie"},"content":{"rendered":"<p data-start=\"209\" data-end=\"750\">Le <a href=\"https:\/\/mountlaser.com\/fr_fr\/\"><strong data-start=\"213\" data-end=\"255\">Niveau \u00e0 bulle BL20, instrument de topographie<\/strong><\/a> Le niveau \u00e0 bulle BL20 est un composant de nivellement de pr\u00e9cision con\u00e7u pour les niveaux optiques et automatiques de haute pr\u00e9cision. De conception suisse NA532, il garantit un retour d&#039;information stable, fiable et ultra-clair pour les applications topographiques professionnelles. <a href=\"https:\/\/mountlaser.com\/fr_fr\/categorie-produit\/surveying-accessory\/\"><strong data-start=\"556\" data-end=\"583\">niveau \u00e0 bulle automatique<\/strong><\/a>, Elle offre des performances constantes m\u00eame dans des environnements de terrain difficiles, ce qui la rend id\u00e9ale pour les g\u00e9om\u00e8tres qui comptent sur un alignement pr\u00e9cis et un \u00e9talonnage fiable des instruments.<\/p>\n<p data-start=\"209\" data-end=\"750\"><img fetchpriority=\"high\" decoding=\"async\" class=\"aligncenter wp-image-5446\" src=\"https:\/\/mountlaser.com\/wp-content\/uploads\/2025\/12\/BL085.webp\" alt=\"BL20 Surveying Instrument Bubble Level\" width=\"500\" height=\"500\" srcset=\"https:\/\/mountlaser.com\/wp-content\/uploads\/2025\/12\/BL085.webp 1000w, https:\/\/mountlaser.com\/wp-content\/uploads\/2025\/12\/BL085-300x300.webp 300w, https:\/\/mountlaser.com\/wp-content\/uploads\/2025\/12\/BL085-150x150.webp 150w, https:\/\/mountlaser.com\/wp-content\/uploads\/2025\/12\/BL085-768x768.webp 768w, https:\/\/mountlaser.com\/wp-content\/uploads\/2025\/12\/BL085-12x12.webp 12w, https:\/\/mountlaser.com\/wp-content\/uploads\/2025\/12\/BL085-600x600.webp 600w, https:\/\/mountlaser.com\/wp-content\/uploads\/2025\/12\/BL085-800x800.webp 800w, https:\/\/mountlaser.com\/wp-content\/uploads\/2025\/12\/BL085-400x400.webp 400w\" sizes=\"(max-width: 500px) 100vw, 500px\" \/><\/p>\n<p data-start=\"752\" data-end=\"1260\">Dot\u00e9 d&#039;une construction robuste et d&#039;une excellente sensibilit\u00e9, ce niveau \u00e0 bulle automatique s&#039;int\u00e8gre parfaitement \u00e0 une large gamme de tribrachs, de supports et d&#039;instruments optiques. Que ce soit pour l&#039;implantation de chantiers, les lev\u00e9s topographiques ou la maintenance d&#039;instruments, le niveau \u00e0 bulle BL20 offre la pr\u00e9cision fiable requise pour les travaux de terrain quotidiens. Ce produit de haute qualit\u00e9 <a href=\"https:\/\/mountlaser.com\/fr_fr\/about-us\/\">niveau \u00e0 bulle automatique<\/a> Am\u00e9liore l&#039;efficacit\u00e9 des mesures pour garantir que chaque configuration r\u00e9ponde aux normes de pr\u00e9cision les plus exigeantes.<\/p>","protected":false},"excerpt":{"rendered":"<ul>\n<li>Nivellement de haute pr\u00e9cision \u2013 Fournit un mouvement de bulle clair et sensible pour garantir un alignement pr\u00e9cis des instruments optiques et des niveaux automatiques.<\/li>\n<li>Construction robuste et adapt\u00e9e au terrain \u2013 Con\u00e7ue avec des mat\u00e9riaux r\u00e9sistants, adapt\u00e9s aux environnements ext\u00e9rieurs exigeants et \u00e0 une utilisation prolong\u00e9e de l&#039;instrument.<\/li>\n<li>Compatibilit\u00e9 \u00e9tendue avec les instruments \u2013 Con\u00e7u pour les appareils de type NA532 et s&#039;adapte sans effort \u00e0 la plupart des tribrachs, porte-satellites et syst\u00e8mes de nivellement.<\/li>\n<li>Performances stables et fiables \u2013 R\u00e9duit les erreurs de configuration et am\u00e9liore la pr\u00e9cision des lev\u00e9s topographiques dans les applications de construction, de cartographie et d&#039;ing\u00e9nierie.<\/li>\n<li>Installation facile \u2013 Sa structure compacte et l\u00e9g\u00e8re assure un remplacement ou une int\u00e9gration rapide dans l&#039;\u00e9quipement topographique.<\/li>\n<\/ul>","protected":false},"featured_media":5442,"comment_status":"open","ping_status":"closed","template":"","meta":[],"product_brand":[],"product_cat":[79,153],"product_tag":[],"class_list":{"0":"post-5441","1":"product","2":"type-product","3":"status-publish","4":"has-post-thumbnail","6":"product_cat-surveying-accessory","7":"product_cat-bubble-for-tribrach-carrier-prism","9":"first","10":"instock","11":"shipping-taxable","12":"product-type-simple"},"_links":{"self":[{"href":"https:\/\/mountlaser.com\/fr_fr\/wp-json\/wp\/v2\/product\/5441","targetHints":{"allow":["GET"]}}],"collection":[{"href":"https:\/\/mountlaser.com\/fr_fr\/wp-json\/wp\/v2\/product"}],"about":[{"href":"https:\/\/mountlaser.com\/fr_fr\/wp-json\/wp\/v2\/types\/product"}],"replies":[{"embeddable":true,"href":"https:\/\/mountlaser.com\/fr_fr\/wp-json\/wp\/v2\/comments?post=5441"}],"wp:featuredmedia":[{"embeddable":true,"href":"https:\/\/mountlaser.com\/fr_fr\/wp-json\/wp\/v2\/media\/5442"}],"wp:attachment":[{"href":"https:\/\/mountlaser.com\/fr_fr\/wp-json\/wp\/v2\/media?parent=5441"}],"wp:term":[{"taxonomy":"product_brand","embeddable":true,"href":"https:\/\/mountlaser.com\/fr_fr\/wp-json\/wp\/v2\/product_brand?post=5441"},{"taxonomy":"product_cat","embeddable":true,"href":"https:\/\/mountlaser.com\/fr_fr\/wp-json\/wp\/v2\/product_cat?post=5441"},{"taxonomy":"product_tag","embeddable":true,"href":"https:\/\/mountlaser.com\/fr_fr\/wp-json\/wp\/v2\/product_tag?post=5441"}],"curies":[{"name":"wp","href":"https:\/\/api.w.org\/{rel}","templated":true}]}}