{"id":5435,"date":"2025-12-05T02:40:20","date_gmt":"2025-12-05T02:40:20","guid":{"rendered":"https:\/\/mountlaser.com\/?post_type=product&#038;p=5435"},"modified":"2025-12-05T02:40:20","modified_gmt":"2025-12-05T02:40:20","slug":"bl07-surveying-instrument-bubble-level","status":"publish","type":"product","link":"https:\/\/mountlaser.com\/fr_fr\/produit\/bl07-surveying-instrument-bubble-level\/","title":{"rendered":"Niveau \u00e0 bulle BL07 pour instruments de topographie"},"content":{"rendered":"<p>Le <a href=\"https:\/\/mountlaser.com\/fr_fr\/\"><strong>niveau \u00e0 bulle num\u00e9rique<\/strong><\/a> BL07 est un appareil de haute pr\u00e9cision <a href=\"https:\/\/mountlaser.com\/fr_fr\/categorie-produit\/surveying-accessory\/\"><strong>Niveau \u00e0 bulle pour instrument de topographie<\/strong><\/a> Con\u00e7u pour les syst\u00e8mes tribrachs, porteurs et prismatiques utilis\u00e9s en topographie professionnelle, ce niveau \u00e0 bulle num\u00e9rique, de conception suisse GX, offre une pr\u00e9cision et une stabilit\u00e9 exceptionnelles, garantissant un nivellement parfait des instruments pour des mesures de terrain fiables.<\/p>\n<p><img fetchpriority=\"high\" decoding=\"async\" class=\"aligncenter wp-image-5437\" src=\"https:\/\/mountlaser.com\/wp-content\/uploads\/2025\/12\/BL072.webp\" alt=\"Digital bubble level\" width=\"500\" height=\"500\" srcset=\"https:\/\/mountlaser.com\/wp-content\/uploads\/2025\/12\/BL072.webp 1000w, https:\/\/mountlaser.com\/wp-content\/uploads\/2025\/12\/BL072-300x300.webp 300w, https:\/\/mountlaser.com\/wp-content\/uploads\/2025\/12\/BL072-150x150.webp 150w, https:\/\/mountlaser.com\/wp-content\/uploads\/2025\/12\/BL072-768x768.webp 768w, https:\/\/mountlaser.com\/wp-content\/uploads\/2025\/12\/BL072-12x12.webp 12w, https:\/\/mountlaser.com\/wp-content\/uploads\/2025\/12\/BL072-600x600.webp 600w, https:\/\/mountlaser.com\/wp-content\/uploads\/2025\/12\/BL072-800x800.webp 800w, https:\/\/mountlaser.com\/wp-content\/uploads\/2025\/12\/BL072-400x400.webp 400w\" sizes=\"(max-width: 500px) 100vw, 500px\" \/><\/p>\n<p>Instrument de topographie polyvalent, le niveau \u00e0 bulle BL07 s&#039;int\u00e8gre parfaitement aux stations totales, prismes et autres accessoires de topographie o\u00f9 un nivellement pr\u00e9cis est essentiel. Con\u00e7u pour durer et offrir une grande pr\u00e9cision, le BL07 est un outil fiable pour les g\u00e9om\u00e8tres. <a href=\"https:\/\/mountlaser.com\/fr_fr\/about-us\/\">niveau \u00e0 bulle num\u00e9rique<\/a> solution adapt\u00e9e aux conditions de chantier exigeantes.<\/p>","protected":false},"excerpt":{"rendered":"<ul>\n<li>Nivellement de haute pr\u00e9cision \u2013 Garantit un alignement pr\u00e9cis des instruments topographiques, am\u00e9liorant ainsi la fiabilit\u00e9 des mesures.<\/li>\n<li>Conception GX de style suisse \u2013 Sa structure avanc\u00e9e am\u00e9liore la sensibilit\u00e9 et la stabilit\u00e9 pour une utilisation professionnelle.<\/li>\n<li>Large compatibilit\u00e9 \u2013 Fonctionne avec les tribrachs, les porte-\u00e9chantillons, les prismes et de nombreux instruments topographiques.<\/li>\n<li>Construction robuste \u2013 Con\u00e7ue pour r\u00e9sister aux environnements de terrain difficiles tout en maintenant un \u00e9talonnage constant.<\/li>\n<li>R\u00e9f\u00e9rence visuelle claire \u2013 Fournit des lectures \u00e0 bulles rapides et intuitives, r\u00e9duisant le temps de configuration.<\/li>\n<\/ul>","protected":false},"featured_media":5437,"comment_status":"open","ping_status":"closed","template":"","meta":[],"product_brand":[],"product_cat":[79,153],"product_tag":[],"class_list":{"0":"post-5435","1":"product","2":"type-product","3":"status-publish","4":"has-post-thumbnail","6":"product_cat-surveying-accessory","7":"product_cat-bubble-for-tribrach-carrier-prism","9":"first","10":"instock","11":"shipping-taxable","12":"product-type-simple"},"_links":{"self":[{"href":"https:\/\/mountlaser.com\/fr_fr\/wp-json\/wp\/v2\/product\/5435","targetHints":{"allow":["GET"]}}],"collection":[{"href":"https:\/\/mountlaser.com\/fr_fr\/wp-json\/wp\/v2\/product"}],"about":[{"href":"https:\/\/mountlaser.com\/fr_fr\/wp-json\/wp\/v2\/types\/product"}],"replies":[{"embeddable":true,"href":"https:\/\/mountlaser.com\/fr_fr\/wp-json\/wp\/v2\/comments?post=5435"}],"wp:featuredmedia":[{"embeddable":true,"href":"https:\/\/mountlaser.com\/fr_fr\/wp-json\/wp\/v2\/media\/5437"}],"wp:attachment":[{"href":"https:\/\/mountlaser.com\/fr_fr\/wp-json\/wp\/v2\/media?parent=5435"}],"wp:term":[{"taxonomy":"product_brand","embeddable":true,"href":"https:\/\/mountlaser.com\/fr_fr\/wp-json\/wp\/v2\/product_brand?post=5435"},{"taxonomy":"product_cat","embeddable":true,"href":"https:\/\/mountlaser.com\/fr_fr\/wp-json\/wp\/v2\/product_cat?post=5435"},{"taxonomy":"product_tag","embeddable":true,"href":"https:\/\/mountlaser.com\/fr_fr\/wp-json\/wp\/v2\/product_tag?post=5435"}],"curies":[{"name":"wp","href":"https:\/\/api.w.org\/{rel}","templated":true}]}}