{"id":543,"date":"2024-03-28T08:13:14","date_gmt":"2024-03-28T08:13:14","guid":{"rendered":"https:\/\/startersites.io\/blocksy\/pottery\/?post_type=product&#038;p=543"},"modified":"2025-12-01T02:32:34","modified_gmt":"2025-12-01T02:32:34","slug":"ma-dh32-dh36-optical-style-auto-level","status":"publish","type":"product","link":"https:\/\/mountlaser.com\/fr_fr\/produit\/ma-dh32-dh36-optical-style-auto-level\/","title":{"rendered":"Niveau automatique optique MA-DH32\/DH36"},"content":{"rendered":"<p>Le <strong><a href=\"https:\/\/mountlaser.com\/fr_fr\/\">Niveaux automatiques de style optique MA-DH32\/DH36<\/a><\/strong> Les niveaux optiques de pr\u00e9cision Mountlaser repr\u00e9sentent la nouvelle g\u00e9n\u00e9ration d&#039;\u00e9quipements de topographie de haute pr\u00e9cision, con\u00e7us pour les g\u00e9om\u00e8tres exigeant une pr\u00e9cision et une fiabilit\u00e9 sans compromis. Ces mod\u00e8les, disponibles \u00e0 la vente, sont des niveaux automatiques haut de gamme, alliant l&#039;excellence optique classique \u00e0 une construction moderne et robuste.<br \/>\nNiveaux automatiques optiques MA-DH32\/DH36\u00a0: disponibles avec un grossissement de 32x (MA-DH32) ou 36x (MA-DH36) et \u00e9quip\u00e9s de t\u00e9lescopes \u00e0 image redress\u00e9e, ils offrent des images nettes et sans distorsion, m\u00eame \u00e0 longue distance. Dot\u00e9s d\u2019un compensateur d\u2019amortissement \u00e0 air de haute pr\u00e9cision et d\u2019un \u00e9cart type de seulement 1,0\u00a0mm par km (double mesure), ces instruments sont con\u00e7us pour les applications exigeantes telles que le piquetage de construction, les lev\u00e9s topographiques et le nivellement en g\u00e9nie civil.<\/p>\n<p>Le bo\u00eetier robuste est certifi\u00e9 IP66 (\u00e9tanch\u00e9it\u00e9 de haut niveau), garantissant un fonctionnement fiable m\u00eame dans des conditions de travail difficiles. En tant que fournisseur de confiance de<a href=\"https:\/\/mountlaser.com\/fr_fr\/categorie-produit\/surveying-instrument\/automatic-level\/\"><strong> \u00e9quipement de topographie optique<\/strong><\/a>, Mountlaser garantit que chaque unit\u00e9 est calibr\u00e9e selon les normes les plus strictes. Pour les professionnels \u00e0 la recherche d&#039;un niveau automatique de haute qualit\u00e9, les s\u00e9ries MA-DH32 et MA-DH36 offrent une durabilit\u00e9, une pr\u00e9cision et un rapport qualit\u00e9-prix exceptionnels, ce qui en fait des investissements id\u00e9aux pour tout \u00e9quipement de topographie.<\/p>\n<p>&nbsp;<\/p>\n<p><img fetchpriority=\"high\" decoding=\"async\" class=\"aligncenter wp-image-1896\" src=\"https:\/\/mountlaser.com\/wp-content\/uploads\/2024\/03\/MA-DH328.webp\" alt=\"Optical Level Surveying Equipment\" width=\"500\" height=\"500\" srcset=\"https:\/\/mountlaser.com\/wp-content\/uploads\/2024\/03\/MA-DH328.webp 1000w, https:\/\/mountlaser.com\/wp-content\/uploads\/2024\/03\/MA-DH328-300x300.webp 300w, https:\/\/mountlaser.com\/wp-content\/uploads\/2024\/03\/MA-DH328-400x400.webp 400w, https:\/\/mountlaser.com\/wp-content\/uploads\/2024\/03\/MA-DH328-800x800.webp 800w, https:\/\/mountlaser.com\/wp-content\/uploads\/2024\/03\/MA-DH328-600x600.webp 600w, https:\/\/mountlaser.com\/wp-content\/uploads\/2024\/03\/MA-DH328-150x150.webp 150w, https:\/\/mountlaser.com\/wp-content\/uploads\/2024\/03\/MA-DH328-768x768.webp 768w, https:\/\/mountlaser.com\/wp-content\/uploads\/2024\/03\/MA-DH328-12x12.webp 12w\" sizes=\"(max-width: 500px) 100vw, 500px\" \/><\/p>\n<p><strong><a href=\"https:\/\/mountlaser.com\/fr_fr\/contact-us\/\">Niveau automatique de style optique<\/a> Caract\u00e9ristiques<\/strong><\/p>\n<table style=\"border-collapse: collapse; width: 810.77pt;\" border=\"0\" width=\"1081\" cellspacing=\"0\" cellpadding=\"0\">\n<tbody>\n<tr style=\"height: 14.25pt;\">\n<td class=\"et2\" style=\"height: 14.25pt; width: 322.50pt;\" width=\"430\" height=\"19\">Num\u00e9ro de mod\u00e8le.<\/td>\n<td class=\"et2\" style=\"width: 141.00pt;\" width=\"188\">MA-DH32<\/td>\n<td class=\"et2\" style=\"width: 88.50pt;\" width=\"118\">MA-DH36<\/td>\n<td class=\"et2\" style=\"width: 82.50pt;\" width=\"110\">MA-DH32L<\/td>\n<td class=\"et3\" style=\"width: 176.25pt;\" width=\"235\">MA-DH36L<\/td>\n<\/tr>\n<tr style=\"height: 14.25pt;\">\n<td class=\"et2\" style=\"height: 14.25pt;\" height=\"19\">Distance de travail<\/td>\n<td class=\"et4\" colspan=\"4\">60 m<\/td>\n<\/tr>\n<tr style=\"height: 14.25pt;\">\n<td class=\"et2\" style=\"height: 14.25pt;\" height=\"19\">\u00c9cart type pour un aller-retour de 1 km<\/td>\n<td class=\"et4\" colspan=\"4\">1,0 mm<\/td>\n<\/tr>\n<tr style=\"height: 14.25pt;\">\n<td class=\"et2\" style=\"height: 14.25pt;\" height=\"19\">Grossissement du t\u00e9lescope<\/td>\n<td class=\"et2\">32X<\/td>\n<td class=\"et2\">36X<\/td>\n<td class=\"et2\">32X<\/td>\n<td class=\"et3\">36X<\/td>\n<\/tr>\n<tr style=\"height: 14.25pt;\">\n<td class=\"et2\" style=\"height: 14.25pt;\" height=\"19\">Image du t\u00e9lescope<\/td>\n<td class=\"et4\" colspan=\"4\">\u00c9riger<\/td>\n<\/tr>\n<tr style=\"height: 14.25pt;\">\n<td class=\"et2\" style=\"height: 14.25pt;\" height=\"19\">Distance de mise au point la plus courte<\/td>\n<td class=\"et4\" colspan=\"4\">0,4 m<\/td>\n<\/tr>\n<tr style=\"height: 14.25pt;\">\n<td class=\"et2\" style=\"height: 14.25pt;\" height=\"19\">Erreur de distance d&#039;affichage<\/td>\n<td class=\"et4\" colspan=\"4\">\u2264\u00b10,4%<\/td>\n<\/tr>\n<tr style=\"height: 14.25pt;\">\n<td class=\"et2\" style=\"height: 14.25pt;\" height=\"19\">Taille d&#039;ouverture effective de la lentille d&#039;objectif<\/td>\n<td class=\"et4\" colspan=\"4\">42 mm<\/td>\n<\/tr>\n<tr style=\"height: 14.25pt;\">\n<td class=\"et2\" style=\"height: 14.25pt;\" height=\"19\">Erreur de mise au point<\/td>\n<td class=\"et4\" colspan=\"4\">\u22641 mm<\/td>\n<\/tr>\n<tr style=\"height: 14.25pt;\">\n<td class=\"et2\" style=\"height: 14.25pt;\" height=\"19\">Type de compensation<\/td>\n<td class=\"et4\" colspan=\"4\">Suspension \u00e0 fil en forme de X avec amortissement magn\u00e9tique<\/td>\n<\/tr>\n<tr style=\"height: 14.25pt;\">\n<td class=\"et2\" style=\"height: 14.25pt;\" height=\"19\">Erreur compensatoire<\/td>\n<td class=\"et4\" colspan=\"4\">\u22640,2\u2033<\/td>\n<\/tr>\n<tr style=\"height: 14.25pt;\">\n<td class=\"et2\" style=\"height: 14.25pt;\" height=\"19\">R\u00e9ticule<\/td>\n<td class=\"et4\" colspan=\"4\">Forme de coin<\/td>\n<\/tr>\n<tr style=\"height: 14.25pt;\">\n<td class=\"et2\" style=\"height: 14.25pt;\" height=\"19\">R\u00e9glage de la pr\u00e9cision<\/td>\n<td class=\"et4\" colspan=\"4\">\u00b10,3\u2033<\/td>\n<\/tr>\n<tr style=\"height: 14.25pt;\">\n<td class=\"et2\" style=\"height: 14.25pt;\" height=\"19\">\u00e9tanche \u00e0 l&#039;eau et \u00e0 la poussi\u00e8re<\/td>\n<td class=\"et4\" colspan=\"4\">\u00c9tanch\u00e9it\u00e9 IP66 de haut niveau<\/td>\n<\/tr>\n<tr style=\"height: 14.25pt;\">\n<td class=\"et2\" style=\"height: 14.25pt;\" height=\"19\">Accessoire standard<\/td>\n<td class=\"et4\" colspan=\"4\">Fil \u00e0 plomb, manuel, goupille de r\u00e9glage, \u00e9tui en plastique<\/td>\n<\/tr>\n<tr style=\"height: 14.25pt;\">\n<td class=\"et2\" style=\"height: 14.25pt;\" height=\"19\">La longueur d&#039;onde du laser<\/td>\n<td class=\"et7\" style=\"border-right: .5pt solid #000000;\" colspan=\"2\">\u2014<\/td>\n<td class=\"et4\" colspan=\"2\">Faisceau rouge 635 nm<\/td>\n<\/tr>\n<tr style=\"height: 14.25pt;\">\n<td class=\"et2\" style=\"height: 14.25pt;\" height=\"19\">Port\u00e9e efficace<\/td>\n<td class=\"et7\" style=\"border-right: .5pt solid #000000;\" colspan=\"2\">\u2014<\/td>\n<td class=\"et7\" style=\"border-right: .5pt solid #000000;\" colspan=\"2\">200 m (Nuit)<\/td>\n<\/tr>\n<tr style=\"height: 14.25pt;\">\n<td class=\"et2\" style=\"height: 14.25pt;\" height=\"19\">Taille du spot<\/td>\n<td class=\"et7\" style=\"border-right: .5pt solid #000000;\" colspan=\"2\">\u2014<\/td>\n<td class=\"et7\" style=\"border-right: .5pt solid #000000;\" colspan=\"2\">5 mm\/100 m<\/td>\n<\/tr>\n<tr style=\"height: 14.25pt;\">\n<td class=\"et2\" style=\"height: 14.25pt;\" height=\"19\">Centre du point et d\u00e9viation de l&#039;axe visuel<\/td>\n<td class=\"et7\" style=\"border-right: .5pt solid #000000;\" colspan=\"2\">\u2014<\/td>\n<td class=\"et7\" style=\"border-right: .5pt solid #000000;\" colspan=\"2\">5\u2033<\/td>\n<\/tr>\n<tr style=\"height: 14.25pt;\">\n<td class=\"et2\" style=\"height: 14.25pt;\" height=\"19\">Pouvoir<\/td>\n<td class=\"et7\" style=\"border-right: .5pt solid #000000;\" colspan=\"2\">\u2014<\/td>\n<td class=\"et7\" style=\"border-right: .5pt solid #000000;\" colspan=\"2\">Batterie Li-ion 3,7 V 2000 mAh<\/td>\n<\/tr>\n<tr style=\"height: 14.25pt;\">\n<td class=\"et2\" style=\"height: 14.25pt;\" height=\"19\">Type de connecteur<\/td>\n<td class=\"et7\" style=\"border-right: .5pt solid #000000;\" colspan=\"2\">\u2014<\/td>\n<td class=\"et7\" style=\"border-right: .5pt solid #000000;\" colspan=\"2\">Type-C<\/td>\n<\/tr>\n<tr style=\"height: 14.25pt;\">\n<td class=\"et2\" style=\"height: 14.25pt;\" height=\"19\">Temps de travail<\/td>\n<td class=\"et7\" style=\"border-right: .5pt solid #000000;\" colspan=\"2\">\u2014<\/td>\n<td class=\"et7\" style=\"border-right: .5pt solid #000000;\" colspan=\"2\">&gt;70 heures<\/td>\n<\/tr>\n<tr style=\"height: 14.25pt;\">\n<td class=\"et2\" style=\"height: 14.25pt;\" height=\"19\">Temp\u00e9rature de fonctionnement<\/td>\n<td class=\"et7\" style=\"border-right: .5pt solid #000000;\" colspan=\"2\">\u2014<\/td>\n<td class=\"et7\" style=\"border-right: .5pt solid #000000;\" colspan=\"2\">-10\u2103 \u00e0 +60\u2103<\/td>\n<\/tr>\n<tr style=\"height: 14.25pt;\">\n<td class=\"et10\" style=\"height: 14.25pt;\" height=\"19\">Poids net<\/td>\n<td class=\"et4\" colspan=\"4\">1,85 kg<\/td>\n<\/tr>\n<\/tbody>\n<\/table>","protected":false},"excerpt":{"rendered":"<ul>\n<li>Les niveaux automatiques optiques MA-DH32\/DH36 offrent des performances de qualit\u00e9 professionnelle pour une large gamme de t\u00e2ches topographiques.<\/li>\n<li>En tant qu&#039;\u00e9quipement de topographie optique de haute pr\u00e9cision<\/li>\n<li>Ils sont \u00e0 la fois robustes et faciles d&#039;utilisation, offrant un rapport qualit\u00e9-prix exceptionnel en tant que niveau \u00e0 bulle automobile de haute qualit\u00e9.<\/li>\n<\/ul>","protected":false},"featured_media":1894,"comment_status":"open","ping_status":"closed","template":"","meta":[],"product_brand":[],"product_cat":[15,140],"product_tag":[],"class_list":{"0":"post-543","1":"product","2":"type-product","3":"status-publish","4":"has-post-thumbnail","6":"product_cat-surveying-instrument","7":"product_cat-automatic-level","9":"first","10":"instock","11":"shipping-taxable","12":"product-type-simple"},"_links":{"self":[{"href":"https:\/\/mountlaser.com\/fr_fr\/wp-json\/wp\/v2\/product\/543","targetHints":{"allow":["GET"]}}],"collection":[{"href":"https:\/\/mountlaser.com\/fr_fr\/wp-json\/wp\/v2\/product"}],"about":[{"href":"https:\/\/mountlaser.com\/fr_fr\/wp-json\/wp\/v2\/types\/product"}],"replies":[{"embeddable":true,"href":"https:\/\/mountlaser.com\/fr_fr\/wp-json\/wp\/v2\/comments?post=543"}],"wp:featuredmedia":[{"embeddable":true,"href":"https:\/\/mountlaser.com\/fr_fr\/wp-json\/wp\/v2\/media\/1894"}],"wp:attachment":[{"href":"https:\/\/mountlaser.com\/fr_fr\/wp-json\/wp\/v2\/media?parent=543"}],"wp:term":[{"taxonomy":"product_brand","embeddable":true,"href":"https:\/\/mountlaser.com\/fr_fr\/wp-json\/wp\/v2\/product_brand?post=543"},{"taxonomy":"product_cat","embeddable":true,"href":"https:\/\/mountlaser.com\/fr_fr\/wp-json\/wp\/v2\/product_cat?post=543"},{"taxonomy":"product_tag","embeddable":true,"href":"https:\/\/mountlaser.com\/fr_fr\/wp-json\/wp\/v2\/product_tag?post=543"}],"curies":[{"name":"wp","href":"https:\/\/api.w.org\/{rel}","templated":true}]}}