{"id":541,"date":"2024-03-28T08:11:43","date_gmt":"2024-03-28T08:11:43","guid":{"rendered":"https:\/\/startersites.io\/blocksy\/pottery\/?post_type=product&#038;p=541"},"modified":"2025-12-01T02:38:10","modified_gmt":"2025-12-01T02:38:10","slug":"ma-e32-auto-level","status":"publish","type":"product","link":"https:\/\/mountlaser.com\/fr_fr\/produit\/ma-e32-auto-level\/","title":{"rendered":"MA-E32 Niveau automatique"},"content":{"rendered":"<p>Le <a href=\"https:\/\/mountlaser.com\/fr_fr\/\"><strong>MA-E32 Niveau automatique<\/strong><\/a> Con\u00e7u pour les professionnels exigeant une pr\u00e9cision et une robustesse exceptionnelles en topographie automatique, le MA-E32 est dot\u00e9 d&#039;un compensateur de qualit\u00e9 japonaise pour une stabilit\u00e9 optimale. Cet instrument offre des performances fiables m\u00eame dans des conditions difficiles. Avec un grossissement de 32x, un t\u00e9lescope \u00e0 image redress\u00e9e et un \u00e9cart type impressionnant de 1,0 mm par km (double mesure), le MA-E32 garantit des mesures pr\u00e9cises pour les applications de construction, d&#039;ing\u00e9nierie et de topographie. Son indice de protection IP66 contre l&#039;eau et la poussi\u00e8re en fait l&#039;un des niveaux automatiques de topographie les plus robustes du march\u00e9, capable de fonctionner dans des environnements difficiles o\u00f9 d&#039;autres outils pourraient \u00eatre mis en d\u00e9faut.<\/p>\n<p>Ce mod\u00e8le illustre une technologie avanc\u00e9e <a href=\"https:\/\/mountlaser.com\/fr_fr\/categorie-produit\/surveying-instrument\/automatic-level\/\"><strong>lev\u00e9s topographiques automatiques<\/strong><\/a> Dot\u00e9 d&#039;une technologie de pointe, le MA-E32 int\u00e8gre un compensateur magn\u00e9tique \u00e0 suspension par c\u00e2ble en forme de X avec une erreur \u2264 10 mm pour une installation rapide et pr\u00e9cise. Pour les g\u00e9om\u00e8tres \u00e0 la recherche d&#039;un niveau automatique haute performance, le MA-E32 offre un \u00e9quilibre parfait entre clart\u00e9 optique, robustesse et simplicit\u00e9 d&#039;utilisation, ce qui en fait un choix id\u00e9al pour les projets critiques.<\/p>\n<p><img fetchpriority=\"high\" decoding=\"async\" class=\"aligncenter wp-image-1900\" src=\"https:\/\/mountlaser.com\/wp-content\/uploads\/2024\/03\/MA-E325.webp\" alt=\"Automatic level surveying\" width=\"500\" height=\"500\" srcset=\"https:\/\/mountlaser.com\/wp-content\/uploads\/2024\/03\/MA-E325.webp 1000w, https:\/\/mountlaser.com\/wp-content\/uploads\/2024\/03\/MA-E325-300x300.webp 300w, https:\/\/mountlaser.com\/wp-content\/uploads\/2024\/03\/MA-E325-400x400.webp 400w, https:\/\/mountlaser.com\/wp-content\/uploads\/2024\/03\/MA-E325-800x800.webp 800w, https:\/\/mountlaser.com\/wp-content\/uploads\/2024\/03\/MA-E325-600x600.webp 600w, https:\/\/mountlaser.com\/wp-content\/uploads\/2024\/03\/MA-E325-150x150.webp 150w, https:\/\/mountlaser.com\/wp-content\/uploads\/2024\/03\/MA-E325-768x768.webp 768w, https:\/\/mountlaser.com\/wp-content\/uploads\/2024\/03\/MA-E325-12x12.webp 12w\" sizes=\"(max-width: 500px) 100vw, 500px\" \/><\/p>\n<p>&nbsp;<\/p>\n<p><strong><a href=\"https:\/\/mountlaser.com\/fr_fr\/about-us\/\">MA-E32 Niveau automatique<\/a> Caract\u00e9ristiques<\/strong><\/p>\n<table style=\"border-collapse: collapse; width: 631.52pt;\" border=\"0\" width=\"842\" cellspacing=\"0\" cellpadding=\"0\">\n<tbody>\n<tr style=\"height: 14.25pt;\">\n<td class=\"et2\" style=\"height: 14.25pt; width: 322.50pt;\" width=\"430\" height=\"19\">Num\u00e9ro de mod\u00e8le.<\/td>\n<td class=\"et3\" style=\"width: 309.00pt;\" width=\"412\">MA-E32<\/td>\n<\/tr>\n<tr style=\"height: 14.25pt;\">\n<td class=\"et4\" style=\"height: 14.25pt;\" height=\"19\">Distance de travail<\/td>\n<td class=\"et5\">60 m<\/td>\n<\/tr>\n<tr style=\"height: 14.25pt;\">\n<td class=\"et4\" style=\"height: 14.25pt;\" height=\"19\">\u00c9cart type pour un aller-retour de 1 km<\/td>\n<td class=\"et5\">1,0 mm<\/td>\n<\/tr>\n<tr style=\"height: 14.25pt;\">\n<td class=\"et4\" style=\"height: 14.25pt;\" height=\"19\">Grossissement du t\u00e9lescope<\/td>\n<td class=\"et5\">32X<\/td>\n<\/tr>\n<tr style=\"height: 14.25pt;\">\n<td class=\"et4\" style=\"height: 14.25pt;\" height=\"19\">Image du t\u00e9lescope<\/td>\n<td class=\"et5\">\u00c9riger<\/td>\n<\/tr>\n<tr style=\"height: 14.25pt;\">\n<td class=\"et4\" style=\"height: 14.25pt;\" height=\"19\">Distance de mise au point la plus courte<\/td>\n<td class=\"et5\">0,5 m<\/td>\n<\/tr>\n<tr style=\"height: 14.25pt;\">\n<td class=\"et4\" style=\"height: 14.25pt;\" height=\"19\">Erreur de distance d&#039;affichage<\/td>\n<td class=\"et5\">\u2264\u00b10,4%<\/td>\n<\/tr>\n<tr style=\"height: 14.25pt;\">\n<td class=\"et4\" style=\"height: 14.25pt;\" height=\"19\">Taille d&#039;ouverture effective de la lentille d&#039;objectif<\/td>\n<td class=\"et5\">36 mm<\/td>\n<\/tr>\n<tr style=\"height: 14.25pt;\">\n<td class=\"et4\" style=\"height: 14.25pt;\" height=\"19\">Erreur de mise au point<\/td>\n<td class=\"et5\">\u22641 mm<\/td>\n<\/tr>\n<tr style=\"height: 14.25pt;\">\n<td class=\"et4\" style=\"height: 14.25pt;\" height=\"19\">Type de compensateur<\/td>\n<td class=\"et5\">Suspension par c\u00e2ble en forme de X avec amortissement magn\u00e9tique<\/td>\n<\/tr>\n<tr style=\"height: 14.25pt;\">\n<td class=\"et4\" style=\"height: 14.25pt;\" height=\"19\">Erreur compensatoire<\/td>\n<td class=\"et5\">\u22640,4\u201d<\/td>\n<\/tr>\n<tr style=\"height: 14.25pt;\">\n<td class=\"et4\" style=\"height: 14.25pt;\" height=\"19\">R\u00e9ticule<\/td>\n<td class=\"et5\">Forme de coin<\/td>\n<\/tr>\n<tr style=\"height: 14.25pt;\">\n<td class=\"et4\" style=\"height: 14.25pt;\" height=\"19\">R\u00e9glage de la pr\u00e9cision<\/td>\n<td class=\"et5\">\u00b10,3\u201d<\/td>\n<\/tr>\n<tr style=\"height: 14.25pt;\">\n<td class=\"et4\" style=\"height: 14.25pt;\" height=\"19\">\u00e9tanche \u00e0 l&#039;eau et \u00e0 la poussi\u00e8re<\/td>\n<td class=\"et5\">\u00c9tanch\u00e9it\u00e9 IP66 de haut niveau<\/td>\n<\/tr>\n<tr style=\"height: 14.25pt;\">\n<td class=\"et4\" style=\"height: 14.25pt;\" height=\"19\">Accessoire standard<\/td>\n<td class=\"et5\">Fil \u00e0 plomb, manuel, goupille de r\u00e9glage, \u00e9tui en plastique<\/td>\n<\/tr>\n<tr style=\"height: 14.25pt;\">\n<td class=\"et6\" style=\"height: 14.25pt;\" height=\"19\">Poids net<\/td>\n<td class=\"et7\">1,7 kg<\/td>\n<\/tr>\n<\/tbody>\n<\/table>","protected":false},"excerpt":{"rendered":"<ul>\n<li>Optique de haute pr\u00e9cision : t\u00e9lescope droit \u00e0 grossissement 32x avec une erreur de distance de vue \u2264\u00b10,4%.<\/li>\n<li>Compensateur avanc\u00e9 : syst\u00e8me d&#039;amortissement magn\u00e9tique \u00e0 suspension par fil en forme de X (erreur \u2264 0,4&quot;).<\/li>\n<li>Conception ergonomique : comprend un fil \u00e0 plomb, un manuel, une goupille de r\u00e9glage et un \u00e9tui pour une efficacit\u00e9 optimale sur le terrain.<\/li>\n<\/ul>","protected":false},"featured_media":1898,"comment_status":"open","ping_status":"closed","template":"","meta":[],"product_brand":[],"product_cat":[15,140],"product_tag":[],"class_list":{"0":"post-541","1":"product","2":"type-product","3":"status-publish","4":"has-post-thumbnail","6":"product_cat-surveying-instrument","7":"product_cat-automatic-level","9":"first","10":"instock","11":"shipping-taxable","12":"product-type-simple"},"_links":{"self":[{"href":"https:\/\/mountlaser.com\/fr_fr\/wp-json\/wp\/v2\/product\/541","targetHints":{"allow":["GET"]}}],"collection":[{"href":"https:\/\/mountlaser.com\/fr_fr\/wp-json\/wp\/v2\/product"}],"about":[{"href":"https:\/\/mountlaser.com\/fr_fr\/wp-json\/wp\/v2\/types\/product"}],"replies":[{"embeddable":true,"href":"https:\/\/mountlaser.com\/fr_fr\/wp-json\/wp\/v2\/comments?post=541"}],"wp:featuredmedia":[{"embeddable":true,"href":"https:\/\/mountlaser.com\/fr_fr\/wp-json\/wp\/v2\/media\/1898"}],"wp:attachment":[{"href":"https:\/\/mountlaser.com\/fr_fr\/wp-json\/wp\/v2\/media?parent=541"}],"wp:term":[{"taxonomy":"product_brand","embeddable":true,"href":"https:\/\/mountlaser.com\/fr_fr\/wp-json\/wp\/v2\/product_brand?post=541"},{"taxonomy":"product_cat","embeddable":true,"href":"https:\/\/mountlaser.com\/fr_fr\/wp-json\/wp\/v2\/product_cat?post=541"},{"taxonomy":"product_tag","embeddable":true,"href":"https:\/\/mountlaser.com\/fr_fr\/wp-json\/wp\/v2\/product_tag?post=541"}],"curies":[{"name":"wp","href":"https:\/\/api.w.org\/{rel}","templated":true}]}}