{"id":5400,"date":"2025-12-05T00:57:10","date_gmt":"2025-12-05T00:57:10","guid":{"rendered":"https:\/\/mountlaser.com\/?post_type=product&#038;p=5400"},"modified":"2025-12-05T01:44:11","modified_gmt":"2025-12-05T01:44:11","slug":"bl21-series-prism-bubble-level","status":"publish","type":"product","link":"https:\/\/mountlaser.com\/fr_fr\/produit\/bl21-series-prism-bubble-level\/","title":{"rendered":"Niveau \u00e0 bulle prismatique s\u00e9rie BL21"},"content":{"rendered":"<p>Le <a href=\"https:\/\/mountlaser.com\/fr_fr\/products\/\"><strong>Niveau de bulle verte<\/strong><\/a>La s\u00e9rie l de Mountlaser est con\u00e7ue pour offrir des performances de nivellement pr\u00e9cises pour les tribrachs, les porteurs et une large gamme de syst\u00e8mes \u00e0 prismes. Chaque niveau \u00e0 bulle vert est con\u00e7u pour une int\u00e9gration parfaite, offrant des lectures stables et pr\u00e9cises, essentielles pour l&#039;alignement topographique. <a href=\"https:\/\/mountlaser.com\/fr_fr\/\"><strong>Bulle pour Prism<\/strong><\/a> Cette solution garantit une visibilit\u00e9 \u00e9lev\u00e9e, une durabilit\u00e9 \u00e0 long terme et des performances fiables m\u00eame dans des environnements de terrain exigeants.<\/p>\n<div>\n<table style=\"border-collapse: collapse; width: 309.77pt;\" border=\"0\" width=\"413\" cellspacing=\"0\" cellpadding=\"0\">\n<tbody>\n<tr style=\"height: 14.25pt;\">\n<td class=\"et2\" style=\"height: 14.25pt; width: 99.75pt;\" width=\"133\" height=\"19\">BL21<\/td>\n<td class=\"et3\" style=\"width: 101.25pt;\" width=\"135\">Pour Mini Prism MP061<\/td>\n<td style=\"width: 108.75pt;\" width=\"145\"><img fetchpriority=\"high\" decoding=\"async\" class=\"alignnone wp-image-5401\" src=\"https:\/\/mountlaser.com\/wp-content\/uploads\/2025\/12\/BL211.webp\" alt=\"Green Bubble Level\" width=\"500\" height=\"500\" srcset=\"https:\/\/mountlaser.com\/wp-content\/uploads\/2025\/12\/BL211.webp 1000w, https:\/\/mountlaser.com\/wp-content\/uploads\/2025\/12\/BL211-300x300.webp 300w, https:\/\/mountlaser.com\/wp-content\/uploads\/2025\/12\/BL211-150x150.webp 150w, https:\/\/mountlaser.com\/wp-content\/uploads\/2025\/12\/BL211-768x768.webp 768w, https:\/\/mountlaser.com\/wp-content\/uploads\/2025\/12\/BL211-12x12.webp 12w, https:\/\/mountlaser.com\/wp-content\/uploads\/2025\/12\/BL211-600x600.webp 600w, https:\/\/mountlaser.com\/wp-content\/uploads\/2025\/12\/BL211-800x800.webp 800w, https:\/\/mountlaser.com\/wp-content\/uploads\/2025\/12\/BL211-400x400.webp 400w\" sizes=\"(max-width: 500px) 100vw, 500px\" \/><\/td>\n<\/tr>\n<tr style=\"height: 14.25pt;\">\n<td class=\"et2\" style=\"height: 14.25pt;\" height=\"19\">BL31<\/td>\n<td class=\"et3\">Pour Mini Prism SP060\/063<\/td>\n<td><img decoding=\"async\" class=\"alignnone wp-image-5407\" src=\"https:\/\/mountlaser.com\/wp-content\/uploads\/2025\/12\/BL312.webp\" alt=\"Green Bubble Level\" width=\"500\" height=\"500\" srcset=\"https:\/\/mountlaser.com\/wp-content\/uploads\/2025\/12\/BL312.webp 1000w, https:\/\/mountlaser.com\/wp-content\/uploads\/2025\/12\/BL312-300x300.webp 300w, https:\/\/mountlaser.com\/wp-content\/uploads\/2025\/12\/BL312-150x150.webp 150w, https:\/\/mountlaser.com\/wp-content\/uploads\/2025\/12\/BL312-768x768.webp 768w, https:\/\/mountlaser.com\/wp-content\/uploads\/2025\/12\/BL312-12x12.webp 12w, https:\/\/mountlaser.com\/wp-content\/uploads\/2025\/12\/BL312-600x600.webp 600w, https:\/\/mountlaser.com\/wp-content\/uploads\/2025\/12\/BL312-800x800.webp 800w, https:\/\/mountlaser.com\/wp-content\/uploads\/2025\/12\/BL312-400x400.webp 400w\" sizes=\"(max-width: 500px) 100vw, 500px\" \/><\/td>\n<\/tr>\n<tr style=\"height: 14.25pt;\">\n<td class=\"et2\" style=\"height: 14.25pt;\" height=\"19\">BL32<\/td>\n<td class=\"et4\">Pour Mini Prism SP065<\/td>\n<td><img decoding=\"async\" class=\"alignnone wp-image-5413\" src=\"https:\/\/mountlaser.com\/wp-content\/uploads\/2025\/12\/BL322.webp\" alt=\"Green Bubble Level\" width=\"500\" height=\"500\" srcset=\"https:\/\/mountlaser.com\/wp-content\/uploads\/2025\/12\/BL322.webp 1000w, https:\/\/mountlaser.com\/wp-content\/uploads\/2025\/12\/BL322-300x300.webp 300w, https:\/\/mountlaser.com\/wp-content\/uploads\/2025\/12\/BL322-150x150.webp 150w, https:\/\/mountlaser.com\/wp-content\/uploads\/2025\/12\/BL322-768x768.webp 768w, https:\/\/mountlaser.com\/wp-content\/uploads\/2025\/12\/BL322-12x12.webp 12w, https:\/\/mountlaser.com\/wp-content\/uploads\/2025\/12\/BL322-600x600.webp 600w, https:\/\/mountlaser.com\/wp-content\/uploads\/2025\/12\/BL322-800x800.webp 800w, https:\/\/mountlaser.com\/wp-content\/uploads\/2025\/12\/BL322-400x400.webp 400w\" sizes=\"(max-width: 500px) 100vw, 500px\" \/><\/td>\n<\/tr>\n<tr style=\"height: 14.25pt;\">\n<td class=\"et2\" style=\"height: 14.25pt;\" height=\"19\">BL33<\/td>\n<td class=\"et3\">Pour Mini Prism SP066<\/td>\n<td class=\"et5\"><img loading=\"lazy\" decoding=\"async\" class=\"alignnone wp-image-5419\" src=\"https:\/\/mountlaser.com\/wp-content\/uploads\/2025\/12\/BL332.webp\" alt=\"Green Bubble Level\" width=\"500\" height=\"500\" srcset=\"https:\/\/mountlaser.com\/wp-content\/uploads\/2025\/12\/BL332.webp 1000w, https:\/\/mountlaser.com\/wp-content\/uploads\/2025\/12\/BL332-300x300.webp 300w, https:\/\/mountlaser.com\/wp-content\/uploads\/2025\/12\/BL332-150x150.webp 150w, https:\/\/mountlaser.com\/wp-content\/uploads\/2025\/12\/BL332-768x768.webp 768w, https:\/\/mountlaser.com\/wp-content\/uploads\/2025\/12\/BL332-12x12.webp 12w, https:\/\/mountlaser.com\/wp-content\/uploads\/2025\/12\/BL332-600x600.webp 600w, https:\/\/mountlaser.com\/wp-content\/uploads\/2025\/12\/BL332-800x800.webp 800w, https:\/\/mountlaser.com\/wp-content\/uploads\/2025\/12\/BL332-400x400.webp 400w\" sizes=\"(max-width: 500px) 100vw, 500px\" \/><\/td>\n<\/tr>\n<tr style=\"height: 14.25pt;\">\n<td class=\"et2\" style=\"height: 14.25pt;\" height=\"19\">BL34<\/td>\n<td class=\"et3\">Pour Mini Prism SP067<\/td>\n<td class=\"et5\"><img loading=\"lazy\" decoding=\"async\" class=\"alignnone wp-image-5423\" src=\"https:\/\/mountlaser.com\/wp-content\/uploads\/2025\/12\/BL341.webp\" alt=\"Green Bubble Level\" width=\"500\" height=\"500\" srcset=\"https:\/\/mountlaser.com\/wp-content\/uploads\/2025\/12\/BL341.webp 1000w, https:\/\/mountlaser.com\/wp-content\/uploads\/2025\/12\/BL341-300x300.webp 300w, https:\/\/mountlaser.com\/wp-content\/uploads\/2025\/12\/BL341-150x150.webp 150w, https:\/\/mountlaser.com\/wp-content\/uploads\/2025\/12\/BL341-768x768.webp 768w, https:\/\/mountlaser.com\/wp-content\/uploads\/2025\/12\/BL341-12x12.webp 12w, https:\/\/mountlaser.com\/wp-content\/uploads\/2025\/12\/BL341-600x600.webp 600w, https:\/\/mountlaser.com\/wp-content\/uploads\/2025\/12\/BL341-800x800.webp 800w, https:\/\/mountlaser.com\/wp-content\/uploads\/2025\/12\/BL341-400x400.webp 400w\" sizes=\"(max-width: 500px) 100vw, 500px\" \/><\/td>\n<\/tr>\n<tr style=\"height: 14.25pt;\">\n<td class=\"et2\" style=\"height: 14.25pt;\" height=\"19\">BL35<\/td>\n<td class=\"et3\">Pour Mini Prism SP068<\/td>\n<td><img loading=\"lazy\" decoding=\"async\" class=\"alignnone wp-image-5429\" src=\"https:\/\/mountlaser.com\/wp-content\/uploads\/2025\/12\/BL351.webp\" alt=\"Green Bubble Level\" width=\"500\" height=\"500\" srcset=\"https:\/\/mountlaser.com\/wp-content\/uploads\/2025\/12\/BL351.webp 1000w, https:\/\/mountlaser.com\/wp-content\/uploads\/2025\/12\/BL351-300x300.webp 300w, https:\/\/mountlaser.com\/wp-content\/uploads\/2025\/12\/BL351-150x150.webp 150w, https:\/\/mountlaser.com\/wp-content\/uploads\/2025\/12\/BL351-768x768.webp 768w, https:\/\/mountlaser.com\/wp-content\/uploads\/2025\/12\/BL351-12x12.webp 12w, https:\/\/mountlaser.com\/wp-content\/uploads\/2025\/12\/BL351-600x600.webp 600w, https:\/\/mountlaser.com\/wp-content\/uploads\/2025\/12\/BL351-800x800.webp 800w, https:\/\/mountlaser.com\/wp-content\/uploads\/2025\/12\/BL351-400x400.webp 400w\" sizes=\"(max-width: 500px) 100vw, 500px\" \/><\/td>\n<\/tr>\n<\/tbody>\n<\/table>\n<p>Chaque niveau \u00e0 bulle vert offre une excellente stabilit\u00e9 du fluide et des graduations de r\u00e9f\u00e9rence claires, permettant aux g\u00e9om\u00e8tres d&#039;obtenir facilement une orientation pr\u00e9cise de l&#039;instrument. Qu&#039;il soit utilis\u00e9 comme niveau \u00e0 bulle, <a href=\"https:\/\/mountlaser.com\/fr_fr\/contact-us\/\">Bulle pour Prism<\/a> Install\u00e9es sur des supports et des chariots, ces fioles am\u00e9liorent la pr\u00e9cision des mesures dans les applications de construction, de cartographie et d&#039;ing\u00e9nierie.<\/p>\n<\/div>","protected":false},"excerpt":{"rendered":"<ul>\n<li>Le niveau \u00e0 bulle vert haute visibilit\u00e9 assure un nivellement rapide et pr\u00e9cis dans toutes les conditions d&#039;\u00e9clairage, am\u00e9liorant ainsi la pr\u00e9cision des mesures.<\/li>\n<li>Compatibilit\u00e9 parfaite avec les syst\u00e8mes Bubble pour Prism, con\u00e7u pour s&#039;adapter \u00e0 de multiples mod\u00e8les de mini-prismes pour une installation facile et des performances stables.<\/li>\n<li>Sa construction robuste assure une stabilit\u00e9 \u00e0 long terme et une r\u00e9sistance aux conditions sur le terrain, r\u00e9duisant ainsi la maintenance et garantissant une utilisation fiable dans les applications topographiques professionnelles.<\/li>\n<\/ul>","protected":false},"featured_media":5405,"comment_status":"open","ping_status":"closed","template":"","meta":[],"product_brand":[],"product_cat":[79,153],"product_tag":[],"class_list":{"0":"post-5400","1":"product","2":"type-product","3":"status-publish","4":"has-post-thumbnail","6":"product_cat-surveying-accessory","7":"product_cat-bubble-for-tribrach-carrier-prism","9":"first","10":"instock","11":"shipping-taxable","12":"product-type-simple"},"_links":{"self":[{"href":"https:\/\/mountlaser.com\/fr_fr\/wp-json\/wp\/v2\/product\/5400","targetHints":{"allow":["GET"]}}],"collection":[{"href":"https:\/\/mountlaser.com\/fr_fr\/wp-json\/wp\/v2\/product"}],"about":[{"href":"https:\/\/mountlaser.com\/fr_fr\/wp-json\/wp\/v2\/types\/product"}],"replies":[{"embeddable":true,"href":"https:\/\/mountlaser.com\/fr_fr\/wp-json\/wp\/v2\/comments?post=5400"}],"wp:featuredmedia":[{"embeddable":true,"href":"https:\/\/mountlaser.com\/fr_fr\/wp-json\/wp\/v2\/media\/5405"}],"wp:attachment":[{"href":"https:\/\/mountlaser.com\/fr_fr\/wp-json\/wp\/v2\/media?parent=5400"}],"wp:term":[{"taxonomy":"product_brand","embeddable":true,"href":"https:\/\/mountlaser.com\/fr_fr\/wp-json\/wp\/v2\/product_brand?post=5400"},{"taxonomy":"product_cat","embeddable":true,"href":"https:\/\/mountlaser.com\/fr_fr\/wp-json\/wp\/v2\/product_cat?post=5400"},{"taxonomy":"product_tag","embeddable":true,"href":"https:\/\/mountlaser.com\/fr_fr\/wp-json\/wp\/v2\/product_tag?post=5400"}],"curies":[{"name":"wp","href":"https:\/\/api.w.org\/{rel}","templated":true}]}}