{"id":538,"date":"2024-03-28T08:06:48","date_gmt":"2024-03-28T08:06:48","guid":{"rendered":"https:\/\/startersites.io\/blocksy\/pottery\/?post_type=product&#038;p=538"},"modified":"2025-12-01T03:22:35","modified_gmt":"2025-12-01T03:22:35","slug":"ma-k32-k40-auto-level","status":"publish","type":"product","link":"https:\/\/mountlaser.com\/fr_fr\/produit\/ma-k32-k40-auto-level\/","title":{"rendered":"MA-K32\/K40 Mise \u00e0 niveau automatique"},"content":{"rendered":"<p>Le <a href=\"https:\/\/mountlaser.com\/fr_fr\/\"><strong>Niveaux automatiques MA-K32\/K40<\/strong><\/a> Les niveaux automatiques Mountlaser repr\u00e9sentent le summum de l&#039;ing\u00e9nierie de pr\u00e9cision pour les g\u00e9om\u00e8tres professionnels. Con\u00e7us avec un syst\u00e8me de compensation de qualit\u00e9 japonaise, ces instruments offrent une pr\u00e9cision exceptionnelle avec un \u00e9cart type de 1,0 mm par km (double mesure), ce qui les rend id\u00e9aux pour les applications exigeantes en mati\u00e8re de construction, d&#039;ing\u00e9nierie et de topographie.<br \/>\n<a href=\"https:\/\/mountlaser.com\/fr_fr\/categorie-produit\/surveying-instrument\/automatic-level\/\">MA-K32\/K40 Mise \u00e0 niveau automatique<\/a> Offrant un grossissement de 32x (MA-K32) ou de 40x (MA-K40), ces deux mod\u00e8les sont \u00e9quip\u00e9s de lunettes \u00e0 image redress\u00e9e et de compensateurs magn\u00e9tiques \u00e0 suspension en X (erreur \u2264 0,4&quot;) pour une installation rapide et stable et des images d&#039;une nettet\u00e9 exceptionnelle. Leur indice d&#039;\u00e9tanch\u00e9it\u00e9 IPX6 garantit leur fiabilit\u00e9 m\u00eame dans les conditions les plus extr\u00eames, confirmant ainsi leur position parmi les meilleurs niveaux automatiques du march\u00e9.<\/p>\n<p>Con\u00e7us pour r\u00e9pondre aux exigences des g\u00e9om\u00e8tres professionnels modernes, ces<a href=\"https:\/\/mountlaser.com\/fr_fr\/contact-us\/\"><strong> niveaux automatiques pour g\u00e9om\u00e8tres<\/strong> <\/a>Alliant robustesse et simplicit\u00e9 d&#039;utilisation, la s\u00e9rie MA-K offre une performance et une durabilit\u00e9 sans compromis, ainsi qu&#039;une pr\u00e9cision in\u00e9gal\u00e9e pour tous vos projets, m\u00eame les plus exigeants.<\/p>\n<p><img fetchpriority=\"high\" decoding=\"async\" class=\"aligncenter wp-image-1907\" src=\"https:\/\/mountlaser.com\/wp-content\/uploads\/2024\/03\/MA-K326.webp\" alt=\"surveyors automatic levels\" width=\"500\" height=\"500\" srcset=\"https:\/\/mountlaser.com\/wp-content\/uploads\/2024\/03\/MA-K326.webp 1000w, https:\/\/mountlaser.com\/wp-content\/uploads\/2024\/03\/MA-K326-300x300.webp 300w, https:\/\/mountlaser.com\/wp-content\/uploads\/2024\/03\/MA-K326-400x400.webp 400w, https:\/\/mountlaser.com\/wp-content\/uploads\/2024\/03\/MA-K326-800x800.webp 800w, https:\/\/mountlaser.com\/wp-content\/uploads\/2024\/03\/MA-K326-600x600.webp 600w, https:\/\/mountlaser.com\/wp-content\/uploads\/2024\/03\/MA-K326-150x150.webp 150w, https:\/\/mountlaser.com\/wp-content\/uploads\/2024\/03\/MA-K326-768x768.webp 768w, https:\/\/mountlaser.com\/wp-content\/uploads\/2024\/03\/MA-K326-12x12.webp 12w\" sizes=\"(max-width: 500px) 100vw, 500px\" \/><\/p>\n<p>&nbsp;<\/p>\n<p><strong><a href=\"https:\/\/mountlaser.com\/fr_fr\/about-us\/\">MA-K32\/K40 Mise \u00e0 niveau automatique<\/a> Caract\u00e9ristiques<\/strong><\/p>\n<table style=\"border-collapse: collapse; width: 589.52pt;\" border=\"0\" width=\"786\" cellspacing=\"0\" cellpadding=\"0\">\n<tbody>\n<tr style=\"height: 14.25pt;\">\n<td class=\"et2\" style=\"height: 14.25pt; width: 207.75pt;\" width=\"277\" height=\"19\">Num\u00e9ro de mod\u00e8le.<\/td>\n<td class=\"et2\" style=\"width: 185.25pt;\" width=\"247\">MA-K32<\/td>\n<td class=\"et3\" style=\"width: 196.50pt;\" width=\"262\">MA-K40<\/td>\n<\/tr>\n<tr style=\"height: 14.25pt;\">\n<td class=\"et2\" style=\"height: 14.25pt;\" height=\"19\">Distance de travail<\/td>\n<td class=\"et4\" colspan=\"2\">60 m<\/td>\n<\/tr>\n<tr style=\"height: 14.25pt;\">\n<td class=\"et2\" style=\"height: 14.25pt;\" height=\"19\">\u00c9cart type pour un aller-retour de 1 km<\/td>\n<td class=\"et4\" colspan=\"2\">1,0 mm<\/td>\n<\/tr>\n<tr style=\"height: 14.25pt;\">\n<td class=\"et2\" style=\"height: 14.25pt;\" height=\"19\">Grossissement du t\u00e9lescope<\/td>\n<td class=\"et2\">32X<\/td>\n<td class=\"et3\">40X<\/td>\n<\/tr>\n<tr style=\"height: 14.25pt;\">\n<td class=\"et2\" style=\"height: 14.25pt;\" height=\"19\">Image du t\u00e9lescope<\/td>\n<td class=\"et4\" colspan=\"2\">\u00c9riger<\/td>\n<\/tr>\n<tr style=\"height: 14.25pt;\">\n<td class=\"et2\" style=\"height: 14.25pt;\" height=\"19\">Distance de mise au point la plus courte<\/td>\n<td class=\"et4\" colspan=\"2\">0,5 m<\/td>\n<\/tr>\n<tr style=\"height: 14.25pt;\">\n<td class=\"et2\" style=\"height: 14.25pt;\" height=\"19\">Erreur de distance d&#039;affichage<\/td>\n<td class=\"et4\" colspan=\"2\">\u2264\u00b10,4%<\/td>\n<\/tr>\n<tr style=\"height: 14.25pt;\">\n<td class=\"et2\" style=\"height: 14.25pt;\" height=\"19\">Taille d&#039;ouverture effective de la lentille d&#039;objectif<\/td>\n<td class=\"et4\" colspan=\"2\">40 mm<\/td>\n<\/tr>\n<tr style=\"height: 14.25pt;\">\n<td class=\"et2\" style=\"height: 14.25pt;\" height=\"19\">Erreur de mise au point<\/td>\n<td class=\"et4\" colspan=\"2\">\u22641 mm<\/td>\n<\/tr>\n<tr style=\"height: 14.25pt;\">\n<td class=\"et2\" style=\"height: 14.25pt;\" height=\"19\">Type de compensateur<\/td>\n<td class=\"et4\" colspan=\"2\">Suspension par c\u00e2ble en forme de X avec amortissement magn\u00e9tique<\/td>\n<\/tr>\n<tr style=\"height: 14.25pt;\">\n<td class=\"et2\" style=\"height: 14.25pt;\" height=\"19\">Erreur compensatoire<\/td>\n<td class=\"et4\" colspan=\"2\">\u22640,4\u201d<\/td>\n<\/tr>\n<tr style=\"height: 14.25pt;\">\n<td class=\"et2\" style=\"height: 14.25pt;\" height=\"19\">R\u00e9ticule<\/td>\n<td class=\"et4\" colspan=\"2\">Forme de coin<\/td>\n<\/tr>\n<tr style=\"height: 14.25pt;\">\n<td class=\"et2\" style=\"height: 14.25pt;\" height=\"19\">R\u00e9glage de la pr\u00e9cision<\/td>\n<td class=\"et4\" colspan=\"2\">\u00b10,3\u201d<\/td>\n<\/tr>\n<tr style=\"height: 14.25pt;\">\n<td class=\"et2\" style=\"height: 14.25pt;\" height=\"19\">\u00e9tanche \u00e0 l&#039;eau et \u00e0 la poussi\u00e8re<\/td>\n<td class=\"et4\" colspan=\"2\">IPX6<\/td>\n<\/tr>\n<tr style=\"height: 14.25pt;\">\n<td class=\"et2\" style=\"height: 14.25pt;\" height=\"19\">Accessoire standard<\/td>\n<td class=\"et4\" colspan=\"2\">Fil \u00e0 plomb, manuel, goupille de r\u00e9glage, \u00e9tui en plastique<\/td>\n<\/tr>\n<tr style=\"height: 14.25pt;\">\n<td class=\"et6\" style=\"height: 14.25pt;\" height=\"19\">Poids net<\/td>\n<td class=\"et7\" colspan=\"2\">1,8 kg<\/td>\n<\/tr>\n<\/tbody>\n<\/table>","protected":false},"excerpt":{"rendered":"<ul>\n<li>Pr\u00e9cision exceptionnelle\u00a0: un \u00e9cart type de 1,0\u00a0mm par km en double passage garantit des r\u00e9sultats de qualit\u00e9 topographique.<\/li>\n<li>Compensateur avanc\u00e9 : suspension \u00e0 fil en forme de X de style japonais avec amortissement magn\u00e9tique (erreur \u2264 0,4&quot;).<\/li>\n<li>R\u00e9sistance aux intemp\u00e9ries : L&#039;indice d&#039;\u00e9tanch\u00e9it\u00e9 IPX6 prot\u00e8ge contre les fortes pluies et la poussi\u00e8re.<\/li>\n<li>Accessoires professionnels\u00a0: comprend un fil \u00e0 plomb, un manuel d\u2019utilisation, une goupille de r\u00e9glage et un \u00e9tui en plastique r\u00e9sistant.<\/li>\n<\/ul>","protected":false},"featured_media":1903,"comment_status":"open","ping_status":"closed","template":"","meta":[],"product_brand":[],"product_cat":[15,140],"product_tag":[],"class_list":{"0":"post-538","1":"product","2":"type-product","3":"status-publish","4":"has-post-thumbnail","6":"product_cat-surveying-instrument","7":"product_cat-automatic-level","9":"first","10":"instock","11":"shipping-taxable","12":"product-type-simple"},"_links":{"self":[{"href":"https:\/\/mountlaser.com\/fr_fr\/wp-json\/wp\/v2\/product\/538","targetHints":{"allow":["GET"]}}],"collection":[{"href":"https:\/\/mountlaser.com\/fr_fr\/wp-json\/wp\/v2\/product"}],"about":[{"href":"https:\/\/mountlaser.com\/fr_fr\/wp-json\/wp\/v2\/types\/product"}],"replies":[{"embeddable":true,"href":"https:\/\/mountlaser.com\/fr_fr\/wp-json\/wp\/v2\/comments?post=538"}],"wp:featuredmedia":[{"embeddable":true,"href":"https:\/\/mountlaser.com\/fr_fr\/wp-json\/wp\/v2\/media\/1903"}],"wp:attachment":[{"href":"https:\/\/mountlaser.com\/fr_fr\/wp-json\/wp\/v2\/media?parent=538"}],"wp:term":[{"taxonomy":"product_brand","embeddable":true,"href":"https:\/\/mountlaser.com\/fr_fr\/wp-json\/wp\/v2\/product_brand?post=538"},{"taxonomy":"product_cat","embeddable":true,"href":"https:\/\/mountlaser.com\/fr_fr\/wp-json\/wp\/v2\/product_cat?post=538"},{"taxonomy":"product_tag","embeddable":true,"href":"https:\/\/mountlaser.com\/fr_fr\/wp-json\/wp\/v2\/product_tag?post=538"}],"curies":[{"name":"wp","href":"https:\/\/api.w.org\/{rel}","templated":true}]}}