{"id":5358,"date":"2025-12-04T09:22:41","date_gmt":"2025-12-04T09:22:41","guid":{"rendered":"https:\/\/mountlaser.com\/?post_type=product&#038;p=5358"},"modified":"2025-12-12T08:09:26","modified_gmt":"2025-12-12T08:09:26","slug":"cm01-crack-monitor","status":"publish","type":"product","link":"https:\/\/mountlaser.com\/fr_fr\/produit\/cm01-crack-monitor\/","title":{"rendered":"Moniteur crack\u00e9 CM01"},"content":{"rendered":"<p data-start=\"179\" data-end=\"744\">Le <a href=\"https:\/\/mountlaser.com\/fr_fr\/\"><strong data-start=\"183\" data-end=\"205\">Moniteur crack\u00e9 CM01<\/strong><\/a> Il s&#039;agit d&#039;un instrument de mesure de pr\u00e9cision con\u00e7u pour le suivi pr\u00e9cis des mouvements structurels des b\u00e2timents, des murs, des ponts et autres surfaces critiques. En tant qu&#039;outil fiable <a href=\"https:\/\/mountlaser.com\/fr_fr\/categorie-produit\/surveying-accessory\/\"><strong data-start=\"360\" data-end=\"386\">Moniteur de crack standard<\/strong><\/a>, Il est dot\u00e9 de deux plaques superpos\u00e9es\u00a0: l\u2019une transparente avec un curseur en croix de pr\u00e9cision et l\u2019autre gradu\u00e9e en millim\u00e8tres, permettant aux professionnels de mesurer avec exactitude les variations les plus infimes. Utilis\u00e9 pour une surveillance \u00e0 long terme ou des inspections de routine, le moniteur de fissures CM01 offre des performances fiables en int\u00e9rieur comme en ext\u00e9rieur.<\/p>\n<p data-start=\"179\" data-end=\"744\"><img fetchpriority=\"high\" decoding=\"async\" class=\"aligncenter wp-image-5360\" src=\"https:\/\/mountlaser.com\/wp-content\/uploads\/2025\/12\/\u4e3b\u56fe2.webp\" alt=\"CM01 Crack Monitor\" width=\"500\" height=\"500\" srcset=\"https:\/\/mountlaser.com\/wp-content\/uploads\/2025\/12\/\u4e3b\u56fe2.webp 800w, https:\/\/mountlaser.com\/wp-content\/uploads\/2025\/12\/\u4e3b\u56fe2-300x300.webp 300w, https:\/\/mountlaser.com\/wp-content\/uploads\/2025\/12\/\u4e3b\u56fe2-150x150.webp 150w, https:\/\/mountlaser.com\/wp-content\/uploads\/2025\/12\/\u4e3b\u56fe2-768x768.webp 768w, https:\/\/mountlaser.com\/wp-content\/uploads\/2025\/12\/\u4e3b\u56fe2-12x12.webp 12w, https:\/\/mountlaser.com\/wp-content\/uploads\/2025\/12\/\u4e3b\u56fe2-600x600.webp 600w, https:\/\/mountlaser.com\/wp-content\/uploads\/2025\/12\/\u4e3b\u56fe2-400x400.webp 400w\" sizes=\"(max-width: 500px) 100vw, 500px\" \/><\/p>\n<p data-start=\"746\" data-end=\"1250\">Facile \u00e0 installer gr\u00e2ce aux vis fournies et compatible avec un adh\u00e9sif (non fourni), le moniteur de fissures standard assure une fixation s\u00e9curis\u00e9e pour des mesures coh\u00e9rentes et reproductibles. Chaque moniteur de fissures CM01 est livr\u00e9 avec des instructions d&#039;installation d\u00e9taill\u00e9es et une fiche d&#039;enregistrement des fissures, ce qui en fait une solution compl\u00e8te pour les ing\u00e9nieurs, les g\u00e9om\u00e8tres et les inspecteurs du b\u00e2timent. Pour les professionnels qui s&#039;appuient sur la pr\u00e9cision d&#039;un moniteur de fissures standard, <a href=\"https:\/\/mountlaser.com\/fr_fr\/contact-us\/\">Moniteur de crack standard<\/a>, Ce mod\u00e8le offre durabilit\u00e9, clart\u00e9 et pr\u00e9cision de mesure.<\/p>","protected":false},"excerpt":{"rendered":"<ul>\n<li>Mesure et surveille l&#039;\u00e9volution des fissures au fil du temps<\/li>\n<li>Fournit des mesures pr\u00e9cises au millim\u00e8tre pr\u00e8s<\/li>\n<li>Soutient les \u00e9valuations structurelles et les \u00e9valuations de s\u00e9curit\u00e9<\/li>\n<li>Jauge de pr\u00e9cision avec plaques transparentes et gradu\u00e9es superpos\u00e9es<\/li>\n<li>Curseur \u00e0 r\u00e9ticule fin pour une mesure claire et pr\u00e9cise<\/li>\n<li>S&#039;installe avec des vis (fournies) et de l&#039;adh\u00e9sif (en option).<\/li>\n<\/ul>","protected":false},"featured_media":5359,"comment_status":"open","ping_status":"closed","template":"","meta":[],"product_brand":[],"product_cat":[79,151],"product_tag":[],"class_list":{"0":"post-5358","1":"product","2":"type-product","3":"status-publish","4":"has-post-thumbnail","6":"product_cat-surveying-accessory","7":"product_cat-crack-monitor","9":"first","10":"instock","11":"shipping-taxable","12":"product-type-simple"},"_links":{"self":[{"href":"https:\/\/mountlaser.com\/fr_fr\/wp-json\/wp\/v2\/product\/5358","targetHints":{"allow":["GET"]}}],"collection":[{"href":"https:\/\/mountlaser.com\/fr_fr\/wp-json\/wp\/v2\/product"}],"about":[{"href":"https:\/\/mountlaser.com\/fr_fr\/wp-json\/wp\/v2\/types\/product"}],"replies":[{"embeddable":true,"href":"https:\/\/mountlaser.com\/fr_fr\/wp-json\/wp\/v2\/comments?post=5358"}],"wp:featuredmedia":[{"embeddable":true,"href":"https:\/\/mountlaser.com\/fr_fr\/wp-json\/wp\/v2\/media\/5359"}],"wp:attachment":[{"href":"https:\/\/mountlaser.com\/fr_fr\/wp-json\/wp\/v2\/media?parent=5358"}],"wp:term":[{"taxonomy":"product_brand","embeddable":true,"href":"https:\/\/mountlaser.com\/fr_fr\/wp-json\/wp\/v2\/product_brand?post=5358"},{"taxonomy":"product_cat","embeddable":true,"href":"https:\/\/mountlaser.com\/fr_fr\/wp-json\/wp\/v2\/product_cat?post=5358"},{"taxonomy":"product_tag","embeddable":true,"href":"https:\/\/mountlaser.com\/fr_fr\/wp-json\/wp\/v2\/product_tag?post=5358"}],"curies":[{"name":"wp","href":"https:\/\/api.w.org\/{rel}","templated":true}]}}