{"id":5353,"date":"2025-12-04T08:35:29","date_gmt":"2025-12-04T08:35:29","guid":{"rendered":"https:\/\/mountlaser.com\/?post_type=product&#038;p=5353"},"modified":"2025-12-15T03:03:51","modified_gmt":"2025-12-15T03:03:51","slug":"sn01-surveying-nail","status":"publish","type":"product","link":"https:\/\/mountlaser.com\/fr_fr\/produit\/sn01-surveying-nail\/","title":{"rendered":"Clou d&#039;arpentage SN01"},"content":{"rendered":"<p data-start=\"179\" data-end=\"661\">Le<a href=\"https:\/\/mountlaser.com\/fr_fr\/\"> <strong data-start=\"183\" data-end=\"206\">Clou d&#039;arpentage SN01<\/strong> <\/a>Le clou de topographie SN01 est un rep\u00e8re au sol durable et fiable, con\u00e7u pour \u00e9tablir et identifier avec pr\u00e9cision des points de lev\u00e9 topographique, et ce, sur le long terme. Fabriqu\u00e9 en fer galvanis\u00e9 de haute qualit\u00e9, il offre une excellente r\u00e9sistance \u00e0 la corrosion, ce qui le rend id\u00e9al pour les environnements ext\u00e9rieurs exigeants. <a href=\"https:\/\/mountlaser.com\/fr_fr\/categorie-produit\/surveying-accessory\/\"><strong data-start=\"512\" data-end=\"535\">Marqueurs d&#039;ongles d&#039;enqu\u00eate<\/strong><\/a>, Ces clous constituent un point de r\u00e9f\u00e9rence stable largement utilis\u00e9 dans les lev\u00e9s topographiques, l&#039;implantation de constructions et la cartographie cadastrale.<\/p>\n<p data-start=\"663\" data-end=\"1112\">Con\u00e7us sp\u00e9cifiquement pour un usage professionnel, les clous de topographie SN01 sont des marqueurs fiables pour la fixation permanente de points de r\u00e9f\u00e9rence au sol. Disponibles en diam\u00e8tre de 7,0 mm et en longueurs de 55 mm ou 70 mm, les clous de topographie SN01 assurent un ancrage solide dans diverses conditions de sol. <a href=\"https:\/\/mountlaser.com\/fr_fr\/about-us\/\">Marqueurs d&#039;ongles d&#039;enqu\u00eate<\/a> sont un outil essentiel pour les g\u00e9om\u00e8tres qui ont besoin d&#039;un marquage au sol fiable et durable, quelles que soient les conditions sur le terrain.<\/p>\n<div>\n<table style=\"border-collapse: collapse; width: 1002.02pt;\" border=\"0\" width=\"1336\" cellspacing=\"0\" cellpadding=\"0\">\n<tbody>\n<tr style=\"height: 14.25pt;\">\n<td class=\"et2\" style=\"height: 14.25pt; width: 127.50pt;\" width=\"170\" height=\"19\">NOMBRE<\/td>\n<td class=\"et3\" style=\"width: 196.50pt;\" width=\"262\">MAT\u00c9RIAU<\/td>\n<td class=\"et3\" style=\"width: 213.00pt;\" width=\"284\">DIAM\u00c8TRE D<\/td>\n<td class=\"et3\" style=\"width: 93.75pt;\" width=\"125\">TAILLE L<\/td>\n<td class=\"et3\" style=\"width: 170.25pt;\" width=\"227\">MOQ (pi\u00e8ces)<\/td>\n<td class=\"et4\" style=\"width: 201.00pt;\" width=\"268\">IMAGE<\/td>\n<\/tr>\n<tr style=\"height: 14.25pt;\">\n<td class=\"et5\" style=\"height: 14.25pt;\" height=\"19\">SN01-70055\/70070<\/td>\n<td class=\"et5\">Fer galvanis\u00e9<\/td>\n<td class=\"et5\">7,0 mm<\/td>\n<td class=\"et5\">55\/70 mm<\/td>\n<td class=\"et6\">1000<\/td>\n<td class=\"et7\"><img fetchpriority=\"high\" decoding=\"async\" class=\"alignnone wp-image-5355\" src=\"https:\/\/mountlaser.com\/wp-content\/uploads\/2025\/12\/SM01-Surveying-Marker2.webp\" alt=\"SN01 Surveying Nail\" width=\"500\" height=\"500\" srcset=\"https:\/\/mountlaser.com\/wp-content\/uploads\/2025\/12\/SM01-Surveying-Marker2.webp 1000w, https:\/\/mountlaser.com\/wp-content\/uploads\/2025\/12\/SM01-Surveying-Marker2-300x300.webp 300w, https:\/\/mountlaser.com\/wp-content\/uploads\/2025\/12\/SM01-Surveying-Marker2-150x150.webp 150w, https:\/\/mountlaser.com\/wp-content\/uploads\/2025\/12\/SM01-Surveying-Marker2-768x768.webp 768w, https:\/\/mountlaser.com\/wp-content\/uploads\/2025\/12\/SM01-Surveying-Marker2-12x12.webp 12w, https:\/\/mountlaser.com\/wp-content\/uploads\/2025\/12\/SM01-Surveying-Marker2-600x600.webp 600w, https:\/\/mountlaser.com\/wp-content\/uploads\/2025\/12\/SM01-Surveying-Marker2-800x800.webp 800w, https:\/\/mountlaser.com\/wp-content\/uploads\/2025\/12\/SM01-Surveying-Marker2-400x400.webp 400w\" sizes=\"(max-width: 500px) 100vw, 500px\" \/><\/td>\n<\/tr>\n<\/tbody>\n<\/table>\n<\/div>\n<p>&nbsp;<\/p>\n<p>&nbsp;<\/p>","protected":false},"excerpt":{"rendered":"<ul>\n<li>\u00c9tablit des points de r\u00e9f\u00e9rence topographiques pr\u00e9cis et permanents<\/li>\n<li>Fournit un contr\u00f4le au sol stable pour des mesures pr\u00e9cises<\/li>\n<li>Convient aux lev\u00e9s topographiques, \u00e0 l&#039;implantation de constructions et \u00e0 la cartographie cadastrale<\/li>\n<\/ul>","protected":false},"featured_media":5355,"comment_status":"open","ping_status":"closed","template":"","meta":[],"product_brand":[],"product_cat":[79,152],"product_tag":[],"class_list":{"0":"post-5353","1":"product","2":"type-product","3":"status-publish","4":"has-post-thumbnail","6":"product_cat-surveying-accessory","7":"product_cat-surveying-marker","9":"first","10":"instock","11":"shipping-taxable","12":"product-type-simple"},"_links":{"self":[{"href":"https:\/\/mountlaser.com\/fr_fr\/wp-json\/wp\/v2\/product\/5353","targetHints":{"allow":["GET"]}}],"collection":[{"href":"https:\/\/mountlaser.com\/fr_fr\/wp-json\/wp\/v2\/product"}],"about":[{"href":"https:\/\/mountlaser.com\/fr_fr\/wp-json\/wp\/v2\/types\/product"}],"replies":[{"embeddable":true,"href":"https:\/\/mountlaser.com\/fr_fr\/wp-json\/wp\/v2\/comments?post=5353"}],"wp:featuredmedia":[{"embeddable":true,"href":"https:\/\/mountlaser.com\/fr_fr\/wp-json\/wp\/v2\/media\/5355"}],"wp:attachment":[{"href":"https:\/\/mountlaser.com\/fr_fr\/wp-json\/wp\/v2\/media?parent=5353"}],"wp:term":[{"taxonomy":"product_brand","embeddable":true,"href":"https:\/\/mountlaser.com\/fr_fr\/wp-json\/wp\/v2\/product_brand?post=5353"},{"taxonomy":"product_cat","embeddable":true,"href":"https:\/\/mountlaser.com\/fr_fr\/wp-json\/wp\/v2\/product_cat?post=5353"},{"taxonomy":"product_tag","embeddable":true,"href":"https:\/\/mountlaser.com\/fr_fr\/wp-json\/wp\/v2\/product_tag?post=5353"}],"curies":[{"name":"wp","href":"https:\/\/api.w.org\/{rel}","templated":true}]}}