{"id":5347,"date":"2025-12-04T06:58:07","date_gmt":"2025-12-04T06:58:07","guid":{"rendered":"https:\/\/mountlaser.com\/?post_type=product&#038;p=5347"},"modified":"2025-12-12T06:41:36","modified_gmt":"2025-12-12T06:41:36","slug":"sm01-bl-surveying-marker","status":"publish","type":"product","link":"https:\/\/mountlaser.com\/fr_fr\/produit\/sm01-bl-surveying-marker\/","title":{"rendered":"Bornier d&#039;arpentage SM01-BL"},"content":{"rendered":"<p data-start=\"255\" data-end=\"730\">Le <a href=\"https:\/\/mountlaser.com\/fr_fr\/products\/\"><strong data-start=\"259\" data-end=\"287\">Bornier d&#039;arpentage SM01-BL<\/strong><\/a> Le marqueur de point de r\u00e9f\u00e9rence SM01-BL est un outil durable et de haute pr\u00e9cision, con\u00e7u pour les environnements professionnels de topographie et de construction. Fabriqu\u00e9 en plastique moul\u00e9 par injection de haute qualit\u00e9, il offre la robustesse et la long\u00e9vit\u00e9 n\u00e9cessaires aux chantiers ext\u00e9rieurs difficiles. Figurant parmi les marqueurs les plus fiables\u2026 <a href=\"https:\/\/mountlaser.com\/fr_fr\/contact-us\/\"><strong data-start=\"597\" data-end=\"620\">bornes d&#039;arpentage<\/strong><\/a>, Il assure un positionnement pr\u00e9cis et constant des lignes d&#039;implantation, de l&#039;identification des limites et des points de contr\u00f4le.<\/p>\n<p data-start=\"732\" data-end=\"1222\">Disponible dans une gamme de couleurs vives et \u00e0 haute visibilit\u00e9, le marqueur de topographie SM01-BL assure une reconnaissance claire quelles que soient les conditions d&#039;\u00e9clairage et de terrain. Les g\u00e9om\u00e8tres qui utilisent quotidiennement des marqueurs de lev\u00e9s topographiques appr\u00e9cieront sa fiabilit\u00e9, sa r\u00e9sistance aux intemp\u00e9ries et sa facilit\u00e9 de mise en place. Qu&#039;il soit utilis\u00e9 pour des implantations de construction ou des points de contr\u00f4le topographiques \u00e0 long terme, le <a href=\"https:\/\/mountlaser.com\/fr_fr\/\">Bornier d&#039;arpentage SM01-BL<\/a> se distingue comme une solution de qualit\u00e9 professionnelle parmi les bornes topographiques modernes.<\/p>\n<div>\n<table style=\"border-collapse: collapse; width: 681.77pt;\" border=\"0\" width=\"909\" cellspacing=\"0\" cellpadding=\"0\">\n<tbody>\n<tr style=\"height: 14.25pt;\">\n<td class=\"et2\" style=\"height: 14.25pt; width: 127.50pt;\" width=\"170\" height=\"19\">NOMBRE<\/td>\n<td class=\"et2\" style=\"width: 196.50pt;\" width=\"262\">COULEUR<\/td>\n<td class=\"et2\" style=\"width: 213.00pt;\" width=\"284\">TAILLE D xdx H<\/td>\n<td class=\"et3\" style=\"width: 144.75pt;\" width=\"193\">IMAGE<\/td>\n<\/tr>\n<tr style=\"height: 14.25pt;\">\n<td class=\"et4\" style=\"height: 14.25pt;\" height=\"19\">SM01-BL<\/td>\n<td class=\"et5\">Bleu<\/td>\n<td class=\"et6\">D46 \u00d7 d10 \u00d7 H6 mm<\/td>\n<td class=\"et7\"><img fetchpriority=\"high\" decoding=\"async\" class=\"alignnone wp-image-5349\" src=\"https:\/\/mountlaser.com\/wp-content\/uploads\/2025\/12\/SM01-Surveying-Marker4.webp\" alt=\"SM01-BL Surveying Marker\" width=\"500\" height=\"500\" srcset=\"https:\/\/mountlaser.com\/wp-content\/uploads\/2025\/12\/SM01-Surveying-Marker4.webp 1000w, https:\/\/mountlaser.com\/wp-content\/uploads\/2025\/12\/SM01-Surveying-Marker4-300x300.webp 300w, https:\/\/mountlaser.com\/wp-content\/uploads\/2025\/12\/SM01-Surveying-Marker4-150x150.webp 150w, https:\/\/mountlaser.com\/wp-content\/uploads\/2025\/12\/SM01-Surveying-Marker4-768x768.webp 768w, https:\/\/mountlaser.com\/wp-content\/uploads\/2025\/12\/SM01-Surveying-Marker4-12x12.webp 12w, https:\/\/mountlaser.com\/wp-content\/uploads\/2025\/12\/SM01-Surveying-Marker4-600x600.webp 600w, https:\/\/mountlaser.com\/wp-content\/uploads\/2025\/12\/SM01-Surveying-Marker4-800x800.webp 800w, https:\/\/mountlaser.com\/wp-content\/uploads\/2025\/12\/SM01-Surveying-Marker4-400x400.webp 400w\" sizes=\"(max-width: 500px) 100vw, 500px\" \/><\/td>\n<\/tr>\n<\/tbody>\n<\/table>\n<\/div>","protected":false},"excerpt":{"rendered":"<ul>\n<li>Mat\u00e9riau durable : Fabriqu\u00e9 en plastique moul\u00e9 par injection de haute qualit\u00e9 pour une longue dur\u00e9e de vie.<\/li>\n<li>Haute visibilit\u00e9 : Propos\u00e9 en bleu \u2013 pour une reconnaissance facile sur tous les terrains.<\/li>\n<li>Outil de r\u00e9f\u00e9rence de pr\u00e9cision\u00a0: id\u00e9al pour marquer les points de contr\u00f4le, les limites, les lignes d\u2019implantation et les coordonn\u00e9es topographiques essentielles.<\/li>\n<li>Stable et l\u00e9ger : simple \u00e0 positionner et \u00e0 fixer, convient \u00e0 tous les environnements de lev\u00e9s topographiques et de construction.<\/li>\n<li>Taille standard D46 \u00d7 d10 \u00d7 H6 mm pour s&#039;adapter \u00e0 de nombreuses applications topographiques.<\/li>\n<\/ul>","protected":false},"featured_media":5352,"comment_status":"open","ping_status":"closed","template":"","meta":[],"product_brand":[],"product_cat":[79,152],"product_tag":[],"class_list":{"0":"post-5347","1":"product","2":"type-product","3":"status-publish","4":"has-post-thumbnail","6":"product_cat-surveying-accessory","7":"product_cat-surveying-marker","9":"first","10":"instock","11":"shipping-taxable","12":"product-type-simple"},"_links":{"self":[{"href":"https:\/\/mountlaser.com\/fr_fr\/wp-json\/wp\/v2\/product\/5347","targetHints":{"allow":["GET"]}}],"collection":[{"href":"https:\/\/mountlaser.com\/fr_fr\/wp-json\/wp\/v2\/product"}],"about":[{"href":"https:\/\/mountlaser.com\/fr_fr\/wp-json\/wp\/v2\/types\/product"}],"replies":[{"embeddable":true,"href":"https:\/\/mountlaser.com\/fr_fr\/wp-json\/wp\/v2\/comments?post=5347"}],"wp:featuredmedia":[{"embeddable":true,"href":"https:\/\/mountlaser.com\/fr_fr\/wp-json\/wp\/v2\/media\/5352"}],"wp:attachment":[{"href":"https:\/\/mountlaser.com\/fr_fr\/wp-json\/wp\/v2\/media?parent=5347"}],"wp:term":[{"taxonomy":"product_brand","embeddable":true,"href":"https:\/\/mountlaser.com\/fr_fr\/wp-json\/wp\/v2\/product_brand?post=5347"},{"taxonomy":"product_cat","embeddable":true,"href":"https:\/\/mountlaser.com\/fr_fr\/wp-json\/wp\/v2\/product_cat?post=5347"},{"taxonomy":"product_tag","embeddable":true,"href":"https:\/\/mountlaser.com\/fr_fr\/wp-json\/wp\/v2\/product_tag?post=5347"}],"curies":[{"name":"wp","href":"https:\/\/api.w.org\/{rel}","templated":true}]}}