{"id":5345,"date":"2025-12-04T06:27:29","date_gmt":"2025-12-04T06:27:29","guid":{"rendered":"https:\/\/mountlaser.com\/?post_type=product&#038;p=5345"},"modified":"2025-12-04T06:27:29","modified_gmt":"2025-12-04T06:27:29","slug":"cw02-crack-width-ruler","status":"publish","type":"product","link":"https:\/\/mountlaser.com\/fr_fr\/produit\/cw02-crack-width-ruler\/","title":{"rendered":"R\u00e8gle de largeur de fissure CW02"},"content":{"rendered":"<p>Le <a href=\"https:\/\/mountlaser.com\/fr_fr\/\"><strong data-start=\"172\" data-end=\"193\">R\u00e8gle de largeur de fissure<\/strong><\/a> Cette r\u00e8gle est un outil de mesure de haute pr\u00e9cision con\u00e7u pour les ing\u00e9nieurs, les inspecteurs et les professionnels de la construction qui ont besoin d&#039;une \u00e9valuation fiable des fissures dans les structures en b\u00e9ton. Fabriqu\u00e9e en PET souple et transparent, elle garantit une manipulation ais\u00e9e et une grande durabilit\u00e9 sur les chantiers. Instrument polyvalent, <a href=\"https:\/\/mountlaser.com\/fr_fr\/products\/\"><strong data-start=\"495\" data-end=\"533\">R\u00e8gle de mesure de largeur de fissures en plastique pour b\u00e9ton<\/strong><\/a> Il fournit des mesures pr\u00e9cises de la longueur, de la largeur, du diam\u00e8tre et de la surface des fissures, ce qui le rend essentiel pour les \u00e9valuations de s\u00e9curit\u00e9 structurelle.<\/p>\n<p><img fetchpriority=\"high\" decoding=\"async\" class=\"aligncenter wp-image-5346\" src=\"https:\/\/mountlaser.com\/wp-content\/uploads\/2025\/12\/CW021.webp\" alt=\"Plastic Concrete Crack Width Ruler\" width=\"500\" height=\"500\" srcset=\"https:\/\/mountlaser.com\/wp-content\/uploads\/2025\/12\/CW021.webp 800w, https:\/\/mountlaser.com\/wp-content\/uploads\/2025\/12\/CW021-300x300.webp 300w, https:\/\/mountlaser.com\/wp-content\/uploads\/2025\/12\/CW021-150x150.webp 150w, https:\/\/mountlaser.com\/wp-content\/uploads\/2025\/12\/CW021-768x768.webp 768w, https:\/\/mountlaser.com\/wp-content\/uploads\/2025\/12\/CW021-12x12.webp 12w, https:\/\/mountlaser.com\/wp-content\/uploads\/2025\/12\/CW021-600x600.webp 600w, https:\/\/mountlaser.com\/wp-content\/uploads\/2025\/12\/CW021-400x400.webp 400w\" sizes=\"(max-width: 500px) 100vw, 500px\" \/><\/p>\n<p>Son \u00e9chelle claire et ses lignes de comparaison permettent aux utilisateurs de placer la r\u00e8gle de largeur de fissure directement sur la surface endommag\u00e9e pour une mesure visuelle rapide. Pour les inspections de routine, les contr\u00f4les de maintenance et la surveillance structurelle, <a href=\"https:\/\/mountlaser.com\/fr_fr\/contact-us\/\">R\u00e8gle de mesure de largeur de fissures en plastique pour b\u00e9ton<\/a> garantit pr\u00e9cision et simplicit\u00e9 \u00e0 chaque fois.<\/p>","protected":false},"excerpt":{"rendered":"<ul>\n<li>Mesure de haute pr\u00e9cision de la largeur, de la longueur, du diam\u00e8tre et de la surface des fissures.<\/li>\n<li>Large plage de mesure : diam\u00e8tre du point 0,05\u20132 mm, largeur de ligne 0,03\u20132,2 mm, pr\u00e9cision \u00b10,01 mm.<\/li>\n<li>Conception \u00e0 double \u00e9chelle avec une \u00e9chelle m\u00e9trique de 80 mm pour les mesures g\u00e9n\u00e9rales.<\/li>\n<li>Mat\u00e9riau PET transparent (0,5 mm d&#039;\u00e9paisseur) pour une visibilit\u00e9 optimale et une pose facile sur les surfaces.<\/li>\n<li>Rapide et facile \u00e0 utiliser\u00a0: placez la r\u00e8gle sur la fissure et comparez-la aux lignes de r\u00e9f\u00e9rence.<\/li>\n<\/ul>","protected":false},"featured_media":5346,"comment_status":"open","ping_status":"closed","template":"","meta":[],"product_brand":[],"product_cat":[79,151],"product_tag":[],"class_list":{"0":"post-5345","1":"product","2":"type-product","3":"status-publish","4":"has-post-thumbnail","6":"product_cat-surveying-accessory","7":"product_cat-crack-monitor","9":"first","10":"instock","11":"shipping-taxable","12":"product-type-simple"},"_links":{"self":[{"href":"https:\/\/mountlaser.com\/fr_fr\/wp-json\/wp\/v2\/product\/5345","targetHints":{"allow":["GET"]}}],"collection":[{"href":"https:\/\/mountlaser.com\/fr_fr\/wp-json\/wp\/v2\/product"}],"about":[{"href":"https:\/\/mountlaser.com\/fr_fr\/wp-json\/wp\/v2\/types\/product"}],"replies":[{"embeddable":true,"href":"https:\/\/mountlaser.com\/fr_fr\/wp-json\/wp\/v2\/comments?post=5345"}],"wp:featuredmedia":[{"embeddable":true,"href":"https:\/\/mountlaser.com\/fr_fr\/wp-json\/wp\/v2\/media\/5346"}],"wp:attachment":[{"href":"https:\/\/mountlaser.com\/fr_fr\/wp-json\/wp\/v2\/media?parent=5345"}],"wp:term":[{"taxonomy":"product_brand","embeddable":true,"href":"https:\/\/mountlaser.com\/fr_fr\/wp-json\/wp\/v2\/product_brand?post=5345"},{"taxonomy":"product_cat","embeddable":true,"href":"https:\/\/mountlaser.com\/fr_fr\/wp-json\/wp\/v2\/product_cat?post=5345"},{"taxonomy":"product_tag","embeddable":true,"href":"https:\/\/mountlaser.com\/fr_fr\/wp-json\/wp\/v2\/product_tag?post=5345"}],"curies":[{"name":"wp","href":"https:\/\/api.w.org\/{rel}","templated":true}]}}