{"id":5343,"date":"2025-12-04T06:08:54","date_gmt":"2025-12-04T06:08:54","guid":{"rendered":"https:\/\/mountlaser.com\/?post_type=product&#038;p=5343"},"modified":"2025-12-04T08:58:08","modified_gmt":"2025-12-04T08:58:08","slug":"cw01-crack-width-gauge","status":"publish","type":"product","link":"https:\/\/mountlaser.com\/fr_fr\/produit\/cw01-crack-width-gauge\/","title":{"rendered":"Jauge de largeur de fissure CW01"},"content":{"rendered":"<p data-start=\"160\" data-end=\"642\">Le<a href=\"https:\/\/mountlaser.com\/fr_fr\/\"> <strong data-start=\"164\" data-end=\"194\">jauge de largeur de fissure du b\u00e9ton<\/strong><\/a> Cet outil d&#039;inspection fiable et facile d&#039;utilisation est con\u00e7u pour un contr\u00f4le rapide et pr\u00e9cis des fissures structurelles. Fabriqu\u00e9 en polycarbonate r\u00e9sistant aux chocs, ce gabarit garantit une performance durable sur le terrain, m\u00eame dans les environnements de construction ou d&#039;ing\u00e9nierie les plus exigeants.\u00a0<a href=\"https:\/\/mountlaser.com\/fr_fr\/products\/\"><strong data-start=\"499\" data-end=\"520\">jauge de largeur de fissure<\/strong><\/a> Des fonctions sont int\u00e9gr\u00e9es \u00e0 sa conception compacte, permettant aux professionnels d&#039;effectuer des \u00e9valuations pr\u00e9cises des fissures en toute confiance.<\/p>\n<p data-start=\"160\" data-end=\"642\"><img fetchpriority=\"high\" decoding=\"async\" class=\"aligncenter wp-image-5344\" src=\"https:\/\/mountlaser.com\/wp-content\/uploads\/2025\/12\/CW01.webp\" alt=\"Concrete Crack Width Gauge\" width=\"500\" height=\"500\" srcset=\"https:\/\/mountlaser.com\/wp-content\/uploads\/2025\/12\/CW01.webp 1000w, https:\/\/mountlaser.com\/wp-content\/uploads\/2025\/12\/CW01-300x300.webp 300w, https:\/\/mountlaser.com\/wp-content\/uploads\/2025\/12\/CW01-150x150.webp 150w, https:\/\/mountlaser.com\/wp-content\/uploads\/2025\/12\/CW01-768x768.webp 768w, https:\/\/mountlaser.com\/wp-content\/uploads\/2025\/12\/CW01-12x12.webp 12w, https:\/\/mountlaser.com\/wp-content\/uploads\/2025\/12\/CW01-600x600.webp 600w, https:\/\/mountlaser.com\/wp-content\/uploads\/2025\/12\/CW01-800x800.webp 800w, https:\/\/mountlaser.com\/wp-content\/uploads\/2025\/12\/CW01-400x400.webp 400w\" sizes=\"(max-width: 500px) 100vw, 500px\" \/><\/p>\n<p data-start=\"644\" data-end=\"1141\">L&#039;une des faces de la jauge de largeur de fissures pour b\u00e9ton comporte une \u00e9chelle gradu\u00e9e de 80 mm avec des marquages clairs en millim\u00e8tres et en centim\u00e8tres pour des mesures g\u00e9n\u00e9rales simples. Au verso, le tableau comparatif de la jauge de largeur de fissures fournit des r\u00e9f\u00e9rences visuelles allant de 0,1 mm \u00e0 7,0 mm, permettant aux inspecteurs d&#039;identifier rapidement la taille des fissures sans outils suppl\u00e9mentaires. Qu&#039;elle soit utilis\u00e9e pour des contr\u00f4les de routine ou une surveillance structurelle d\u00e9taill\u00e9e, cette jauge est un outil pr\u00e9cieux pour les inspecteurs. <a href=\"https:\/\/mountlaser.com\/fr_fr\/contact-us\/\">jauge de largeur de fissure<\/a> garantit une pr\u00e9cision fiable lors de chaque inspection.<\/p>","protected":false},"excerpt":{"rendered":"<ul>\n<li>Permet une \u00e9valuation rapide et pr\u00e9cise de la largeur des fissures, de 0,1 mm \u00e0 7,0 mm.<\/li>\n<li>Conception double face\u00a0: \u00e9chelle de mesure + tableau de comparaison des fissures<\/li>\n<li>Fabriqu\u00e9 en polycarbonate haute r\u00e9sistance pour une longue dur\u00e9e de vie<\/li>\n<li>L\u00e9ger et portable pour les inspections sur le terrain<\/li>\n<li>Id\u00e9al pour le g\u00e9nie civil, l&#039;entretien des b\u00e2timents et la surveillance de la s\u00e9curit\u00e9 des structures<\/li>\n<\/ul>","protected":false},"featured_media":5344,"comment_status":"open","ping_status":"closed","template":"","meta":[],"product_brand":[],"product_cat":[79,151],"product_tag":[],"class_list":{"0":"post-5343","1":"product","2":"type-product","3":"status-publish","4":"has-post-thumbnail","6":"product_cat-surveying-accessory","7":"product_cat-crack-monitor","9":"first","10":"instock","11":"shipping-taxable","12":"product-type-simple"},"_links":{"self":[{"href":"https:\/\/mountlaser.com\/fr_fr\/wp-json\/wp\/v2\/product\/5343","targetHints":{"allow":["GET"]}}],"collection":[{"href":"https:\/\/mountlaser.com\/fr_fr\/wp-json\/wp\/v2\/product"}],"about":[{"href":"https:\/\/mountlaser.com\/fr_fr\/wp-json\/wp\/v2\/types\/product"}],"replies":[{"embeddable":true,"href":"https:\/\/mountlaser.com\/fr_fr\/wp-json\/wp\/v2\/comments?post=5343"}],"wp:featuredmedia":[{"embeddable":true,"href":"https:\/\/mountlaser.com\/fr_fr\/wp-json\/wp\/v2\/media\/5344"}],"wp:attachment":[{"href":"https:\/\/mountlaser.com\/fr_fr\/wp-json\/wp\/v2\/media?parent=5343"}],"wp:term":[{"taxonomy":"product_brand","embeddable":true,"href":"https:\/\/mountlaser.com\/fr_fr\/wp-json\/wp\/v2\/product_brand?post=5343"},{"taxonomy":"product_cat","embeddable":true,"href":"https:\/\/mountlaser.com\/fr_fr\/wp-json\/wp\/v2\/product_cat?post=5343"},{"taxonomy":"product_tag","embeddable":true,"href":"https:\/\/mountlaser.com\/fr_fr\/wp-json\/wp\/v2\/product_tag?post=5343"}],"curies":[{"name":"wp","href":"https:\/\/api.w.org\/{rel}","templated":true}]}}