{"id":5331,"date":"2025-12-04T04:43:31","date_gmt":"2025-12-04T04:43:31","guid":{"rendered":"https:\/\/mountlaser.com\/?post_type=product&#038;p=5331"},"modified":"2025-12-04T04:43:31","modified_gmt":"2025-12-04T04:43:31","slug":"hrt01-pole-tip","status":"publish","type":"product","link":"https:\/\/mountlaser.com\/fr_fr\/produit\/hrt01-pole-tip\/","title":{"rendered":"Embout de poteau HRT01"},"content":{"rendered":"<p>Le <a href=\"https:\/\/mountlaser.com\/fr_fr\/\"><strong>point de rep\u00e8re<\/strong><\/a> La pointe de perche est un \u00e9l\u00e9ment essentiel pour garantir un positionnement stable, pr\u00e9cis et constant lors des relev\u00e9s topographiques sur le terrain. Notre mod\u00e8le HRT01 est dot\u00e9 d&#039;une tige hexagonale robuste et d&#039;une pointe renforc\u00e9e, con\u00e7ues pour une fiabilit\u00e9 \u00e0 long terme. Cette pointe de perche offre une excellente adh\u00e9rence sur tous types de terrains, permettant aux g\u00e9om\u00e8tres de maintenir un alignement vertical pr\u00e9cis m\u00eame dans des environnements difficiles.<\/p>\n<p>Con\u00e7u comme un <a href=\"https:\/\/mountlaser.com\/fr_fr\/categorie-produit\/surveying-pole-rod\/\"><strong>Pointe ac\u00e9r\u00e9e rempla\u00e7able en titane<\/strong><\/a>Le mod\u00e8le HRT01 offre une solution s\u00fbre et r\u00e9sistante \u00e0 l&#039;usure, facilement interchangeable en cas de besoin. Sa structure hexagonale emp\u00eache toute rotation et assure une connexion rigide et fiable entre le m\u00e2t et le sol. Compatible avec les m\u00e2ts GPS, les m\u00e2ts prismatiques et les cannes de mesure traditionnelles, ce point d&#039;ancrage pour arpenteur offre une stabilit\u00e9 optimale.<\/p>\n<p><img fetchpriority=\"high\" decoding=\"async\" class=\"aligncenter wp-image-5333\" src=\"https:\/\/mountlaser.com\/wp-content\/uploads\/2025\/12\/HRT012.webp\" alt=\"surveying pole point\" width=\"500\" height=\"500\" srcset=\"https:\/\/mountlaser.com\/wp-content\/uploads\/2025\/12\/HRT012.webp 1000w, https:\/\/mountlaser.com\/wp-content\/uploads\/2025\/12\/HRT012-300x300.webp 300w, https:\/\/mountlaser.com\/wp-content\/uploads\/2025\/12\/HRT012-150x150.webp 150w, https:\/\/mountlaser.com\/wp-content\/uploads\/2025\/12\/HRT012-768x768.webp 768w, https:\/\/mountlaser.com\/wp-content\/uploads\/2025\/12\/HRT012-12x12.webp 12w, https:\/\/mountlaser.com\/wp-content\/uploads\/2025\/12\/HRT012-600x600.webp 600w, https:\/\/mountlaser.com\/wp-content\/uploads\/2025\/12\/HRT012-800x800.webp 800w, https:\/\/mountlaser.com\/wp-content\/uploads\/2025\/12\/HRT012-400x400.webp 400w\" sizes=\"(max-width: 500px) 100vw, 500px\" \/><\/p>\n<p>En tant que v\u00e9ritable <a href=\"https:\/\/mountlaser.com\/fr_fr\/about-us\/\">Pointe ac\u00e9r\u00e9e rempla\u00e7able pour perche<\/a>, Ce dispositif offre une maintenance ais\u00e9e, des temps d&#039;arr\u00eat r\u00e9duits et des performances constantes pour diverses applications topographiques. Sa construction robuste garantit une longue dur\u00e9e de vie, ce qui en fait le remplacement id\u00e9al des pointes us\u00e9es. Les professionnels exigeants trouveront dans cette pointe de perche topographique un atout fiable pour leurs op\u00e9rations quotidiennes sur le terrain.<\/p>","protected":false},"excerpt":{"rendered":"<ul>\n<li>Fournit un point de contact stable pour les poteaux sur terrain meuble ou accident\u00e9.<\/li>\n<li>Emp\u00eache le glissement et la rotation gr\u00e2ce \u00e0 sa conception \u00e0 tige hexagonale.<\/li>\n<li>Sert de pointe ac\u00e9r\u00e9e pour perche. Pointe rempla\u00e7able pour un remplacement rapide et un entretien r\u00e9duit.<\/li>\n<li>Am\u00e9liore la pr\u00e9cision de l&#039;alignement vertical lors des travaux de lev\u00e9s topographiques<\/li>\n<\/ul>","protected":false},"featured_media":5332,"comment_status":"open","ping_status":"closed","template":"","meta":[],"product_brand":[],"product_cat":[89,150],"product_tag":[],"class_list":{"0":"post-5331","1":"product","2":"type-product","3":"status-publish","4":"has-post-thumbnail","6":"product_cat-surveying-pole-rod","7":"product_cat-pole-accessory","9":"first","10":"instock","11":"shipping-taxable","12":"product-type-simple"},"_links":{"self":[{"href":"https:\/\/mountlaser.com\/fr_fr\/wp-json\/wp\/v2\/product\/5331","targetHints":{"allow":["GET"]}}],"collection":[{"href":"https:\/\/mountlaser.com\/fr_fr\/wp-json\/wp\/v2\/product"}],"about":[{"href":"https:\/\/mountlaser.com\/fr_fr\/wp-json\/wp\/v2\/types\/product"}],"replies":[{"embeddable":true,"href":"https:\/\/mountlaser.com\/fr_fr\/wp-json\/wp\/v2\/comments?post=5331"}],"wp:featuredmedia":[{"embeddable":true,"href":"https:\/\/mountlaser.com\/fr_fr\/wp-json\/wp\/v2\/media\/5332"}],"wp:attachment":[{"href":"https:\/\/mountlaser.com\/fr_fr\/wp-json\/wp\/v2\/media?parent=5331"}],"wp:term":[{"taxonomy":"product_brand","embeddable":true,"href":"https:\/\/mountlaser.com\/fr_fr\/wp-json\/wp\/v2\/product_brand?post=5331"},{"taxonomy":"product_cat","embeddable":true,"href":"https:\/\/mountlaser.com\/fr_fr\/wp-json\/wp\/v2\/product_cat?post=5331"},{"taxonomy":"product_tag","embeddable":true,"href":"https:\/\/mountlaser.com\/fr_fr\/wp-json\/wp\/v2\/product_tag?post=5331"}],"curies":[{"name":"wp","href":"https:\/\/api.w.org\/{rel}","templated":true}]}}