{"id":5325,"date":"2025-12-04T02:38:47","date_gmt":"2025-12-04T02:38:47","guid":{"rendered":"https:\/\/mountlaser.com\/?post_type=product&#038;p=5325"},"modified":"2025-12-04T02:38:47","modified_gmt":"2025-12-04T02:38:47","slug":"tip01-pole-tip","status":"publish","type":"product","link":"https:\/\/mountlaser.com\/fr_fr\/produit\/tip01-pole-tip\/","title":{"rendered":"TIP01 Embout de poteau"},"content":{"rendered":"<p data-start=\"198\" data-end=\"516\">Le <a href=\"https:\/\/mountlaser.com\/fr_fr\/\"><strong data-start=\"202\" data-end=\"231\">Embout de rechange pour poteaux<\/strong><\/a> Cet accessoire robuste et usin\u00e9 avec pr\u00e9cision assure la stabilit\u00e9 et la pr\u00e9cision de vos piquets topographiques sur tous les terrains. Fabriqu\u00e9 en m\u00e9tal argent\u00e9 de haute qualit\u00e9, cet embout de rechange garantit une performance durable et une p\u00e9n\u00e9tration optimale dans le sol lors de vos travaux de terrain.<\/p>\n<p data-start=\"518\" data-end=\"894\">Notre <a href=\"https:\/\/mountlaser.com\/fr_fr\/products\/\"><strong data-start=\"522\" data-end=\"560\">Pointe de rechange pointue pour perche GPS<\/strong><\/a> Offrant une meilleure adh\u00e9rence sur la terre, le gravier ou les surfaces irr\u00e9guli\u00e8res, cet embout assure une stabilit\u00e9 optimale de votre canne d&#039;arpentage pour des mesures pr\u00e9cises. Compatible avec les cannes GPS, les cannes \u00e0 prisme et les cannes GNSS, il garantit une installation facile et une grande durabilit\u00e9.<\/p>\n<p data-start=\"518\" data-end=\"894\"><img fetchpriority=\"high\" decoding=\"async\" class=\"aligncenter wp-image-5328\" src=\"https:\/\/mountlaser.com\/wp-content\/uploads\/2025\/12\/TIP013.webp\" alt=\"Replacement Tip for Poles\" width=\"500\" height=\"500\" srcset=\"https:\/\/mountlaser.com\/wp-content\/uploads\/2025\/12\/TIP013.webp 1000w, https:\/\/mountlaser.com\/wp-content\/uploads\/2025\/12\/TIP013-300x300.webp 300w, https:\/\/mountlaser.com\/wp-content\/uploads\/2025\/12\/TIP013-150x150.webp 150w, https:\/\/mountlaser.com\/wp-content\/uploads\/2025\/12\/TIP013-768x768.webp 768w, https:\/\/mountlaser.com\/wp-content\/uploads\/2025\/12\/TIP013-12x12.webp 12w, https:\/\/mountlaser.com\/wp-content\/uploads\/2025\/12\/TIP013-600x600.webp 600w, https:\/\/mountlaser.com\/wp-content\/uploads\/2025\/12\/TIP013-800x800.webp 800w, https:\/\/mountlaser.com\/wp-content\/uploads\/2025\/12\/TIP013-400x400.webp 400w\" sizes=\"(max-width: 500px) 100vw, 500px\" \/><\/p>\n<p data-start=\"896\" data-end=\"1118\">Gr\u00e2ce \u00e0 sa construction robuste et \u00e0 sa taille universelle, le <a href=\"https:\/\/mountlaser.com\/fr_fr\/about-us\/\">Embout de rechange pour poteaux<\/a>\u00a0sont des accessoires essentiels pour maintenir la pr\u00e9cision de votre \u00e9quipement et prolonger la dur\u00e9e de vie de votre syst\u00e8me de perches.<\/p>","protected":false},"excerpt":{"rendered":"<ul>\n<li data-start=\"1142\" data-end=\"1196\">\n<p data-start=\"1144\" data-end=\"1196\">Fournit un point de mise \u00e0 la terre net et stable pour les poteaux<\/p>\n<\/li>\n<li data-start=\"1197\" data-end=\"1263\">\n<p data-start=\"1199\" data-end=\"1263\">Am\u00e9liore la pr\u00e9cision en minimisant les mouvements de la perche sur terrain accident\u00e9.<\/p>\n<\/li>\n<li data-start=\"1264\" data-end=\"1320\">\n<p data-start=\"1266\" data-end=\"1320\">Permet un remplacement facile par des poteaux d&#039;arpentage compatibles.<\/p>\n<\/li>\n<li data-start=\"1321\" data-end=\"1370\">\n<p data-start=\"1323\" data-end=\"1370\">Fabriqu\u00e9 en m\u00e9tal durable pour une longue dur\u00e9e de vie<\/p>\n<\/li>\n<li data-start=\"1371\" data-end=\"1458\">\n<p data-start=\"1373\" data-end=\"1458\">Garantit des performances fiables pour les lev\u00e9s topographiques, la construction et les applications GNSS.<\/p>\n<\/li>\n<\/ul>","protected":false},"featured_media":5326,"comment_status":"open","ping_status":"closed","template":"","meta":[],"product_brand":[],"product_cat":[89,150],"product_tag":[],"class_list":{"0":"post-5325","1":"product","2":"type-product","3":"status-publish","4":"has-post-thumbnail","6":"product_cat-surveying-pole-rod","7":"product_cat-pole-accessory","9":"first","10":"instock","11":"shipping-taxable","12":"product-type-simple"},"_links":{"self":[{"href":"https:\/\/mountlaser.com\/fr_fr\/wp-json\/wp\/v2\/product\/5325","targetHints":{"allow":["GET"]}}],"collection":[{"href":"https:\/\/mountlaser.com\/fr_fr\/wp-json\/wp\/v2\/product"}],"about":[{"href":"https:\/\/mountlaser.com\/fr_fr\/wp-json\/wp\/v2\/types\/product"}],"replies":[{"embeddable":true,"href":"https:\/\/mountlaser.com\/fr_fr\/wp-json\/wp\/v2\/comments?post=5325"}],"wp:featuredmedia":[{"embeddable":true,"href":"https:\/\/mountlaser.com\/fr_fr\/wp-json\/wp\/v2\/media\/5326"}],"wp:attachment":[{"href":"https:\/\/mountlaser.com\/fr_fr\/wp-json\/wp\/v2\/media?parent=5325"}],"wp:term":[{"taxonomy":"product_brand","embeddable":true,"href":"https:\/\/mountlaser.com\/fr_fr\/wp-json\/wp\/v2\/product_brand?post=5325"},{"taxonomy":"product_cat","embeddable":true,"href":"https:\/\/mountlaser.com\/fr_fr\/wp-json\/wp\/v2\/product_cat?post=5325"},{"taxonomy":"product_tag","embeddable":true,"href":"https:\/\/mountlaser.com\/fr_fr\/wp-json\/wp\/v2\/product_tag?post=5325"}],"curies":[{"name":"wp","href":"https:\/\/api.w.org\/{rel}","templated":true}]}}