{"id":5288,"date":"2025-12-04T01:51:53","date_gmt":"2025-12-04T01:51:53","guid":{"rendered":"https:\/\/mountlaser.com\/?post_type=product&#038;p=5288"},"modified":"2025-12-04T01:51:53","modified_gmt":"2025-12-04T01:51:53","slug":"rl01-rod-level","status":"publish","type":"product","link":"https:\/\/mountlaser.com\/fr_fr\/produit\/rl01-rod-level\/","title":{"rendered":"Niveau \u00e0 tige RL01"},"content":{"rendered":"<p>Le <a href=\"https:\/\/mountlaser.com\/fr_fr\/\"><strong>Niveau \u00e0 mire<\/strong><\/a> Le niveau est un outil d&#039;alignement essentiel con\u00e7u pour aider les g\u00e9om\u00e8tres \u00e0 obtenir des mesures verticales pr\u00e9cises lors de l&#039;utilisation de mires et de perches. Con\u00e7u pour une fiabilit\u00e9 et une facilit\u00e9 d&#039;utilisation optimales, le niveau garantit un positionnement pr\u00e9cis des mires dans une grande vari\u00e9t\u00e9 d&#039;environnements de terrain. Notre gamme comprend diff\u00e9rents mat\u00e9riaux et syst\u00e8mes de fixation (\u00e0 clipser, \u00e0 sangles, etc.) permettant aux professionnels de choisir la solution la plus adapt\u00e9e \u00e0 leurs besoins. <a href=\"https:\/\/mountlaser.com\/fr_fr\/categorie-produit\/surveying-pole-rod\/\"><strong>Niveau \u00e0 mire r\u00e9glable<\/strong><\/a> pour leur flux de travail.<\/p>\n<p>Fabriqu\u00e9 avec des fioles \u00e0 bulle de pr\u00e9cision de 40 pieds (2 mm), chaque niveau \u00e0 mire offre un retour visuel rapide pour un alignement fiable. Plusieurs options sont disponibles\u00a0: corps en plastique l\u00e9ger (RL01), cadres robustes en aluminium (RL02 et RL03) et mod\u00e8les polyvalents \u00e0 fixation par sangle (RL04 et PA40). Ce niveau \u00e0 mire r\u00e9glable est compatible avec diff\u00e9rents types de mires, garantissant ainsi des performances constantes m\u00eame dans des conditions de lev\u00e9 exigeantes.<\/p>\n<p>Qu\u2019il soit utilis\u00e9 pour l\u2019implantation de constructions, les lev\u00e9s topographiques ou les mesures topographiques, le niveau am\u00e9liore l\u2019efficacit\u00e9 en optimisant la stabilit\u00e9 de la mire et en garantissant des lectures de r\u00e9f\u00e9rence pr\u00e9cises. Les g\u00e9om\u00e8tres comptent sur lui. <a href=\"https:\/\/mountlaser.com\/fr_fr\/contact-us\/\">Niveau \u00e0 mire<\/a> pour r\u00e9duire les erreurs, maintenir un flux de travail coh\u00e9rent et garantir un alignement vertical fiable sur l&#039;ensemble des projets.<\/p>\n<div>\n<table style=\"border-collapse: collapse; width: 710.27pt;\" border=\"0\" width=\"947\" cellspacing=\"0\" cellpadding=\"0\">\n<tbody>\n<tr style=\"height: 14.25pt;\">\n<td class=\"et2\" style=\"height: 14.25pt; width: 99.75pt;\" width=\"133\" height=\"19\">NOMBRE<\/td>\n<td class=\"et3\" style=\"width: 75.75pt;\" width=\"101\">MAT\u00c9RIEL<\/td>\n<td class=\"et4\" style=\"width: 108.75pt;\" width=\"145\">FLACON \u00c0 BULLES<\/td>\n<td class=\"et4\" style=\"width: 144.00pt;\" width=\"192\">M\u00c9THODE DE R\u00c9PARATION<\/td>\n<td class=\"et4\" style=\"width: 114.00pt;\" width=\"152\">COULEUR<\/td>\n<td class=\"et5\" style=\"width: 168.00pt;\" width=\"224\">IMAGE<\/td>\n<\/tr>\n<tr style=\"height: 14.25pt;\">\n<td class=\"et6\" style=\"height: 14.25pt;\" height=\"19\">RL01<\/td>\n<td class=\"et6\">Plastique<\/td>\n<td class=\"et6\">40&#039;\/ 2 mm<\/td>\n<td class=\"et6\">\u2014<\/td>\n<td class=\"et6\">Orange<\/td>\n<td class=\"et7\"><img fetchpriority=\"high\" decoding=\"async\" class=\"alignnone wp-image-5290\" src=\"https:\/\/mountlaser.com\/wp-content\/uploads\/2025\/12\/RL012.webp\" alt=\"Rod Level\" width=\"500\" height=\"500\" srcset=\"https:\/\/mountlaser.com\/wp-content\/uploads\/2025\/12\/RL012.webp 1200w, https:\/\/mountlaser.com\/wp-content\/uploads\/2025\/12\/RL012-300x300.webp 300w, https:\/\/mountlaser.com\/wp-content\/uploads\/2025\/12\/RL012-1024x1024.webp 1024w, https:\/\/mountlaser.com\/wp-content\/uploads\/2025\/12\/RL012-150x150.webp 150w, https:\/\/mountlaser.com\/wp-content\/uploads\/2025\/12\/RL012-768x768.webp 768w, https:\/\/mountlaser.com\/wp-content\/uploads\/2025\/12\/RL012-12x12.webp 12w, https:\/\/mountlaser.com\/wp-content\/uploads\/2025\/12\/RL012-600x600.webp 600w, https:\/\/mountlaser.com\/wp-content\/uploads\/2025\/12\/RL012-800x800.webp 800w, https:\/\/mountlaser.com\/wp-content\/uploads\/2025\/12\/RL012-400x400.webp 400w\" sizes=\"(max-width: 500px) 100vw, 500px\" \/><\/td>\n<\/tr>\n<tr style=\"height: 14.25pt;\">\n<td class=\"et6\" style=\"height: 14.25pt;\" height=\"19\">RL02<\/td>\n<td class=\"et6\">Aluminium<\/td>\n<td class=\"et6\">40&#039;\/ 2 mm<\/td>\n<td class=\"et6\">\u2014<\/td>\n<td class=\"et6\">ROUGE\/Noir<\/td>\n<td class=\"et7\"><img decoding=\"async\" class=\"alignnone wp-image-5297\" src=\"https:\/\/mountlaser.com\/wp-content\/uploads\/2025\/12\/RL024.webp\" alt=\"Rod Level\" width=\"500\" height=\"500\" srcset=\"https:\/\/mountlaser.com\/wp-content\/uploads\/2025\/12\/RL024.webp 1200w, https:\/\/mountlaser.com\/wp-content\/uploads\/2025\/12\/RL024-300x300.webp 300w, https:\/\/mountlaser.com\/wp-content\/uploads\/2025\/12\/RL024-1024x1024.webp 1024w, https:\/\/mountlaser.com\/wp-content\/uploads\/2025\/12\/RL024-150x150.webp 150w, https:\/\/mountlaser.com\/wp-content\/uploads\/2025\/12\/RL024-768x768.webp 768w, https:\/\/mountlaser.com\/wp-content\/uploads\/2025\/12\/RL024-12x12.webp 12w, https:\/\/mountlaser.com\/wp-content\/uploads\/2025\/12\/RL024-600x600.webp 600w, https:\/\/mountlaser.com\/wp-content\/uploads\/2025\/12\/RL024-800x800.webp 800w, https:\/\/mountlaser.com\/wp-content\/uploads\/2025\/12\/RL024-400x400.webp 400w\" sizes=\"(max-width: 500px) 100vw, 500px\" \/><\/td>\n<\/tr>\n<tr style=\"height: 14.25pt;\">\n<td class=\"et6\" style=\"height: 14.25pt;\" height=\"19\">RL03<\/td>\n<td class=\"et6\">Aluminium<\/td>\n<td class=\"et6\">40&#039;\/ 2 mm<\/td>\n<td class=\"et6\">Snap-on<\/td>\n<td class=\"et6\">Noir<\/td>\n<td class=\"et7\"><img decoding=\"async\" class=\"alignnone wp-image-5303\" src=\"https:\/\/mountlaser.com\/wp-content\/uploads\/2025\/12\/RL034.webp\" alt=\"Rod Level\" width=\"500\" height=\"500\" srcset=\"https:\/\/mountlaser.com\/wp-content\/uploads\/2025\/12\/RL034.webp 1200w, https:\/\/mountlaser.com\/wp-content\/uploads\/2025\/12\/RL034-300x300.webp 300w, https:\/\/mountlaser.com\/wp-content\/uploads\/2025\/12\/RL034-1024x1024.webp 1024w, https:\/\/mountlaser.com\/wp-content\/uploads\/2025\/12\/RL034-150x150.webp 150w, https:\/\/mountlaser.com\/wp-content\/uploads\/2025\/12\/RL034-768x768.webp 768w, https:\/\/mountlaser.com\/wp-content\/uploads\/2025\/12\/RL034-12x12.webp 12w, https:\/\/mountlaser.com\/wp-content\/uploads\/2025\/12\/RL034-600x600.webp 600w, https:\/\/mountlaser.com\/wp-content\/uploads\/2025\/12\/RL034-800x800.webp 800w, https:\/\/mountlaser.com\/wp-content\/uploads\/2025\/12\/RL034-400x400.webp 400w\" sizes=\"(max-width: 500px) 100vw, 500px\" \/><\/td>\n<\/tr>\n<tr style=\"height: 14.25pt;\">\n<td class=\"et6\" style=\"height: 14.25pt;\" height=\"19\">RL04<\/td>\n<td class=\"et6\">Aluminium<\/td>\n<td class=\"et6\">40&#039;\/ 2 mm<\/td>\n<td class=\"et6\">Sangle<\/td>\n<td class=\"et6\">ROUGE\/Noir<\/td>\n<td class=\"et7\"><img loading=\"lazy\" decoding=\"async\" class=\"alignnone wp-image-5310\" src=\"https:\/\/mountlaser.com\/wp-content\/uploads\/2025\/12\/RL046.webp\" alt=\"Rod Level\" width=\"500\" height=\"500\" srcset=\"https:\/\/mountlaser.com\/wp-content\/uploads\/2025\/12\/RL046.webp 1200w, https:\/\/mountlaser.com\/wp-content\/uploads\/2025\/12\/RL046-300x300.webp 300w, https:\/\/mountlaser.com\/wp-content\/uploads\/2025\/12\/RL046-1024x1024.webp 1024w, https:\/\/mountlaser.com\/wp-content\/uploads\/2025\/12\/RL046-150x150.webp 150w, https:\/\/mountlaser.com\/wp-content\/uploads\/2025\/12\/RL046-768x768.webp 768w, https:\/\/mountlaser.com\/wp-content\/uploads\/2025\/12\/RL046-12x12.webp 12w, https:\/\/mountlaser.com\/wp-content\/uploads\/2025\/12\/RL046-600x600.webp 600w, https:\/\/mountlaser.com\/wp-content\/uploads\/2025\/12\/RL046-800x800.webp 800w, https:\/\/mountlaser.com\/wp-content\/uploads\/2025\/12\/RL046-400x400.webp 400w\" sizes=\"(max-width: 500px) 100vw, 500px\" \/><\/td>\n<\/tr>\n<tr style=\"height: 14.25pt;\">\n<td class=\"et6\" style=\"height: 14.25pt;\" height=\"19\">PA40<\/td>\n<td class=\"et6\">Aluminium<\/td>\n<td class=\"et6\">40&#039;\/ 2 mm<\/td>\n<td class=\"et6\">Sangle<\/td>\n<td class=\"et6\">Jaune<\/td>\n<td class=\"et7\"><img loading=\"lazy\" decoding=\"async\" class=\"alignnone wp-image-5317\" src=\"https:\/\/mountlaser.com\/wp-content\/uploads\/2025\/12\/PA406.webp\" alt=\"Rod Level\" width=\"500\" height=\"500\" srcset=\"https:\/\/mountlaser.com\/wp-content\/uploads\/2025\/12\/PA406.webp 1200w, https:\/\/mountlaser.com\/wp-content\/uploads\/2025\/12\/PA406-300x300.webp 300w, https:\/\/mountlaser.com\/wp-content\/uploads\/2025\/12\/PA406-1024x1024.webp 1024w, https:\/\/mountlaser.com\/wp-content\/uploads\/2025\/12\/PA406-150x150.webp 150w, https:\/\/mountlaser.com\/wp-content\/uploads\/2025\/12\/PA406-768x768.webp 768w, https:\/\/mountlaser.com\/wp-content\/uploads\/2025\/12\/PA406-12x12.webp 12w, https:\/\/mountlaser.com\/wp-content\/uploads\/2025\/12\/PA406-600x600.webp 600w, https:\/\/mountlaser.com\/wp-content\/uploads\/2025\/12\/PA406-800x800.webp 800w, https:\/\/mountlaser.com\/wp-content\/uploads\/2025\/12\/PA406-400x400.webp 400w\" sizes=\"(max-width: 500px) 100vw, 500px\" \/><\/td>\n<\/tr>\n<\/tbody>\n<\/table>\n<\/div>","protected":false},"excerpt":{"rendered":"<ul>\n<li>Assure un alignement vertical pr\u00e9cis pour toutes les mires d&#039;arpentage courantes.<\/li>\n<li>\u00c9quip\u00e9 d&#039;une fiole \u00e0 bulle de 40&#039;\/2 mm pour un nivellement rapide et pr\u00e9cis.<\/li>\n<li>Disponible avec un bo\u00eetier en plastique ou en aluminium pour r\u00e9pondre \u00e0 diff\u00e9rents besoins de durabilit\u00e9.<\/li>\n<li>Plusieurs m\u00e9thodes de fixation (\u00e0 pression ou \u00e0 sangle) offrent des options d&#039;installation flexibles.<\/li>\n<li>Sert de niveau \u00e0 bulle r\u00e9glable pour tiges de topographie de diff\u00e9rents diam\u00e8tres et applications sur le terrain.<\/li>\n<\/ul>","protected":false},"featured_media":5294,"comment_status":"open","ping_status":"closed","template":"","meta":[],"product_brand":[],"product_cat":[89,150],"product_tag":[],"class_list":{"0":"post-5288","1":"product","2":"type-product","3":"status-publish","4":"has-post-thumbnail","6":"product_cat-surveying-pole-rod","7":"product_cat-pole-accessory","9":"first","10":"instock","11":"shipping-taxable","12":"product-type-simple"},"_links":{"self":[{"href":"https:\/\/mountlaser.com\/fr_fr\/wp-json\/wp\/v2\/product\/5288","targetHints":{"allow":["GET"]}}],"collection":[{"href":"https:\/\/mountlaser.com\/fr_fr\/wp-json\/wp\/v2\/product"}],"about":[{"href":"https:\/\/mountlaser.com\/fr_fr\/wp-json\/wp\/v2\/types\/product"}],"replies":[{"embeddable":true,"href":"https:\/\/mountlaser.com\/fr_fr\/wp-json\/wp\/v2\/comments?post=5288"}],"wp:featuredmedia":[{"embeddable":true,"href":"https:\/\/mountlaser.com\/fr_fr\/wp-json\/wp\/v2\/media\/5294"}],"wp:attachment":[{"href":"https:\/\/mountlaser.com\/fr_fr\/wp-json\/wp\/v2\/media?parent=5288"}],"wp:term":[{"taxonomy":"product_brand","embeddable":true,"href":"https:\/\/mountlaser.com\/fr_fr\/wp-json\/wp\/v2\/product_brand?post=5288"},{"taxonomy":"product_cat","embeddable":true,"href":"https:\/\/mountlaser.com\/fr_fr\/wp-json\/wp\/v2\/product_cat?post=5288"},{"taxonomy":"product_tag","embeddable":true,"href":"https:\/\/mountlaser.com\/fr_fr\/wp-json\/wp\/v2\/product_tag?post=5288"}],"curies":[{"name":"wp","href":"https:\/\/api.w.org\/{rel}","templated":true}]}}