{"id":5287,"date":"2025-12-04T01:37:53","date_gmt":"2025-12-04T01:37:53","guid":{"rendered":"https:\/\/mountlaser.com\/?post_type=product&#038;p=5287"},"modified":"2025-12-04T01:54:26","modified_gmt":"2025-12-04T01:54:26","slug":"bbp-bubble-and-holder","status":"publish","type":"product","link":"https:\/\/mountlaser.com\/fr_fr\/produit\/bbp-bubble-and-holder\/","title":{"rendered":"Bulle et support BBP"},"content":{"rendered":"<p>Le <a href=\"https:\/\/mountlaser.com\/fr_fr\/categorie-produit\/surveying-pole-rod\/\"><strong>Support \u00e0 bulles pour poteau<\/strong><\/a> Cet accessoire de pr\u00e9cision assure un nivellement pr\u00e9cis des cannes topographiques de diff\u00e9rents diam\u00e8tres. Disponible en noir (BBP25\/30\/32\/36) et en argent (SBP32\/38), ce support garantit une fixation s\u00fbre et une grande stabilit\u00e9, m\u00eame dans des conditions de terrain exigeantes. Compatible avec les cannes \u00e0 prisme et les cannes GPS, le support \u00e0 bulle offre une fiabilit\u00e9 constante et une parfaite compatibilit\u00e9 avec une large gamme de niveaux \u00e0 bulle. Sa construction robuste et son design ergonomique facilitent son installation et permettent aux g\u00e9om\u00e8tres d&#039;ajuster et de v\u00e9rifier rapidement l&#039;alignement vertical.<\/p>\n<figure id=\"attachment_5279\" aria-describedby=\"caption-attachment-5279\" style=\"width: 500px\" class=\"wp-caption aligncenter\"><img fetchpriority=\"high\" decoding=\"async\" class=\"wp-image-5279\" src=\"https:\/\/mountlaser.com\/wp-content\/uploads\/2025\/12\/BBP3.webp\" alt=\"Bubble Holder for pole\" width=\"500\" height=\"500\" srcset=\"https:\/\/mountlaser.com\/wp-content\/uploads\/2025\/12\/BBP3.webp 1000w, https:\/\/mountlaser.com\/wp-content\/uploads\/2025\/12\/BBP3-300x300.webp 300w, https:\/\/mountlaser.com\/wp-content\/uploads\/2025\/12\/BBP3-150x150.webp 150w, https:\/\/mountlaser.com\/wp-content\/uploads\/2025\/12\/BBP3-768x768.webp 768w, https:\/\/mountlaser.com\/wp-content\/uploads\/2025\/12\/BBP3-12x12.webp 12w, https:\/\/mountlaser.com\/wp-content\/uploads\/2025\/12\/BBP3-600x600.webp 600w, https:\/\/mountlaser.com\/wp-content\/uploads\/2025\/12\/BBP3-800x800.webp 800w, https:\/\/mountlaser.com\/wp-content\/uploads\/2025\/12\/BBP3-400x400.webp 400w\" sizes=\"(max-width: 500px) 100vw, 500px\" \/><figcaption id=\"caption-attachment-5279\" class=\"wp-caption-text\">BBP25\/30\/32\/36<\/figcaption><\/figure>\n<figure id=\"attachment_5319\" aria-describedby=\"caption-attachment-5319\" style=\"width: 500px\" class=\"wp-caption aligncenter\"><img decoding=\"async\" class=\"wp-image-5319\" src=\"https:\/\/mountlaser.com\/wp-content\/uploads\/2025\/12\/SBP1.webp\" alt=\"Bubble Holder for pole\" width=\"500\" height=\"500\" srcset=\"https:\/\/mountlaser.com\/wp-content\/uploads\/2025\/12\/SBP1.webp 1200w, https:\/\/mountlaser.com\/wp-content\/uploads\/2025\/12\/SBP1-300x300.webp 300w, https:\/\/mountlaser.com\/wp-content\/uploads\/2025\/12\/SBP1-1024x1024.webp 1024w, https:\/\/mountlaser.com\/wp-content\/uploads\/2025\/12\/SBP1-150x150.webp 150w, https:\/\/mountlaser.com\/wp-content\/uploads\/2025\/12\/SBP1-768x768.webp 768w, https:\/\/mountlaser.com\/wp-content\/uploads\/2025\/12\/SBP1-12x12.webp 12w, https:\/\/mountlaser.com\/wp-content\/uploads\/2025\/12\/SBP1-600x600.webp 600w, https:\/\/mountlaser.com\/wp-content\/uploads\/2025\/12\/SBP1-800x800.webp 800w, https:\/\/mountlaser.com\/wp-content\/uploads\/2025\/12\/SBP1-400x400.webp 400w\" sizes=\"(max-width: 500px) 100vw, 500px\" \/><figcaption id=\"caption-attachment-5319\" class=\"wp-caption-text\">SBP32\/38<\/figcaption><\/figure>\n<p>Avec une visibilit\u00e9 accrue et une pr\u00e9cision durable, le porte-bulle pour perche est un outil indispensable pour les professionnels qui ont besoin de mesures pr\u00e9cises, surtout lorsqu&#039;il est utilis\u00e9 avec des instruments de haute qualit\u00e9.<a href=\"https:\/\/mountlaser.com\/fr_fr\/about-us\/\"><strong> bulle pour poteau<\/strong><\/a> composants et accessoires.<\/p>","protected":false},"excerpt":{"rendered":"<ul>\n<li>Permet un alignement vertical rapide et pr\u00e9cis des poteaux d&#039;arpentage.<\/li>\n<li>Compatible avec plusieurs diam\u00e8tres de poteaux (25\/30\/32\/36 mm et 32\/38 mm)<\/li>\n<li>Maintient fermement en place la bulle des flacons \u00e0 tige.<\/li>\n<li>Am\u00e9liore la pr\u00e9cision des mesures dans la construction, la cartographie et l&#039;arpentage.<\/li>\n<li>Con\u00e7u pour durer et r\u00e9sister aux conditions ext\u00e9rieures.<\/li>\n<\/ul>","protected":false},"featured_media":5277,"comment_status":"open","ping_status":"closed","template":"","meta":[],"product_brand":[],"product_cat":[89,150],"product_tag":[],"class_list":{"0":"post-5287","1":"product","2":"type-product","3":"status-publish","4":"has-post-thumbnail","6":"product_cat-surveying-pole-rod","7":"product_cat-pole-accessory","9":"first","10":"instock","11":"shipping-taxable","12":"product-type-simple"},"_links":{"self":[{"href":"https:\/\/mountlaser.com\/fr_fr\/wp-json\/wp\/v2\/product\/5287","targetHints":{"allow":["GET"]}}],"collection":[{"href":"https:\/\/mountlaser.com\/fr_fr\/wp-json\/wp\/v2\/product"}],"about":[{"href":"https:\/\/mountlaser.com\/fr_fr\/wp-json\/wp\/v2\/types\/product"}],"replies":[{"embeddable":true,"href":"https:\/\/mountlaser.com\/fr_fr\/wp-json\/wp\/v2\/comments?post=5287"}],"wp:featuredmedia":[{"embeddable":true,"href":"https:\/\/mountlaser.com\/fr_fr\/wp-json\/wp\/v2\/media\/5277"}],"wp:attachment":[{"href":"https:\/\/mountlaser.com\/fr_fr\/wp-json\/wp\/v2\/media?parent=5287"}],"wp:term":[{"taxonomy":"product_brand","embeddable":true,"href":"https:\/\/mountlaser.com\/fr_fr\/wp-json\/wp\/v2\/product_brand?post=5287"},{"taxonomy":"product_cat","embeddable":true,"href":"https:\/\/mountlaser.com\/fr_fr\/wp-json\/wp\/v2\/product_cat?post=5287"},{"taxonomy":"product_tag","embeddable":true,"href":"https:\/\/mountlaser.com\/fr_fr\/wp-json\/wp\/v2\/product_tag?post=5287"}],"curies":[{"name":"wp","href":"https:\/\/api.w.org\/{rel}","templated":true}]}}