{"id":5286,"date":"2025-12-03T09:14:35","date_gmt":"2025-12-03T09:14:35","guid":{"rendered":"https:\/\/mountlaser.com\/?post_type=product&#038;p=5286"},"modified":"2025-12-03T09:17:43","modified_gmt":"2025-12-03T09:17:43","slug":"bl09-pole-bubble-vial","status":"publish","type":"product","link":"https:\/\/mountlaser.com\/fr_fr\/produit\/bl09-pole-bubble-vial\/","title":{"rendered":"Flacon \u00e0 bulles BL09 Pole"},"content":{"rendered":"<p>Le <a href=\"https:\/\/mountlaser.com\/fr_fr\/\"><strong>Flacon \u00e0 bulles BL09 Pole<\/strong><\/a> Le BL09 Pole Bubble Fiole est un accessoire d&#039;alignement de pr\u00e9cision con\u00e7u pour les cannes prismatiques et les cannes GPS, garantissant des mesures de terrain stables et pr\u00e9cises. Fabriqu\u00e9 avec un liquide haute transparence et un bo\u00eetier robuste, il permet un nivellement visuel rapide, id\u00e9al pour les applications topographiques exigeantes.<\/p>\n<p>Ce fiable <a href=\"https:\/\/mountlaser.com\/fr_fr\/products\/\"><strong>Assemblage de flacons \u00e0 bulles<\/strong><\/a> Il est facile \u00e0 installer, r\u00e9sistant aux chocs et conserve sa pr\u00e9cision m\u00eame dans des conditions ext\u00e9rieures difficiles. Qu&#039;il soit utilis\u00e9 comme pi\u00e8ce de rechange ou pour une mise \u00e0 niveau, le <!--StartFragment --><span class=\"cf0\">Assemblage de flacons \u00e0 bulles<\/span><!--EndFragment --> garantit des performances constantes et une durabilit\u00e9 \u00e0 long terme.<\/p>\n<p>Gr\u00e2ce \u00e0 sa structure compacte et \u00e0 sa compatibilit\u00e9 universelle, le syst\u00e8me de mesure \u00e0 bulle am\u00e9liore l&#039;efficacit\u00e9 des mesures et r\u00e9duit le temps d&#039;installation. Les g\u00e9om\u00e8tres peuvent compter sur le pied BL09 pour maintenir une verticalit\u00e9 pr\u00e9cise, tandis que le syst\u00e8me de mesure \u00e0 bulle assure un support stable sur tous les chantiers.<\/p>\n<p><img fetchpriority=\"high\" decoding=\"async\" class=\"aligncenter wp-image-5273\" src=\"https:\/\/mountlaser.com\/wp-content\/uploads\/2025\/12\/BL093.webp\" alt=\"BL09 Pole Bubble Vial\" width=\"500\" height=\"500\" srcset=\"https:\/\/mountlaser.com\/wp-content\/uploads\/2025\/12\/BL093.webp 1000w, https:\/\/mountlaser.com\/wp-content\/uploads\/2025\/12\/BL093-300x300.webp 300w, https:\/\/mountlaser.com\/wp-content\/uploads\/2025\/12\/BL093-150x150.webp 150w, https:\/\/mountlaser.com\/wp-content\/uploads\/2025\/12\/BL093-768x768.webp 768w, https:\/\/mountlaser.com\/wp-content\/uploads\/2025\/12\/BL093-12x12.webp 12w, https:\/\/mountlaser.com\/wp-content\/uploads\/2025\/12\/BL093-600x600.webp 600w, https:\/\/mountlaser.com\/wp-content\/uploads\/2025\/12\/BL093-800x800.webp 800w, https:\/\/mountlaser.com\/wp-content\/uploads\/2025\/12\/BL093-400x400.webp 400w\" sizes=\"(max-width: 500px) 100vw, 500px\" \/><\/p>\n<p>Gr\u00e2ce \u00e0 sa structure compacte et \u00e0 sa compatibilit\u00e9 universelle, le <a href=\"https:\/\/mountlaser.com\/fr_fr\/contact-us\/\">Assemblage de flacons \u00e0 bulles<\/a> Am\u00e9liore l&#039;efficacit\u00e9 des mesures et r\u00e9duit le temps d&#039;installation. Les g\u00e9om\u00e8tres peuvent compter sur le tube \u00e0 bulle BL09 pour maintenir une verticalit\u00e9 pr\u00e9cise, tandis que le syst\u00e8me de fixation du tube \u00e0 bulle assure un support stable sur tous les chantiers.<\/p>","protected":false},"excerpt":{"rendered":"<ul>\n<li>Assure un nivellement pr\u00e9cis des poteaux prismatiques et des poteaux GPS.<\/li>\n<li>Permet une visibilit\u00e9 rapide des bulles pour une mise en place efficace sur le terrain<\/li>\n<li>Sa construction robuste assure la pr\u00e9cision en milieu ext\u00e9rieur.<\/li>\n<li>Installation simple et fixation stable<\/li>\n<\/ul>","protected":false},"featured_media":5271,"comment_status":"open","ping_status":"closed","template":"","meta":[],"product_brand":[],"product_cat":[89,150],"product_tag":[],"class_list":{"0":"post-5286","1":"product","2":"type-product","3":"status-publish","4":"has-post-thumbnail","6":"product_cat-surveying-pole-rod","7":"product_cat-pole-accessory","9":"first","10":"instock","11":"shipping-taxable","12":"product-type-simple"},"_links":{"self":[{"href":"https:\/\/mountlaser.com\/fr_fr\/wp-json\/wp\/v2\/product\/5286","targetHints":{"allow":["GET"]}}],"collection":[{"href":"https:\/\/mountlaser.com\/fr_fr\/wp-json\/wp\/v2\/product"}],"about":[{"href":"https:\/\/mountlaser.com\/fr_fr\/wp-json\/wp\/v2\/types\/product"}],"replies":[{"embeddable":true,"href":"https:\/\/mountlaser.com\/fr_fr\/wp-json\/wp\/v2\/comments?post=5286"}],"wp:featuredmedia":[{"embeddable":true,"href":"https:\/\/mountlaser.com\/fr_fr\/wp-json\/wp\/v2\/media\/5271"}],"wp:attachment":[{"href":"https:\/\/mountlaser.com\/fr_fr\/wp-json\/wp\/v2\/media?parent=5286"}],"wp:term":[{"taxonomy":"product_brand","embeddable":true,"href":"https:\/\/mountlaser.com\/fr_fr\/wp-json\/wp\/v2\/product_brand?post=5286"},{"taxonomy":"product_cat","embeddable":true,"href":"https:\/\/mountlaser.com\/fr_fr\/wp-json\/wp\/v2\/product_cat?post=5286"},{"taxonomy":"product_tag","embeddable":true,"href":"https:\/\/mountlaser.com\/fr_fr\/wp-json\/wp\/v2\/product_tag?post=5286"}],"curies":[{"name":"wp","href":"https:\/\/api.w.org\/{rel}","templated":true}]}}