{"id":5269,"date":"2025-12-03T08:48:43","date_gmt":"2025-12-03T08:48:43","guid":{"rendered":"https:\/\/mountlaser.com\/?post_type=product&#038;p=5269"},"modified":"2025-12-03T08:48:43","modified_gmt":"2025-12-03T08:48:43","slug":"pin-pole","status":"publish","type":"product","link":"https:\/\/mountlaser.com\/fr_fr\/produit\/pin-pole\/","title":{"rendered":"P\u00f4le d&#039;\u00e9pingle"},"content":{"rendered":"<p>Le <a href=\"https:\/\/mountlaser.com\/fr_fr\/\"><strong>Poteau \u00e0 \u00e9pingle rouge et blanc<\/strong><\/a> Cette canne d&#039;arpenteur compacte et fiable est con\u00e7ue pour des mesures de terrain pr\u00e9cises, notamment dans les environnements o\u00f9 la portabilit\u00e9 et la rapidit\u00e9 de d\u00e9ploiement sont essentielles. Sa configuration standard de 1,5 m offre une excellente visibilit\u00e9 gr\u00e2ce \u00e0 sa finition rouge et blanche \u00e0 contraste \u00e9lev\u00e9, garantissant un vis\u00e9e et un alignement pr\u00e9cis lors des lev\u00e9s topographiques.<\/p>\n<p>Con\u00e7u pour la polyvalence, le <a href=\"https:\/\/mountlaser.com\/fr_fr\/about-us\/\"><strong>poteau \u00e0 broche de 1,5 m<\/strong><\/a> Dot\u00e9 d&#039;une pointe amovible et de sections d\u00e9tachables, cet outil permet aux g\u00e9om\u00e8tres de le transporter facilement et de l&#039;assembler en quelques secondes. Disponible en acier, en acier inoxydable ou en aluminium, chaque mod\u00e8le offre la durabilit\u00e9 et la stabilit\u00e9 n\u00e9cessaires aux applications professionnelles de topographie.<\/p>\n<p>La perche de 1,5 m est disponible en plusieurs configurations (acier, acier inoxydable et aluminium), assurant ainsi la compatibilit\u00e9 avec les accessoires de topographie courants gr\u00e2ce \u00e0 ses filetages M6 ou 1\/4\u2033-20. Sa conception l\u00e9g\u00e8re et modulaire la rend facile \u00e0 manipuler. <a href=\"https:\/\/mountlaser.com\/fr_fr\/contact-us\/\">Poteau \u00e0 \u00e9pingle rouge et blanc<\/a> Id\u00e9al pour les mesures GNSS, les configurations de prismes et le marquage de points sur les chantiers de construction.<\/p>\n<div>\n<table style=\"border-collapse: collapse; width: 604.52pt;\" border=\"0\" width=\"806\" cellspacing=\"0\" cellpadding=\"0\">\n<tbody>\n<tr style=\"height: 14.25pt;\">\n<td class=\"et2\" style=\"height: 14.25pt; width: 99.75pt;\" width=\"133\" height=\"19\">NOMBRE<\/td>\n<td class=\"et3\" style=\"width: 75.75pt;\" width=\"101\">MAT\u00c9RIEL<\/td>\n<td class=\"et3\" style=\"width: 108.75pt;\" width=\"145\">DIAM\u00c8TRE<\/td>\n<td class=\"et3\" style=\"width: 144.00pt;\" width=\"192\">LONGUEUR<\/td>\n<td class=\"et3\" style=\"width: 176.25pt;\" width=\"235\">FIL<\/td>\n<\/tr>\n<tr style=\"height: 14.25pt;\">\n<td class=\"et4\" style=\"height: 14.25pt;\" height=\"19\">SP095003<\/td>\n<td class=\"et4\">Acier<\/td>\n<td class=\"et4\">OD9mm<\/td>\n<td class=\"et4\">500 mm x 3 sections, extensible jusqu&#039;\u00e0 1,5 m<\/td>\n<td class=\"et4\">M6<\/td>\n<\/tr>\n<tr style=\"height: 14.25pt;\">\n<td class=\"et4\" style=\"height: 14.25pt;\" height=\"19\">SSP093005<\/td>\n<td class=\"et4\">Acier inoxydable<\/td>\n<td class=\"et4\">OD9mm<\/td>\n<td class=\"et4\">Sections de 300 mm x 5, extensible jusqu&#039;\u00e0 1,5 m<\/td>\n<td class=\"et4\">M6<\/td>\n<\/tr>\n<tr style=\"height: 14.25pt;\">\n<td class=\"et4\" style=\"height: 14.25pt;\" height=\"19\">AP123004<\/td>\n<td class=\"et4\">Aluminium<\/td>\n<td class=\"et4\">OD12mm<\/td>\n<td class=\"et4\">4 sections de 300 mm, extensible jusqu&#039;\u00e0 1,2 m<\/td>\n<td class=\"et4\">1\/4&#8243;-20<\/td>\n<\/tr>\n<tr style=\"height: 14.25pt;\">\n<td class=\"et4\" style=\"height: 14.25pt;\" height=\"19\">AP123005<\/td>\n<td class=\"et4\">Aluminium<\/td>\n<td class=\"et4\">OD12mm<\/td>\n<td class=\"et4\">Sections de 300 mm x 5, extensible jusqu&#039;\u00e0 1,5 m<\/td>\n<td class=\"et4\">1\/4&#8243;-20<\/td>\n<\/tr>\n<\/tbody>\n<\/table>\n<p><img fetchpriority=\"high\" decoding=\"async\" class=\"aligncenter wp-image-5262\" src=\"https:\/\/mountlaser.com\/wp-content\/uploads\/2025\/12\/Pin-Pole1.webp\" alt=\"1.5m pin pole\" width=\"500\" height=\"500\" srcset=\"https:\/\/mountlaser.com\/wp-content\/uploads\/2025\/12\/Pin-Pole1.webp 1000w, https:\/\/mountlaser.com\/wp-content\/uploads\/2025\/12\/Pin-Pole1-300x300.webp 300w, https:\/\/mountlaser.com\/wp-content\/uploads\/2025\/12\/Pin-Pole1-150x150.webp 150w, https:\/\/mountlaser.com\/wp-content\/uploads\/2025\/12\/Pin-Pole1-768x768.webp 768w, https:\/\/mountlaser.com\/wp-content\/uploads\/2025\/12\/Pin-Pole1-12x12.webp 12w, https:\/\/mountlaser.com\/wp-content\/uploads\/2025\/12\/Pin-Pole1-600x600.webp 600w, https:\/\/mountlaser.com\/wp-content\/uploads\/2025\/12\/Pin-Pole1-800x800.webp 800w, https:\/\/mountlaser.com\/wp-content\/uploads\/2025\/12\/Pin-Pole1-400x400.webp 400w\" sizes=\"(max-width: 500px) 100vw, 500px\" \/><\/p>\n<\/div>","protected":false},"excerpt":{"rendered":"<ul>\n<li>Fournit un point de r\u00e9f\u00e9rence stable et clairement visible pour les t\u00e2ches topographiques<\/li>\n<li>Sa conception modulaire facilite le transport et l&#039;assemblage rapide.<\/li>\n<li>Compatible avec les r\u00e9cepteurs GNSS, les mini-prismes et divers accessoires de terrain<\/li>\n<li>L&#039;embout amovible am\u00e9liore la polyvalence pour diff\u00e9rents types de terrains.<\/li>\n<li>Construction durable adapt\u00e9e \u00e0 une utilisation quotidienne prolong\u00e9e<\/li>\n<\/ul>","protected":false},"featured_media":5263,"comment_status":"open","ping_status":"closed","template":"","meta":[],"product_brand":[],"product_cat":[89,149],"product_tag":[],"class_list":{"0":"post-5269","1":"product","2":"type-product","3":"status-publish","4":"has-post-thumbnail","6":"product_cat-surveying-pole-rod","7":"product_cat-pin-pole","9":"first","10":"instock","11":"shipping-taxable","12":"product-type-simple"},"_links":{"self":[{"href":"https:\/\/mountlaser.com\/fr_fr\/wp-json\/wp\/v2\/product\/5269","targetHints":{"allow":["GET"]}}],"collection":[{"href":"https:\/\/mountlaser.com\/fr_fr\/wp-json\/wp\/v2\/product"}],"about":[{"href":"https:\/\/mountlaser.com\/fr_fr\/wp-json\/wp\/v2\/types\/product"}],"replies":[{"embeddable":true,"href":"https:\/\/mountlaser.com\/fr_fr\/wp-json\/wp\/v2\/comments?post=5269"}],"wp:featuredmedia":[{"embeddable":true,"href":"https:\/\/mountlaser.com\/fr_fr\/wp-json\/wp\/v2\/media\/5263"}],"wp:attachment":[{"href":"https:\/\/mountlaser.com\/fr_fr\/wp-json\/wp\/v2\/media?parent=5269"}],"wp:term":[{"taxonomy":"product_brand","embeddable":true,"href":"https:\/\/mountlaser.com\/fr_fr\/wp-json\/wp\/v2\/product_brand?post=5269"},{"taxonomy":"product_cat","embeddable":true,"href":"https:\/\/mountlaser.com\/fr_fr\/wp-json\/wp\/v2\/product_cat?post=5269"},{"taxonomy":"product_tag","embeddable":true,"href":"https:\/\/mountlaser.com\/fr_fr\/wp-json\/wp\/v2\/product_tag?post=5269"}],"curies":[{"name":"wp","href":"https:\/\/api.w.org\/{rel}","templated":true}]}}