{"id":5261,"date":"2025-12-03T07:43:46","date_gmt":"2025-12-03T07:43:46","guid":{"rendered":"https:\/\/mountlaser.com\/?post_type=product&#038;p=5261"},"modified":"2025-12-03T07:43:46","modified_gmt":"2025-12-03T07:43:46","slug":"chaining-pin","status":"publish","type":"product","link":"https:\/\/mountlaser.com\/fr_fr\/produit\/chaining-pin\/","title":{"rendered":"Goupille de cha\u00eenage"},"content":{"rendered":"<p>La goupille de cha\u00eenage est un outil essentiel utilis\u00e9 pour la mesure des distances et l&#039;alignement, offrant durabilit\u00e9 et haute visibilit\u00e9 pour les applications topographiques sur le terrain. Con\u00e7ue pour la fiabilit\u00e9, <a href=\"https:\/\/mountlaser.com\/fr_fr\/\"><strong>Piquets de cha\u00eenage en topographie<\/strong><\/a> Fabriqu\u00e9es en acier \u00e0 ressort robuste et rev\u00eatues de couleurs rouge et blanche altern\u00e9es pour une visibilit\u00e9 maximale sur tous types de terrains, ces balises permettent de marquer des points interm\u00e9diaires ou de tracer de longues distances. <a href=\"https:\/\/mountlaser.com\/fr_fr\/categorie-produit\/surveying-pole-rod\/\"><strong>Goupille de cha\u00eenage<\/strong><\/a> offre des performances constantes et une facilit\u00e9 de mise en place.<\/p>\n<p>Disponibles en plusieurs diam\u00e8tres et longueurs, les piquets de cha\u00eenage permettent aux professionnels de la topographie de choisir la taille adapt\u00e9e \u00e0 leurs besoins. Leur structure robuste en acier \u00e0 ressort garantit le maintien de leur forme, m\u00eame apr\u00e8s des insertions r\u00e9p\u00e9t\u00e9es dans le sol. Ces piquets de cha\u00eenage polyvalents conviennent aux lev\u00e9s topographiques, aux implantations de construction et aux travaux de mesure de terrain en g\u00e9n\u00e9ral.<\/p>\n<p>En combinant r\u00e9sistance, visibilit\u00e9 et un large choix de tailles, <a href=\"https:\/\/mountlaser.com\/fr_fr\/contact-us\/\">Piquets de cha\u00eenage en topographie<\/a> Offrir des performances fiables aux \u00e9quipes de topographes qui exigent pr\u00e9cision et efficacit\u00e9 dans chaque projet.<\/p>\n<div>\n<table style=\"border-collapse: collapse; width: 284.27pt;\" border=\"0\" width=\"379\" cellspacing=\"0\" cellpadding=\"0\">\n<tbody>\n<tr style=\"height: 14.25pt;\">\n<td class=\"et2\" style=\"height: 14.25pt; width: 99.75pt;\" width=\"133\" height=\"19\">NOMBRE<\/td>\n<td class=\"et3\" style=\"width: 75.75pt;\" width=\"101\">DIAM\u00c8TRE<\/td>\n<td class=\"et3\" style=\"width: 108.75pt;\" width=\"145\">LONGUEUR<\/td>\n<\/tr>\n<tr style=\"height: 14.25pt;\">\n<td class=\"et4\" style=\"height: 14.25pt;\" height=\"19\">CP4030<\/td>\n<td class=\"et4\">4,0 mm<\/td>\n<td class=\"et4\">30 cm<\/td>\n<\/tr>\n<tr style=\"height: 14.25pt;\">\n<td class=\"et4\" style=\"height: 14.25pt;\" height=\"19\">CP4050<\/td>\n<td class=\"et4\">4,0 mm<\/td>\n<td class=\"et4\">50 cm<\/td>\n<\/tr>\n<tr style=\"height: 14.25pt;\">\n<td class=\"et4\" style=\"height: 14.25pt;\" height=\"19\">CP6030<\/td>\n<td class=\"et4\">6,0 mm<\/td>\n<td class=\"et4\">30 cm<\/td>\n<\/tr>\n<tr style=\"height: 14.25pt;\">\n<td class=\"et4\" style=\"height: 14.25pt;\" height=\"19\">CP6050<\/td>\n<td class=\"et4\">6,0 mm<\/td>\n<td class=\"et4\">50 cm<\/td>\n<\/tr>\n<tr style=\"height: 14.25pt;\">\n<td class=\"et4\" style=\"height: 14.25pt;\" height=\"19\">CP6060<\/td>\n<td class=\"et4\">6,0 mm<\/td>\n<td class=\"et4\">60 cm<\/td>\n<\/tr>\n<tr style=\"height: 14.25pt;\">\n<td class=\"et4\" style=\"height: 14.25pt;\" height=\"19\">CP80100<\/td>\n<td class=\"et4\">8,0 mm<\/td>\n<td class=\"et4\">100 cm<\/td>\n<\/tr>\n<\/tbody>\n<\/table>\n<p><img fetchpriority=\"high\" decoding=\"async\" class=\"aligncenter wp-image-5258\" src=\"https:\/\/mountlaser.com\/wp-content\/uploads\/2025\/12\/Chaning-Pin5.webp\" alt=\"Chaining pins in surveying\" width=\"500\" height=\"500\" srcset=\"https:\/\/mountlaser.com\/wp-content\/uploads\/2025\/12\/Chaning-Pin5.webp 1000w, https:\/\/mountlaser.com\/wp-content\/uploads\/2025\/12\/Chaning-Pin5-300x300.webp 300w, https:\/\/mountlaser.com\/wp-content\/uploads\/2025\/12\/Chaning-Pin5-150x150.webp 150w, https:\/\/mountlaser.com\/wp-content\/uploads\/2025\/12\/Chaning-Pin5-768x768.webp 768w, https:\/\/mountlaser.com\/wp-content\/uploads\/2025\/12\/Chaning-Pin5-12x12.webp 12w, https:\/\/mountlaser.com\/wp-content\/uploads\/2025\/12\/Chaning-Pin5-600x600.webp 600w, https:\/\/mountlaser.com\/wp-content\/uploads\/2025\/12\/Chaning-Pin5-800x800.webp 800w, https:\/\/mountlaser.com\/wp-content\/uploads\/2025\/12\/Chaning-Pin5-400x400.webp 400w\" sizes=\"(max-width: 500px) 100vw, 500px\" \/><\/p>\n<\/div>","protected":false},"excerpt":{"rendered":"<ul>\n<li>Haute visibilit\u00e9 : le rev\u00eatement rouge et blanc altern\u00e9 assure une identification facile sur de longues distances.<\/li>\n<li>Construction durable : Fabriqu\u00e9 en acier \u00e0 ressort pour une r\u00e9silience et une flexibilit\u00e9 \u00e0 long terme.<\/li>\n<li>Plusieurs tailles disponibles : diam\u00e8tres de 4 mm \u00e0 8 mm et longueurs allant de 30 cm \u00e0 100 cm.<\/li>\n<li>Marquage de pr\u00e9cision : Id\u00e9al pour la mesure des distances, l&#039;alignement par cha\u00eenage et le marquage des points topographiques.<\/li>\n<\/ul>","protected":false},"featured_media":5255,"comment_status":"open","ping_status":"closed","template":"","meta":[],"product_brand":[],"product_cat":[89,148],"product_tag":[],"class_list":{"0":"post-5261","1":"product","2":"type-product","3":"status-publish","4":"has-post-thumbnail","6":"product_cat-surveying-pole-rod","7":"product_cat-chaining-pin","9":"first","10":"instock","11":"shipping-taxable","12":"product-type-simple"},"_links":{"self":[{"href":"https:\/\/mountlaser.com\/fr_fr\/wp-json\/wp\/v2\/product\/5261","targetHints":{"allow":["GET"]}}],"collection":[{"href":"https:\/\/mountlaser.com\/fr_fr\/wp-json\/wp\/v2\/product"}],"about":[{"href":"https:\/\/mountlaser.com\/fr_fr\/wp-json\/wp\/v2\/types\/product"}],"replies":[{"embeddable":true,"href":"https:\/\/mountlaser.com\/fr_fr\/wp-json\/wp\/v2\/comments?post=5261"}],"wp:featuredmedia":[{"embeddable":true,"href":"https:\/\/mountlaser.com\/fr_fr\/wp-json\/wp\/v2\/media\/5255"}],"wp:attachment":[{"href":"https:\/\/mountlaser.com\/fr_fr\/wp-json\/wp\/v2\/media?parent=5261"}],"wp:term":[{"taxonomy":"product_brand","embeddable":true,"href":"https:\/\/mountlaser.com\/fr_fr\/wp-json\/wp\/v2\/product_brand?post=5261"},{"taxonomy":"product_cat","embeddable":true,"href":"https:\/\/mountlaser.com\/fr_fr\/wp-json\/wp\/v2\/product_cat?post=5261"},{"taxonomy":"product_tag","embeddable":true,"href":"https:\/\/mountlaser.com\/fr_fr\/wp-json\/wp\/v2\/product_tag?post=5261"}],"curies":[{"name":"wp","href":"https:\/\/api.w.org\/{rel}","templated":true}]}}