{"id":5246,"date":"2025-12-03T07:14:47","date_gmt":"2025-12-03T07:14:47","guid":{"rendered":"https:\/\/mountlaser.com\/?post_type=product&#038;p=5246"},"modified":"2025-12-03T07:14:47","modified_gmt":"2025-12-03T07:14:47","slug":"rp-is-range-pole","status":"publish","type":"product","link":"https:\/\/mountlaser.com\/fr_fr\/produit\/rp-is-range-pole\/","title":{"rendered":"Poteau de gamme RP-IS"},"content":{"rendered":"<p>Le <a href=\"https:\/\/mountlaser.com\/fr_fr\/\"><strong>Poteau de gamme RP-IS<\/strong><\/a> La mire RP-IS est une solution durable et fiable, con\u00e7ue pour des mesures de terrain pr\u00e9cises et des applications topographiques professionnelles. Fabriqu\u00e9e en acier robuste, elle garantit une stabilit\u00e9 et une pr\u00e9cision \u00e0 long terme, ce qui la rend id\u00e9ale pour les environnements ext\u00e9rieurs difficiles. Elle fait partie de la cat\u00e9gorie des <a href=\"https:\/\/mountlaser.com\/fr_fr\/categorie-produit\/surveying-pole-rod\/\"><strong>Mitres d&#039;alignement pour l&#039;arpentage<\/strong><\/a>, Ce mod\u00e8le offre des performances fiables pour l&#039;alignement, le piquetage et le marquage de position sur des terrains vari\u00e9s.<\/p>\n<p>Dot\u00e9e d&#039;une structure tubulaire en acier \u00e0 insertion, la perche de vis\u00e9e RP-IS offre une rigidit\u00e9 exceptionnelle pour un positionnement vertical constant. La bande de 50 cm, peinte en rouge et blanc, am\u00e9liore la visibilit\u00e9 et permet un ciblage pr\u00e9cis \u00e0 longue distance. Disponibles en sections modulaires de 1 m, ces perches peuvent \u00eatre \u00e9tendues \u00e0 1 m, 2 m ou 3 m selon les besoins du projet, offrant une flexibilit\u00e9 in\u00e9gal\u00e9e sur le terrain.<\/p>\n<div>\n<table style=\"border-collapse: collapse; width: 444.77pt;\" border=\"0\" width=\"593\" cellspacing=\"0\" cellpadding=\"0\">\n<tbody>\n<tr style=\"height: 14.25pt;\">\n<td class=\"et2\" style=\"height: 14.25pt; width: 99.75pt;\" width=\"133\" height=\"19\">NOMBRE<\/td>\n<td class=\"et3\" style=\"width: 75.75pt;\" width=\"101\">MAT\u00c9RIEL<\/td>\n<td class=\"et3\" style=\"width: 219.75pt;\" width=\"293\">LONGUEUR<\/td>\n<td class=\"et4\" style=\"width: 49.50pt;\" width=\"66\">IMAGE<\/td>\n<\/tr>\n<tr style=\"height: 14.25pt;\">\n<td class=\"et5\" style=\"height: 14.25pt;\" height=\"19\">RP-IS11\/22\/33<\/td>\n<td class=\"et6\">Acier solide<\/td>\n<td class=\"et6\">Sections de 1 m x 1\/2\/3 m, extensibles \u00e0 1\/2\/3 m<\/td>\n<td class=\"et7\"><img fetchpriority=\"high\" decoding=\"async\" class=\"alignnone wp-image-5249\" src=\"https:\/\/mountlaser.com\/wp-content\/uploads\/2025\/12\/RP-IS3.webp\" alt=\"RP-IS Range Pole\" width=\"500\" height=\"500\" srcset=\"https:\/\/mountlaser.com\/wp-content\/uploads\/2025\/12\/RP-IS3.webp 1000w, https:\/\/mountlaser.com\/wp-content\/uploads\/2025\/12\/RP-IS3-300x300.webp 300w, https:\/\/mountlaser.com\/wp-content\/uploads\/2025\/12\/RP-IS3-150x150.webp 150w, https:\/\/mountlaser.com\/wp-content\/uploads\/2025\/12\/RP-IS3-768x768.webp 768w, https:\/\/mountlaser.com\/wp-content\/uploads\/2025\/12\/RP-IS3-12x12.webp 12w, https:\/\/mountlaser.com\/wp-content\/uploads\/2025\/12\/RP-IS3-600x600.webp 600w, https:\/\/mountlaser.com\/wp-content\/uploads\/2025\/12\/RP-IS3-800x800.webp 800w, https:\/\/mountlaser.com\/wp-content\/uploads\/2025\/12\/RP-IS3-400x400.webp 400w\" sizes=\"(max-width: 500px) 100vw, 500px\" \/><\/td>\n<\/tr>\n<\/tbody>\n<\/table>\n<\/div>","protected":false},"excerpt":{"rendered":"<ul>\n<li>Tube en acier haute r\u00e9sistance : La structure \u00e0 insertion assure une excellente rigidit\u00e9 et une durabilit\u00e9 \u00e0 long terme.<\/li>\n<li>Visibilit\u00e9 am\u00e9lior\u00e9e : une peinture en a\u00e9rosol \u00e0 bandes rouges et blanches de 50 cm am\u00e9liore la reconnaissance de l&#039;alignement dans diverses conditions.<\/li>\n<li>Options de longueur modulaires\u00a0: configurable par sections de 1\u00a0m pour s\u2019\u00e9tendre jusqu\u2019\u00e0 3\u00a0m pour des applications topographiques flexibles.<\/li>\n<li>Id\u00e9al pour un usage professionnel\u00a0: convient pour l\u2019implantation de chantiers, les lev\u00e9s topographiques, la mesure des terrains et le marquage des points de contr\u00f4le.<\/li>\n<\/ul>","protected":false},"featured_media":5247,"comment_status":"open","ping_status":"closed","template":"","meta":[],"product_brand":[],"product_cat":[89,147],"product_tag":[],"class_list":{"0":"post-5246","1":"product","2":"type-product","3":"status-publish","4":"has-post-thumbnail","6":"product_cat-surveying-pole-rod","7":"product_cat-range-pole","9":"first","10":"instock","11":"shipping-taxable","12":"product-type-simple"},"_links":{"self":[{"href":"https:\/\/mountlaser.com\/fr_fr\/wp-json\/wp\/v2\/product\/5246","targetHints":{"allow":["GET"]}}],"collection":[{"href":"https:\/\/mountlaser.com\/fr_fr\/wp-json\/wp\/v2\/product"}],"about":[{"href":"https:\/\/mountlaser.com\/fr_fr\/wp-json\/wp\/v2\/types\/product"}],"replies":[{"embeddable":true,"href":"https:\/\/mountlaser.com\/fr_fr\/wp-json\/wp\/v2\/comments?post=5246"}],"wp:featuredmedia":[{"embeddable":true,"href":"https:\/\/mountlaser.com\/fr_fr\/wp-json\/wp\/v2\/media\/5247"}],"wp:attachment":[{"href":"https:\/\/mountlaser.com\/fr_fr\/wp-json\/wp\/v2\/media?parent=5246"}],"wp:term":[{"taxonomy":"product_brand","embeddable":true,"href":"https:\/\/mountlaser.com\/fr_fr\/wp-json\/wp\/v2\/product_brand?post=5246"},{"taxonomy":"product_cat","embeddable":true,"href":"https:\/\/mountlaser.com\/fr_fr\/wp-json\/wp\/v2\/product_cat?post=5246"},{"taxonomy":"product_tag","embeddable":true,"href":"https:\/\/mountlaser.com\/fr_fr\/wp-json\/wp\/v2\/product_tag?post=5246"}],"curies":[{"name":"wp","href":"https:\/\/api.w.org\/{rel}","templated":true}]}}