{"id":5236,"date":"2025-12-03T06:43:31","date_gmt":"2025-12-03T06:43:31","guid":{"rendered":"https:\/\/mountlaser.com\/?post_type=product&#038;p=5236"},"modified":"2025-12-03T06:43:32","modified_gmt":"2025-12-03T06:43:32","slug":"rp-ca-cas-range-pole","status":"publish","type":"product","link":"https:\/\/mountlaser.com\/fr_fr\/produit\/rp-ca-cas-range-pole\/","title":{"rendered":"Poteau de port\u00e9e RP-CA\/CAS"},"content":{"rendered":"<p>Le <a href=\"https:\/\/mountlaser.com\/fr_fr\/\"><strong>Poteau de gamme en aluminium<\/strong><\/a> Cette perche d&#039;arpenteur professionnelle est con\u00e7ue pour un marquage pr\u00e9cis des points et un alignement vertical fiable sur le terrain. Fabriqu\u00e9e avec un tube t\u00e9lescopique de pr\u00e9cision, la perche en aluminium offre une excellente rigidit\u00e9, un d\u00e9ploiement fluide et une grande durabilit\u00e9 pour les travaux d&#039;arpentage, de construction et g\u00e9ospatial.<\/p>\n<p>Le <a href=\"https:\/\/mountlaser.com\/fr_fr\/categorie-produit\/surveying-pole-rod\/\"><strong>Poteau de port\u00e9e RP-CA\/CAS<\/strong><\/a> Cette s\u00e9rie se caract\u00e9rise par une construction l\u00e9g\u00e8re en aluminium associ\u00e9e \u00e0 un syst\u00e8me de verrouillage par compression (C) fiable qui assure un r\u00e9glage stable de la hauteur pendant l&#039;utilisation. Disponible en configurations de 2 m, 3 m et 5 m, la perche RP-CA\/CAS offre une polyvalence exceptionnelle tout en restant facile \u00e0 transporter gr\u00e2ce \u00e0 son sac de transport inclus.<a href=\"https:\/\/mountlaser.com\/fr_fr\/contact-us\/\"> Poteau de gamme en aluminium<\/a> est con\u00e7u pour offrir des performances constantes et de haute pr\u00e9cision dans des environnements de terrain exigeants.<\/p>\n<div>\n<table style=\"border-collapse: collapse; width: 395.27pt;\" border=\"0\" width=\"527\" cellspacing=\"0\" cellpadding=\"0\">\n<tbody>\n<tr style=\"height: 14.25pt;\">\n<td class=\"et2\" style=\"height: 14.25pt; width: 99.75pt;\" width=\"133\" height=\"19\">NOMBRE<\/td>\n<td class=\"et3\" style=\"width: 75.75pt;\" width=\"101\">MAT\u00c9RIEL<\/td>\n<td class=\"et3\" style=\"width: 219.75pt;\" width=\"293\">LONGUEUR<\/td>\n<\/tr>\n<tr style=\"height: 14.25pt;\">\n<td class=\"et4\" style=\"height: 14.25pt;\" height=\"19\">RP-CA22\/33\/53<\/td>\n<td class=\"et4\">Aluminium<\/td>\n<td class=\"et4\">\u00c9tendez-vous \u00e0 2\/3\/5 m, 2\/3\/3 sections<\/td>\n<\/tr>\n<tr style=\"height: 14.25pt;\">\n<td class=\"et4\" style=\"height: 14.25pt;\" height=\"19\">RP-CAS22\/33\/53<\/td>\n<td class=\"et4\">Aluminium<\/td>\n<td class=\"et4\">\u00c9tendez-vous \u00e0 2\/3\/5 m, 2\/3\/3 sections<\/td>\n<\/tr>\n<\/tbody>\n<\/table>\n<p><img fetchpriority=\"high\" decoding=\"async\" class=\"aligncenter wp-image-5237\" src=\"https:\/\/mountlaser.com\/wp-content\/uploads\/2025\/12\/RP-CA1.webp\" alt=\"Aluminum Range Pole\" width=\"500\" height=\"500\" srcset=\"https:\/\/mountlaser.com\/wp-content\/uploads\/2025\/12\/RP-CA1.webp 1000w, https:\/\/mountlaser.com\/wp-content\/uploads\/2025\/12\/RP-CA1-300x300.webp 300w, https:\/\/mountlaser.com\/wp-content\/uploads\/2025\/12\/RP-CA1-150x150.webp 150w, https:\/\/mountlaser.com\/wp-content\/uploads\/2025\/12\/RP-CA1-768x768.webp 768w, https:\/\/mountlaser.com\/wp-content\/uploads\/2025\/12\/RP-CA1-12x12.webp 12w, https:\/\/mountlaser.com\/wp-content\/uploads\/2025\/12\/RP-CA1-600x600.webp 600w, https:\/\/mountlaser.com\/wp-content\/uploads\/2025\/12\/RP-CA1-800x800.webp 800w, https:\/\/mountlaser.com\/wp-content\/uploads\/2025\/12\/RP-CA1-400x400.webp 400w\" sizes=\"(max-width: 500px) 100vw, 500px\" \/><\/p>\n<\/div>","protected":false},"excerpt":{"rendered":"<ul>\n<li>R\u00e9glage de la hauteur\u00a0: Les tubes t\u00e9lescopiques en aluminium avec verrouillage par compression assurent une extension s\u00e9curis\u00e9e lors des travaux de lev\u00e9 topographique.<\/li>\n<li>Haute visibilit\u00e9 et pr\u00e9cision : assure une vis\u00e9e claire et une r\u00e9f\u00e9rence verticale pr\u00e9cise pour les flux de travail de station totale ou GNSS.<\/li>\n<li>Construction durable : L&#039;aluminium r\u00e9sistant \u00e0 la corrosion offre une grande robustesse sans poids excessif.<\/li>\n<li>Pratique sur le terrain : Sa conception l\u00e9g\u00e8re et son sac de transport inclus facilitent un d\u00e9ploiement et un transport rapides.<\/li>\n<\/ul>","protected":false},"featured_media":5237,"comment_status":"open","ping_status":"closed","template":"","meta":[],"product_brand":[],"product_cat":[89,147],"product_tag":[],"class_list":{"0":"post-5236","1":"product","2":"type-product","3":"status-publish","4":"has-post-thumbnail","6":"product_cat-surveying-pole-rod","7":"product_cat-range-pole","9":"first","10":"instock","11":"shipping-taxable","12":"product-type-simple"},"_links":{"self":[{"href":"https:\/\/mountlaser.com\/fr_fr\/wp-json\/wp\/v2\/product\/5236","targetHints":{"allow":["GET"]}}],"collection":[{"href":"https:\/\/mountlaser.com\/fr_fr\/wp-json\/wp\/v2\/product"}],"about":[{"href":"https:\/\/mountlaser.com\/fr_fr\/wp-json\/wp\/v2\/types\/product"}],"replies":[{"embeddable":true,"href":"https:\/\/mountlaser.com\/fr_fr\/wp-json\/wp\/v2\/comments?post=5236"}],"wp:featuredmedia":[{"embeddable":true,"href":"https:\/\/mountlaser.com\/fr_fr\/wp-json\/wp\/v2\/media\/5237"}],"wp:attachment":[{"href":"https:\/\/mountlaser.com\/fr_fr\/wp-json\/wp\/v2\/media?parent=5236"}],"wp:term":[{"taxonomy":"product_brand","embeddable":true,"href":"https:\/\/mountlaser.com\/fr_fr\/wp-json\/wp\/v2\/product_brand?post=5236"},{"taxonomy":"product_cat","embeddable":true,"href":"https:\/\/mountlaser.com\/fr_fr\/wp-json\/wp\/v2\/product_cat?post=5236"},{"taxonomy":"product_tag","embeddable":true,"href":"https:\/\/mountlaser.com\/fr_fr\/wp-json\/wp\/v2\/product_tag?post=5236"}],"curies":[{"name":"wp","href":"https:\/\/api.w.org\/{rel}","templated":true}]}}