{"id":5231,"date":"2025-12-03T05:58:07","date_gmt":"2025-12-03T05:58:07","guid":{"rendered":"https:\/\/mountlaser.com\/?post_type=product&#038;p=5231"},"modified":"2025-12-03T05:58:07","modified_gmt":"2025-12-03T05:58:07","slug":"rp-a-s-range-pole","status":"publish","type":"product","link":"https:\/\/mountlaser.com\/fr_fr\/produit\/rp-a-s-range-pole\/","title":{"rendered":"Poteau de port\u00e9e RP-A\/S"},"content":{"rendered":"<p>Le <a href=\"https:\/\/mountlaser.com\/fr_fr\/categorie-produit\/surveying-pole-rod\/\"><strong>Poteau de port\u00e9e RP-A\/S<\/strong><\/a> est un outil topographique robuste et fiable, con\u00e7u pour le marquage pr\u00e9cis de points et l&#039;alignement de la ligne de vis\u00e9e sur le terrain. Destin\u00e9 aux professionnels exigeant des r\u00e9f\u00e9rences stables et pr\u00e9cises,<a href=\"https:\/\/mountlaser.com\/fr_fr\/about-us\/\"><strong> m\u00e2t de rep\u00e9rage<\/strong> <\/a>Offrant des performances exceptionnelles dans les domaines de la construction, de la topographie, du g\u00e9nie civil et des travaux de lev\u00e9s topographiques, la perche d&#039;alignement est disponible en aluminium haute r\u00e9sistance (RP-A22\/33\/55) ou en acier robuste (RP-S22\/33\/55). Sa structure garantit une grande durabilit\u00e9, m\u00eame dans des environnements difficiles.<\/p>\n<p>Chaque perche de t\u00e9l\u00e9m\u00e9trie est compos\u00e9e de sections compactes d&#039;un m\u00e8tre, permettant un assemblage rapide en configurations de 2 m, 3 m ou 5 m selon les besoins. Sa conception segment\u00e9e facilite le transport, tandis que le sac de transport inclus assure une manipulation ais\u00e9e sur le terrain. Gr\u00e2ce \u00e0 des marquages de couleur vifs et des raccords pr\u00e9cis, <a href=\"https:\/\/mountlaser.com\/fr_fr\/contact-us\/\">Poteau de port\u00e9e RP-A\/S<\/a> offre une excellente visibilit\u00e9 et un alignement vertical fiable lors des travaux de lev\u00e9 topographique.<\/p>\n<p><img fetchpriority=\"high\" decoding=\"async\" class=\"aligncenter wp-image-5233\" src=\"https:\/\/mountlaser.com\/wp-content\/uploads\/2025\/12\/RP-Range-Pole4.webp\" alt=\"ranging pole\" width=\"500\" height=\"500\" srcset=\"https:\/\/mountlaser.com\/wp-content\/uploads\/2025\/12\/RP-Range-Pole4.webp 800w, https:\/\/mountlaser.com\/wp-content\/uploads\/2025\/12\/RP-Range-Pole4-300x300.webp 300w, https:\/\/mountlaser.com\/wp-content\/uploads\/2025\/12\/RP-Range-Pole4-150x150.webp 150w, https:\/\/mountlaser.com\/wp-content\/uploads\/2025\/12\/RP-Range-Pole4-768x768.webp 768w, https:\/\/mountlaser.com\/wp-content\/uploads\/2025\/12\/RP-Range-Pole4-12x12.webp 12w, https:\/\/mountlaser.com\/wp-content\/uploads\/2025\/12\/RP-Range-Pole4-600x600.webp 600w, https:\/\/mountlaser.com\/wp-content\/uploads\/2025\/12\/RP-Range-Pole4-400x400.webp 400w\" sizes=\"(max-width: 500px) 100vw, 500px\" \/><\/p>\n<div>\n<table style=\"border-collapse: collapse; width: 395.27pt;\" border=\"0\" width=\"527\" cellspacing=\"0\" cellpadding=\"0\">\n<tbody>\n<tr style=\"height: 14.25pt;\">\n<td class=\"et2\" style=\"height: 14.25pt; width: 99.75pt;\" width=\"133\" height=\"19\">NOMBRE<\/td>\n<td class=\"et3\" style=\"width: 75.75pt;\" width=\"101\">MAT\u00c9RIEL<\/td>\n<td class=\"et3\" style=\"width: 219.75pt;\" width=\"293\">LONGUEUR<\/td>\n<\/tr>\n<tr style=\"height: 14.25pt;\">\n<td class=\"et4\" style=\"height: 14.25pt;\" height=\"19\">RP-A22\/33\/55<\/td>\n<td class=\"et4\">Aluminium<\/td>\n<td class=\"et4\">Sections de 1 m x 2\/3\/5 m, extensibles \u00e0 2\/3\/5 m<\/td>\n<\/tr>\n<tr style=\"height: 14.25pt;\">\n<td class=\"et4\" style=\"height: 14.25pt;\" height=\"19\">RP-S22\/33\/55<\/td>\n<td class=\"et4\">Acier solide<\/td>\n<td class=\"et4\">Sections de 1 m x 2\/3\/5 m, extensibles \u00e0 2\/3\/5 m<\/td>\n<\/tr>\n<\/tbody>\n<\/table>\n<\/div>","protected":false},"excerpt":{"rendered":"<ul>\n<li>Configuration de la hauteur\u00a0: sections de 1 m\u00e8tre qui s\u2019assemblent en configurations de poteaux de t\u00e9l\u00e9m\u00e9trie de 2 m, 3 m ou 5 m.<\/li>\n<li>Options de mat\u00e9riaux : Les mod\u00e8les en aluminium (RP-A22\/33\/55) privil\u00e9gient la l\u00e9g\u00e8ret\u00e9 et la maniabilit\u00e9, tandis que les mod\u00e8les en acier (RP-S22\/33\/55) maximisent la r\u00e9sistance.<\/li>\n<li>Haute visibilit\u00e9 : Con\u00e7u pour une vis\u00e9e et un alignement clairs sur de longues distances.<\/li>\n<li>Durabilit\u00e9 sur le terrain : Con\u00e7u pour r\u00e9sister aux conditions ext\u00e9rieures et offrir une stabilit\u00e9 \u00e0 long terme.<\/li>\n<li>Transport facile : Tous les mod\u00e8les de perches RP-A\/S sont fournis avec un sac de transport pour une mobilit\u00e9 optimale sur le terrain.<\/li>\n<\/ul>","protected":false},"featured_media":5232,"comment_status":"open","ping_status":"closed","template":"","meta":[],"product_brand":[],"product_cat":[89],"product_tag":[],"class_list":{"0":"post-5231","1":"product","2":"type-product","3":"status-publish","4":"has-post-thumbnail","6":"product_cat-surveying-pole-rod","8":"first","9":"instock","10":"shipping-taxable","11":"product-type-simple"},"_links":{"self":[{"href":"https:\/\/mountlaser.com\/fr_fr\/wp-json\/wp\/v2\/product\/5231","targetHints":{"allow":["GET"]}}],"collection":[{"href":"https:\/\/mountlaser.com\/fr_fr\/wp-json\/wp\/v2\/product"}],"about":[{"href":"https:\/\/mountlaser.com\/fr_fr\/wp-json\/wp\/v2\/types\/product"}],"replies":[{"embeddable":true,"href":"https:\/\/mountlaser.com\/fr_fr\/wp-json\/wp\/v2\/comments?post=5231"}],"wp:featuredmedia":[{"embeddable":true,"href":"https:\/\/mountlaser.com\/fr_fr\/wp-json\/wp\/v2\/media\/5232"}],"wp:attachment":[{"href":"https:\/\/mountlaser.com\/fr_fr\/wp-json\/wp\/v2\/media?parent=5231"}],"wp:term":[{"taxonomy":"product_brand","embeddable":true,"href":"https:\/\/mountlaser.com\/fr_fr\/wp-json\/wp\/v2\/product_brand?post=5231"},{"taxonomy":"product_cat","embeddable":true,"href":"https:\/\/mountlaser.com\/fr_fr\/wp-json\/wp\/v2\/product_cat?post=5231"},{"taxonomy":"product_tag","embeddable":true,"href":"https:\/\/mountlaser.com\/fr_fr\/wp-json\/wp\/v2\/product_tag?post=5231"}],"curies":[{"name":"wp","href":"https:\/\/api.w.org\/{rel}","templated":true}]}}