{"id":5193,"date":"2025-12-03T02:46:05","date_gmt":"2025-12-03T02:46:05","guid":{"rendered":"https:\/\/mountlaser.com\/?post_type=product&#038;p=5193"},"modified":"2025-12-03T05:06:30","modified_gmt":"2025-12-03T05:06:30","slug":"gp220tlb-ac-gps-pole-twist-lock","status":"publish","type":"product","link":"https:\/\/mountlaser.com\/fr_fr\/produit\/gp220tlb-ac-gps-pole-twist-lock\/","title":{"rendered":"GP220TLB-AC Verrouillage par rotation du poteau GPS"},"content":{"rendered":"<p>Pr\u00e9sentation de <a href=\"https:\/\/mountlaser.com\/fr_fr\/categorie-produit\/surveying-pole-rod\/\"><strong>GP220TLB-AC Verrouillage par rotation du poteau GPS<\/strong><\/a>, une perche d&#039;arpenteur de qualit\u00e9 professionnelle con\u00e7ue pour la pr\u00e9cision, la durabilit\u00e9 et une performance fiable sur le terrain. Con\u00e7ue comme une <a href=\"https:\/\/mountlaser.com\/fr_fr\/about-us\/\"><strong>Perche GPS Rover \u00e0 pointe fixe gradu\u00e9e m\u00e9trique de 2,5 m<\/strong><\/a>, Ce mod\u00e8le garantit des mesures d&#039;altitude pr\u00e9cises et une acquisition de donn\u00e9es GNSS stable, m\u00eame dans des environnements exigeants. Le syst\u00e8me de verrouillage par rotation du poteau GPS GP220TLB-AC int\u00e8gre un m\u00e9canisme fluide et s\u00fbr, permettant aux g\u00e9om\u00e8tres d&#039;ajuster rapidement le poteau \u00e0 la hauteur souhait\u00e9e tout en assurant une stabilit\u00e9 optimale pendant toute son utilisation.<\/p>\n<p>Fabriqu\u00e9e en aluminium et en fibre de carbone \u00e9conomique, la perche GPS Rover \u00e0 pointe fixe de 2,5 m offre un \u00e9quilibre id\u00e9al entre robustesse, l\u00e9g\u00e8ret\u00e9 et durabilit\u00e9. Chaque perche est \u00e9quip\u00e9e d&#039;une fiole circulaire de 9 m et d&#039;une base \u00e0 bulle robuste en aluminium avec support int\u00e9gr\u00e9, boussole et niveau \u00e0 bulle, pour une pr\u00e9cision d&#039;installation optimale sur le terrain. Un filetage 5\/8\u2033-11 assure la compatibilit\u00e9 avec les r\u00e9cepteurs et accessoires GNSS standard, tandis que l&#039;\u00e9tui souple fourni facilite le transport et prot\u00e8ge la perche au quotidien.<\/p>\n<p>Avec sa conception fiable \u00e0 verrouillage par rotation, ses graduations m\u00e9triques et son embout fixe solide, le <a href=\"https:\/\/mountlaser.com\/fr_fr\/contact-us\/\">GP220TLB-AC Verrouillage par rotation du poteau GPS<\/a>\u00a0est un outil indispensable pour les g\u00e9om\u00e8tres, les ing\u00e9nieurs en construction, les \u00e9quipes de cartographie GNSS et les professionnels de la surveillance qui recherchent des performances fiables et des r\u00e9sultats pr\u00e9cis.<\/p>\n<div>\n<table style=\"border-collapse: collapse; width: 669.77pt;\" border=\"0\" width=\"893\" cellspacing=\"0\" cellpadding=\"0\">\n<tbody>\n<tr style=\"height: 14.25pt;\">\n<td class=\"et2\" style=\"height: 14.25pt; width: 99.75pt;\" width=\"133\" height=\"19\">NOMBRE<\/td>\n<td class=\"et2\" style=\"width: 75.75pt;\" width=\"101\">EXTENSION<\/td>\n<td class=\"et3\" style=\"width: 46.50pt;\" width=\"62\">VERROUILLAGE<\/td>\n<td class=\"et3\" style=\"width: 49.50pt;\" width=\"66\">DIPL\u00d4M\u00c9S<\/td>\n<td class=\"et3\" style=\"width: 176.25pt;\" width=\"235\">MAT\u00c9RIAU DU TUBE<\/td>\n<td class=\"et3\" style=\"width: 114.00pt;\" width=\"152\">BASE \u00c0 BULLES<\/td>\n<td class=\"et3\" style=\"width: 54.00pt;\" width=\"72\">DIAM\u00c8TRE<\/td>\n<td class=\"et4\" style=\"width: 54.00pt;\" width=\"72\">IMAGE<\/td>\n<\/tr>\n<tr style=\"height: 14.25pt;\">\n<td class=\"et5\" style=\"height: 14.25pt;\" height=\"19\">GP220TLB-AC<\/td>\n<td class=\"et5\">220 cm<\/td>\n<td class=\"et5\">Torsion<\/td>\n<td class=\"et5\">cm<\/td>\n<td class=\"et5\">Aluminium\/ Fibre de carbone \u00e9conomique<\/td>\n<td class=\"et5\">avec support, boussole. bulle<\/td>\n<td class=\"et5\">25\/32 mm<\/td>\n<td><img fetchpriority=\"high\" decoding=\"async\" class=\"alignnone wp-image-5205\" src=\"https:\/\/mountlaser.com\/wp-content\/uploads\/2025\/12\/GP220TLB-AC\uff082\uff09.webp\" alt=\"GP220TLB-AC GPS Pole Thread Lock\" width=\"500\" height=\"500\" srcset=\"https:\/\/mountlaser.com\/wp-content\/uploads\/2025\/12\/GP220TLB-AC\uff082\uff09.webp 1000w, https:\/\/mountlaser.com\/wp-content\/uploads\/2025\/12\/GP220TLB-AC\uff082\uff09-300x300.webp 300w, https:\/\/mountlaser.com\/wp-content\/uploads\/2025\/12\/GP220TLB-AC\uff082\uff09-150x150.webp 150w, https:\/\/mountlaser.com\/wp-content\/uploads\/2025\/12\/GP220TLB-AC\uff082\uff09-768x768.webp 768w, https:\/\/mountlaser.com\/wp-content\/uploads\/2025\/12\/GP220TLB-AC\uff082\uff09-12x12.webp 12w, https:\/\/mountlaser.com\/wp-content\/uploads\/2025\/12\/GP220TLB-AC\uff082\uff09-600x600.webp 600w, https:\/\/mountlaser.com\/wp-content\/uploads\/2025\/12\/GP220TLB-AC\uff082\uff09-800x800.webp 800w, https:\/\/mountlaser.com\/wp-content\/uploads\/2025\/12\/GP220TLB-AC\uff082\uff09-400x400.webp 400w\" sizes=\"(max-width: 500px) 100vw, 500px\" \/><\/td>\n<\/tr>\n<tr style=\"height: 14.25pt;\">\n<td class=\"et5\" style=\"height: 14.25pt;\" height=\"19\">GP220TL-AC<\/td>\n<td class=\"et5\">220 cm<\/td>\n<td class=\"et5\">Torsion<\/td>\n<td class=\"et5\">cm<\/td>\n<td class=\"et5\">Aluminium\/ Fibre de carbone de qualit\u00e9 sup\u00e9rieure<\/td>\n<td class=\"et5\">avec des bulles<\/td>\n<td class=\"et5\">25\/32 mm<\/td>\n<td><img decoding=\"async\" class=\"alignnone wp-image-5200\" src=\"https:\/\/mountlaser.com\/wp-content\/uploads\/2025\/12\/GP220TL-AC7.webp\" alt=\"GP220TLB-AC GPS Pole Thread Lock\" width=\"500\" height=\"500\" srcset=\"https:\/\/mountlaser.com\/wp-content\/uploads\/2025\/12\/GP220TL-AC7.webp 1000w, https:\/\/mountlaser.com\/wp-content\/uploads\/2025\/12\/GP220TL-AC7-300x300.webp 300w, https:\/\/mountlaser.com\/wp-content\/uploads\/2025\/12\/GP220TL-AC7-150x150.webp 150w, https:\/\/mountlaser.com\/wp-content\/uploads\/2025\/12\/GP220TL-AC7-768x768.webp 768w, https:\/\/mountlaser.com\/wp-content\/uploads\/2025\/12\/GP220TL-AC7-12x12.webp 12w, https:\/\/mountlaser.com\/wp-content\/uploads\/2025\/12\/GP220TL-AC7-600x600.webp 600w, https:\/\/mountlaser.com\/wp-content\/uploads\/2025\/12\/GP220TL-AC7-800x800.webp 800w, https:\/\/mountlaser.com\/wp-content\/uploads\/2025\/12\/GP220TL-AC7-400x400.webp 400w\" sizes=\"(max-width: 500px) 100vw, 500px\" \/><\/td>\n<\/tr>\n<tr style=\"height: 14.25pt;\">\n<td class=\"et5\" style=\"height: 14.25pt;\" height=\"19\">GP250TL-AC<\/td>\n<td class=\"et5\">250 cm<\/td>\n<td class=\"et5\">Torsion<\/td>\n<td class=\"et5\">cm<\/td>\n<td class=\"et5\">Aluminium\/ Fibre de carbone de qualit\u00e9 sup\u00e9rieure<\/td>\n<td class=\"et5\">avec des bulles<\/td>\n<td class=\"et5\">25\/32 mm<\/td>\n<td><img decoding=\"async\" class=\"alignnone wp-image-5216\" src=\"https:\/\/mountlaser.com\/wp-content\/uploads\/2025\/12\/GP250TL-AC4.webp\" alt=\"GP220TLB-AC GPS Pole Thread Lock\" width=\"500\" height=\"500\" srcset=\"https:\/\/mountlaser.com\/wp-content\/uploads\/2025\/12\/GP250TL-AC4.webp 1000w, https:\/\/mountlaser.com\/wp-content\/uploads\/2025\/12\/GP250TL-AC4-300x300.webp 300w, https:\/\/mountlaser.com\/wp-content\/uploads\/2025\/12\/GP250TL-AC4-150x150.webp 150w, https:\/\/mountlaser.com\/wp-content\/uploads\/2025\/12\/GP250TL-AC4-768x768.webp 768w, https:\/\/mountlaser.com\/wp-content\/uploads\/2025\/12\/GP250TL-AC4-12x12.webp 12w, https:\/\/mountlaser.com\/wp-content\/uploads\/2025\/12\/GP250TL-AC4-600x600.webp 600w, https:\/\/mountlaser.com\/wp-content\/uploads\/2025\/12\/GP250TL-AC4-800x800.webp 800w, https:\/\/mountlaser.com\/wp-content\/uploads\/2025\/12\/GP250TL-AC4-400x400.webp 400w\" sizes=\"(max-width: 500px) 100vw, 500px\" \/><\/td>\n<\/tr>\n<tr style=\"height: 14.25pt;\">\n<td class=\"et5\" style=\"height: 14.25pt;\" height=\"19\">GP220TLD-2C<\/td>\n<td class=\"et5\">220 cm<\/td>\n<td class=\"et5\">Torsion<\/td>\n<td class=\"et5\">cm\/pi<\/td>\n<td class=\"et5\">Aluminium\/ Fibre de carbone de qualit\u00e9 sup\u00e9rieure<\/td>\n<td class=\"et5\">avec des bulles<\/td>\n<td class=\"et5\">25\/32 mm<\/td>\n<td><img loading=\"lazy\" decoding=\"async\" class=\"alignnone wp-image-5218\" src=\"https:\/\/mountlaser.com\/wp-content\/uploads\/2025\/12\/GP250TL-AC6.webp\" alt=\"GP220TLB-AC GPS Pole Thread Lock\" width=\"500\" height=\"500\" srcset=\"https:\/\/mountlaser.com\/wp-content\/uploads\/2025\/12\/GP250TL-AC6.webp 1000w, https:\/\/mountlaser.com\/wp-content\/uploads\/2025\/12\/GP250TL-AC6-300x300.webp 300w, https:\/\/mountlaser.com\/wp-content\/uploads\/2025\/12\/GP250TL-AC6-150x150.webp 150w, https:\/\/mountlaser.com\/wp-content\/uploads\/2025\/12\/GP250TL-AC6-768x768.webp 768w, https:\/\/mountlaser.com\/wp-content\/uploads\/2025\/12\/GP250TL-AC6-12x12.webp 12w, https:\/\/mountlaser.com\/wp-content\/uploads\/2025\/12\/GP250TL-AC6-600x600.webp 600w, https:\/\/mountlaser.com\/wp-content\/uploads\/2025\/12\/GP250TL-AC6-800x800.webp 800w, https:\/\/mountlaser.com\/wp-content\/uploads\/2025\/12\/GP250TL-AC6-400x400.webp 400w\" sizes=\"(max-width: 500px) 100vw, 500px\" \/><\/td>\n<\/tr>\n<tr style=\"height: 14.25pt;\">\n<td class=\"et6\" style=\"height: 14.25pt;\" height=\"19\">GP250TLD-2C<\/td>\n<td class=\"et5\">250 cm<\/td>\n<td class=\"et5\">Torsion<\/td>\n<td class=\"et5\">cm\/pi<\/td>\n<td class=\"et5\">Fibre de carbone de qualit\u00e9 sup\u00e9rieure<\/td>\n<td class=\"et5\">avec des bulles<\/td>\n<td class=\"et5\">25\/32 mm<\/td>\n<td><img loading=\"lazy\" decoding=\"async\" class=\"alignnone wp-image-5226\" src=\"https:\/\/mountlaser.com\/wp-content\/uploads\/2025\/12\/GP250TLD-CC6.webp\" alt=\"GP220TLB-AC GPS Pole Thread Lock\" width=\"500\" height=\"500\" srcset=\"https:\/\/mountlaser.com\/wp-content\/uploads\/2025\/12\/GP250TLD-CC6.webp 1000w, https:\/\/mountlaser.com\/wp-content\/uploads\/2025\/12\/GP250TLD-CC6-300x300.webp 300w, https:\/\/mountlaser.com\/wp-content\/uploads\/2025\/12\/GP250TLD-CC6-150x150.webp 150w, https:\/\/mountlaser.com\/wp-content\/uploads\/2025\/12\/GP250TLD-CC6-768x768.webp 768w, https:\/\/mountlaser.com\/wp-content\/uploads\/2025\/12\/GP250TLD-CC6-12x12.webp 12w, https:\/\/mountlaser.com\/wp-content\/uploads\/2025\/12\/GP250TLD-CC6-600x600.webp 600w, https:\/\/mountlaser.com\/wp-content\/uploads\/2025\/12\/GP250TLD-CC6-800x800.webp 800w, https:\/\/mountlaser.com\/wp-content\/uploads\/2025\/12\/GP250TLD-CC6-400x400.webp 400w\" sizes=\"(max-width: 500px) 100vw, 500px\" \/><\/td>\n<\/tr>\n<\/tbody>\n<\/table>\n<\/div>","protected":false},"excerpt":{"rendered":"<ul data-start=\"1639\" data-end=\"2157\">\n<li data-start=\"1639\" data-end=\"1733\">\n<p data-start=\"1641\" data-end=\"1733\">R\u00e9glage de la hauteur par verrouillage par rotation pour un positionnement rapide et stable lors des mesures m\u00e9triques.<\/p>\n<\/li>\n<li data-start=\"1734\" data-end=\"1823\">\n<p data-start=\"1736\" data-end=\"1823\">La conception \u00e0 pointe fixe assure un contact stable avec le sol et r\u00e9duit l&#039;\u00e9cart de mesure.<\/p>\n<\/li>\n<li data-start=\"1824\" data-end=\"1913\">\n<p data-start=\"1826\" data-end=\"1913\">Support int\u00e9gr\u00e9, boussole et bouteille \u00e0 bulle de 30 pieds pour une mise \u00e0 niveau et une orientation rapides.<\/p>\n<\/li>\n<li data-start=\"1914\" data-end=\"2000\">\n<p data-start=\"1916\" data-end=\"2000\">Compatibilit\u00e9 avec le filetage 5\/8\u2033-11 prenant en charge la plupart des r\u00e9cepteurs GNSS et des syst\u00e8mes mobiles.<\/p>\n<\/li>\n<li data-start=\"2001\" data-end=\"2097\">\n<p data-start=\"2003\" data-end=\"2097\">Construction hybride durable en aluminium et fibre de carbone \u00e9conomique pour une longue dur\u00e9e de vie.<\/p>\n<\/li>\n<li data-start=\"2098\" data-end=\"2157\">\n<p data-start=\"2100\" data-end=\"2157\">\u00c9tui de transport souple inclus pour un transport s\u00fbr et facile.<\/p>\n<\/li>\n<\/ul>","protected":false},"featured_media":5204,"comment_status":"open","ping_status":"closed","template":"","meta":[],"product_brand":[],"product_cat":[89,146],"product_tag":[],"class_list":{"0":"post-5193","1":"product","2":"type-product","3":"status-publish","4":"has-post-thumbnail","6":"product_cat-surveying-pole-rod","7":"product_cat-gps-pole-twist-lock","9":"first","10":"instock","11":"shipping-taxable","12":"product-type-simple"},"_links":{"self":[{"href":"https:\/\/mountlaser.com\/fr_fr\/wp-json\/wp\/v2\/product\/5193","targetHints":{"allow":["GET"]}}],"collection":[{"href":"https:\/\/mountlaser.com\/fr_fr\/wp-json\/wp\/v2\/product"}],"about":[{"href":"https:\/\/mountlaser.com\/fr_fr\/wp-json\/wp\/v2\/types\/product"}],"replies":[{"embeddable":true,"href":"https:\/\/mountlaser.com\/fr_fr\/wp-json\/wp\/v2\/comments?post=5193"}],"wp:featuredmedia":[{"embeddable":true,"href":"https:\/\/mountlaser.com\/fr_fr\/wp-json\/wp\/v2\/media\/5204"}],"wp:attachment":[{"href":"https:\/\/mountlaser.com\/fr_fr\/wp-json\/wp\/v2\/media?parent=5193"}],"wp:term":[{"taxonomy":"product_brand","embeddable":true,"href":"https:\/\/mountlaser.com\/fr_fr\/wp-json\/wp\/v2\/product_brand?post=5193"},{"taxonomy":"product_cat","embeddable":true,"href":"https:\/\/mountlaser.com\/fr_fr\/wp-json\/wp\/v2\/product_cat?post=5193"},{"taxonomy":"product_tag","embeddable":true,"href":"https:\/\/mountlaser.com\/fr_fr\/wp-json\/wp\/v2\/product_tag?post=5193"}],"curies":[{"name":"wp","href":"https:\/\/api.w.org\/{rel}","templated":true}]}}