{"id":5186,"date":"2025-12-03T01:33:40","date_gmt":"2025-12-03T01:33:40","guid":{"rendered":"https:\/\/mountlaser.com\/?post_type=product&#038;p=5186"},"modified":"2025-12-03T05:08:31","modified_gmt":"2025-12-03T05:08:31","slug":"gls30-gps-pole-compression-snap-lock","status":"publish","type":"product","link":"https:\/\/mountlaser.com\/fr_fr\/produit\/gls30-gps-pole-compression-snap-lock\/","title":{"rendered":"Syst\u00e8me de compression et de verrouillage par encliquetage pour poteau GPS GLS30"},"content":{"rendered":"<p>Le <a href=\"https:\/\/mountlaser.com\/fr_fr\/\"><strong>Tige GPS Rover en fibre de carbone de 2 m\u00e8tres<\/strong><\/a> Con\u00e7ue pour les lev\u00e9s GNSS professionnels, cette canne offre une robustesse, une stabilit\u00e9 et une l\u00e9g\u00e8ret\u00e9 exceptionnelles, m\u00eame dans les environnements de terrain les plus exigeants. Fabriqu\u00e9e avec des mat\u00e9riaux haut de gamme, la canne GPS Rover de 2 m\u00e8tres en fibre de carbone garantit une rigidit\u00e9 optimale et une flexion r\u00e9duite lors des mesures, ce qui la rend id\u00e9ale pour les travaux GNSS de pr\u00e9cision.<\/p>\n<p>La canne est directement compatible avec une large gamme de r\u00e9cepteurs GNSS, et sa qualit\u00e9 de fabrication est conforme aux normes les plus exigeantes du secteur. En tant qu&#039;alternative haute performance, <a href=\"https:\/\/mountlaser.com\/fr_fr\/categorie-produit\/surveying-pole-rod\/\"><strong>M\u00e2t GNSS en carbone GLS30<\/strong><\/a> offre une durabilit\u00e9 exceptionnelle et un fonctionnement fluide dans des conditions d&#039;arpentage aussi bien routini\u00e8res que difficiles.<\/p>\n<p>Dot\u00e9 d&#039;un syst\u00e8me de compression et de verrouillage rapide fiable, le m\u00e2t GNSS GLS30 Carbon permet un r\u00e9glage rapide de la hauteur tout en garantissant une stabilit\u00e9 optimale pendant son utilisation. Sa base \u00e0 bulle en aluminium int\u00e9gr\u00e9e, avec un niveau \u00e0 bulle circulaire de 9 m (30 pi), assure une mise \u00e0 niveau rapide, tandis que son filetage 5\/8\u2033-11 permet la fixation d&#039;\u00e9quipements GNSS universels.<\/p>\n<p>Construit avec <a href=\"https:\/\/mountlaser.com\/fr_fr\/about-us\/\">fibre de carbone de qualit\u00e9 sup\u00e9rieure<\/a>, La canne GPS Rover de 2 m\u00e8tres en fibre de carbone offre un excellent compromis entre l\u00e9g\u00e8ret\u00e9, portabilit\u00e9 et robustesse sur le terrain. Fournie avec un \u00e9tui souple de protection, elle est id\u00e9ale pour les g\u00e9om\u00e8tres recherchant pr\u00e9cision, praticit\u00e9 et fiabilit\u00e9.<\/p>\n<div>\n<table style=\"border-collapse: collapse; width: 1055.28pt;\" border=\"0\" width=\"1407\" cellspacing=\"0\" cellpadding=\"0\">\n<tbody>\n<tr style=\"height: 14.25pt;\">\n<td class=\"et2\" style=\"height: 14.25pt; width: 235.50pt;\" width=\"314\" height=\"19\">NOMBRE<\/td>\n<td class=\"et2\" style=\"width: 309.00pt;\" width=\"412\">EXTENSION<\/td>\n<td class=\"et3\" style=\"width: 88.50pt;\" width=\"118\">MAT\u00c9RIEL<\/td>\n<td class=\"et4\" style=\"width: 138.00pt;\" width=\"184\">BASE \u00c0 BULLES<\/td>\n<td class=\"et4\" style=\"width: 176.25pt;\" width=\"235\">VERROUILLAGE<\/td>\n<td class=\"et2\" style=\"width: 54.00pt;\" width=\"72\">DIAM\u00c8TRE<\/td>\n<td class=\"et5\" style=\"width: 54.00pt;\" width=\"72\">IMAGE<\/td>\n<\/tr>\n<tr style=\"height: 14.25pt;\">\n<td class=\"et6\" style=\"height: 14.25pt;\" height=\"19\">GLS30<\/td>\n<td class=\"et6\">200 cm<\/td>\n<td class=\"et6\">Fibre de carbone de qualit\u00e9 sup\u00e9rieure<\/td>\n<td class=\"et6\">avec des bulles<\/td>\n<td class=\"et6\">Compression et pression<\/td>\n<td class=\"et6\">18\/25 mm<\/td>\n<td><img fetchpriority=\"high\" decoding=\"async\" class=\"alignnone wp-image-5188\" src=\"https:\/\/mountlaser.com\/wp-content\/uploads\/2025\/12\/GLS302.webp\" alt=\"2 Meter carbon fiber GPS Rover Rod\" width=\"500\" height=\"500\" srcset=\"https:\/\/mountlaser.com\/wp-content\/uploads\/2025\/12\/GLS302.webp 1000w, https:\/\/mountlaser.com\/wp-content\/uploads\/2025\/12\/GLS302-300x300.webp 300w, https:\/\/mountlaser.com\/wp-content\/uploads\/2025\/12\/GLS302-150x150.webp 150w, https:\/\/mountlaser.com\/wp-content\/uploads\/2025\/12\/GLS302-768x768.webp 768w, https:\/\/mountlaser.com\/wp-content\/uploads\/2025\/12\/GLS302-12x12.webp 12w, https:\/\/mountlaser.com\/wp-content\/uploads\/2025\/12\/GLS302-600x600.webp 600w, https:\/\/mountlaser.com\/wp-content\/uploads\/2025\/12\/GLS302-800x800.webp 800w, https:\/\/mountlaser.com\/wp-content\/uploads\/2025\/12\/GLS302-400x400.webp 400w\" sizes=\"(max-width: 500px) 100vw, 500px\" \/><\/td>\n<\/tr>\n<\/tbody>\n<\/table>\n<\/div>","protected":false},"excerpt":{"rendered":"<ul>\n<li>Fournit une r\u00e9f\u00e9rence d&#039;altitude stable et pr\u00e9cise pour les lev\u00e9s GNSS.<\/li>\n<li>Assure un r\u00e9glage en hauteur rapide et s\u00fbr gr\u00e2ce \u00e0 son syst\u00e8me de compression et de verrouillage par encliquetage.<\/li>\n<li>Compatible avec les r\u00e9cepteurs GNSS universels dot\u00e9s d&#039;un filetage de montage standard 5\/8\u2033-11<\/li>\n<li>Am\u00e9liore la pr\u00e9cision de nivellement gr\u00e2ce \u00e0 la fiole circulaire int\u00e9gr\u00e9e de 30\u2032<\/li>\n<li>La conception l\u00e9g\u00e8re en fibre de carbone am\u00e9liore la maniabilit\u00e9 et la durabilit\u00e9 \u00e0 long terme<\/li>\n<\/ul>","protected":false},"featured_media":5187,"comment_status":"open","ping_status":"closed","template":"","meta":[],"product_brand":[],"product_cat":[89,145],"product_tag":[],"class_list":{"0":"post-5186","1":"product","2":"type-product","3":"status-publish","4":"has-post-thumbnail","6":"product_cat-surveying-pole-rod","7":"product_cat-gps-pole-compression-snap-lock","9":"first","10":"instock","11":"shipping-taxable","12":"product-type-simple"},"_links":{"self":[{"href":"https:\/\/mountlaser.com\/fr_fr\/wp-json\/wp\/v2\/product\/5186","targetHints":{"allow":["GET"]}}],"collection":[{"href":"https:\/\/mountlaser.com\/fr_fr\/wp-json\/wp\/v2\/product"}],"about":[{"href":"https:\/\/mountlaser.com\/fr_fr\/wp-json\/wp\/v2\/types\/product"}],"replies":[{"embeddable":true,"href":"https:\/\/mountlaser.com\/fr_fr\/wp-json\/wp\/v2\/comments?post=5186"}],"wp:featuredmedia":[{"embeddable":true,"href":"https:\/\/mountlaser.com\/fr_fr\/wp-json\/wp\/v2\/media\/5187"}],"wp:attachment":[{"href":"https:\/\/mountlaser.com\/fr_fr\/wp-json\/wp\/v2\/media?parent=5186"}],"wp:term":[{"taxonomy":"product_brand","embeddable":true,"href":"https:\/\/mountlaser.com\/fr_fr\/wp-json\/wp\/v2\/product_brand?post=5186"},{"taxonomy":"product_cat","embeddable":true,"href":"https:\/\/mountlaser.com\/fr_fr\/wp-json\/wp\/v2\/product_cat?post=5186"},{"taxonomy":"product_tag","embeddable":true,"href":"https:\/\/mountlaser.com\/fr_fr\/wp-json\/wp\/v2\/product_tag?post=5186"}],"curies":[{"name":"wp","href":"https:\/\/api.w.org\/{rel}","templated":true}]}}