{"id":5168,"date":"2025-12-03T01:03:04","date_gmt":"2025-12-03T01:03:04","guid":{"rendered":"https:\/\/mountlaser.com\/?post_type=product&#038;p=5168"},"modified":"2025-12-03T05:17:23","modified_gmt":"2025-12-03T05:17:23","slug":"gp200sc-2-gps-pole-compression-snap-lock","status":"publish","type":"product","link":"https:\/\/mountlaser.com\/fr_fr\/produit\/gp200sc-2-gps-pole-compression-snap-lock\/","title":{"rendered":"Syst\u00e8me de compression et de verrouillage par encliquetage pour poteau GPS GP200SC-2"},"content":{"rendered":"<p>Le <a href=\"https:\/\/mountlaser.com\/fr_fr\/categorie-produit\/surveying-pole-rod\/\"><strong>Poteau GPS en aluminium de 2 m<\/strong><\/a> Con\u00e7ue pour les lev\u00e9s GNSS professionnels, cette perche offre durabilit\u00e9, stabilit\u00e9 et facilit\u00e9 d&#039;utilisation sur le terrain. Dot\u00e9e d&#039;un syst\u00e8me de compression et de verrouillage rapide, la perche GPS en aluminium de 2 m permet un r\u00e9glage rapide de la hauteur et un verrouillage s\u00e9curis\u00e9, ce qui la rend id\u00e9ale pour les mesures de haute pr\u00e9cision. <a href=\"https:\/\/mountlaser.com\/fr_fr\/\"><strong>Syst\u00e8me de compression et de verrouillage par encliquetage pour poteau GPS GP200SC-2<\/strong>\u00a0<\/a>Am\u00e9liore encore les performances gr\u00e2ce \u00e0 une connectivit\u00e9 filet\u00e9e fiable pour tous les r\u00e9cepteurs GNSS standard mont\u00e9s sur filetage 5\/8\u2033-11. Dot\u00e9 d&#039;une fiole circulaire de 9 m et d&#039;une base \u00e0 bulle robuste en aluminium, le syst\u00e8me de compression et de verrouillage rapide pour m\u00e2t GPS GP200SC-2 garantit un nivellement pr\u00e9cis m\u00eame dans les environnements les plus exigeants.<\/p>\n<p>Fabriqu\u00e9 en aluminium haute r\u00e9sistance, le poteau GPS en aluminium de 2 m reste l\u00e9ger tout en \u00e9tant suffisamment robuste pour une utilisation quotidienne sur le terrain. <a href=\"https:\/\/mountlaser.com\/fr_fr\/contact-us\/\">Syst\u00e8me de compression et de verrouillage par encliquetage pour poteau GPS GP200SC-2<\/a>\u00a0Disponible en aluminium et en fibre de carbone haut de gamme, cette perche offre aux g\u00e9om\u00e8tres une grande flexibilit\u00e9 d&#039;utilisation. Chaque perche est fournie avec un \u00e9tui souple et un coffret de protection int\u00e9rieur, garantissant un transport s\u00fbr et une durabilit\u00e9 optimale.<\/p>\n<div>\n<table style=\"border-collapse: collapse; width: 1055.28pt;\" border=\"0\" width=\"1407\" cellspacing=\"0\" cellpadding=\"0\">\n<tbody>\n<tr style=\"height: 14.25pt;\">\n<td class=\"et2\" style=\"height: 14.25pt; width: 235.50pt;\" width=\"314\" height=\"19\">NOMBRE<\/td>\n<td class=\"et2\" style=\"width: 309.00pt;\" width=\"412\">EXTENSION<\/td>\n<td class=\"et3\" style=\"width: 88.50pt;\" width=\"118\">MAT\u00c9RIEL<\/td>\n<td class=\"et4\" style=\"width: 138.00pt;\" width=\"184\">BASE \u00c0 BULLES<\/td>\n<td class=\"et4\" style=\"width: 176.25pt;\" width=\"235\">VERROUILLAGE<\/td>\n<td class=\"et2\" style=\"width: 54.00pt;\" width=\"72\">DIAM\u00c8TRE<\/td>\n<td class=\"et5\" style=\"width: 54.00pt;\" width=\"72\">IMAGE<\/td>\n<\/tr>\n<tr style=\"height: 14.25pt;\">\n<td class=\"et6\" style=\"height: 14.25pt;\" height=\"19\">GP200SC-2A<\/td>\n<td class=\"et6\">200 cm<\/td>\n<td class=\"et7\">Aluminium<\/td>\n<td class=\"et6\">avec des bulles<\/td>\n<td class=\"et6\">Compression et pression<\/td>\n<td class=\"et6\">25\/32 mm<\/td>\n<td><img fetchpriority=\"high\" decoding=\"async\" class=\"alignnone wp-image-5173\" src=\"https:\/\/mountlaser.com\/wp-content\/uploads\/2025\/12\/GP200SC-AA-5.webp\" alt=\"2m Aluminum GPS Pole\" width=\"500\" height=\"500\" srcset=\"https:\/\/mountlaser.com\/wp-content\/uploads\/2025\/12\/GP200SC-AA-5.webp 1000w, https:\/\/mountlaser.com\/wp-content\/uploads\/2025\/12\/GP200SC-AA-5-300x300.webp 300w, https:\/\/mountlaser.com\/wp-content\/uploads\/2025\/12\/GP200SC-AA-5-150x150.webp 150w, https:\/\/mountlaser.com\/wp-content\/uploads\/2025\/12\/GP200SC-AA-5-768x768.webp 768w, https:\/\/mountlaser.com\/wp-content\/uploads\/2025\/12\/GP200SC-AA-5-12x12.webp 12w, https:\/\/mountlaser.com\/wp-content\/uploads\/2025\/12\/GP200SC-AA-5-600x600.webp 600w, https:\/\/mountlaser.com\/wp-content\/uploads\/2025\/12\/GP200SC-AA-5-800x800.webp 800w, https:\/\/mountlaser.com\/wp-content\/uploads\/2025\/12\/GP200SC-AA-5-400x400.webp 400w\" sizes=\"(max-width: 500px) 100vw, 500px\" \/><\/td>\n<\/tr>\n<tr style=\"height: 14.25pt;\">\n<td class=\"et6\" style=\"height: 14.25pt;\" height=\"19\">GP200SC-2C<\/td>\n<td class=\"et6\">200 cm<\/td>\n<td class=\"et6\">Fibre de carbone de qualit\u00e9 sup\u00e9rieure<\/td>\n<td class=\"et6\">avec des bulles<\/td>\n<td class=\"et6\">Compression et pression<\/td>\n<td class=\"et6\">25\/32 mm<\/td>\n<td><img decoding=\"async\" class=\"alignnone wp-image-5178\" src=\"https:\/\/mountlaser.com\/wp-content\/uploads\/2025\/12\/GP200SC-CC-1.webp\" alt=\"2m Aluminum GPS Pole\" width=\"500\" height=\"500\" srcset=\"https:\/\/mountlaser.com\/wp-content\/uploads\/2025\/12\/GP200SC-CC-1.webp 1000w, https:\/\/mountlaser.com\/wp-content\/uploads\/2025\/12\/GP200SC-CC-1-300x300.webp 300w, https:\/\/mountlaser.com\/wp-content\/uploads\/2025\/12\/GP200SC-CC-1-150x150.webp 150w, https:\/\/mountlaser.com\/wp-content\/uploads\/2025\/12\/GP200SC-CC-1-768x768.webp 768w, https:\/\/mountlaser.com\/wp-content\/uploads\/2025\/12\/GP200SC-CC-1-12x12.webp 12w, https:\/\/mountlaser.com\/wp-content\/uploads\/2025\/12\/GP200SC-CC-1-600x600.webp 600w, https:\/\/mountlaser.com\/wp-content\/uploads\/2025\/12\/GP200SC-CC-1-800x800.webp 800w, https:\/\/mountlaser.com\/wp-content\/uploads\/2025\/12\/GP200SC-CC-1-400x400.webp 400w\" sizes=\"(max-width: 500px) 100vw, 500px\" \/><\/td>\n<\/tr>\n<\/tbody>\n<\/table>\n<\/div>","protected":false},"excerpt":{"rendered":"<ul>\n<li>R\u00e9glage rapide de la hauteur : Le syst\u00e8me de compression et de verrouillage rapide permet une installation rapide et s\u00e9curis\u00e9e.<\/li>\n<li>Nivellement de haute pr\u00e9cision : la base \u00e0 bulle en aluminium avec fiole circulaire de 30\u2032 assure des mesures stables et pr\u00e9cises.<\/li>\n<li>Compatibilit\u00e9 universelle : \u00c9quip\u00e9 d&#039;un filetage 5\/8\u2033-11 pour la plupart des r\u00e9cepteurs et accessoires GNSS.<\/li>\n<li>Construction durable : Les tubes en aluminium haute r\u00e9sistance garantissent une longue dur\u00e9e de vie m\u00eame dans des environnements difficiles.<\/li>\n<li>Conception portable : Sa structure d\u00e9tachable et son \u00e9tui souple inclus rendent la perche facile \u00e0 transporter et \u00e0 ranger.<\/li>\n<\/ul>","protected":false},"featured_media":5173,"comment_status":"open","ping_status":"closed","template":"","meta":[],"product_brand":[],"product_cat":[89,145],"product_tag":[],"class_list":{"0":"post-5168","1":"product","2":"type-product","3":"status-publish","4":"has-post-thumbnail","6":"product_cat-surveying-pole-rod","7":"product_cat-gps-pole-compression-snap-lock","9":"first","10":"instock","11":"shipping-taxable","12":"product-type-simple"},"_links":{"self":[{"href":"https:\/\/mountlaser.com\/fr_fr\/wp-json\/wp\/v2\/product\/5168","targetHints":{"allow":["GET"]}}],"collection":[{"href":"https:\/\/mountlaser.com\/fr_fr\/wp-json\/wp\/v2\/product"}],"about":[{"href":"https:\/\/mountlaser.com\/fr_fr\/wp-json\/wp\/v2\/types\/product"}],"replies":[{"embeddable":true,"href":"https:\/\/mountlaser.com\/fr_fr\/wp-json\/wp\/v2\/comments?post=5168"}],"wp:featuredmedia":[{"embeddable":true,"href":"https:\/\/mountlaser.com\/fr_fr\/wp-json\/wp\/v2\/media\/5173"}],"wp:attachment":[{"href":"https:\/\/mountlaser.com\/fr_fr\/wp-json\/wp\/v2\/media?parent=5168"}],"wp:term":[{"taxonomy":"product_brand","embeddable":true,"href":"https:\/\/mountlaser.com\/fr_fr\/wp-json\/wp\/v2\/product_brand?post=5168"},{"taxonomy":"product_cat","embeddable":true,"href":"https:\/\/mountlaser.com\/fr_fr\/wp-json\/wp\/v2\/product_cat?post=5168"},{"taxonomy":"product_tag","embeddable":true,"href":"https:\/\/mountlaser.com\/fr_fr\/wp-json\/wp\/v2\/product_tag?post=5168"}],"curies":[{"name":"wp","href":"https:\/\/api.w.org\/{rel}","templated":true}]}}